{"id":13747,"date":"2024-08-16T08:48:49","date_gmt":"2024-08-16T08:48:49","guid":{"rendered":"https:\/\/planyard.com\/construction-approval-workflows"},"modified":"2025-05-19T09:11:24","modified_gmt":"2025-05-19T09:11:24","slug":"flujos-de-aprobacion-en-construccion","status":"publish","type":"page","link":"https:\/\/planyard.com\/es\/flujos-de-aprobacion-en-construccion","title":{"rendered":"Flujos de Aprobaci\u00f3n en Construcci\u00f3n"},"content":{"rendered":"","protected":false},"excerpt":{"rendered":"","protected":false},"author":2,"featured_media":0,"parent":0,"menu_order":0,"comment_status":"closed","ping_status":"closed","template":"","meta":{"_acf_changed":false,"content-type":"","footnotes":""},"page_intent":[154],"page_type":[],"class_list":["post-13747","page","type-page","status-publish","hentry"],"acf":[],"yoast_head":"<!-- This site is optimized with the Yoast SEO plugin v26.9 - https:\/\/yoast.com\/product\/yoast-seo-wordpress\/ -->\n<title>Software de Flujos de Aprobaci\u00f3n en Construcci\u00f3n: Prueba Gratis por 14 D\u00edas<\/title>\n<meta name=\"description\" content=\"Optimiza la gesti\u00f3n de presupuestos con los flujos de aprobaci\u00f3n de Planyard para \u00f3rdenes de compra, solicitudes de cotizaci\u00f3n, facturas y pagos. Asegura el cumplimiento y reduce errores.\" \/>\n<meta name=\"robots\" content=\"index, follow, max-snippet:-1, max-image-preview:large, max-video-preview:-1\" \/>\n<link rel=\"canonical\" href=\"https:\/\/planyard.com\/es\/flujos-de-aprobacion-en-construccion\" \/>\n<meta property=\"og:locale\" content=\"es_ES\" \/>\n<meta property=\"og:type\" content=\"article\" \/>\n<meta property=\"og:title\" content=\"Software de Flujos de Aprobaci\u00f3n en Construcci\u00f3n: Prueba Gratis por 14 D\u00edas\" \/>\n<meta property=\"og:description\" content=\"Optimiza la gesti\u00f3n de presupuestos con los flujos de aprobaci\u00f3n de Planyard para \u00f3rdenes de compra, solicitudes de cotizaci\u00f3n, facturas y pagos. Asegura el cumplimiento y reduce errores.\" \/>\n<meta property=\"og:url\" content=\"https:\/\/planyard.com\/es\/flujos-de-aprobacion-en-construccion\" \/>\n<meta property=\"og:site_name\" content=\"Planyard Espa\u00f1a\" \/>\n<meta property=\"article:modified_time\" content=\"2025-05-19T09:11:24+00:00\" \/>\n<meta name=\"twitter:card\" content=\"summary_large_image\" \/>\n<!-- \/ Yoast SEO plugin. -->","yoast_head_json":{"title":"Software de Flujos de Aprobaci\u00f3n en Construcci\u00f3n: Prueba Gratis por 14 D\u00edas","description":"Optimiza la gesti\u00f3n de presupuestos con los flujos de aprobaci\u00f3n de Planyard para \u00f3rdenes de compra, solicitudes de cotizaci\u00f3n, facturas y pagos. Asegura el cumplimiento y reduce errores.","robots":{"index":"index","follow":"follow","max-snippet":"max-snippet:-1","max-image-preview":"max-image-preview:large","max-video-preview":"max-video-preview:-1"},"canonical":"https:\/\/planyard.com\/es\/flujos-de-aprobacion-en-construccion","og_locale":"es_ES","og_type":"article","og_title":"Software de Flujos de Aprobaci\u00f3n en Construcci\u00f3n: Prueba Gratis por 14 D\u00edas","og_description":"Optimiza la gesti\u00f3n de presupuestos con los flujos de aprobaci\u00f3n de Planyard para \u00f3rdenes de compra, solicitudes de cotizaci\u00f3n, facturas y pagos. Asegura el cumplimiento y reduce errores.","og_url":"https:\/\/planyard.com\/es\/flujos-de-aprobacion-en-construccion","og_site_name":"Planyard Espa\u00f1a","article_modified_time":"2025-05-19T09:11:24+00:00","twitter_card":"summary_large_image","schema":{"@context":"https:\/\/schema.org","@graph":[{"@type":"WebPage","@id":"https:\/\/planyard.com\/es\/flujos-de-aprobacion-en-construccion","url":"https:\/\/planyard.com\/es\/flujos-de-aprobacion-en-construccion","name":"Software de Flujos de Aprobaci\u00f3n en Construcci\u00f3n: Prueba Gratis por 14 D\u00edas","isPartOf":{"@id":"https:\/\/planyard.com\/es#website"},"datePublished":"2024-08-16T08:48:49+00:00","dateModified":"2025-05-19T09:11:24+00:00","description":"Optimiza la gesti\u00f3n de presupuestos con los flujos de aprobaci\u00f3n de Planyard para \u00f3rdenes de compra, solicitudes de cotizaci\u00f3n, facturas y pagos. Asegura el cumplimiento y reduce errores.","breadcrumb":{"@id":"https:\/\/planyard.com\/es\/flujos-de-aprobacion-en-construccion#breadcrumb"},"inLanguage":"es","potentialAction":[{"@type":"ReadAction","target":["https:\/\/planyard.com\/es\/flujos-de-aprobacion-en-construccion"]}]},{"@type":"BreadcrumbList","@id":"https:\/\/planyard.com\/es\/flujos-de-aprobacion-en-construccion#breadcrumb","itemListElement":[{"@type":"ListItem","position":1,"name":"Home","item":"https:\/\/planyard.com\/es"},{"@type":"ListItem","position":2,"name":"Flujos de Aprobaci\u00f3n en Construcci\u00f3n"}]},{"@type":"WebSite","@id":"https:\/\/planyard.com\/es#website","url":"https:\/\/planyard.com\/es","name":"Planyard Espa\u00f1a","description":"","potentialAction":[{"@type":"SearchAction","target":{"@type":"EntryPoint","urlTemplate":"https:\/\/planyard.com\/es?s={search_term_string}"},"query-input":{"@type":"PropertyValueSpecification","valueRequired":true,"valueName":"search_term_string"}}],"inLanguage":"es"}]}},"_links":{"self":[{"href":"https:\/\/planyard.com\/es\/wp-json\/wp\/v2\/pages\/13747","targetHints":{"allow":["GET"]}}],"collection":[{"href":"https:\/\/planyard.com\/es\/wp-json\/wp\/v2\/pages"}],"about":[{"href":"https:\/\/planyard.com\/es\/wp-json\/wp\/v2\/types\/page"}],"author":[{"embeddable":true,"href":"https:\/\/planyard.com\/es\/wp-json\/wp\/v2\/users\/2"}],"replies":[{"embeddable":true,"href":"https:\/\/planyard.com\/es\/wp-json\/wp\/v2\/comments?post=13747"}],"version-history":[{"count":1,"href":"https:\/\/planyard.com\/es\/wp-json\/wp\/v2\/pages\/13747\/revisions"}],"predecessor-version":[{"id":13897,"href":"https:\/\/planyard.com\/es\/wp-json\/wp\/v2\/pages\/13747\/revisions\/13897"}],"wp:attachment":[{"href":"https:\/\/planyard.com\/es\/wp-json\/wp\/v2\/media?parent=13747"}],"wp:term":[{"taxonomy":"page_intent","embeddable":true,"href":"https:\/\/planyard.com\/es\/wp-json\/wp\/v2\/page_intent?post=13747"},{"taxonomy":"page_type","embeddable":true,"href":"https:\/\/planyard.com\/es\/wp-json\/wp\/v2\/page_type?post=13747"}],"curies":[{"name":"wp","href":"https:\/\/api.w.org\/{rel}","templated":true}]}}