{"id":13742,"date":"2024-07-25T15:58:59","date_gmt":"2024-07-25T15:58:59","guid":{"rendered":"https:\/\/planyard.com\/blog"},"modified":"2025-05-19T09:08:56","modified_gmt":"2025-05-19T09:08:56","slug":"blog","status":"publish","type":"page","link":"https:\/\/planyard.com\/es\/blog","title":{"rendered":"Blog"},"content":{"rendered":"","protected":false},"excerpt":{"rendered":"","protected":false},"author":1,"featured_media":0,"parent":0,"menu_order":0,"comment_status":"closed","ping_status":"closed","template":"template-posts.php","meta":{"_acf_changed":false,"content-type":"","footnotes":""},"page_intent":[],"page_type":[],"class_list":["post-13742","page","type-page","status-publish","hentry"],"acf":[],"yoast_head":"<!-- This site is optimized with the Yoast SEO plugin v27.1.1 - https:\/\/yoast.com\/product\/yoast-seo-wordpress\/ -->\n<title>Blog de Contabilidad y Control de Costos en Construcci\u00f3n - Planyard<\/title>\n<meta name=\"description\" content=\"Consejos sobre costos de obra, gesti\u00f3n de presupuestos y software. Descubre c\u00f3mo mejorar la eficiencia y rentabilidad de tus proyectos.\" \/>\n<meta name=\"robots\" content=\"index, follow, max-snippet:-1, max-image-preview:large, max-video-preview:-1\" \/>\n<link rel=\"canonical\" href=\"https:\/\/planyard.com\/es\/blog\" \/>\n<meta property=\"og:locale\" content=\"es_ES\" \/>\n<meta property=\"og:type\" content=\"article\" \/>\n<meta property=\"og:title\" content=\"Blog de Contabilidad y Control de Costos en Construcci\u00f3n - Planyard\" \/>\n<meta property=\"og:description\" content=\"Consejos sobre costos de obra, gesti\u00f3n de presupuestos y software. Descubre c\u00f3mo mejorar la eficiencia y rentabilidad de tus proyectos.\" \/>\n<meta property=\"og:url\" content=\"https:\/\/planyard.com\/es\/blog\" \/>\n<meta property=\"og:site_name\" content=\"Planyard Espa\u00f1a\" \/>\n<meta property=\"article:modified_time\" content=\"2025-05-19T09:08:56+00:00\" \/>\n<meta name=\"twitter:card\" content=\"summary_large_image\" \/>\n<!-- \/ Yoast SEO plugin. -->","yoast_head_json":{"title":"Blog de Contabilidad y Control de Costos en Construcci\u00f3n - Planyard","description":"Consejos sobre costos de obra, gesti\u00f3n de presupuestos y software. Descubre c\u00f3mo mejorar la eficiencia y rentabilidad de tus proyectos.","robots":{"index":"index","follow":"follow","max-snippet":"max-snippet:-1","max-image-preview":"max-image-preview:large","max-video-preview":"max-video-preview:-1"},"canonical":"https:\/\/planyard.com\/es\/blog","og_locale":"es_ES","og_type":"article","og_title":"Blog de Contabilidad y Control de Costos en Construcci\u00f3n - Planyard","og_description":"Consejos sobre costos de obra, gesti\u00f3n de presupuestos y software. Descubre c\u00f3mo mejorar la eficiencia y rentabilidad de tus proyectos.","og_url":"https:\/\/planyard.com\/es\/blog","og_site_name":"Planyard Espa\u00f1a","article_modified_time":"2025-05-19T09:08:56+00:00","twitter_card":"summary_large_image","schema":{"@context":"https:\/\/schema.org","@graph":[{"@type":"WebPage","@id":"https:\/\/planyard.com\/es\/blog","url":"https:\/\/planyard.com\/es\/blog","name":"Blog de Contabilidad y Control de Costos en Construcci\u00f3n - Planyard","isPartOf":{"@id":"https:\/\/planyard.com\/es#website"},"datePublished":"2024-07-25T15:58:59+00:00","dateModified":"2025-05-19T09:08:56+00:00","description":"Consejos sobre costos de obra, gesti\u00f3n de presupuestos y software. Descubre c\u00f3mo mejorar la eficiencia y rentabilidad de tus proyectos.","breadcrumb":{"@id":"https:\/\/planyard.com\/es\/blog#breadcrumb"},"inLanguage":"es","potentialAction":[{"@type":"ReadAction","target":["https:\/\/planyard.com\/es\/blog"]}]},{"@type":"BreadcrumbList","@id":"https:\/\/planyard.com\/es\/blog#breadcrumb","itemListElement":[{"@type":"ListItem","position":1,"name":"Home","item":"https:\/\/planyard.com\/es"},{"@type":"ListItem","position":2,"name":"Blog"}]},{"@type":"WebSite","@id":"https:\/\/planyard.com\/es#website","url":"https:\/\/planyard.com\/es","name":"Planyard Espa\u00f1a","description":"","potentialAction":[{"@type":"SearchAction","target":{"@type":"EntryPoint","urlTemplate":"https:\/\/planyard.com\/es?s={search_term_string}"},"query-input":{"@type":"PropertyValueSpecification","valueRequired":true,"valueName":"search_term_string"}}],"inLanguage":"es"}]}},"_links":{"self":[{"href":"https:\/\/planyard.com\/es\/wp-json\/wp\/v2\/pages\/13742","targetHints":{"allow":["GET"]}}],"collection":[{"href":"https:\/\/planyard.com\/es\/wp-json\/wp\/v2\/pages"}],"about":[{"href":"https:\/\/planyard.com\/es\/wp-json\/wp\/v2\/types\/page"}],"author":[{"embeddable":true,"href":"https:\/\/planyard.com\/es\/wp-json\/wp\/v2\/users\/1"}],"replies":[{"embeddable":true,"href":"https:\/\/planyard.com\/es\/wp-json\/wp\/v2\/comments?post=13742"}],"version-history":[{"count":1,"href":"https:\/\/planyard.com\/es\/wp-json\/wp\/v2\/pages\/13742\/revisions"}],"predecessor-version":[{"id":13775,"href":"https:\/\/planyard.com\/es\/wp-json\/wp\/v2\/pages\/13742\/revisions\/13775"}],"wp:attachment":[{"href":"https:\/\/planyard.com\/es\/wp-json\/wp\/v2\/media?parent=13742"}],"wp:term":[{"taxonomy":"page_intent","embeddable":true,"href":"https:\/\/planyard.com\/es\/wp-json\/wp\/v2\/page_intent?post=13742"},{"taxonomy":"page_type","embeddable":true,"href":"https:\/\/planyard.com\/es\/wp-json\/wp\/v2\/page_type?post=13742"}],"curies":[{"name":"wp","href":"https:\/\/api.w.org\/{rel}","templated":true}]}}