{"id":12551,"date":"2024-08-27T16:43:01","date_gmt":"2024-08-27T16:43:01","guid":{"rendered":"https:\/\/planyard.com\/construction-cost-control"},"modified":"2025-05-19T18:26:31","modified_gmt":"2025-05-19T18:26:31","slug":"kostenkontrolle-im-bauwesen","status":"publish","type":"page","link":"https:\/\/planyard.com\/de\/kostenkontrolle-im-bauwesen","title":{"rendered":"Was ist Kostenkontrolle im Bauwesen?"},"content":{"rendered":"\n<h2 class=\"wp-block-heading has-text-align-left\">Was ist Kostenkontrolle im Bauwesen?<\/h2>\n\n\n\n<p>Kostenkontrolle im Bauwesen bezieht sich auf die Verwaltung Ihrer Baukosten mit dem Ziel, den Gewinn zu steigern. Die Kostenkontrolle beginnt mit der Sch\u00e4tzung (genaue und rentable Sch\u00e4tzungen) und endet mit der Bezahlung der Subunternehmer.<\/p>\n\n\n\n<p>Das Management von Subunternehmern ist ein wesentlicher Bestandteil, da Hauptauftragnehmer Angebote, monatliche Fortschrittsberichte und Kostendokumente basierend auf Kostenstellen sammeln m\u00fcssen.<\/p>\n\n\n\n<p>Eine andere Sichtweise ist, dass es alle Prozesse abdeckt, bei denen Baukostenstellen beteiligt sind (au\u00dfer Buchhaltung).<\/p>\n\n\n\n<p>Kostenkontrolle kann auf verschiedene Weise durchgef\u00fchrt werden (Papier &amp; Bleistift, Excel, spezialisierte Software usw.), aber es gibt offensichtliche Vorteile bei der Verwendung spezialisierter Kostenkontrollsoftware.<\/p>\n\n\n\n<figure class=\"wp-block-image size-full\"><img loading=\"lazy\" decoding=\"async\" width=\"1200\" height=\"500\" src=\"https:\/\/planyard.com\/wp-content\/uploads\/2024\/08\/construction-cost-control-1.png\" alt=\"\" class=\"wp-image-1596\" \/><\/figure>\n\n\n\n<h2 class=\"wp-block-heading has-text-align-center paddedHeading\">Vorteile<\/h2>\n\n\n\n<div class=\"wp-block-columns is-layout-flex wp-container-core-columns-is-layout-9d6595d7 wp-block-columns-is-layout-flex\">\n<div class=\"wp-block-column is-layout-flow wp-block-column-is-layout-flow\">\n<h4 class=\"wp-block-heading checkedItem\">Erkennen, ob ein Projekt profitabel ist, bevor es abgeschlossen ist<\/h4>\n<\/div>\n\n\n\n<div class=\"wp-block-column is-layout-flow wp-block-column-is-layout-flow\">\n<h4 class=\"wp-block-heading checkedItem\">Sparen Sie 3-5 Tage pro Monat pro Projektmanager<\/h4>\n<\/div>\n\n\n\n<div class=\"wp-block-column is-layout-flow wp-block-column-is-layout-flow\">\n<h4 class=\"wp-block-heading checkedItem\">Standardisieren Sie die Prozesse und stellen Sie die Einhaltung sicher<\/h4>\n<\/div>\n<\/div>\n\n\n\n<div class=\"wp-block-columns is-layout-flex wp-container-core-columns-is-layout-9d6595d7 wp-block-columns-is-layout-flex\">\n<div class=\"wp-block-column is-layout-flow wp-block-column-is-layout-flow\">\n<h4 class=\"wp-block-heading checkedItem\">Erkennen Sie Sch\u00e4tz- und Planungsfehler<\/h4>\n<\/div>\n\n\n\n<div class=\"wp-block-column is-layout-flow wp-block-column-is-layout-flow\">\n<h4 class=\"wp-block-heading checkedItem\">Vermeiden Sie manuelle Berechnungen und Copy-Paste<\/h4>\n<\/div>\n\n\n\n<div class=\"wp-block-column is-layout-flow wp-block-column-is-layout-flow\">\n<h4 class=\"wp-block-heading checkedItem\">Lassen Sie nichts durch die L\u00fccken fallen<\/h4>\n<\/div>\n<\/div>\n\n\n\n<h2 class=\"wp-block-heading has-text-align-center\">Kaufberatung f\u00fcr Baukostenkontrollsoftware<\/h2>\n\n\n\n<div class=\"wp-block-columns is-layout-flex wp-container-core-columns-is-layout-9d6595d7 wp-block-columns-is-layout-flex\">\n<div class=\"wp-block-column is-layout-flow wp-block-column-is-layout-flow\">\n<h4 class=\"wp-block-heading\">\u00dcber den Leitfaden<\/h4>\n\n\n\n<p>Dieser kostenlose Leitfaden gibt Ihnen einen \u00dcberblick \u00fcber die Vorteile, die Baukostenkontrollsoftware bietet. Und ebenso wichtig &#8211; wie sie diese bietet.<\/p>\n\n\n\n<p>Er ist mit Hauptauftragnehmern im Hinterkopf geschrieben, die gro\u00dfe Bauprojekte verwalten m\u00fcssen.<\/p>\n\n\n\n<p>Selbst wenn Sie derzeit nicht nach Kostenkontrolle suchen, wird er Ihnen helfen, Ihre Prozesse effizienter zu gestalten.<\/p>\n\n\n\n<p>Zus\u00e4tzlich enth\u00e4lt er einen detaillierten \u00dcberblick \u00fcber alle m\u00f6glichen Funktionen und deren Zielsetzung.<\/p>\n<\/div>\n\n\n\n<div class=\"wp-block-column is-layout-flow wp-block-column-is-layout-flow\">\n<figure class=\"wp-block-image size-full\"><img loading=\"lazy\" decoding=\"async\" width=\"1024\" height=\"1024\" src=\"https:\/\/planyard.com\/wp-content\/uploads\/2024\/08\/construction-cost-control-ebook-1024x1024-1.png\" alt=\"\" class=\"wp-image-1598\" srcset=\"https:\/\/planyard.com\/wp-content\/uploads\/2024\/08\/construction-cost-control-ebook-1024x1024-1.png 1024w, https:\/\/planyard.com\/wp-content\/uploads\/2024\/08\/construction-cost-control-ebook-1024x1024-1-150x150.png 150w\" sizes=\"auto, (max-width: 1024px) 100vw, 1024px\" \/><\/figure>\n<\/div>\n<\/div>\n\n\n\n<div class=\"wp-block-columns is-layout-flex wp-container-core-columns-is-layout-9d6595d7 wp-block-columns-is-layout-flex\">\n<div class=\"wp-block-column is-layout-flow wp-block-column-is-layout-flow\">\n<h4 class=\"wp-block-heading\">Inhaltsverzeichnis<\/h4>\n\n\n\n<ol class=\"wp-block-list\">\n<li>Was ist Kostenkontrollsoftware und warum sollte man sie verwenden?<\/li>\n\n\n\n<li>Wie man die Reife Ihres Unternehmens bewertet<\/li>\n\n\n\n<li>On-Premise vs. Cloud-Software<\/li>\n\n\n\n<li>Kommunikation &amp; Integrationen<\/li>\n\n\n\n<li>Sch\u00e4tzung<\/li>\n\n\n\n<li>Angebotsmanagement<\/li>\n\n\n\n<li>Budgetmanagement<\/li>\n\n\n\n<li>Vertrags- &amp; \u00c4nderungsmanagement<\/li>\n\n\n\n<li>Fortschrittsberichte der Subunternehmer<\/li>\n\n\n\n<li>Kostendokumentenmanagement<\/li>\n\n\n\n<li>Kostenprognosen<\/li>\n\n\n\n<li>Cashflow-Tracking<\/li>\n\n\n\n<li>Subunternehmer- &amp; Kontaktmanagement<\/li>\n\n\n\n<li>Benutzermanagement<\/li>\n\n\n\n<li>Sicherheit<\/li>\n<\/ol>\n<\/div>\n\n\n\n<div class=\"wp-block-column is-layout-flow wp-block-column-is-layout-flow\">\n<h4 class=\"wp-block-heading\">Kostenloser Download<\/h4>\n\n\n\n\n\n  hbspt.forms.create({\n\tportalId: &#8222;4963994&#8220;,\n\tformId: &#8222;5dc63c68-0796-4789-93ac-9d26427cf303&#8220;\n});\n\n<\/div>\n<\/div>\n\n\n\n<h2 class=\"wp-block-heading has-text-align-center\">Die Planyard-Software f\u00fcr Auftragnehmer hilft ehrgeizigen Teams, ihre Ziele zu erreichen und ihr Wachstum zu beschleunigen.<\/h2>\n\n\n\n<div class=\"wp-block-media-text alignwide has-media-on-the-right is-stacked-on-mobile is-vertically-aligned-center\"><div class=\"wp-block-media-text__content\">\n<ul class=\"wp-block-list\">\n<li>Keine Tabellenkalkulationen mehr<\/li>\n\n\n\n<li>Sparen Sie Zeit f\u00fcr Projektmanager und QSs<\/li>\n\n\n\n<li>Einfach zu implementieren und zu verwenden<\/li>\n\n\n\n<li>Echtzeit- und genaue Finanzprognosen<\/li>\n\n\n\n<li>Keine doppelten Dateneingaben mehr<\/li>\n<\/ul>\n\n\n\n<div class=\"wp-block-buttons is-layout-flex wp-block-buttons-is-layout-flex\">\n<div class=\"wp-block-button\"><a class=\"wp-block-button__link wp-element-button\" href=\"https:\/\/planyard.com\/sign-up\">Starten Sie Ihre kostenlose Testversion<\/a><\/div>\n\n\n\n<div class=\"wp-block-button\"><a class=\"wp-block-button__link wp-element-button\" href=\"https:\/\/meetings.hubspot.com\/cedlund\" target=\"_blank\" rel=\"noreferrer noopener\">Fordern Sie eine Demo an<\/a><\/div>\n<\/div>\n<\/div><figure class=\"wp-block-media-text__media\"><img decoding=\"async\" src=\"https:\/\/planyard.com\/wp-content\/uploads\/2024\/10\/construction-project-management-software-macbook-iphone-1_reduced-1024x598-1.webp\" alt=\"\" class=\"wp-image-3832 size-large\" \/><\/figure><\/div>\n","protected":false},"excerpt":{"rendered":"<p>Was ist Kostenkontrolle im Bauwesen? Kostenkontrolle im Bauwesen bezieht sich auf die Verwaltung Ihrer Baukosten mit dem Ziel, den Gewinn zu steigern. Die Kostenkontrolle beginnt mit der Sch\u00e4tzung (genaue und rentable Sch\u00e4tzungen) und endet mit der Bezahlung der Subunternehmer. Das Management von Subunternehmern ist ein wesentlicher Bestandteil, da Hauptauftragnehmer Angebote, monatliche Fortschrittsberichte und Kostendokumente basierend&#8230;  <a class=\"excerpt-read-more\" href=\"https:\/\/planyard.com\/de\/kostenkontrolle-im-bauwesen\" title=\"Lesen Sie  Was ist Kostenkontrolle im Bauwesen?\">Mehr lesen &#8222;<\/a><\/p>\n","protected":false},"author":2,"featured_media":0,"parent":0,"menu_order":0,"comment_status":"closed","ping_status":"closed","template":"","meta":{"_acf_changed":false,"content-type":"","footnotes":""},"page_intent":[165],"page_type":[],"class_list":["post-12551","page","type-page","status-publish","hentry"],"acf":[],"yoast_head":"<!-- This site is optimized with the Yoast SEO plugin v27.1.1 - https:\/\/yoast.com\/product\/yoast-seo-wordpress\/ -->\n<title>Was ist Kostenkontrolle im Bauwesen? - Planyard in Deutsch<\/title>\n<meta name=\"description\" content=\"Was sind die besten Praktiken f\u00fcr die Kostenkontrolle im Bauwesen und wie w\u00e4hlt man Software zur Kostenverwaltung und Gewinnmaximierung aus.\" \/>\n<meta name=\"robots\" content=\"index, follow, max-snippet:-1, max-image-preview:large, max-video-preview:-1\" \/>\n<link rel=\"canonical\" href=\"https:\/\/planyard.com\/de\/kostenkontrolle-im-bauwesen\" \/>\n<meta property=\"og:locale\" content=\"de_DE\" \/>\n<meta property=\"og:type\" content=\"article\" \/>\n<meta property=\"og:title\" content=\"Was ist Kostenkontrolle im Bauwesen? - Planyard in Deutsch\" \/>\n<meta property=\"og:description\" content=\"Was sind die besten Praktiken f\u00fcr die Kostenkontrolle im Bauwesen und wie w\u00e4hlt man Software zur Kostenverwaltung und Gewinnmaximierung aus.\" \/>\n<meta property=\"og:url\" content=\"https:\/\/planyard.com\/de\/kostenkontrolle-im-bauwesen\" \/>\n<meta property=\"og:site_name\" content=\"Planyard in Deutsch\" \/>\n<meta property=\"article:modified_time\" content=\"2025-05-19T18:26:31+00:00\" \/>\n<meta property=\"og:image\" content=\"https:\/\/planyard.com\/wp-content\/uploads\/2024\/08\/construction-cost-control-1.png\" \/>\n\t<meta property=\"og:image:width\" content=\"1200\" \/>\n\t<meta property=\"og:image:height\" content=\"500\" \/>\n\t<meta property=\"og:image:type\" content=\"image\/png\" \/>\n<meta name=\"twitter:card\" content=\"summary_large_image\" \/>\n<meta name=\"twitter:label1\" content=\"Gesch\u00e4tzte Lesezeit\" \/>\n\t<meta name=\"twitter:data1\" content=\"3\u00a0Minuten\" \/>\n<!-- \/ Yoast SEO plugin. -->","yoast_head_json":{"title":"Was ist Kostenkontrolle im Bauwesen? - Planyard in Deutsch","description":"Was sind die besten Praktiken f\u00fcr die Kostenkontrolle im Bauwesen und wie w\u00e4hlt man Software zur Kostenverwaltung und Gewinnmaximierung aus.","robots":{"index":"index","follow":"follow","max-snippet":"max-snippet:-1","max-image-preview":"max-image-preview:large","max-video-preview":"max-video-preview:-1"},"canonical":"https:\/\/planyard.com\/de\/kostenkontrolle-im-bauwesen","og_locale":"de_DE","og_type":"article","og_title":"Was ist Kostenkontrolle im Bauwesen? - Planyard in Deutsch","og_description":"Was sind die besten Praktiken f\u00fcr die Kostenkontrolle im Bauwesen und wie w\u00e4hlt man Software zur Kostenverwaltung und Gewinnmaximierung aus.","og_url":"https:\/\/planyard.com\/de\/kostenkontrolle-im-bauwesen","og_site_name":"Planyard in Deutsch","article_modified_time":"2025-05-19T18:26:31+00:00","og_image":[{"width":1200,"height":500,"url":"https:\/\/planyard.com\/wp-content\/uploads\/2024\/08\/construction-cost-control-1.png","type":"image\/png"}],"twitter_card":"summary_large_image","twitter_misc":{"Gesch\u00e4tzte Lesezeit":"3\u00a0Minuten"},"schema":{"@context":"https:\/\/schema.org","@graph":[{"@type":"WebPage","@id":"https:\/\/planyard.com\/de\/kostenkontrolle-im-bauwesen","url":"https:\/\/planyard.com\/de\/kostenkontrolle-im-bauwesen","name":"Was ist Kostenkontrolle im Bauwesen? - Planyard in Deutsch","isPartOf":{"@id":"https:\/\/planyard.com\/de#website"},"primaryImageOfPage":{"@id":"https:\/\/planyard.com\/de\/kostenkontrolle-im-bauwesen#primaryimage"},"image":{"@id":"https:\/\/planyard.com\/de\/kostenkontrolle-im-bauwesen#primaryimage"},"thumbnailUrl":"https:\/\/planyard.com\/wp-content\/uploads\/2024\/08\/construction-cost-control-1.png","datePublished":"2024-08-27T16:43:01+00:00","dateModified":"2025-05-19T18:26:31+00:00","description":"Was sind die besten Praktiken f\u00fcr die Kostenkontrolle im Bauwesen und wie w\u00e4hlt man Software zur Kostenverwaltung und Gewinnmaximierung aus.","breadcrumb":{"@id":"https:\/\/planyard.com\/de\/kostenkontrolle-im-bauwesen#breadcrumb"},"inLanguage":"de","potentialAction":[{"@type":"ReadAction","target":["https:\/\/planyard.com\/de\/kostenkontrolle-im-bauwesen"]}]},{"@type":"ImageObject","inLanguage":"de","@id":"https:\/\/planyard.com\/de\/kostenkontrolle-im-bauwesen#primaryimage","url":"https:\/\/planyard.com\/wp-content\/uploads\/2024\/08\/construction-cost-control-1.png","contentUrl":"https:\/\/planyard.com\/wp-content\/uploads\/2024\/08\/construction-cost-control-1.png"},{"@type":"BreadcrumbList","@id":"https:\/\/planyard.com\/de\/kostenkontrolle-im-bauwesen#breadcrumb","itemListElement":[{"@type":"ListItem","position":1,"name":"Home","item":"https:\/\/planyard.com\/de"},{"@type":"ListItem","position":2,"name":"Was ist Kostenkontrolle im Bauwesen?"}]},{"@type":"WebSite","@id":"https:\/\/planyard.com\/de#website","url":"https:\/\/planyard.com\/de","name":"Planyard in Deutsch","description":"","potentialAction":[{"@type":"SearchAction","target":{"@type":"EntryPoint","urlTemplate":"https:\/\/planyard.com\/de?s={search_term_string}"},"query-input":{"@type":"PropertyValueSpecification","valueRequired":true,"valueName":"search_term_string"}}],"inLanguage":"de"}]}},"_links":{"self":[{"href":"https:\/\/planyard.com\/de\/wp-json\/wp\/v2\/pages\/12551","targetHints":{"allow":["GET"]}}],"collection":[{"href":"https:\/\/planyard.com\/de\/wp-json\/wp\/v2\/pages"}],"about":[{"href":"https:\/\/planyard.com\/de\/wp-json\/wp\/v2\/types\/page"}],"author":[{"embeddable":true,"href":"https:\/\/planyard.com\/de\/wp-json\/wp\/v2\/users\/2"}],"replies":[{"embeddable":true,"href":"https:\/\/planyard.com\/de\/wp-json\/wp\/v2\/comments?post=12551"}],"version-history":[{"count":3,"href":"https:\/\/planyard.com\/de\/wp-json\/wp\/v2\/pages\/12551\/revisions"}],"predecessor-version":[{"id":16247,"href":"https:\/\/planyard.com\/de\/wp-json\/wp\/v2\/pages\/12551\/revisions\/16247"}],"wp:attachment":[{"href":"https:\/\/planyard.com\/de\/wp-json\/wp\/v2\/media?parent=12551"}],"wp:term":[{"taxonomy":"page_intent","embeddable":true,"href":"https:\/\/planyard.com\/de\/wp-json\/wp\/v2\/page_intent?post=12551"},{"taxonomy":"page_type","embeddable":true,"href":"https:\/\/planyard.com\/de\/wp-json\/wp\/v2\/page_type?post=12551"}],"curies":[{"name":"wp","href":"https:\/\/api.w.org\/{rel}","templated":true}]}}