{"id":12544,"date":"2024-08-26T11:54:21","date_gmt":"2024-08-26T11:54:21","guid":{"rendered":"https:\/\/planyard.com\/small-projects"},"modified":"2025-05-17T18:16:27","modified_gmt":"2025-05-17T18:16:27","slug":"kleine-projekte","status":"publish","type":"page","link":"https:\/\/planyard.com\/de\/kleine-projekte","title":{"rendered":"Kleine Projekte"},"content":{"rendered":"","protected":false},"excerpt":{"rendered":"","protected":false},"author":2,"featured_media":0,"parent":0,"menu_order":0,"comment_status":"closed","ping_status":"closed","template":"","meta":{"_acf_changed":false,"content-type":"","footnotes":""},"page_intent":[150],"page_type":[],"class_list":["post-12544","page","type-page","status-publish","hentry"],"acf":[],"yoast_head":"<!-- This site is optimized with the Yoast SEO plugin v27.1.1 - https:\/\/yoast.com\/product\/yoast-seo-wordpress\/ -->\n<title>Planyard-Budgetierungstoolset f\u00fcr kleine Projekte zur Kostenkontrolle<\/title>\n<meta name=\"description\" content=\"Das Planyard-Budgetierungstoolset f\u00fcr kleine Projekte zur Kostenkontrolle erleichtert es, den \u00dcberblick \u00fcber die Rechnungen zu behalten. Jetzt kostenlos starten\" \/>\n<meta name=\"robots\" content=\"index, follow, max-snippet:-1, max-image-preview:large, max-video-preview:-1\" \/>\n<link rel=\"canonical\" href=\"https:\/\/planyard.com\/de\/kleine-projekte\" \/>\n<meta property=\"og:locale\" content=\"de_DE\" \/>\n<meta property=\"og:type\" content=\"article\" \/>\n<meta property=\"og:title\" content=\"Planyard-Budgetierungstoolset f\u00fcr kleine Projekte zur Kostenkontrolle\" \/>\n<meta property=\"og:description\" content=\"Das Planyard-Budgetierungstoolset f\u00fcr kleine Projekte zur Kostenkontrolle erleichtert es, den \u00dcberblick \u00fcber die Rechnungen zu behalten. Jetzt kostenlos starten\" \/>\n<meta property=\"og:url\" content=\"https:\/\/planyard.com\/de\/kleine-projekte\" \/>\n<meta property=\"og:site_name\" content=\"Planyard in Deutsch\" \/>\n<meta property=\"article:modified_time\" content=\"2025-05-17T18:16:27+00:00\" \/>\n<meta name=\"twitter:card\" content=\"summary_large_image\" \/>\n<!-- \/ Yoast SEO plugin. -->","yoast_head_json":{"title":"Planyard-Budgetierungstoolset f\u00fcr kleine Projekte zur Kostenkontrolle","description":"Das Planyard-Budgetierungstoolset f\u00fcr kleine Projekte zur Kostenkontrolle erleichtert es, den \u00dcberblick \u00fcber die Rechnungen zu behalten. Jetzt kostenlos starten","robots":{"index":"index","follow":"follow","max-snippet":"max-snippet:-1","max-image-preview":"max-image-preview:large","max-video-preview":"max-video-preview:-1"},"canonical":"https:\/\/planyard.com\/de\/kleine-projekte","og_locale":"de_DE","og_type":"article","og_title":"Planyard-Budgetierungstoolset f\u00fcr kleine Projekte zur Kostenkontrolle","og_description":"Das Planyard-Budgetierungstoolset f\u00fcr kleine Projekte zur Kostenkontrolle erleichtert es, den \u00dcberblick \u00fcber die Rechnungen zu behalten. Jetzt kostenlos starten","og_url":"https:\/\/planyard.com\/de\/kleine-projekte","og_site_name":"Planyard in Deutsch","article_modified_time":"2025-05-17T18:16:27+00:00","twitter_card":"summary_large_image","schema":{"@context":"https:\/\/schema.org","@graph":[{"@type":"WebPage","@id":"https:\/\/planyard.com\/de\/kleine-projekte","url":"https:\/\/planyard.com\/de\/kleine-projekte","name":"Planyard-Budgetierungstoolset f\u00fcr kleine Projekte zur Kostenkontrolle","isPartOf":{"@id":"https:\/\/planyard.com\/de#website"},"datePublished":"2024-08-26T11:54:21+00:00","dateModified":"2025-05-17T18:16:27+00:00","description":"Das Planyard-Budgetierungstoolset f\u00fcr kleine Projekte zur Kostenkontrolle erleichtert es, den \u00dcberblick \u00fcber die Rechnungen zu behalten. Jetzt kostenlos starten","breadcrumb":{"@id":"https:\/\/planyard.com\/de\/kleine-projekte#breadcrumb"},"inLanguage":"de","potentialAction":[{"@type":"ReadAction","target":["https:\/\/planyard.com\/de\/kleine-projekte"]}]},{"@type":"BreadcrumbList","@id":"https:\/\/planyard.com\/de\/kleine-projekte#breadcrumb","itemListElement":[{"@type":"ListItem","position":1,"name":"Home","item":"https:\/\/planyard.com\/de"},{"@type":"ListItem","position":2,"name":"Kleine Projekte"}]},{"@type":"WebSite","@id":"https:\/\/planyard.com\/de#website","url":"https:\/\/planyard.com\/de","name":"Planyard in Deutsch","description":"","potentialAction":[{"@type":"SearchAction","target":{"@type":"EntryPoint","urlTemplate":"https:\/\/planyard.com\/de?s={search_term_string}"},"query-input":{"@type":"PropertyValueSpecification","valueRequired":true,"valueName":"search_term_string"}}],"inLanguage":"de"}]}},"_links":{"self":[{"href":"https:\/\/planyard.com\/de\/wp-json\/wp\/v2\/pages\/12544","targetHints":{"allow":["GET"]}}],"collection":[{"href":"https:\/\/planyard.com\/de\/wp-json\/wp\/v2\/pages"}],"about":[{"href":"https:\/\/planyard.com\/de\/wp-json\/wp\/v2\/types\/page"}],"author":[{"embeddable":true,"href":"https:\/\/planyard.com\/de\/wp-json\/wp\/v2\/users\/2"}],"replies":[{"embeddable":true,"href":"https:\/\/planyard.com\/de\/wp-json\/wp\/v2\/comments?post=12544"}],"version-history":[{"count":1,"href":"https:\/\/planyard.com\/de\/wp-json\/wp\/v2\/pages\/12544\/revisions"}],"predecessor-version":[{"id":12738,"href":"https:\/\/planyard.com\/de\/wp-json\/wp\/v2\/pages\/12544\/revisions\/12738"}],"wp:attachment":[{"href":"https:\/\/planyard.com\/de\/wp-json\/wp\/v2\/media?parent=12544"}],"wp:term":[{"taxonomy":"page_intent","embeddable":true,"href":"https:\/\/planyard.com\/de\/wp-json\/wp\/v2\/page_intent?post=12544"},{"taxonomy":"page_type","embeddable":true,"href":"https:\/\/planyard.com\/de\/wp-json\/wp\/v2\/page_type?post=12544"}],"curies":[{"name":"wp","href":"https:\/\/api.w.org\/{rel}","templated":true}]}}