{"id":12541,"date":"2024-08-29T10:26:44","date_gmt":"2024-08-29T10:26:44","guid":{"rendered":"https:\/\/planyard.com\/request-a-planyard-pricing-proposal"},"modified":"2025-05-19T18:23:09","modified_gmt":"2025-05-19T18:23:09","slug":"fordern-sie-ein-planyard-preisangebot-an","status":"publish","type":"page","link":"https:\/\/planyard.com\/de\/fordern-sie-ein-planyard-preisangebot-an","title":{"rendered":"Fordern Sie ein Planyard-Preisangebot an"},"content":{"rendered":"\n<div class=\"wp-block-columns is-layout-flex wp-container-core-columns-is-layout-9d6595d7 wp-block-columns-is-layout-flex\">\n<div class=\"wp-block-column is-layout-flow wp-block-column-is-layout-flow\">\n<p>Wenn Ihr Unternehmen ein vielf\u00e4ltiges Bauportfolio mit mehreren Gesch\u00e4ftseinheiten und juristischen Personen verwaltet und Sie Projektleiter, Bauleiter, Bauingenieure, Kalkulatoren und mehr einbinden m\u00fcssen, sind wir hier, um Ihnen zu helfen.<\/p>\n\n\n\n<h5 class=\"wp-block-heading\">Bitte f\u00fcllen Sie das Formular aus, und einer unserer Vertriebsmitarbeiter wird sich in K\u00fcrze mit Ihnen in Verbindung setzen, um Ihnen ein personalisiertes Preisangebot zu unterbreiten.<\/h5>\n<\/div>\n\n\n\n<div class=\"wp-block-column is-layout-flow wp-block-column-is-layout-flow\">\n\n\n  hbspt.forms.create({\n    region: &#8222;na1&#8220;,\n    portalId: &#8222;4963994&#8220;,\n    formId: &#8222;494ccc6f-398f-476e-b68d-ffeffb321027&#8220;\n  });\n\n<\/div>\n<\/div>\n\n\n\n<p><\/p>\n","protected":false},"excerpt":{"rendered":"<p>Wenn Ihr Unternehmen ein vielf\u00e4ltiges Bauportfolio mit mehreren Gesch\u00e4ftseinheiten und juristischen Personen verwaltet und Sie Projektleiter, Bauleiter, Bauingenieure, Kalkulatoren und mehr einbinden m\u00fcssen, sind wir hier, um Ihnen zu helfen. Bitte f\u00fcllen Sie das Formular aus, und einer unserer Vertriebsmitarbeiter wird sich in K\u00fcrze mit Ihnen in Verbindung setzen, um Ihnen ein personalisiertes Preisangebot zu&#8230;  <a class=\"excerpt-read-more\" href=\"https:\/\/planyard.com\/de\/fordern-sie-ein-planyard-preisangebot-an\" title=\"Lesen Sie  Fordern Sie ein Planyard-Preisangebot an\">Mehr lesen &#8222;<\/a><\/p>\n","protected":false},"author":2,"featured_media":0,"parent":0,"menu_order":0,"comment_status":"closed","ping_status":"closed","template":"","meta":{"_acf_changed":false,"content-type":"","footnotes":""},"page_intent":[180],"page_type":[],"class_list":["post-12541","page","type-page","status-publish","hentry"],"acf":[],"yoast_head":"<!-- This site is optimized with the Yoast SEO plugin v26.9 - https:\/\/yoast.com\/product\/yoast-seo-wordpress\/ -->\n<title>Fordern Sie ein Planyard-Preisangebot an -<\/title>\n<meta name=\"description\" content=\"Laden Sie die Planyard-Baukostencodes kostenlos herunter und behalten Sie Ihre Projektkosten im Griff. Kostenkontrolle, KPI-Tracking, ideal f\u00fcr den unternehmensweiten Einsatz und mehr\" \/>\n<meta name=\"robots\" content=\"index, follow, max-snippet:-1, max-image-preview:large, max-video-preview:-1\" \/>\n<link rel=\"canonical\" href=\"https:\/\/planyard.com\/de\/fordern-sie-ein-planyard-preisangebot-an\" \/>\n<meta property=\"og:locale\" content=\"de_DE\" \/>\n<meta property=\"og:type\" content=\"article\" \/>\n<meta property=\"og:title\" content=\"Fordern Sie ein Planyard-Preisangebot an -\" \/>\n<meta property=\"og:description\" content=\"Laden Sie die Planyard-Baukostencodes kostenlos herunter und behalten Sie Ihre Projektkosten im Griff. Kostenkontrolle, KPI-Tracking, ideal f\u00fcr den unternehmensweiten Einsatz und mehr\" \/>\n<meta property=\"og:url\" content=\"https:\/\/planyard.com\/de\/fordern-sie-ein-planyard-preisangebot-an\" \/>\n<meta property=\"og:site_name\" content=\"Planyard in Deutsch\" \/>\n<meta property=\"article:modified_time\" content=\"2025-05-19T18:23:09+00:00\" \/>\n<meta name=\"twitter:card\" content=\"summary_large_image\" \/>\n<meta name=\"twitter:label1\" content=\"Gesch\u00e4tzte Lesezeit\" \/>\n\t<meta name=\"twitter:data1\" content=\"1\u00a0Minute\" \/>\n<!-- \/ Yoast SEO plugin. -->","yoast_head_json":{"title":"Fordern Sie ein Planyard-Preisangebot an -","description":"Laden Sie die Planyard-Baukostencodes kostenlos herunter und behalten Sie Ihre Projektkosten im Griff. Kostenkontrolle, KPI-Tracking, ideal f\u00fcr den unternehmensweiten Einsatz und mehr","robots":{"index":"index","follow":"follow","max-snippet":"max-snippet:-1","max-image-preview":"max-image-preview:large","max-video-preview":"max-video-preview:-1"},"canonical":"https:\/\/planyard.com\/de\/fordern-sie-ein-planyard-preisangebot-an","og_locale":"de_DE","og_type":"article","og_title":"Fordern Sie ein Planyard-Preisangebot an -","og_description":"Laden Sie die Planyard-Baukostencodes kostenlos herunter und behalten Sie Ihre Projektkosten im Griff. Kostenkontrolle, KPI-Tracking, ideal f\u00fcr den unternehmensweiten Einsatz und mehr","og_url":"https:\/\/planyard.com\/de\/fordern-sie-ein-planyard-preisangebot-an","og_site_name":"Planyard in Deutsch","article_modified_time":"2025-05-19T18:23:09+00:00","twitter_card":"summary_large_image","twitter_misc":{"Gesch\u00e4tzte Lesezeit":"1\u00a0Minute"},"schema":{"@context":"https:\/\/schema.org","@graph":[{"@type":"WebPage","@id":"https:\/\/planyard.com\/de\/fordern-sie-ein-planyard-preisangebot-an","url":"https:\/\/planyard.com\/de\/fordern-sie-ein-planyard-preisangebot-an","name":"Fordern Sie ein Planyard-Preisangebot an -","isPartOf":{"@id":"https:\/\/planyard.com\/de#website"},"datePublished":"2024-08-29T10:26:44+00:00","dateModified":"2025-05-19T18:23:09+00:00","description":"Laden Sie die Planyard-Baukostencodes kostenlos herunter und behalten Sie Ihre Projektkosten im Griff. Kostenkontrolle, KPI-Tracking, ideal f\u00fcr den unternehmensweiten Einsatz und mehr","breadcrumb":{"@id":"https:\/\/planyard.com\/de\/fordern-sie-ein-planyard-preisangebot-an#breadcrumb"},"inLanguage":"de","potentialAction":[{"@type":"ReadAction","target":["https:\/\/planyard.com\/de\/fordern-sie-ein-planyard-preisangebot-an"]}]},{"@type":"BreadcrumbList","@id":"https:\/\/planyard.com\/de\/fordern-sie-ein-planyard-preisangebot-an#breadcrumb","itemListElement":[{"@type":"ListItem","position":1,"name":"Home","item":"https:\/\/planyard.com\/de"},{"@type":"ListItem","position":2,"name":"Fordern Sie ein Planyard-Preisangebot an"}]},{"@type":"WebSite","@id":"https:\/\/planyard.com\/de#website","url":"https:\/\/planyard.com\/de","name":"Planyard in Deutsch","description":"","potentialAction":[{"@type":"SearchAction","target":{"@type":"EntryPoint","urlTemplate":"https:\/\/planyard.com\/de?s={search_term_string}"},"query-input":{"@type":"PropertyValueSpecification","valueRequired":true,"valueName":"search_term_string"}}],"inLanguage":"de"}]}},"_links":{"self":[{"href":"https:\/\/planyard.com\/de\/wp-json\/wp\/v2\/pages\/12541","targetHints":{"allow":["GET"]}}],"collection":[{"href":"https:\/\/planyard.com\/de\/wp-json\/wp\/v2\/pages"}],"about":[{"href":"https:\/\/planyard.com\/de\/wp-json\/wp\/v2\/types\/page"}],"author":[{"embeddable":true,"href":"https:\/\/planyard.com\/de\/wp-json\/wp\/v2\/users\/2"}],"replies":[{"embeddable":true,"href":"https:\/\/planyard.com\/de\/wp-json\/wp\/v2\/comments?post=12541"}],"version-history":[{"count":3,"href":"https:\/\/planyard.com\/de\/wp-json\/wp\/v2\/pages\/12541\/revisions"}],"predecessor-version":[{"id":16237,"href":"https:\/\/planyard.com\/de\/wp-json\/wp\/v2\/pages\/12541\/revisions\/16237"}],"wp:attachment":[{"href":"https:\/\/planyard.com\/de\/wp-json\/wp\/v2\/media?parent=12541"}],"wp:term":[{"taxonomy":"page_intent","embeddable":true,"href":"https:\/\/planyard.com\/de\/wp-json\/wp\/v2\/page_intent?post=12541"},{"taxonomy":"page_type","embeddable":true,"href":"https:\/\/planyard.com\/de\/wp-json\/wp\/v2\/page_type?post=12541"}],"curies":[{"name":"wp","href":"https:\/\/api.w.org\/{rel}","templated":true}]}}