{"id":12535,"date":"2024-09-11T08:50:44","date_gmt":"2024-09-11T08:50:44","guid":{"rendered":"https:\/\/planyard.com\/procore-vs-plangrid"},"modified":"2025-05-19T18:22:56","modified_gmt":"2025-05-19T18:22:56","slug":"procore-vs-plangrid-ein-vergleich","status":"publish","type":"page","link":"https:\/\/planyard.com\/de\/procore-vs-plangrid-ein-vergleich","title":{"rendered":"Procore vs. Plangrid: Ein Vergleich"},"content":{"rendered":"\n<p class=\"has-text-align-center\">Vollst\u00e4ndiger Vergleich von Procore und Plangrid. Vergleichen Sie Funktionen, Preise und Alternativen. <\/p>\n\n\n\n<div class=\"wp-block-columns is-layout-flex wp-container-core-columns-is-layout-9d6595d7 wp-block-columns-is-layout-flex\">\n<div class=\"wp-block-column is-layout-flow wp-block-column-is-layout-flow\" style=\"flex-basis:100%\">\n<div class=\"wp-block-columns is-layout-flex wp-container-core-columns-is-layout-9d6595d7 wp-block-columns-is-layout-flex\">\n<div class=\"wp-block-column is-layout-flow wp-block-column-is-layout-flow\">\n<h4 class=\"wp-block-heading\">Was ist Procore?<\/h4>\n\n\n\n<p><a href=\"https:\/\/procore.com\">Procore<\/a> ist eine US-amerikanische Software f\u00fcr das Bauprojektmanagement mit vielen verschiedenen Modulen.<\/p>\n\n\n\n<p>Die Software deckt die Bereiche Vorbau, Projektmanagement, Ressourcenmanagement und Finanzmanagement ab.<\/p>\n<\/div>\n\n\n\n<div class=\"wp-block-column is-layout-flow wp-block-column-is-layout-flow\">\n<h4 class=\"wp-block-heading\">Was ist Plangrid? <\/h4>\n\n\n\n<p><a href=\"https:\/\/www.plangrid.com\/\">Plangrid<\/a>&nbsp;ist eine Software zur Produktivit\u00e4tssteigerung im Bauwesen.<\/p>\n\n\n\n<p>Sie dient haupts\u00e4chlich dazu, Baupl\u00e4ne und andere Dokumente f\u00fcr die Zusammenarbeit in Echtzeit zu teilen.<\/p>\n<\/div>\n\n\n\n<div class=\"wp-block-column is-layout-flow wp-block-column-is-layout-flow\">\n<h4 class=\"wp-block-heading\">Was ist Planyard?<\/h4>\n\n\n\n<p><a href=\"https:\/\/planyard.com\/de\">Planyard<\/a>&nbsp;ist eine Finanzmanagement-Software f\u00fcr Hauptauftragnehmer, die doppelte Dateneingaben eliminiert.<\/p>\n\n\n\n<p>Sie erm\u00f6glicht es Benutzern, Budgets zu verwalten, ohne auf Excel oder endlose E-Mails angewiesen zu sein, w\u00e4hrend Subunternehmer Daten direkt in das System eingeben k\u00f6nnen.<\/p>\n<\/div>\n<\/div>\n<\/div>\n<\/div>\n\n\n\n<h2 class=\"wp-block-heading has-text-align-center\">Vergleich von Funktionen und Preisen<\/h2>\n\n\n\n<figure class=\"wp-block-table\"><table><tbody><tr><td><\/td><td><img loading=\"lazy\" decoding=\"async\" width=\"118\" height=\"40\" class=\"wp-image-108\" style=\"width: 118px\" src=\"https:\/\/planyard.com\/wp-content\/uploads\/2024\/07\/Procore_Logo_FC_Black_RGB-1.svg\" alt=\"\"><br><strong>Procore<\/strong><\/td><td><img loading=\"lazy\" decoding=\"async\" width=\"707\" height=\"171\" class=\"wp-image-2299\" style=\"width: 150px\" src=\"https:\/\/planyard.com\/wp-content\/uploads\/2024\/10\/plangrid.svg\" alt=\"Plangrid\"><br><strong>Plangrid<\/strong><\/td><td><img loading=\"lazy\" decoding=\"async\" width=\"135\" height=\"28\" class=\"wp-image-2040\" style=\"width: 135px\" src=\"https:\/\/planyard.com\/wp-content\/uploads\/2024\/09\/planyard-logo.svg\" alt=\"\"><br><strong>Planyard<\/strong><\/td><\/tr><tr><td><strong>Kostenlose Testversion<\/strong><\/td><td><img decoding=\"async\" src=\"https:\/\/planyard.com\/wp-content\/uploads\/2024\/10\/icons8-delete-30.png\"><\/td><td><\/td><td><img decoding=\"async\" src=\"https:\/\/planyard.com\/wp-content\/uploads\/2024\/10\/icons8-checkmark-30.png\"> <\/td><\/tr><tr><td><strong>Preisgestaltung<\/strong><\/td><td><strong>549 USD pro Monat<\/strong><br>(mit Jahresvertrag und max. 3 Mio. Jahresumsatz)<\/td><td><strong>39-119 USD pro Benutzer und Monat<\/strong><\/td><td><strong>Ab 52 USD pro Benutzer und Monat<\/strong><\/td><\/tr><tr><td><strong>Unbegrenzte Benutzer<\/strong><\/td><td><img decoding=\"async\" src=\"https:\/\/planyard.com\/wp-content\/uploads\/2024\/10\/icons8-checkmark-30.png\"><\/td><td><img decoding=\"async\" src=\"https:\/\/planyard.com\/wp-content\/uploads\/2024\/10\/icons8-delete-30.png\"><\/td><td><img decoding=\"async\" src=\"https:\/\/planyard.com\/wp-content\/uploads\/2024\/10\/icons8-checkmark-30.png\"><\/td><\/tr><tr><td><strong>Unbegrenzte Daten<\/strong><\/td><td><img decoding=\"async\" src=\"https:\/\/planyard.com\/wp-content\/uploads\/2024\/10\/icons8-checkmark-30.png\"><\/td><td><img decoding=\"async\" src=\"https:\/\/planyard.com\/wp-content\/uploads\/2024\/10\/icons8-checkmark-30.png\"> (au\u00dfer Pl\u00e4ne, die je nach Tarif begrenzt sind)<\/td><td><img decoding=\"async\" src=\"https:\/\/planyard.com\/wp-content\/uploads\/2024\/10\/icons8-checkmark-30.png\"><\/td><\/tr><tr><td><strong>Budgetverfolgung<\/strong><\/td><td><img decoding=\"async\" src=\"https:\/\/planyard.com\/wp-content\/uploads\/2024\/10\/icons8-checkmark-30.png\"><\/td><td><img decoding=\"async\" src=\"https:\/\/planyard.com\/wp-content\/uploads\/2024\/10\/icons8-delete-30.png\"><\/td><td><img decoding=\"async\" src=\"https:\/\/planyard.com\/wp-content\/uploads\/2024\/10\/icons8-checkmark-30.png\"><\/td><\/tr><tr><td><strong>Kostenkalkulation<\/strong><\/td><td><img decoding=\"async\" src=\"https:\/\/planyard.com\/wp-content\/uploads\/2024\/10\/icons8-checkmark-30.png\"><\/td><td><img decoding=\"async\" src=\"https:\/\/planyard.com\/wp-content\/uploads\/2024\/10\/icons8-delete-30.png\"><\/td><td><img decoding=\"async\" src=\"https:\/\/planyard.com\/wp-content\/uploads\/2024\/10\/icons8-checkmark-30.png\"><\/td><\/tr><tr><td><strong>Angebotsabgabe<\/strong><\/td><td><img decoding=\"async\" src=\"https:\/\/planyard.com\/wp-content\/uploads\/2024\/10\/icons8-checkmark-30.png\"><\/td><td><img decoding=\"async\" src=\"https:\/\/planyard.com\/wp-content\/uploads\/2024\/10\/icons8-delete-30.png\"><\/td><td><img decoding=\"async\" src=\"https:\/\/planyard.com\/wp-content\/uploads\/2024\/10\/icons8-checkmark-30.png\"><\/td><\/tr><tr><td><strong>Vertragsmanagement<\/strong><\/td><td><img decoding=\"async\" src=\"https:\/\/planyard.com\/wp-content\/uploads\/2024\/10\/icons8-checkmark-30.png\"><\/td><td><img decoding=\"async\" src=\"https:\/\/planyard.com\/wp-content\/uploads\/2024\/10\/icons8-delete-30.png\"><\/td><td><img decoding=\"async\" src=\"https:\/\/planyard.com\/wp-content\/uploads\/2024\/10\/icons8-checkmark-30.png\"><\/td><\/tr><tr><td><strong>\u00c4nderungsauftragsmanagement<\/strong><\/td><td><img decoding=\"async\" src=\"https:\/\/planyard.com\/wp-content\/uploads\/2024\/10\/icons8-checkmark-30.png\"><\/td><td><img decoding=\"async\" src=\"https:\/\/planyard.com\/wp-content\/uploads\/2024\/10\/icons8-delete-30.png\"><\/td><td><img decoding=\"async\" src=\"https:\/\/planyard.com\/wp-content\/uploads\/2024\/10\/icons8-checkmark-30.png\"><\/td><\/tr><tr><td><strong>Abrechnung der Subunternehmer<\/strong><\/td><td><img decoding=\"async\" src=\"https:\/\/planyard.com\/wp-content\/uploads\/2024\/10\/icons8-checkmark-30.png\"><\/td><td><img decoding=\"async\" src=\"https:\/\/planyard.com\/wp-content\/uploads\/2024\/10\/icons8-delete-30.png\"><\/td><td><img decoding=\"async\" src=\"https:\/\/planyard.com\/wp-content\/uploads\/2024\/10\/icons8-checkmark-30.png\"><\/td><\/tr><tr><td><strong>Gewinnprognose<\/strong><\/td><td><img decoding=\"async\" src=\"https:\/\/planyard.com\/wp-content\/uploads\/2024\/10\/icons8-checkmark-30.png\"><\/td><td><img decoding=\"async\" src=\"https:\/\/planyard.com\/wp-content\/uploads\/2024\/10\/icons8-delete-30.png\"><\/td><td><img decoding=\"async\" src=\"https:\/\/planyard.com\/wp-content\/uploads\/2024\/10\/icons8-checkmark-30.png\"><\/td><\/tr><tr><td><strong>Terminplanung<\/strong><\/td><td><img decoding=\"async\" src=\"https:\/\/planyard.com\/wp-content\/uploads\/2024\/10\/icons8-checkmark-30.png\"><\/td><td><img decoding=\"async\" src=\"https:\/\/planyard.com\/wp-content\/uploads\/2024\/10\/icons8-delete-30.png\"><\/td><td><img decoding=\"async\" src=\"https:\/\/planyard.com\/wp-content\/uploads\/2024\/10\/icons8-delete-30.png\"><\/td><\/tr><tr><td><strong>BIM<\/strong><\/td><td><img decoding=\"async\" src=\"https:\/\/planyard.com\/wp-content\/uploads\/2024\/10\/icons8-checkmark-30.png\"> (Integration)<\/td><td><img decoding=\"async\" src=\"https:\/\/planyard.com\/wp-content\/uploads\/2024\/10\/icons8-checkmark-30.png\"> (Integration)<\/td><td><img decoding=\"async\" src=\"https:\/\/planyard.com\/wp-content\/uploads\/2024\/10\/icons8-delete-30.png\"><\/td><\/tr><tr><td><strong>Feldproduktivit\u00e4t<\/strong><\/td><td><img decoding=\"async\" src=\"https:\/\/planyard.com\/wp-content\/uploads\/2024\/10\/icons8-checkmark-30.png\"> (Zusatzkosten)<\/td><td><img decoding=\"async\" src=\"https:\/\/planyard.com\/wp-content\/uploads\/2024\/10\/icons8-checkmark-30.png\"><\/td><td><img decoding=\"async\" src=\"https:\/\/planyard.com\/wp-content\/uploads\/2024\/10\/icons8-delete-30.png\"><\/td><\/tr><tr><td><strong>iOS-App<\/strong><\/td><td><img decoding=\"async\" src=\"https:\/\/planyard.com\/wp-content\/uploads\/2024\/10\/icons8-checkmark-30.png\"><\/td><td><img decoding=\"async\" src=\"https:\/\/planyard.com\/wp-content\/uploads\/2024\/10\/icons8-checkmark-30.png\"><\/td><td><img decoding=\"async\" src=\"https:\/\/planyard.com\/wp-content\/uploads\/2024\/10\/icons8-checkmark-30.png\"><\/td><\/tr><tr><td><strong>Android-App<\/strong><\/td><td><img decoding=\"async\" src=\"https:\/\/planyard.com\/wp-content\/uploads\/2024\/10\/icons8-checkmark-30.png\"><\/td><td><img decoding=\"async\" src=\"https:\/\/planyard.com\/wp-content\/uploads\/2024\/10\/icons8-checkmark-30.png\"><\/td><td><img decoding=\"async\" src=\"https:\/\/planyard.com\/wp-content\/uploads\/2024\/10\/icons8-checkmark-30.png\"><\/td><\/tr><tr><td><strong>Windows Mobile-App<\/strong><\/td><td><img decoding=\"async\" src=\"https:\/\/planyard.com\/wp-content\/uploads\/2024\/10\/icons8-checkmark-30.png\"><\/td><td><img decoding=\"async\" src=\"https:\/\/planyard.com\/wp-content\/uploads\/2024\/10\/icons8-checkmark-30.png\"><\/td><td><img decoding=\"async\" src=\"https:\/\/planyard.com\/wp-content\/uploads\/2024\/10\/icons8-delete-30.png\"><\/td><\/tr><tr><td><strong>Outlook-Integration<\/strong><\/td><td><img decoding=\"async\" src=\"https:\/\/planyard.com\/wp-content\/uploads\/2024\/10\/icons8-checkmark-30.png\"><\/td><td><img decoding=\"async\" src=\"https:\/\/planyard.com\/wp-content\/uploads\/2024\/10\/icons8-delete-30.png\"><\/td><td><img decoding=\"async\" src=\"https:\/\/planyard.com\/wp-content\/uploads\/2024\/10\/icons8-checkmark-30.png\"><\/td><\/tr><tr><td><strong>Google Chrome-Erweiterung<\/strong><\/td><td><img decoding=\"async\" src=\"https:\/\/planyard.com\/wp-content\/uploads\/2024\/10\/icons8-delete-30.png\"><\/td><td><img decoding=\"async\" src=\"https:\/\/planyard.com\/wp-content\/uploads\/2024\/10\/icons8-delete-30.png\"><\/td><td><img decoding=\"async\" src=\"https:\/\/planyard.com\/wp-content\/uploads\/2024\/10\/icons8-checkmark-30.png\"><\/td><\/tr><tr><td><strong>Buchhaltungsintegrationen<\/strong><\/td><td><img decoding=\"async\" src=\"https:\/\/planyard.com\/wp-content\/uploads\/2024\/10\/icons8-checkmark-30.png\"><\/td><td><img decoding=\"async\" src=\"https:\/\/planyard.com\/wp-content\/uploads\/2024\/10\/icons8-delete-30.png\"><\/td><td><img decoding=\"async\" src=\"https:\/\/planyard.com\/wp-content\/uploads\/2024\/10\/icons8-checkmark-30.png\"><\/td><\/tr><tr><td><strong>Support<\/strong><\/td><td><img decoding=\"async\" src=\"https:\/\/planyard.com\/wp-content\/uploads\/2024\/10\/icons8-checkmark-30.png\"><\/td><td><img decoding=\"async\" src=\"https:\/\/planyard.com\/wp-content\/uploads\/2024\/10\/icons8-checkmark-30.png\"><\/td><td><img decoding=\"async\" src=\"https:\/\/planyard.com\/wp-content\/uploads\/2024\/10\/icons8-checkmark-30.png\"><\/td><\/tr><\/tbody><\/table><\/figure>\n\n\n\n<h2 class=\"wp-block-heading has-text-align-center\">Vorteile von Planyard<\/h2>\n\n\n\n<div class=\"wp-block-columns is-layout-flex wp-container-core-columns-is-layout-9d6595d7 wp-block-columns-is-layout-flex\">\n<div class=\"wp-block-column is-layout-flow wp-block-column-is-layout-flow\">\n<p><strong>Erfahren Sie, ob ein Projekt profitabel ist, bevor es abgeschlossen ist<\/strong><\/p>\n\n\n\n<p><strong>Erkennen Sie Sch\u00e4tz- und Planungsfehler<\/strong><\/p>\n<\/div>\n\n\n\n<div class=\"wp-block-column is-layout-flow wp-block-column-is-layout-flow\">\n<p><strong>Sparen Sie 3-5 Tage pro Monat und Projektleiter<\/strong><\/p>\n\n\n\n<p><strong>Vermeiden Sie manuelle Eingaben und Copy-Paste<\/strong><\/p>\n<\/div>\n\n\n\n<div class=\"wp-block-column is-layout-flow wp-block-column-is-layout-flow\">\n<p><strong>Standardisieren Sie die Prozesse und gew\u00e4hrleisten Sie die Einhaltung<\/strong><\/p>\n\n\n\n<p><strong>Lassen Sie nichts durch die L\u00fccken fallen<\/strong><\/p>\n<\/div>\n<\/div>\n\n\n\n<figure class=\"wp-block-image size-full\"><img loading=\"lazy\" decoding=\"async\" width=\"1600\" height=\"953\" src=\"https:\/\/planyard.com\/wp-content\/uploads\/2024\/08\/Planyard-budget-dashboard-2.png\" alt=\"\" class=\"wp-image-1684\" srcset=\"https:\/\/planyard.com\/wp-content\/uploads\/2024\/08\/Planyard-budget-dashboard-2.png 1600w, https:\/\/planyard.com\/wp-content\/uploads\/2024\/08\/Planyard-budget-dashboard-2-1536x915.png 1536w\" sizes=\"auto, (max-width: 1600px) 100vw, 1600px\" \/><\/figure>\n\n\n\n<h2 class=\"wp-block-heading\">Entwickelt f\u00fcr Projektleiter<\/h2>\n\n\n\n<p>Sie m\u00fcssen nicht wochenlang lernen, wie es funktioniert. Planyard arbeitet so, wie Projektleiter tats\u00e4chlich arbeiten<\/p>\n\n\n\n<ul class=\"wp-block-list\">\n<li>Sch\u00e4tzen, verfolgen und prognostizieren Sie Ihr Budget.<\/li>\n\n\n\n<li>Sammeln Sie Angebote, Fortschrittsberichte, \u00c4nderungsauftr\u00e4ge und Rechnungen von Subunternehmern.<\/li>\n\n\n\n<li>Halten Sie alles miteinander verkn\u00fcpft.<\/li>\n\n\n\n<li>Verfolgen Sie die Rentabilit\u00e4t Ihres Projekts in Echtzeit.<\/li>\n\n\n\n<li>Halten Sie die Buchhaltung automatisch synchron.<\/li>\n<\/ul>\n\n\n\n<div class=\"wp-block-buttons is-layout-flex wp-block-buttons-is-layout-flex\">\n<div class=\"wp-block-button is-style-fill\"><a class=\"wp-block-button__link has-background wp-element-button\" href=\"https:\/\/app.planyard.com\/#\/signup\" style=\"background-color:#2756ff\">Kostenlos testen<\/a><\/div>\n<\/div>\n\n\n\n<figure class=\"wp-block-image size-full\"><img loading=\"lazy\" decoding=\"async\" width=\"1024\" height=\"503\" src=\"https:\/\/planyard.com\/wp-content\/uploads\/2024\/09\/planyard-for-management-1024x503-1.png\" alt=\"\" class=\"wp-image-1965\" \/><\/figure>\n\n\n\n<h2 class=\"wp-block-heading has-text-align-center\">Funktioniert f\u00fcr das Management<\/h2>\n\n\n\n<p>Standardisieren Sie Ihre Kostenmanagementprozesse und gew\u00e4hrleisten Sie die Einhaltung im gesamten Unternehmen.<\/p>\n\n\n\n<ul class=\"wp-block-list\">\n<li>Erhalten Sie einen Echtzeit-\u00dcberblick \u00fcber Ihr gesamtes Projektportfolio.<\/li>\n\n\n\n<li>Halten Sie alle Daten in einem eng integrierten System.<\/li>\n\n\n\n<li>Prognostizieren Sie Rentabilit\u00e4t und Cashflow. <\/li>\n<\/ul>\n\n\n\n<div class=\"wp-block-buttons is-layout-flex wp-block-buttons-is-layout-flex\">\n<div class=\"wp-block-button\"><a class=\"wp-block-button__link has-background wp-element-button\" style=\"background-color:#2756ff\">Demo anfordern<\/a><\/div>\n<\/div>\n\n\n\n<p><\/p>\n","protected":false},"excerpt":{"rendered":"<p>Vollst\u00e4ndiger Vergleich von Procore und Plangrid. Vergleichen Sie Funktionen, Preise und Alternativen. Was ist Procore? Procore ist eine US-amerikanische Software f\u00fcr das Bauprojektmanagement mit vielen verschiedenen Modulen. Die Software deckt die Bereiche Vorbau, Projektmanagement, Ressourcenmanagement und Finanzmanagement ab. Was ist Plangrid? Plangrid&nbsp;ist eine Software zur Produktivit\u00e4tssteigerung im Bauwesen. Sie dient haupts\u00e4chlich dazu, Baupl\u00e4ne und andere&#8230;  <a class=\"excerpt-read-more\" href=\"https:\/\/planyard.com\/de\/procore-vs-plangrid-ein-vergleich\" title=\"Lesen Sie  Procore vs. Plangrid: Ein Vergleich\">Mehr lesen &#8222;<\/a><\/p>\n","protected":false},"author":5,"featured_media":0,"parent":0,"menu_order":0,"comment_status":"closed","ping_status":"closed","template":"","meta":{"_acf_changed":false,"content-type":"","footnotes":""},"page_intent":[210],"page_type":[],"class_list":["post-12535","page","type-page","status-publish","hentry"],"acf":[],"yoast_head":"<!-- This site is optimized with the Yoast SEO plugin v27.1.1 - https:\/\/yoast.com\/product\/yoast-seo-wordpress\/ -->\n<title>Procore vs Plangrid: Vergleich von Bausoftware - Planyard in Deutsch<\/title>\n<meta name=\"description\" content=\"Procore vs PlanGrid: Vergleich von Bausoftware. Sehen Sie die Unterschiede und Gemeinsamkeiten zwischen den beiden.\" \/>\n<meta name=\"robots\" content=\"index, follow, max-snippet:-1, max-image-preview:large, max-video-preview:-1\" \/>\n<link rel=\"canonical\" href=\"https:\/\/planyard.com\/de\/procore-vs-plangrid-ein-vergleich\" \/>\n<meta property=\"og:locale\" content=\"de_DE\" \/>\n<meta property=\"og:type\" content=\"article\" \/>\n<meta property=\"og:title\" content=\"Procore vs Plangrid: Vergleich von Bausoftware - Planyard in Deutsch\" \/>\n<meta property=\"og:description\" content=\"Procore vs PlanGrid: Vergleich von Bausoftware. Sehen Sie die Unterschiede und Gemeinsamkeiten zwischen den beiden.\" \/>\n<meta property=\"og:url\" content=\"https:\/\/planyard.com\/de\/procore-vs-plangrid-ein-vergleich\" \/>\n<meta property=\"og:site_name\" content=\"Planyard in Deutsch\" \/>\n<meta property=\"article:modified_time\" content=\"2025-05-19T18:22:56+00:00\" \/>\n<meta name=\"twitter:card\" content=\"summary_large_image\" \/>\n<meta name=\"twitter:label1\" content=\"Gesch\u00e4tzte Lesezeit\" \/>\n\t<meta name=\"twitter:data1\" content=\"15\u00a0Minuten\" \/>\n<!-- \/ Yoast SEO plugin. -->","yoast_head_json":{"title":"Procore vs Plangrid: Vergleich von Bausoftware - Planyard in Deutsch","description":"Procore vs PlanGrid: Vergleich von Bausoftware. Sehen Sie die Unterschiede und Gemeinsamkeiten zwischen den beiden.","robots":{"index":"index","follow":"follow","max-snippet":"max-snippet:-1","max-image-preview":"max-image-preview:large","max-video-preview":"max-video-preview:-1"},"canonical":"https:\/\/planyard.com\/de\/procore-vs-plangrid-ein-vergleich","og_locale":"de_DE","og_type":"article","og_title":"Procore vs Plangrid: Vergleich von Bausoftware - Planyard in Deutsch","og_description":"Procore vs PlanGrid: Vergleich von Bausoftware. Sehen Sie die Unterschiede und Gemeinsamkeiten zwischen den beiden.","og_url":"https:\/\/planyard.com\/de\/procore-vs-plangrid-ein-vergleich","og_site_name":"Planyard in Deutsch","article_modified_time":"2025-05-19T18:22:56+00:00","twitter_card":"summary_large_image","twitter_misc":{"Gesch\u00e4tzte Lesezeit":"15\u00a0Minuten"},"schema":{"@context":"https:\/\/schema.org","@graph":[{"@type":"WebPage","@id":"https:\/\/planyard.com\/de\/procore-vs-plangrid-ein-vergleich","url":"https:\/\/planyard.com\/de\/procore-vs-plangrid-ein-vergleich","name":"Procore vs Plangrid: Vergleich von Bausoftware - Planyard in Deutsch","isPartOf":{"@id":"https:\/\/planyard.com\/de#website"},"primaryImageOfPage":{"@id":"https:\/\/planyard.com\/de\/procore-vs-plangrid-ein-vergleich#primaryimage"},"image":{"@id":"https:\/\/planyard.com\/de\/procore-vs-plangrid-ein-vergleich#primaryimage"},"thumbnailUrl":"https:\/\/planyard.com\/wp-content\/uploads\/2024\/07\/Procore_Logo_FC_Black_RGB-1.svg","datePublished":"2024-09-11T08:50:44+00:00","dateModified":"2025-05-19T18:22:56+00:00","description":"Procore vs PlanGrid: Vergleich von Bausoftware. Sehen Sie die Unterschiede und Gemeinsamkeiten zwischen den beiden.","breadcrumb":{"@id":"https:\/\/planyard.com\/de\/procore-vs-plangrid-ein-vergleich#breadcrumb"},"inLanguage":"de","potentialAction":[{"@type":"ReadAction","target":["https:\/\/planyard.com\/de\/procore-vs-plangrid-ein-vergleich"]}]},{"@type":"ImageObject","inLanguage":"de","@id":"https:\/\/planyard.com\/de\/procore-vs-plangrid-ein-vergleich#primaryimage","url":"https:\/\/planyard.com\/wp-content\/uploads\/2024\/07\/Procore_Logo_FC_Black_RGB-1.svg","contentUrl":"https:\/\/planyard.com\/wp-content\/uploads\/2024\/07\/Procore_Logo_FC_Black_RGB-1.svg"},{"@type":"BreadcrumbList","@id":"https:\/\/planyard.com\/de\/procore-vs-plangrid-ein-vergleich#breadcrumb","itemListElement":[{"@type":"ListItem","position":1,"name":"Home","item":"https:\/\/planyard.com\/de"},{"@type":"ListItem","position":2,"name":"Procore vs Plangrid: Ein Vergleich"}]},{"@type":"WebSite","@id":"https:\/\/planyard.com\/de#website","url":"https:\/\/planyard.com\/de","name":"Planyard in Deutsch","description":"","potentialAction":[{"@type":"SearchAction","target":{"@type":"EntryPoint","urlTemplate":"https:\/\/planyard.com\/de?s={search_term_string}"},"query-input":{"@type":"PropertyValueSpecification","valueRequired":true,"valueName":"search_term_string"}}],"inLanguage":"de"}]}},"_links":{"self":[{"href":"https:\/\/planyard.com\/de\/wp-json\/wp\/v2\/pages\/12535","targetHints":{"allow":["GET"]}}],"collection":[{"href":"https:\/\/planyard.com\/de\/wp-json\/wp\/v2\/pages"}],"about":[{"href":"https:\/\/planyard.com\/de\/wp-json\/wp\/v2\/types\/page"}],"author":[{"embeddable":true,"href":"https:\/\/planyard.com\/de\/wp-json\/wp\/v2\/users\/5"}],"replies":[{"embeddable":true,"href":"https:\/\/planyard.com\/de\/wp-json\/wp\/v2\/comments?post=12535"}],"version-history":[{"count":3,"href":"https:\/\/planyard.com\/de\/wp-json\/wp\/v2\/pages\/12535\/revisions"}],"predecessor-version":[{"id":16235,"href":"https:\/\/planyard.com\/de\/wp-json\/wp\/v2\/pages\/12535\/revisions\/16235"}],"wp:attachment":[{"href":"https:\/\/planyard.com\/de\/wp-json\/wp\/v2\/media?parent=12535"}],"wp:term":[{"taxonomy":"page_intent","embeddable":true,"href":"https:\/\/planyard.com\/de\/wp-json\/wp\/v2\/page_intent?post=12535"},{"taxonomy":"page_type","embeddable":true,"href":"https:\/\/planyard.com\/de\/wp-json\/wp\/v2\/page_type?post=12535"}],"curies":[{"name":"wp","href":"https:\/\/api.w.org\/{rel}","templated":true}]}}