{"id":12534,"date":"2024-08-27T13:45:07","date_gmt":"2024-08-27T13:45:07","guid":{"rendered":"https:\/\/planyard.com\/procore-too-expensive"},"modified":"2025-05-19T18:21:38","modified_gmt":"2025-05-19T18:21:38","slug":"procore-zu-teuer","status":"publish","type":"page","link":"https:\/\/planyard.com\/de\/procore-zu-teuer","title":{"rendered":"Ist das Preismodell von Procore zu teuer?"},"content":{"rendered":"\n<div class=\"wp-block-columns is-layout-flex wp-container-core-columns-is-layout-9d6595d7 wp-block-columns-is-layout-flex\">\n<div class=\"wp-block-column is-layout-flow wp-block-column-is-layout-flow\">\n<figure class=\"wp-block-image size-full\"><img loading=\"lazy\" decoding=\"async\" width=\"900\" height=\"500\" src=\"https:\/\/planyard.com\/wp-content\/uploads\/2024\/08\/procore-vector-logo.png\" alt=\"\" class=\"wp-image-1540\" \/><\/figure>\n<\/div>\n\n\n\n<div class=\"wp-block-column is-layout-flow wp-block-column-is-layout-flow\">\n<figure class=\"wp-block-image size-full is-resized\"><img loading=\"lazy\" decoding=\"async\" width=\"500\" height=\"200\" src=\"https:\/\/planyard.com\/wp-content\/uploads\/2024\/08\/Planyard-logo-500x200-1-1.png\" alt=\"\" class=\"wp-image-1541\" style=\"width:535px;height:auto\" \/><\/figure>\n<\/div>\n<\/div>\n\n\n\n<h2 class=\"wp-block-heading\">Was ist Procore?<\/h2>\n\n\n\n<p><a href=\"https:\/\/www.procore.com\/\">Procore<\/a>&nbsp;ist eine US-amerikanische Software f\u00fcr das Bauprojektmanagement mit vielen verschiedenen Modulen.<\/p>\n\n\n\n<p>Die Software deckt die Bereiche Vorbau, Projektmanagement, Ressourcenmanagement und Finanzmanagement ab.<\/p>\n\n\n\n<h2 class=\"wp-block-heading\" id=\"a-bit-more-context\">Ein wenig mehr Kontext<\/h2>\n\n\n\n<p>Procore entwickelt seine Software seit 2003. Das ist ein zweischneidiges Schwert.<\/p>\n\n\n\n<p>Einerseits ist sie sehr umfassend. Sie deckt viele verschiedene Funktionen durch unterschiedliche Modelle ab, was bedeutet, dass Sie Prozesse st\u00e4rker vereinheitlichen k\u00f6nnen.<\/p>\n\n\n\n<p>Andererseits neigen Unternehmen dazu, sich mit zunehmender Reife in den oberen Marktsegmenten zu bewegen. Ihre L\u00f6sungen werden immer komplexer und die Preise steigen stetig. Procore ist in dieser Hinsicht wie Salesforce \u2013 es wird von den gr\u00f6\u00dften Unternehmen der Welt genutzt, aber sie zahlen alle hohe Preise.<\/p>\n\n\n\n<p>Da Procore seit fast 20 Jahren in der Entwicklung ist, enth\u00e4lt es wahrscheinlich viele veraltete Technologien. Dinge, die vor zehn Jahren entwickelt wurden, wirken heute in der Software veraltet.<\/p>\n\n\n\n<h2 class=\"wp-block-heading\" id=\"what-is-planyard\">Was ist Planyard?<\/h2>\n\n\n\n<p><a href=\"https:\/\/planyard.com\/de\">Planyard<\/a>&nbsp;ist eine cloudbasierte Budget- und Subunternehmer-Management-Software f\u00fcr Hauptauftragnehmer.<\/p>\n\n\n\n<p>Sie k\u00f6nnen Budgets ohne Excel und Hin-und-her-E-Mails verwalten. Ihre Subunternehmer erledigen die Arbeit f\u00fcr Sie.<\/p>\n\n\n\n<h2 class=\"wp-block-heading\" id=\"procore-vs-planyard-pricing\">Procore vs. Planyard Preisgestaltung<\/h2>\n\n\n\n<figure class=\"wp-block-image size-full\"><img loading=\"lazy\" decoding=\"async\" width=\"1204\" height=\"324\" src=\"https:\/\/planyard.com\/wp-content\/uploads\/2024\/08\/Procore-vs-Planyard-pricing.png\" alt=\"\" class=\"wp-image-1542\" \/><\/figure>\n\n\n\n<p>Die Preisgestaltung f\u00fcr Procore ist relativ fest, was bedeutet, dass Sie gro\u00dfe Summen zahlen m\u00fcssen, bevor Sie feststellen k\u00f6nnen, ob die Plattform f\u00fcr Sie geeignet ist. Dasselbe Problem tritt auf, wenn Sie ein kleineres Unternehmen sind oder verschiedene Projekte haben. Der One-Size-Fits-All-Ansatz gilt nicht f\u00fcr jeden. Deshalb h\u00e4ngt die Preisgestaltung f\u00fcr Planyard von den Funktionen ab, die Sie ben\u00f6tigen.<\/p>\n","protected":false},"excerpt":{"rendered":"<p>Was ist Procore? Procore&nbsp;ist eine US-amerikanische Software f\u00fcr das Bauprojektmanagement mit vielen verschiedenen Modulen. Die Software deckt die Bereiche Vorbau, Projektmanagement, Ressourcenmanagement und Finanzmanagement ab. Ein wenig mehr Kontext Procore entwickelt seine Software seit 2003. Das ist ein zweischneidiges Schwert. Einerseits ist sie sehr umfassend. Sie deckt viele verschiedene Funktionen durch unterschiedliche Modelle ab, was&#8230;  <a class=\"excerpt-read-more\" href=\"https:\/\/planyard.com\/de\/procore-zu-teuer\" title=\"Lesen Sie  Ist das Preismodell von Procore zu teuer?\">Mehr lesen &#8222;<\/a><\/p>\n","protected":false},"author":2,"featured_media":0,"parent":0,"menu_order":0,"comment_status":"closed","ping_status":"closed","template":"","meta":{"_acf_changed":false,"content-type":"","footnotes":""},"page_intent":[195],"page_type":[],"class_list":["post-12534","page","type-page","status-publish","hentry"],"acf":[],"yoast_head":"<!-- This site is optimized with the Yoast SEO plugin v27.1.1 - https:\/\/yoast.com\/product\/yoast-seo-wordpress\/ -->\n<title>Ist das Preismodell von Procore zu teuer? - Planyard in Deutsch<\/title>\n<meta name=\"description\" content=\"Ist Procore zu festgelegt im Preis? Planyard ist eine cloudbasierte Plattform f\u00fcr Baufinanzen und Kostenkalkulation f\u00fcr Ihr gesamtes Team.\" \/>\n<meta name=\"robots\" content=\"index, follow, max-snippet:-1, max-image-preview:large, max-video-preview:-1\" \/>\n<link rel=\"canonical\" href=\"https:\/\/planyard.com\/de\/procore-zu-teuer\" \/>\n<meta property=\"og:locale\" content=\"de_DE\" \/>\n<meta property=\"og:type\" content=\"article\" \/>\n<meta property=\"og:title\" content=\"Ist das Preismodell von Procore zu teuer? - Planyard in Deutsch\" \/>\n<meta property=\"og:description\" content=\"Ist Procore zu festgelegt im Preis? Planyard ist eine cloudbasierte Plattform f\u00fcr Baufinanzen und Kostenkalkulation f\u00fcr Ihr gesamtes Team.\" \/>\n<meta property=\"og:url\" content=\"https:\/\/planyard.com\/de\/procore-zu-teuer\" \/>\n<meta property=\"og:site_name\" content=\"Planyard in Deutsch\" \/>\n<meta property=\"article:modified_time\" content=\"2025-05-19T18:21:38+00:00\" \/>\n<meta property=\"og:image\" content=\"https:\/\/planyard.com\/wp-content\/uploads\/2024\/08\/procore-vector-logo.png\" \/>\n\t<meta property=\"og:image:width\" content=\"900\" \/>\n\t<meta property=\"og:image:height\" content=\"500\" \/>\n\t<meta property=\"og:image:type\" content=\"image\/png\" \/>\n<meta name=\"twitter:card\" content=\"summary_large_image\" \/>\n<meta name=\"twitter:label1\" content=\"Gesch\u00e4tzte Lesezeit\" \/>\n\t<meta name=\"twitter:data1\" content=\"2\u00a0Minuten\" \/>\n<!-- \/ Yoast SEO plugin. -->","yoast_head_json":{"title":"Ist das Preismodell von Procore zu teuer? - Planyard in Deutsch","description":"Ist Procore zu festgelegt im Preis? Planyard ist eine cloudbasierte Plattform f\u00fcr Baufinanzen und Kostenkalkulation f\u00fcr Ihr gesamtes Team.","robots":{"index":"index","follow":"follow","max-snippet":"max-snippet:-1","max-image-preview":"max-image-preview:large","max-video-preview":"max-video-preview:-1"},"canonical":"https:\/\/planyard.com\/de\/procore-zu-teuer","og_locale":"de_DE","og_type":"article","og_title":"Ist das Preismodell von Procore zu teuer? - Planyard in Deutsch","og_description":"Ist Procore zu festgelegt im Preis? Planyard ist eine cloudbasierte Plattform f\u00fcr Baufinanzen und Kostenkalkulation f\u00fcr Ihr gesamtes Team.","og_url":"https:\/\/planyard.com\/de\/procore-zu-teuer","og_site_name":"Planyard in Deutsch","article_modified_time":"2025-05-19T18:21:38+00:00","og_image":[{"width":900,"height":500,"url":"https:\/\/planyard.com\/wp-content\/uploads\/2024\/08\/procore-vector-logo.png","type":"image\/png"}],"twitter_card":"summary_large_image","twitter_misc":{"Gesch\u00e4tzte Lesezeit":"2\u00a0Minuten"},"schema":{"@context":"https:\/\/schema.org","@graph":[{"@type":"WebPage","@id":"https:\/\/planyard.com\/de\/procore-zu-teuer","url":"https:\/\/planyard.com\/de\/procore-zu-teuer","name":"Ist das Preismodell von Procore zu teuer? - Planyard in Deutsch","isPartOf":{"@id":"https:\/\/planyard.com\/de#website"},"primaryImageOfPage":{"@id":"https:\/\/planyard.com\/de\/procore-zu-teuer#primaryimage"},"image":{"@id":"https:\/\/planyard.com\/de\/procore-zu-teuer#primaryimage"},"thumbnailUrl":"https:\/\/planyard.com\/wp-content\/uploads\/2024\/08\/procore-vector-logo.png","datePublished":"2024-08-27T13:45:07+00:00","dateModified":"2025-05-19T18:21:38+00:00","description":"Ist Procore zu festgelegt im Preis? Planyard ist eine cloudbasierte Plattform f\u00fcr Baufinanzen und Kostenkalkulation f\u00fcr Ihr gesamtes Team.","breadcrumb":{"@id":"https:\/\/planyard.com\/de\/procore-zu-teuer#breadcrumb"},"inLanguage":"de","potentialAction":[{"@type":"ReadAction","target":["https:\/\/planyard.com\/de\/procore-zu-teuer"]}]},{"@type":"ImageObject","inLanguage":"de","@id":"https:\/\/planyard.com\/de\/procore-zu-teuer#primaryimage","url":"https:\/\/planyard.com\/wp-content\/uploads\/2024\/08\/procore-vector-logo.png","contentUrl":"https:\/\/planyard.com\/wp-content\/uploads\/2024\/08\/procore-vector-logo.png"},{"@type":"BreadcrumbList","@id":"https:\/\/planyard.com\/de\/procore-zu-teuer#breadcrumb","itemListElement":[{"@type":"ListItem","position":1,"name":"Home","item":"https:\/\/planyard.com\/de"},{"@type":"ListItem","position":2,"name":"Ist das Preismodell von Procore zu teuer?"}]},{"@type":"WebSite","@id":"https:\/\/planyard.com\/de#website","url":"https:\/\/planyard.com\/de","name":"Planyard in Deutsch","description":"","potentialAction":[{"@type":"SearchAction","target":{"@type":"EntryPoint","urlTemplate":"https:\/\/planyard.com\/de?s={search_term_string}"},"query-input":{"@type":"PropertyValueSpecification","valueRequired":true,"valueName":"search_term_string"}}],"inLanguage":"de"}]}},"_links":{"self":[{"href":"https:\/\/planyard.com\/de\/wp-json\/wp\/v2\/pages\/12534","targetHints":{"allow":["GET"]}}],"collection":[{"href":"https:\/\/planyard.com\/de\/wp-json\/wp\/v2\/pages"}],"about":[{"href":"https:\/\/planyard.com\/de\/wp-json\/wp\/v2\/types\/page"}],"author":[{"embeddable":true,"href":"https:\/\/planyard.com\/de\/wp-json\/wp\/v2\/users\/2"}],"replies":[{"embeddable":true,"href":"https:\/\/planyard.com\/de\/wp-json\/wp\/v2\/comments?post=12534"}],"version-history":[{"count":3,"href":"https:\/\/planyard.com\/de\/wp-json\/wp\/v2\/pages\/12534\/revisions"}],"predecessor-version":[{"id":16230,"href":"https:\/\/planyard.com\/de\/wp-json\/wp\/v2\/pages\/12534\/revisions\/16230"}],"wp:attachment":[{"href":"https:\/\/planyard.com\/de\/wp-json\/wp\/v2\/media?parent=12534"}],"wp:term":[{"taxonomy":"page_intent","embeddable":true,"href":"https:\/\/planyard.com\/de\/wp-json\/wp\/v2\/page_intent?post=12534"},{"taxonomy":"page_type","embeddable":true,"href":"https:\/\/planyard.com\/de\/wp-json\/wp\/v2\/page_type?post=12534"}],"curies":[{"name":"wp","href":"https:\/\/api.w.org\/{rel}","templated":true}]}}