{"id":12533,"date":"2024-08-26T08:47:45","date_gmt":"2024-08-26T08:47:45","guid":{"rendered":"https:\/\/planyard.com\/procore-financials-module-too-complicated"},"modified":"2025-05-19T18:21:26","modified_gmt":"2025-05-19T18:21:26","slug":"ist-das-procore-finanzmodul-zu-kompliziert","status":"publish","type":"page","link":"https:\/\/planyard.com\/de\/ist-das-procore-finanzmodul-zu-kompliziert","title":{"rendered":"Ist das Procore-Finanzmodul zu kompliziert?"},"content":{"rendered":"\n<h2 class=\"wp-block-heading has-text-align-left paddedHeading\" id=\"still-using-procore-project-financials-for-budget-management-there-can-be-an-easier-way\">Verwenden Sie immer noch Procore-Projektfinanzen f\u00fcr das Budgetmanagement? Es gibt einen einfacheren Weg.<\/h2>\n\n\n\n<p class=\"has-text-align-center\"><img loading=\"lazy\" decoding=\"async\" width=\"118\" height=\"40\" class=\"wp-image-108\" style=\"width: 500px\" src=\"https:\/\/planyard.com\/wp-content\/uploads\/2024\/07\/Procore_Logo_FC_Black_RGB-1.svg\" alt=\"\"><\/p>\n\n\n\n<p class=\"has-text-align-left\">Laut Procore-Benutzerbewertungen ist Procore Financials m\u00f6glicherweise nicht das beste Tool f\u00fcr KMU<\/p>\n\n\n\n<ul class=\"wp-block-list\">\n<li>Die Preisgestaltung ist unflexibel und kann f\u00fcr Unternehmen mit hohen Einnahmen und niedrigen Margen schwierig sein;<\/li>\n\n\n\n<li>Die Einf\u00fchrung und Implementierung kann kompliziert und langwierig sein;<\/li>\n\n\n\n<li>Der Bedarf an Benutzerkonten und Schulungen f\u00fcr Lieferanten kann sie davon abhalten, die Tools zu nutzen;<\/li>\n\n\n\n<li>Buchhaltungsintegrationen werden von Drittanbietern bereitgestellt und erf\u00fcllen m\u00f6glicherweise nicht alle Anforderungen;<\/li>\n<\/ul>\n\n\n\n<h4 class=\"wp-block-heading\" id=\"planyard-saves-time-and-nerves\">Planyard spart Zeit und Nerven<\/h4>\n\n\n\n<p>Verfolgen Sie Ihr Budget in Echtzeit und ergreifen Sie sofort Ma\u00dfnahmen, wenn Fehler auftreten.&nbsp;<a href=\"https:\/\/planyard.com\/de\/software-zur-kostenkalkulation-im-bauwesen\">Jobkosten<\/a>&nbsp;sind organisiert, vollst\u00e4ndig durchsuchbar und zug\u00e4nglich f\u00fcr Prognosen, Projektmanagement und mehr. Die Implementierung erfolgt in der Regel in einer einzigen Schulungssitzung, die nur wenige Stunden dauert.<\/p>\n\n\n\n<div class=\"wp-block-buttons is-layout-flex wp-block-buttons-is-layout-flex\">\n<div class=\"wp-block-button\"><a class=\"wp-block-button__link wp-element-button\" href=\"https:\/\/planyard.com\/sign-up\">Starten Sie Ihre kostenlose Testversion<\/a><\/div>\n\n\n\n<div class=\"wp-block-button\"><a class=\"wp-block-button__link wp-element-button\" href=\"https:\/\/meetings.hubspot.com\/cedlund\" target=\"_blank\" rel=\"noreferrer noopener\">Fordern Sie eine Demo an<\/a><\/div>\n<\/div>\n\n\n\n<h2 class=\"wp-block-heading\" id=\"what-is-procore\">Was ist Procore?<\/h2>\n\n\n\n<p>Procore ist eine US-amerikanische Software f\u00fcr das Bauprojektmanagement mit vielen verschiedenen Modulen.<\/p>\n\n\n\n<p>Die Software deckt Vorbau, Projektmanagement, Ressourcenmanagement und Finanzmanagement ab.<\/p>\n\n\n\n<h2 class=\"wp-block-heading\" id=\"a-bit-more-context\">Ein bisschen mehr Kontext<\/h2>\n\n\n\n<p>Procore entwickelt seine Software seit 2003 weiter. Das macht es zu einem zweischneidigen Schwert.<\/p>\n\n\n\n<p>Einerseits ist es sehr umfassend. Es deckt viele verschiedene Funktionen durch unterschiedliche Modelle ab. Das bedeutet, dass Sie Prozesse mehr vereinheitlichen k\u00f6nnen.<\/p>\n\n\n\n<p>Andererseits neigen Unternehmen dazu, mit zunehmendem Alter in den gehobenen Markt zu wechseln. Ihre L\u00f6sungen werden viel komplexer und die Preise steigen immer weiter. Procore ist in dieser Hinsicht wie Salesforce \u2013 es wird von den gr\u00f6\u00dften Unternehmen der Welt genutzt, aber sie zahlen alle einen hohen Preis.<\/p>\n\n\n\n<p>Da Procore seit fast 20 Jahren in Entwicklung ist, enth\u00e4lt es wahrscheinlich viele veraltete Technologien. Dinge, die vor 10 Jahren gebaut wurden, wirken heute in der Software veraltet.<\/p>\n\n\n\n<h2 class=\"wp-block-heading\" id=\"what-is-planyard\">Was ist Planyard?<\/h2>\n\n\n\n<p><a href=\"https:\/\/planyard.com\/de\">Planyard<\/a>&nbsp;ist eine cloudbasierte Budget- und Subunternehmer-Management-Software f\u00fcr Hauptauftragnehmer.<\/p>\n\n\n\n<p>Sie k\u00f6nnen Budgets ohne Excel und Hin-und-her-E-Mails verwalten. Ihre Subunternehmer erledigen die Arbeit f\u00fcr Sie.<\/p>\n\n\n\n<h2 class=\"wp-block-heading\" id=\"procore-project-financials-vs-planyard-construction-financials-software-functionality\">Procore-Projektfinanzen vs. Planyard-Baufinanzsoftware-Funktionalit\u00e4t<\/h2>\n\n\n\n<p>Verschiedene Bewertungsseiten heben hervor, dass der Onboarding-Prozess f\u00fcr Procore kompliziert und kostspielig ist. Wenn Sie das Finanzmodul in Procore nutzen m\u00f6chten, m\u00fcssen Sie sich f\u00fcr mehrere verschiedene Modulpakete anmelden, bei denen es wahrscheinlich viele Funktionen gibt, die Sie m\u00f6glicherweise nicht unbedingt ben\u00f6tigen.<\/p>\n\n\n\n<p>Da Procore Financials haupts\u00e4chlich eine Unternehmensl\u00f6sung ist, ben\u00f6tigt es viel Schulung und Konfiguration, um alles einzurichten. Falls Sie ein kleineres Unternehmen mit einem kleinen oder keinem IT-Team sind, ist die Einrichtung m\u00f6glicherweise nicht sehr einfach und kann zeitaufw\u00e4ndig sein. Wenn Sie mit einem Pilotprojekt testen m\u00f6chten, ob Ihre Prozesse zur Software passen, dann ist es m\u00f6glicherweise nicht so einfach, dies aufgrund der festen Prozesse bei der Einrichtung Ihres Kontos zu tun.<\/p>\n\n\n\n<p>Wenn Sie versuchen m\u00f6chten, Ihre Prozesse Schritt f\u00fcr Schritt zu digitalisieren, dann sind die Prozesse von Procore m\u00f6glicherweise nicht am besten geeignet f\u00fcr Sie. Es kann weniger Aufwand sein, eine einfachere Plattform wie <a href=\"https:\/\/planyard.com\/de\">Planyard<\/a> zu testen, um zu sehen, ob dies etwas ist, das f\u00fcr Ihr Unternehmen und Ihre Mitarbeiter geeignet sein k\u00f6nnte.<\/p>\n\n\n\n<p>Das Gute ist, dass Procore einen umfangreichen Marktplatz hat, auf dem es viele verschiedene Tools gibt, die integriert werden k\u00f6nnen, wenn Sie einen bestimmten Teil Ihres Prozesses reparieren oder automatisieren m\u00fcssen.<\/p>\n\n\n\n<figure class=\"wp-block-table\"><table><tbody><tr><td class=\"has-text-align-left\" data-align=\"left\"><strong>Funktion\/Anbieter<\/strong><\/td><td class=\"has-text-align-left\" data-align=\"left\"><img loading=\"lazy\" decoding=\"async\" width=\"118\" height=\"40\" class=\"wp-image-108\" style=\"width: 118px\" src=\"https:\/\/planyard.com\/wp-content\/uploads\/2024\/07\/Procore_Logo_FC_Black_RGB-1.svg\" alt=\"\"><\/td><td class=\"has-text-align-left\" data-align=\"left\"><img loading=\"lazy\" decoding=\"async\" width=\"135\" height=\"28\" class=\"wp-image-2040\" style=\"width: 135px\" src=\"https:\/\/planyard.com\/wp-content\/uploads\/2024\/09\/planyard-logo.svg\" alt=\"\"><\/td><\/tr><tr><td class=\"has-text-align-left\" data-align=\"left\"><strong>Projekt- und Unternehmensebene Berechtigungen<\/strong><\/td><td class=\"has-text-align-left\" data-align=\"left\"><img decoding=\"async\" src=\"https:\/\/planyard.com\/wp-content\/uploads\/2024\/10\/icons8-checkmark-30.png\" alt=\"\"><br>Unternehmensweite und projektweite Admin-Konfigurationen<\/td><td class=\"has-text-align-left\" data-align=\"left\"><img decoding=\"async\" src=\"https:\/\/planyard.com\/wp-content\/uploads\/2024\/10\/icons8-checkmark-30.png\" alt=\"\"><br>Unternehmensweite und projektweite Admin-Konfigurationen<br><img decoding=\"async\" src=\"https:\/\/planyard.com\/wp-content\/uploads\/2024\/10\/icons8-checkmark-30.png\" alt=\"\"><br>Projektbezogene feinabstimmende Berechtigungen zum Versenden von Ausschreibungen, Erstellen von Subvertr\u00e4gen und Vorbereiten von Dokumenten zur Best\u00e4tigung<\/td><\/tr><tr><td class=\"has-text-align-left\" data-align=\"left\"><strong>Angebote und Angebotsvergleich<\/strong><\/td><td class=\"has-text-align-left\" data-align=\"left\"><img decoding=\"async\" src=\"https:\/\/planyard.com\/wp-content\/uploads\/2024\/10\/icons8-checkmark-30.png\" alt=\"\"><br>Sie k\u00f6nnen Angebotsanfragen an Kontakte und Unternehmen in Ihrem Verzeichnis senden<\/td><td class=\"has-text-align-left\" data-align=\"left\"><img decoding=\"async\" src=\"https:\/\/planyard.com\/wp-content\/uploads\/2024\/10\/icons8-checkmark-30.png\" alt=\"\"><br>Sie k\u00f6nnen Angebotsanfragen an jede E-Mail-Adresse senden und diese wird zu Ihren Kontakten hinzugef\u00fcgt.<br>Sie k\u00f6nnen auch jeden Kontakt aus Ihrer Kontaktdatenbank hinzuf\u00fcgen.<\/td><\/tr><tr><td class=\"has-text-align-left\" data-align=\"left\"><strong>Subvertr\u00e4ge<\/strong><\/td><td class=\"has-text-align-left\" data-align=\"left\"><img decoding=\"async\" src=\"https:\/\/planyard.com\/wp-content\/uploads\/2024\/10\/icons8-checkmark-30.png\" alt=\"\"><br>Vertr\u00e4ge aus Subunternehmerangeboten und manuell erstellen<br><img decoding=\"async\" src=\"https:\/\/planyard.com\/wp-content\/uploads\/2024\/10\/icons8-delete-30.png\"><br>Keine Einheitspreisinformationen verf\u00fcgbar<\/td><td class=\"has-text-align-left\" data-align=\"left\"><img decoding=\"async\" src=\"https:\/\/planyard.com\/wp-content\/uploads\/2024\/10\/icons8-checkmark-30.png\" alt=\"\"><br>Vertr\u00e4ge aus Subunternehmerangeboten und manuell erstellen<br><img decoding=\"async\" src=\"https:\/\/planyard.com\/wp-content\/uploads\/2024\/10\/icons8-checkmark-30.png\" alt=\"\"><br>Einheitspreisinformationen verf\u00fcgbar<\/td><\/tr><tr><td class=\"has-text-align-left\" data-align=\"left\"><strong>Subunternehmer-Fortschrittsberichte\/-anspr\u00fcche<\/strong><\/td><td class=\"has-text-align-left\" data-align=\"left\"><img decoding=\"async\" src=\"https:\/\/planyard.com\/wp-content\/uploads\/2024\/10\/icons8-checkmark-30.png\" alt=\"\"><br>Subunternehmerrechnungen k\u00f6nnen sowohl von Subunternehmern als auch von Projektmanagern erstellt werden<br><img decoding=\"async\" src=\"https:\/\/planyard.com\/wp-content\/uploads\/2024\/10\/icons8-delete-30.png\"><br>Fortschrittsberichtsprozess au\u00dferhalb der Rechnungsstellung nicht verf\u00fcgbar<br><img decoding=\"async\" src=\"https:\/\/planyard.com\/wp-content\/uploads\/2024\/10\/icons8-delete-30.png\"><br>Fortschrittsberichts-Feedback-Prozess existiert au\u00dferhalb der Rechnungsstellung nicht<\/td><td class=\"has-text-align-left\" data-align=\"left\"><img decoding=\"async\" src=\"https:\/\/planyard.com\/wp-content\/uploads\/2024\/10\/icons8-checkmark-30.png\" alt=\"\"><br>Erstellbar sowohl von Subunternehmern als auch von Projektmanagern<br><img decoding=\"async\" src=\"https:\/\/planyard.com\/wp-content\/uploads\/2024\/10\/icons8-checkmark-30.png\" alt=\"\"><br>Fortschrittsberichtsprozess verf\u00fcgbar<br><img decoding=\"async\" src=\"https:\/\/planyard.com\/wp-content\/uploads\/2024\/10\/icons8-checkmark-30.png\" alt=\"\"><br>Fortschrittsberichts-Feedback-Prozess ist einfach und nachvollziehbar<\/td><\/tr><tr><td class=\"has-text-align-left\" data-align=\"left\"><strong>Subunternehmer-\u00c4nderungsauftr\u00e4ge<\/strong><\/td><td class=\"has-text-align-left\" data-align=\"left\"><img decoding=\"async\" src=\"https:\/\/planyard.com\/wp-content\/uploads\/2024\/10\/icons8-checkmark-30.png\" alt=\"\"><br>\u00c4nderungsauftr\u00e4ge k\u00f6nnen von PMs und Subunternehmern erstellt werden<\/td><td class=\"has-text-align-left\" data-align=\"left\"><img decoding=\"async\" src=\"https:\/\/planyard.com\/wp-content\/uploads\/2024\/10\/icons8-checkmark-30.png\" alt=\"\"><br>\u00c4nderungsauftr\u00e4ge k\u00f6nnen von PMs und Subunternehmern erstellt werden<br>\u00c4nderungsauftr\u00e4ge k\u00f6nnen von PMs bearbeitet werden<\/td><\/tr><tr><td class=\"has-text-align-left\" data-align=\"left\"><strong>Bestellungen<\/strong><\/td><td class=\"has-text-align-left\" data-align=\"left\"><img decoding=\"async\" src=\"https:\/\/planyard.com\/wp-content\/uploads\/2024\/10\/icons8-checkmark-30.png\" alt=\"\"><br>Bestellungen k\u00f6nnen f\u00fcr Lieferanten im Projekt erstellt werden<\/td><td class=\"has-text-align-left\" data-align=\"left\"><img decoding=\"async\" src=\"https:\/\/planyard.com\/wp-content\/uploads\/2024\/10\/icons8-checkmark-30.png\" alt=\"\"><br>Bestellungen k\u00f6nnen f\u00fcr Lieferanten im gesamten Unternehmen erstellt werden<\/td><\/tr><tr><td class=\"has-text-align-left\" data-align=\"left\"><strong>Hauptvertr\u00e4ge\/Prim\u00e4rvertr\u00e4ge<\/strong><\/td><td class=\"has-text-align-left\" data-align=\"left\"><img decoding=\"async\" src=\"https:\/\/planyard.com\/wp-content\/uploads\/2024\/10\/icons8-checkmark-30.png\" alt=\"\"><br>Hauptvertr\u00e4ge k\u00f6nnen mit bestehenden oder neuen Budgetposten mit benutzerdefinierter Struktur erstellt werden<\/td><td class=\"has-text-align-left\" data-align=\"left\"><img decoding=\"async\" src=\"https:\/\/planyard.com\/wp-content\/uploads\/2024\/10\/icons8-checkmark-30.png\" alt=\"\"><br>Hauptvertr\u00e4ge k\u00f6nnen mit bestehenden oder neuen Budgetposten mit benutzerdefinierter Struktur erstellt werden<\/td><\/tr><tr><td class=\"has-text-align-left\" data-align=\"left\"><strong>Hauptvertrags\u00e4nderungsauftr\u00e4ge<\/strong><\/td><td class=\"has-text-align-left\" data-align=\"left\"><img decoding=\"async\" src=\"https:\/\/planyard.com\/wp-content\/uploads\/2024\/10\/icons8-checkmark-30.png\" alt=\"\"><br>Sie k\u00f6nnen \u00c4nderungsauftr\u00e4ge f\u00fcr den Hauptvertrag erstellen<br><img decoding=\"async\" src=\"https:\/\/planyard.com\/wp-content\/uploads\/2024\/10\/icons8-delete-30.png\"><br>Markups sind ziemlich komplex einzurichten<\/td><td class=\"has-text-align-left\" data-align=\"left\"><img decoding=\"async\" src=\"https:\/\/planyard.com\/wp-content\/uploads\/2024\/10\/icons8-checkmark-30.png\" alt=\"\"><br>Sie k\u00f6nnen \u00c4nderungsauftr\u00e4ge f\u00fcr den Hauptvertrag erstellen<br><img decoding=\"async\" src=\"https:\/\/planyard.com\/wp-content\/uploads\/2024\/10\/icons8-checkmark-30.png\" alt=\"\"><br>Markup-Einrichtung erfolgt implizit in den Jobs und erfordert keine zus\u00e4tzliche Konfiguration<\/td><\/tr><tr><td class=\"has-text-align-left\" data-align=\"left\"><strong>Rechnungs- und Kostenmanagement<\/strong><\/td><td class=\"has-text-align-left\" data-align=\"left\"><img decoding=\"async\" src=\"https:\/\/planyard.com\/wp-content\/uploads\/2024\/10\/icons8-checkmark-30.png\" alt=\"\"><br>Subunternehmerrechnungen werden direkt gegen den Subunternehmervertrag eingereicht, ohne einen Fortschrittsbericht<br><img decoding=\"async\" src=\"https:\/\/planyard.com\/wp-content\/uploads\/2024\/10\/icons8-checkmark-30.png\" alt=\"\"><br>Kostenverfolgung von Bestellungen ist verf\u00fcgbar<\/td><td class=\"has-text-align-left\" data-align=\"left\"><img decoding=\"async\" src=\"https:\/\/planyard.com\/wp-content\/uploads\/2024\/10\/icons8-checkmark-30.png\" alt=\"\"><br>Subunternehmerrechnungen werden gem\u00e4\u00df dem Fortschrittsbericht eingereicht<br><img decoding=\"async\" src=\"https:\/\/planyard.com\/wp-content\/uploads\/2024\/10\/icons8-checkmark-30.png\" alt=\"\"><br>Kostenverfolgung von Bestellungen ist verf\u00fcgbar<\/td><\/tr><tr><td class=\"has-text-align-left\" data-align=\"left\"><strong>Hochladen von Rechnungsdokumenten<\/strong><\/td><td class=\"has-text-align-left\" data-align=\"left\"><img decoding=\"async\" src=\"https:\/\/planyard.com\/wp-content\/uploads\/2024\/10\/icons8-delete-30.png\"><br>Es gibt keinen reibungslosen Weg, Dokumente in das System zu bringen, au\u00dfer durch manuelle Uploads von beiden Parteien<\/td><td class=\"has-text-align-left\" data-align=\"left\"><img decoding=\"async\" src=\"https:\/\/planyard.com\/wp-content\/uploads\/2024\/10\/icons8-checkmark-30.png\" alt=\"\"><br>Verschiedene einfache M\u00f6glichkeiten, die Kostendokumente in das System zu bringen:<br>* Projekt- und Unternehmens-E-Mail-Adressen f\u00fcr Kreditoren<br>* Outlook-Plugin<br>* Mobile Apps<\/td><\/tr><tr><td class=\"has-text-align-left\" data-align=\"left\"><strong>Buchhaltungsintegrationen<\/strong><\/td><td class=\"has-text-align-left\" data-align=\"left\"><img decoding=\"async\" src=\"https:\/\/planyard.com\/wp-content\/uploads\/2024\/10\/icons8-checkmark-30.png\" alt=\"\"><br>Verschiedene benutzerdefinierte Konnektoren auf dem Marktplatz<\/td><td class=\"has-text-align-left\" data-align=\"left\"><img decoding=\"async\" src=\"https:\/\/planyard.com\/wp-content\/uploads\/2024\/10\/icons8-checkmark-30.png\" alt=\"\"><br>Einfache Einrichtung mit <a href=\"https:\/\/planyard.com\/de\/xero-bau-integration\">Xero<\/a>, <a href=\"https:\/\/planyard.com\/quickboks-contractors-integration-for-budgeting\">QuickBooks<\/a>, Directo und vielen anderen.<br>Sie k\u00f6nnen Buchhaltungskonten in Planyard zuweisen, um die Arbeit f\u00fcr den Buchhalter zu reduzieren<\/td><\/tr><tr><td class=\"has-text-align-left\" data-align=\"left\"><strong>Keine Konten erforderlich f\u00fcr Lieferanten und Subunternehmer<\/strong><\/td><td class=\"has-text-align-left\" data-align=\"left\"><img decoding=\"async\" src=\"https:\/\/planyard.com\/wp-content\/uploads\/2024\/10\/icons8-delete-30.png\"><br>Alle Benutzer m\u00fcssen Konten mit den richtigen Berechtigungen haben, die mit ihnen geteilt werden, um auf Daten zuzugreifen<\/td><td class=\"has-text-align-left\" data-align=\"left\"><img decoding=\"async\" src=\"https:\/\/planyard.com\/wp-content\/uploads\/2024\/10\/icons8-checkmark-30.png\" alt=\"\"><br>Subunternehmer k\u00f6nnen Angebote, Fortschrittsberichte und Rechnungen per E-Mail einreichen, ohne einen Benutzernamen und ein Passwort zu ben\u00f6tigen<\/td><\/tr><tr><td class=\"has-text-align-left\" data-align=\"left\"><strong>Keine Schulung erforderlich f\u00fcr Lieferanten und Subunternehmer<\/strong><\/td><td class=\"has-text-align-left\" data-align=\"left\"><img decoding=\"async\" src=\"https:\/\/planyard.com\/wp-content\/uploads\/2024\/10\/icons8-delete-30.png\"><br>Alle Lieferanten und Subunternehmer m\u00fcssen eine Zertifizierung durchlaufen, um die Plattform nutzen zu k\u00f6nnen<\/td><td class=\"has-text-align-left\" data-align=\"left\"><img decoding=\"async\" src=\"https:\/\/planyard.com\/wp-content\/uploads\/2024\/10\/icons8-checkmark-30.png\" alt=\"\"><br>Lieferanten und Subunternehmer m\u00fcssen nicht zertifiziert sein und k\u00f6nnen das Tool ohne Zertifizierung nutzen<\/td><\/tr><tr><td class=\"has-text-align-left\" data-align=\"left\"><strong>Preisgestaltung<\/strong><\/td><td class=\"has-text-align-left\" data-align=\"left\"><strong><strong>667<\/strong> USD pro Monat<\/strong><br>(mit einem Jahresvertrag und maximal 5 Mio. Jahresumsatz)<\/td><td class=\"has-text-align-left\" data-align=\"left\">Pl\u00e4ne beginnen bei&nbsp;<strong>20 EUR pro Projekt pro Monat<\/strong><\/td><\/tr><\/tbody><\/table><\/figure>\n\n\n\n<div class=\"wp-block-columns is-layout-flex wp-container-core-columns-is-layout-9d6595d7 wp-block-columns-is-layout-flex\">\n<div class=\"wp-block-column is-layout-flow wp-block-column-is-layout-flow\"><\/div>\n<\/div>\n\n\n\n<div class=\"wp-block-buttons is-layout-flex wp-block-buttons-is-layout-flex\">\n<div class=\"wp-block-button is-style-fill\"><a class=\"wp-block-button__link wp-element-button\" href=\"\/sign-up\" rel=\"\/sign-up\">Jetzt kostenlos ausprobieren<\/a><\/div>\n\n\n\n<div class=\"wp-block-button is-style-fill\"><a class=\"wp-block-button__link wp-element-button\" href=\"https:\/\/meetings.hubspot.com\/cedlund\">Melden Sie sich f\u00fcr eine 30-min\u00fctige Demo an<\/a><\/div>\n<\/div>\n\n\n\n<p>Kostenlose 14-t\u00e4gige Testversion mit vollem Funktionsumfang. Voller Zugriff. Keine Kreditkarte erforderlich.<\/p>\n\n\n\n<p><\/p>\n","protected":false},"excerpt":{"rendered":"<p>Verwenden Sie immer noch Procore-Projektfinanzen f\u00fcr das Budgetmanagement? Es gibt einen einfacheren Weg. Laut Procore-Benutzerbewertungen ist Procore Financials m\u00f6glicherweise nicht das beste Tool f\u00fcr KMU Planyard spart Zeit und Nerven Verfolgen Sie Ihr Budget in Echtzeit und ergreifen Sie sofort Ma\u00dfnahmen, wenn Fehler auftreten.&nbsp;Jobkosten&nbsp;sind organisiert, vollst\u00e4ndig durchsuchbar und zug\u00e4nglich f\u00fcr Prognosen, Projektmanagement und mehr. Die&#8230;  <a class=\"excerpt-read-more\" href=\"https:\/\/planyard.com\/de\/ist-das-procore-finanzmodul-zu-kompliziert\" title=\"Lesen Sie  Ist das Procore-Finanzmodul zu kompliziert?\">Mehr lesen &#8222;<\/a><\/p>\n","protected":false},"author":2,"featured_media":0,"parent":0,"menu_order":0,"comment_status":"closed","ping_status":"closed","template":"","meta":{"_acf_changed":false,"content-type":"","footnotes":""},"page_intent":[195],"page_type":[],"class_list":["post-12533","page","type-page","status-publish","hentry"],"acf":[],"yoast_head":"<!-- This site is optimized with the Yoast SEO plugin v27.1.1 - https:\/\/yoast.com\/product\/yoast-seo-wordpress\/ -->\n<title>Ist das Procore-Finanzmodul zu kompliziert? - Planyard in Deutsch<\/title>\n<meta name=\"description\" content=\"Procore-Finanzen zu kompliziert f\u00fcr Sie? Planyard ist eine cloudbasierte Baufinanzierungs- und Jobkostenplattform f\u00fcr Ihr gesamtes Team.\" \/>\n<meta name=\"robots\" content=\"index, follow, max-snippet:-1, max-image-preview:large, max-video-preview:-1\" \/>\n<link rel=\"canonical\" href=\"https:\/\/planyard.com\/de\/ist-das-procore-finanzmodul-zu-kompliziert\" \/>\n<meta property=\"og:locale\" content=\"de_DE\" \/>\n<meta property=\"og:type\" content=\"article\" \/>\n<meta property=\"og:title\" content=\"Ist das Procore-Finanzmodul zu kompliziert? - Planyard in Deutsch\" \/>\n<meta property=\"og:description\" content=\"Procore-Finanzen zu kompliziert f\u00fcr Sie? Planyard ist eine cloudbasierte Baufinanzierungs- und Jobkostenplattform f\u00fcr Ihr gesamtes Team.\" \/>\n<meta property=\"og:url\" content=\"https:\/\/planyard.com\/de\/ist-das-procore-finanzmodul-zu-kompliziert\" \/>\n<meta property=\"og:site_name\" content=\"Planyard in Deutsch\" \/>\n<meta property=\"article:modified_time\" content=\"2025-05-19T18:21:26+00:00\" \/>\n<meta name=\"twitter:card\" content=\"summary_large_image\" \/>\n<meta name=\"twitter:label1\" content=\"Gesch\u00e4tzte Lesezeit\" \/>\n\t<meta name=\"twitter:data1\" content=\"13\u00a0Minuten\" \/>\n<!-- \/ Yoast SEO plugin. -->","yoast_head_json":{"title":"Ist das Procore-Finanzmodul zu kompliziert? - Planyard in Deutsch","description":"Procore-Finanzen zu kompliziert f\u00fcr Sie? Planyard ist eine cloudbasierte Baufinanzierungs- und Jobkostenplattform f\u00fcr Ihr gesamtes Team.","robots":{"index":"index","follow":"follow","max-snippet":"max-snippet:-1","max-image-preview":"max-image-preview:large","max-video-preview":"max-video-preview:-1"},"canonical":"https:\/\/planyard.com\/de\/ist-das-procore-finanzmodul-zu-kompliziert","og_locale":"de_DE","og_type":"article","og_title":"Ist das Procore-Finanzmodul zu kompliziert? - Planyard in Deutsch","og_description":"Procore-Finanzen zu kompliziert f\u00fcr Sie? Planyard ist eine cloudbasierte Baufinanzierungs- und Jobkostenplattform f\u00fcr Ihr gesamtes Team.","og_url":"https:\/\/planyard.com\/de\/ist-das-procore-finanzmodul-zu-kompliziert","og_site_name":"Planyard in Deutsch","article_modified_time":"2025-05-19T18:21:26+00:00","twitter_card":"summary_large_image","twitter_misc":{"Gesch\u00e4tzte Lesezeit":"13\u00a0Minuten"},"schema":{"@context":"https:\/\/schema.org","@graph":[{"@type":"WebPage","@id":"https:\/\/planyard.com\/de\/ist-das-procore-finanzmodul-zu-kompliziert","url":"https:\/\/planyard.com\/de\/ist-das-procore-finanzmodul-zu-kompliziert","name":"Ist das Procore-Finanzmodul zu kompliziert? - Planyard in Deutsch","isPartOf":{"@id":"https:\/\/planyard.com\/de#website"},"primaryImageOfPage":{"@id":"https:\/\/planyard.com\/de\/ist-das-procore-finanzmodul-zu-kompliziert#primaryimage"},"image":{"@id":"https:\/\/planyard.com\/de\/ist-das-procore-finanzmodul-zu-kompliziert#primaryimage"},"thumbnailUrl":"https:\/\/planyard.com\/wp-content\/uploads\/2024\/07\/Procore_Logo_FC_Black_RGB-1.svg","datePublished":"2024-08-26T08:47:45+00:00","dateModified":"2025-05-19T18:21:26+00:00","description":"Procore-Finanzen zu kompliziert f\u00fcr Sie? Planyard ist eine cloudbasierte Baufinanzierungs- und Jobkostenplattform f\u00fcr Ihr gesamtes Team.","breadcrumb":{"@id":"https:\/\/planyard.com\/de\/ist-das-procore-finanzmodul-zu-kompliziert#breadcrumb"},"inLanguage":"de","potentialAction":[{"@type":"ReadAction","target":["https:\/\/planyard.com\/de\/ist-das-procore-finanzmodul-zu-kompliziert"]}]},{"@type":"ImageObject","inLanguage":"de","@id":"https:\/\/planyard.com\/de\/ist-das-procore-finanzmodul-zu-kompliziert#primaryimage","url":"https:\/\/planyard.com\/wp-content\/uploads\/2024\/07\/Procore_Logo_FC_Black_RGB-1.svg","contentUrl":"https:\/\/planyard.com\/wp-content\/uploads\/2024\/07\/Procore_Logo_FC_Black_RGB-1.svg"},{"@type":"BreadcrumbList","@id":"https:\/\/planyard.com\/de\/ist-das-procore-finanzmodul-zu-kompliziert#breadcrumb","itemListElement":[{"@type":"ListItem","position":1,"name":"Home","item":"https:\/\/planyard.com\/de"},{"@type":"ListItem","position":2,"name":"Ist das Procore-Finanzmodul zu kompliziert?"}]},{"@type":"WebSite","@id":"https:\/\/planyard.com\/de#website","url":"https:\/\/planyard.com\/de","name":"Planyard in Deutsch","description":"","potentialAction":[{"@type":"SearchAction","target":{"@type":"EntryPoint","urlTemplate":"https:\/\/planyard.com\/de?s={search_term_string}"},"query-input":{"@type":"PropertyValueSpecification","valueRequired":true,"valueName":"search_term_string"}}],"inLanguage":"de"}]}},"_links":{"self":[{"href":"https:\/\/planyard.com\/de\/wp-json\/wp\/v2\/pages\/12533","targetHints":{"allow":["GET"]}}],"collection":[{"href":"https:\/\/planyard.com\/de\/wp-json\/wp\/v2\/pages"}],"about":[{"href":"https:\/\/planyard.com\/de\/wp-json\/wp\/v2\/types\/page"}],"author":[{"embeddable":true,"href":"https:\/\/planyard.com\/de\/wp-json\/wp\/v2\/users\/2"}],"replies":[{"embeddable":true,"href":"https:\/\/planyard.com\/de\/wp-json\/wp\/v2\/comments?post=12533"}],"version-history":[{"count":3,"href":"https:\/\/planyard.com\/de\/wp-json\/wp\/v2\/pages\/12533\/revisions"}],"predecessor-version":[{"id":16228,"href":"https:\/\/planyard.com\/de\/wp-json\/wp\/v2\/pages\/12533\/revisions\/16228"}],"wp:attachment":[{"href":"https:\/\/planyard.com\/de\/wp-json\/wp\/v2\/media?parent=12533"}],"wp:term":[{"taxonomy":"page_intent","embeddable":true,"href":"https:\/\/planyard.com\/de\/wp-json\/wp\/v2\/page_intent?post=12533"},{"taxonomy":"page_type","embeddable":true,"href":"https:\/\/planyard.com\/de\/wp-json\/wp\/v2\/page_type?post=12533"}],"curies":[{"name":"wp","href":"https:\/\/api.w.org\/{rel}","templated":true}]}}