{"id":12530,"date":"2024-08-26T07:14:20","date_gmt":"2024-08-26T07:14:20","guid":{"rendered":"https:\/\/planyard.com\/privacy-policy"},"modified":"2025-05-19T18:19:27","modified_gmt":"2025-05-19T18:19:27","slug":"datenschutzerklaerung","status":"publish","type":"page","link":"https:\/\/planyard.com\/de\/datenschutzerklaerung","title":{"rendered":"Datenschutzerkl\u00e4rung"},"content":{"rendered":"\n<p>Diese Datenschutzerkl\u00e4rung regelt die Art und Weise, wie Planyard Informationen von Nutzern (jeweils ein \u201eNutzer\u201c) der Websites planyard.com, central.planyard.com und app.planyard.com (\u201eWebsite\u201c) sammelt, verwendet, pflegt und offenlegt. Diese Datenschutzerkl\u00e4rung gilt f\u00fcr die Website und alle von Planyard angebotenen Produkte und Dienstleistungen.<\/p>\n\n\n\n<p><strong>Pers\u00f6nliche Identifikationsinformationen<\/strong><\/p>\n\n\n\n<p>Wir k\u00f6nnen pers\u00f6nliche Identifikationsinformationen von Nutzern auf verschiedene Weise sammeln, einschlie\u00dflich, aber nicht beschr\u00e4nkt auf, wenn Nutzer unsere Website besuchen, den Newsletter abonnieren, ein Formular ausf\u00fcllen und im Zusammenhang mit anderen Aktivit\u00e4ten, Dienstleistungen, Funktionen oder Ressourcen, die wir auf unserer Website zur Verf\u00fcgung stellen. Nutzer k\u00f6nnen nach ihrem Namen, ihrer E-Mail-Adresse, ihrem Firmennamen und ihrer Telefonnummer gefragt werden. Nutzer k\u00f6nnen unsere Website jedoch auch anonym besuchen. Wir sammeln pers\u00f6nliche Identifikationsinformationen von Nutzern nur, wenn sie uns diese freiwillig zur Verf\u00fcgung stellen. Nutzer k\u00f6nnen sich jederzeit weigern, pers\u00f6nlich identifizierbare Informationen bereitzustellen, au\u00dfer dass dies sie daran hindern kann, an bestimmten Aktivit\u00e4ten auf der Website teilzunehmen &#8211; wie Planyard-Anwendungen.<\/p>\n\n\n\n<p><strong>Nicht-pers\u00f6nliche Identifikationsinformationen<\/strong><\/p>\n\n\n\n<p>Wir k\u00f6nnen nicht-pers\u00f6nliche Identifikationsinformationen \u00fcber Nutzer sammeln, wann immer sie mit unserer Website interagieren. Nicht-pers\u00f6nliche Identifikationsinformationen k\u00f6nnen den Namen des Browsers, den Computertyp und technische Informationen \u00fcber die Verbindungsmittel der Nutzer zu unserer Website umfassen, wie das Betriebssystem und die genutzten Internetdienstanbieter sowie andere \u00e4hnliche Informationen.<\/p>\n\n\n\n<p><strong>Webbrowser-Cookies<\/strong><\/p>\n\n\n\n<p>Unsere Website kann \u201eCookies\u201c verwenden, um die Nutzererfahrung zu verbessern. Der Webbrowser des Nutzers platziert Cookies auf deren Festplatte zu Aufzeichnungszwecken und manchmal, um Informationen \u00fcber sie zu verfolgen. Der Nutzer kann seinen Webbrowser so einstellen, dass Cookies abgelehnt werden oder dass er benachrichtigt wird, wenn Cookies gesendet werden. Wenn sie dies tun, beachten Sie bitte, dass einige Teile der Website m\u00f6glicherweise nicht ordnungsgem\u00e4\u00df funktionieren.<\/p>\n\n\n\n<p><strong>Wie wir gesammelte Informationen verwenden<\/strong><\/p>\n\n\n\n<p>Planyard kann die pers\u00f6nlichen Informationen der Nutzer f\u00fcr folgende Zwecke sammeln und verwenden:<\/p>\n\n\n\n<ul class=\"wp-block-list\">\n<li>Um den Kundenservice zu verbessern<\/li>\n\n<ul class=\"wp-block-list\">\n<li>Die von Ihnen bereitgestellten Informationen helfen uns, Ihre Kundenservice-Anfragen und Support-Bed\u00fcrfnisse effizienter zu beantworten.<\/li>\n<\/ul>\n<\/li>\n\n\n\n<li>Um unsere Website zu verbessern<\/li>\n\n<ul class=\"wp-block-list\">\n<li>Wir k\u00f6nnen das von Ihnen bereitgestellte Feedback nutzen, um unsere Produkte und Dienstleistungen zu verbessern.<\/li>\n<\/ul>\n<\/li>\n\n\n\n<li>Um regelm\u00e4\u00dfige E-Mails zu senden<\/li>\n\n<ul class=\"wp-block-list\">\n<li>Wir k\u00f6nnen die E-Mail-Adresse verwenden, um Nutzern Informationen und Updates zu ihrer Bestellung zu senden. Sie kann auch verwendet werden, um auf deren Anfragen, Fragen und\/oder andere W\u00fcnsche zu antworten. Wenn der Nutzer sich entscheidet, sich in unsere Mailingliste einzutragen, erh\u00e4lt er E-Mails, die Unternehmensnachrichten, Updates, verwandte Produkt- oder Dienstleistungsinformationen usw. enthalten k\u00f6nnen. Wenn der Nutzer zu irgendeinem Zeitpunkt keine weiteren E-Mails mehr erhalten m\u00f6chte, f\u00fcgen wir am Ende jeder E-Mail detaillierte Anweisungen zum Abbestellen bei.<\/li>\n<\/ul>\n<\/li>\n<\/ul>\n\n\n\n<p><strong>Wie wir Ihre Informationen sch\u00fctzen<\/strong><\/p>\n\n\n\n<p>Wir ergreifen geeignete Datenerfassungs-, Speicher- und Verarbeitungspraktiken sowie Sicherheitsma\u00dfnahmen, um Ihre pers\u00f6nlichen Informationen, Benutzernamen, Passw\u00f6rter, Transaktionsinformationen und auf unserer Website gespeicherte Daten vor unbefugtem Zugriff, \u00c4nderung, Offenlegung oder Zerst\u00f6rung zu sch\u00fctzen.<\/p>\n\n\n\n<p><strong>Weitergabe Ihrer pers\u00f6nlichen Informationen<\/strong><\/p>\n\n\n\n<p>Wir verkaufen, handeln oder vermieten keine pers\u00f6nlichen Identifikationsinformationen von Nutzern an andere. Wir k\u00f6nnen allgemeine aggregierte demografische Informationen, die nicht mit pers\u00f6nlichen Identifikationsinformationen verkn\u00fcpft sind, \u00fcber Besucher und Nutzer mit unseren Gesch\u00e4ftspartnern, vertrauensw\u00fcrdigen Partnern und Werbetreibenden f\u00fcr die oben genannten Zwecke teilen. Wir k\u00f6nnen Drittanbieter-Dienstleister einsetzen, um uns bei der F\u00fchrung unseres Gesch\u00e4fts und der Website zu unterst\u00fctzen oder Aktivit\u00e4ten in unserem Namen zu verwalten, wie das Versenden von Newslettern oder Umfragen. Wir k\u00f6nnen Ihre Informationen mit diesen Dritten f\u00fcr diese begrenzten Zwecke teilen, vorausgesetzt, Sie haben uns Ihre Erlaubnis erteilt.<\/p>\n\n\n\n<p><strong>Drittanbieter-Websites<\/strong><\/p>\n\n\n\n<p>Nutzer k\u00f6nnen auf unserer Website Werbung oder andere Inhalte finden, die auf die Websites und Dienste unserer Partner, Lieferanten, Werbetreibenden, Sponsoren, Lizenzgeber und anderer Dritter verlinken. Wir kontrollieren nicht die Inhalte oder Links, die auf diesen Websites erscheinen, und sind nicht verantwortlich f\u00fcr die Praktiken, die von Websites angewendet werden, die mit oder von unserer Website verlinkt sind. Dar\u00fcber hinaus k\u00f6nnen diese Websites oder Dienste, einschlie\u00dflich ihrer Inhalte und Links, st\u00e4ndig ge\u00e4ndert werden. Diese Websites und Dienste k\u00f6nnen ihre eigenen Datenschutzrichtlinien und Kundendienstrichtlinien haben. Das Surfen und die Interaktion auf jeder anderen Website, einschlie\u00dflich Websites, die einen Link zu unserer Website haben, unterliegt den eigenen Bedingungen und Richtlinien dieser Website.<\/p>\n\n\n\n<p><strong>\u00c4nderungen dieser Datenschutzerkl\u00e4rung<\/strong><\/p>\n\n\n\n<p>Planyard beh\u00e4lt sich das Recht vor, diese Datenschutzerkl\u00e4rung jederzeit zu aktualisieren. Wenn wir dies tun, werden wir das aktualisierte Datum am Ende dieser Seite \u00fcberarbeiten. Wir ermutigen die Nutzer, diese Seite regelm\u00e4\u00dfig auf \u00c4nderungen zu \u00fcberpr\u00fcfen, um informiert zu bleiben, wie wir helfen, die von uns gesammelten pers\u00f6nlichen Informationen zu sch\u00fctzen. Sie erkennen an und stimmen zu, dass es Ihre Verantwortung ist, diese Datenschutzerkl\u00e4rung regelm\u00e4\u00dfig zu \u00fcberpr\u00fcfen und sich \u00fcber \u00c4nderungen bewusst zu werden.<\/p>\n\n\n\n<p><strong>Ihre Zustimmung zu diesen Bedingungen<\/strong><\/p>\n\n\n\n<p>Durch die Nutzung dieser Website erkl\u00e4ren Sie Ihr Einverst\u00e4ndnis mit dieser Richtlinie. Wenn Sie dieser Richtlinie nicht zustimmen, nutzen Sie bitte nicht unsere Website. Ihre fortgesetzte Nutzung der Website nach der Ver\u00f6ffentlichung von \u00c4nderungen dieser Richtlinie wird als Ihre Zustimmung zu diesen \u00c4nderungen angesehen.<\/p>\n\n\n\n<p><strong>Kontaktaufnahme mit uns<\/strong><\/p>\n\n\n\n<p>Wenn Sie Fragen zu dieser Datenschutzerkl\u00e4rung, den Praktiken dieser Website oder Ihrem Umgang mit dieser Website haben, kontaktieren Sie uns bitte unter info@planyard.com.<br><\/p>\n","protected":false},"excerpt":{"rendered":"<p>Diese Datenschutzerkl\u00e4rung regelt die Art und Weise, wie Planyard Informationen von Nutzern (jeweils ein \u201eNutzer\u201c) der Websites planyard.com, central.planyard.com und app.planyard.com (\u201eWebsite\u201c) sammelt, verwendet, pflegt und offenlegt. Diese Datenschutzerkl\u00e4rung gilt f\u00fcr die Website und alle von Planyard angebotenen Produkte und Dienstleistungen. Pers\u00f6nliche Identifikationsinformationen Wir k\u00f6nnen pers\u00f6nliche Identifikationsinformationen von Nutzern auf verschiedene Weise sammeln, einschlie\u00dflich, aber&#8230;  <a class=\"excerpt-read-more\" href=\"https:\/\/planyard.com\/de\/datenschutzerklaerung\" title=\"Lesen Sie  Datenschutzerkl\u00e4rung\">Mehr lesen &#8222;<\/a><\/p>\n","protected":false},"author":2,"featured_media":0,"parent":0,"menu_order":0,"comment_status":"closed","ping_status":"closed","template":"","meta":{"_acf_changed":false,"content-type":"","footnotes":""},"page_intent":[180],"page_type":[],"class_list":["post-12530","page","type-page","status-publish","hentry"],"acf":[],"yoast_head":"<!-- This site is optimized with the Yoast SEO plugin v27.1.1 - https:\/\/yoast.com\/product\/yoast-seo-wordpress\/ -->\n<title>Datenschutzerkl\u00e4rung - Planyard in Deutsch<\/title>\n<meta name=\"description\" content=\"Planyard besitzt, kontrolliert oder leitet die Nutzung von Kundendaten, die von einem Kunden oder Nutzer \u00fcber den Service gespeichert oder verarbeitet werden, nicht.\" \/>\n<meta name=\"robots\" content=\"index, follow, max-snippet:-1, max-image-preview:large, max-video-preview:-1\" \/>\n<link rel=\"canonical\" href=\"https:\/\/planyard.com\/de\/datenschutzerklaerung\" \/>\n<meta property=\"og:locale\" content=\"de_DE\" \/>\n<meta property=\"og:type\" content=\"article\" \/>\n<meta property=\"og:title\" content=\"Datenschutzerkl\u00e4rung - Planyard in Deutsch\" \/>\n<meta property=\"og:description\" content=\"Planyard besitzt, kontrolliert oder leitet die Nutzung von Kundendaten, die von einem Kunden oder Nutzer \u00fcber den Service gespeichert oder verarbeitet werden, nicht.\" \/>\n<meta property=\"og:url\" content=\"https:\/\/planyard.com\/de\/datenschutzerklaerung\" \/>\n<meta property=\"og:site_name\" content=\"Planyard in Deutsch\" \/>\n<meta property=\"article:modified_time\" content=\"2025-05-19T18:19:27+00:00\" \/>\n<meta name=\"twitter:card\" content=\"summary_large_image\" \/>\n<meta name=\"twitter:label1\" content=\"Gesch\u00e4tzte Lesezeit\" \/>\n\t<meta name=\"twitter:data1\" content=\"4\u00a0Minuten\" \/>\n<!-- \/ Yoast SEO plugin. -->","yoast_head_json":{"title":"Datenschutzerkl\u00e4rung - Planyard in Deutsch","description":"Planyard besitzt, kontrolliert oder leitet die Nutzung von Kundendaten, die von einem Kunden oder Nutzer \u00fcber den Service gespeichert oder verarbeitet werden, nicht.","robots":{"index":"index","follow":"follow","max-snippet":"max-snippet:-1","max-image-preview":"max-image-preview:large","max-video-preview":"max-video-preview:-1"},"canonical":"https:\/\/planyard.com\/de\/datenschutzerklaerung","og_locale":"de_DE","og_type":"article","og_title":"Datenschutzerkl\u00e4rung - Planyard in Deutsch","og_description":"Planyard besitzt, kontrolliert oder leitet die Nutzung von Kundendaten, die von einem Kunden oder Nutzer \u00fcber den Service gespeichert oder verarbeitet werden, nicht.","og_url":"https:\/\/planyard.com\/de\/datenschutzerklaerung","og_site_name":"Planyard in Deutsch","article_modified_time":"2025-05-19T18:19:27+00:00","twitter_card":"summary_large_image","twitter_misc":{"Gesch\u00e4tzte Lesezeit":"4\u00a0Minuten"},"schema":{"@context":"https:\/\/schema.org","@graph":[{"@type":"WebPage","@id":"https:\/\/planyard.com\/de\/datenschutzerklaerung","url":"https:\/\/planyard.com\/de\/datenschutzerklaerung","name":"Datenschutzerkl\u00e4rung - Planyard in Deutsch","isPartOf":{"@id":"https:\/\/planyard.com\/de#website"},"datePublished":"2024-08-26T07:14:20+00:00","dateModified":"2025-05-19T18:19:27+00:00","description":"Planyard besitzt, kontrolliert oder leitet die Nutzung von Kundendaten, die von einem Kunden oder Nutzer \u00fcber den Service gespeichert oder verarbeitet werden, nicht.","breadcrumb":{"@id":"https:\/\/planyard.com\/de\/datenschutzerklaerung#breadcrumb"},"inLanguage":"de","potentialAction":[{"@type":"ReadAction","target":["https:\/\/planyard.com\/de\/datenschutzerklaerung"]}]},{"@type":"BreadcrumbList","@id":"https:\/\/planyard.com\/de\/datenschutzerklaerung#breadcrumb","itemListElement":[{"@type":"ListItem","position":1,"name":"Home","item":"https:\/\/planyard.com\/de"},{"@type":"ListItem","position":2,"name":"Datenschutzerkl\u00e4rung"}]},{"@type":"WebSite","@id":"https:\/\/planyard.com\/de#website","url":"https:\/\/planyard.com\/de","name":"Planyard in Deutsch","description":"","potentialAction":[{"@type":"SearchAction","target":{"@type":"EntryPoint","urlTemplate":"https:\/\/planyard.com\/de?s={search_term_string}"},"query-input":{"@type":"PropertyValueSpecification","valueRequired":true,"valueName":"search_term_string"}}],"inLanguage":"de"}]}},"_links":{"self":[{"href":"https:\/\/planyard.com\/de\/wp-json\/wp\/v2\/pages\/12530","targetHints":{"allow":["GET"]}}],"collection":[{"href":"https:\/\/planyard.com\/de\/wp-json\/wp\/v2\/pages"}],"about":[{"href":"https:\/\/planyard.com\/de\/wp-json\/wp\/v2\/types\/page"}],"author":[{"embeddable":true,"href":"https:\/\/planyard.com\/de\/wp-json\/wp\/v2\/users\/2"}],"replies":[{"embeddable":true,"href":"https:\/\/planyard.com\/de\/wp-json\/wp\/v2\/comments?post=12530"}],"version-history":[{"count":3,"href":"https:\/\/planyard.com\/de\/wp-json\/wp\/v2\/pages\/12530\/revisions"}],"predecessor-version":[{"id":16221,"href":"https:\/\/planyard.com\/de\/wp-json\/wp\/v2\/pages\/12530\/revisions\/16221"}],"wp:attachment":[{"href":"https:\/\/planyard.com\/de\/wp-json\/wp\/v2\/media?parent=12530"}],"wp:term":[{"taxonomy":"page_intent","embeddable":true,"href":"https:\/\/planyard.com\/de\/wp-json\/wp\/v2\/page_intent?post=12530"},{"taxonomy":"page_type","embeddable":true,"href":"https:\/\/planyard.com\/de\/wp-json\/wp\/v2\/page_type?post=12530"}],"curies":[{"name":"wp","href":"https:\/\/api.w.org\/{rel}","templated":true}]}}