{"id":12521,"date":"2024-08-22T09:05:22","date_gmt":"2024-08-22T09:05:22","guid":{"rendered":"https:\/\/planyard.com\/construction-project-manager-software"},"modified":"2025-05-17T18:09:50","modified_gmt":"2025-05-17T18:09:50","slug":"bauleiter-software","status":"publish","type":"page","link":"https:\/\/planyard.com\/de\/bauleiter-software","title":{"rendered":"Planyard f\u00fcr Bauleiter"},"content":{"rendered":"","protected":false},"excerpt":{"rendered":"","protected":false},"author":2,"featured_media":0,"parent":0,"menu_order":0,"comment_status":"closed","ping_status":"closed","template":"","meta":{"_acf_changed":false,"content-type":"","footnotes":""},"page_intent":[195],"page_type":[],"class_list":["post-12521","page","type-page","status-publish","hentry"],"acf":[],"yoast_head":"<!-- This site is optimized with the Yoast SEO plugin v27.1.1 - https:\/\/yoast.com\/product\/yoast-seo-wordpress\/ -->\n<title>Bausoftware f\u00fcr Bauleiter - 14 Tage kostenlos testen - Planyard in Deutsch<\/title>\n<meta name=\"description\" content=\"Bausoftware f\u00fcr Bauleiter zur Verwaltung von Budgets, Ausschreibungen, Vertr\u00e4gen, Fortschrittsberichten und Kosten an einem Ort.\" \/>\n<meta name=\"robots\" content=\"index, follow, max-snippet:-1, max-image-preview:large, max-video-preview:-1\" \/>\n<link rel=\"canonical\" href=\"https:\/\/planyard.com\/de\/bauleiter-software\" \/>\n<meta property=\"og:locale\" content=\"de_DE\" \/>\n<meta property=\"og:type\" content=\"article\" \/>\n<meta property=\"og:title\" content=\"Bausoftware f\u00fcr Bauleiter - 14 Tage kostenlos testen - Planyard in Deutsch\" \/>\n<meta property=\"og:description\" content=\"Bausoftware f\u00fcr Bauleiter zur Verwaltung von Budgets, Ausschreibungen, Vertr\u00e4gen, Fortschrittsberichten und Kosten an einem Ort.\" \/>\n<meta property=\"og:url\" content=\"https:\/\/planyard.com\/de\/bauleiter-software\" \/>\n<meta property=\"og:site_name\" content=\"Planyard in Deutsch\" \/>\n<meta property=\"article:modified_time\" content=\"2025-05-17T18:09:50+00:00\" \/>\n<meta name=\"twitter:card\" content=\"summary_large_image\" \/>\n<!-- \/ Yoast SEO plugin. -->","yoast_head_json":{"title":"Bausoftware f\u00fcr Bauleiter - 14 Tage kostenlos testen - Planyard in Deutsch","description":"Bausoftware f\u00fcr Bauleiter zur Verwaltung von Budgets, Ausschreibungen, Vertr\u00e4gen, Fortschrittsberichten und Kosten an einem Ort.","robots":{"index":"index","follow":"follow","max-snippet":"max-snippet:-1","max-image-preview":"max-image-preview:large","max-video-preview":"max-video-preview:-1"},"canonical":"https:\/\/planyard.com\/de\/bauleiter-software","og_locale":"de_DE","og_type":"article","og_title":"Bausoftware f\u00fcr Bauleiter - 14 Tage kostenlos testen - Planyard in Deutsch","og_description":"Bausoftware f\u00fcr Bauleiter zur Verwaltung von Budgets, Ausschreibungen, Vertr\u00e4gen, Fortschrittsberichten und Kosten an einem Ort.","og_url":"https:\/\/planyard.com\/de\/bauleiter-software","og_site_name":"Planyard in Deutsch","article_modified_time":"2025-05-17T18:09:50+00:00","twitter_card":"summary_large_image","schema":{"@context":"https:\/\/schema.org","@graph":[{"@type":"WebPage","@id":"https:\/\/planyard.com\/de\/bauleiter-software","url":"https:\/\/planyard.com\/de\/bauleiter-software","name":"Bausoftware f\u00fcr Bauleiter - 14 Tage kostenlos testen - Planyard in Deutsch","isPartOf":{"@id":"https:\/\/planyard.com\/de#website"},"datePublished":"2024-08-22T09:05:22+00:00","dateModified":"2025-05-17T18:09:50+00:00","description":"Bausoftware f\u00fcr Bauleiter zur Verwaltung von Budgets, Ausschreibungen, Vertr\u00e4gen, Fortschrittsberichten und Kosten an einem Ort.","breadcrumb":{"@id":"https:\/\/planyard.com\/de\/bauleiter-software#breadcrumb"},"inLanguage":"de","potentialAction":[{"@type":"ReadAction","target":["https:\/\/planyard.com\/de\/bauleiter-software"]}]},{"@type":"BreadcrumbList","@id":"https:\/\/planyard.com\/de\/bauleiter-software#breadcrumb","itemListElement":[{"@type":"ListItem","position":1,"name":"Home","item":"https:\/\/planyard.com\/de"},{"@type":"ListItem","position":2,"name":"Planyard f\u00fcr Bauleiter"}]},{"@type":"WebSite","@id":"https:\/\/planyard.com\/de#website","url":"https:\/\/planyard.com\/de","name":"Planyard in Deutsch","description":"","potentialAction":[{"@type":"SearchAction","target":{"@type":"EntryPoint","urlTemplate":"https:\/\/planyard.com\/de?s={search_term_string}"},"query-input":{"@type":"PropertyValueSpecification","valueRequired":true,"valueName":"search_term_string"}}],"inLanguage":"de"}]}},"_links":{"self":[{"href":"https:\/\/planyard.com\/de\/wp-json\/wp\/v2\/pages\/12521","targetHints":{"allow":["GET"]}}],"collection":[{"href":"https:\/\/planyard.com\/de\/wp-json\/wp\/v2\/pages"}],"about":[{"href":"https:\/\/planyard.com\/de\/wp-json\/wp\/v2\/types\/page"}],"author":[{"embeddable":true,"href":"https:\/\/planyard.com\/de\/wp-json\/wp\/v2\/users\/2"}],"replies":[{"embeddable":true,"href":"https:\/\/planyard.com\/de\/wp-json\/wp\/v2\/comments?post=12521"}],"version-history":[{"count":1,"href":"https:\/\/planyard.com\/de\/wp-json\/wp\/v2\/pages\/12521\/revisions"}],"predecessor-version":[{"id":12686,"href":"https:\/\/planyard.com\/de\/wp-json\/wp\/v2\/pages\/12521\/revisions\/12686"}],"wp:attachment":[{"href":"https:\/\/planyard.com\/de\/wp-json\/wp\/v2\/media?parent=12521"}],"wp:term":[{"taxonomy":"page_intent","embeddable":true,"href":"https:\/\/planyard.com\/de\/wp-json\/wp\/v2\/page_intent?post=12521"},{"taxonomy":"page_type","embeddable":true,"href":"https:\/\/planyard.com\/de\/wp-json\/wp\/v2\/page_type?post=12521"}],"curies":[{"name":"wp","href":"https:\/\/api.w.org\/{rel}","templated":true}]}}