{"id":12520,"date":"2025-04-01T15:34:46","date_gmt":"2025-04-01T15:34:46","guid":{"rendered":"https:\/\/planyard.com\/planyard-essential-functionality-training-videos"},"modified":"2025-05-19T18:22:00","modified_gmt":"2025-05-19T18:22:00","slug":"planyard-grundlegende-funktionalitat-schulungsvideos","status":"publish","type":"page","link":"https:\/\/planyard.com\/de\/planyard-grundlegende-funktionalitat-schulungsvideos","title":{"rendered":"Planyard: Grundlegende Funktionalit\u00e4t \u2013 Schulungsvideos"},"content":{"rendered":"\n<p>Starten Sie, indem Sie kurze Videos von 3\u20134 Minuten ansehen, die f\u00fcr Bauleiter und Bauabrechner entwickelt wurden, um die wesentlichen Arbeitsabl\u00e4ufe selbst zu erlernen \u2013 keine Einrichtung oder Schulungssitzungen erforderlich.<\/p>\n\n\n\n<h2 class=\"wp-block-heading\">Einf\u00fchrung<\/h2>\n\n\n\n<figure class=\"wp-block-embed is-type-video is-provider-youtube wp-block-embed-youtube wp-embed-aspect-16-9 wp-has-aspect-ratio\"><div class=\"wp-block-embed__wrapper\">\n<iframe loading=\"lazy\" title=\"Planyard Essential Package: Ditch Spreadsheets &amp; Simplify Construction Cost Control\" width=\"500\" height=\"281\" src=\"https:\/\/www.youtube.com\/embed\/MmqEaSN7Y38?feature=oembed\" frameborder=\"0\" allow=\"accelerometer; autoplay; clipboard-write; encrypted-media; gyroscope; picture-in-picture; web-share\" referrerpolicy=\"strict-origin-when-cross-origin\" allowfullscreen><\/iframe>\n<\/div><\/figure>\n\n\n\n<h2 class=\"wp-block-heading\">Bearbeitung von Eingangsrechnungen<\/h2>\n\n\n\n<p>Bearbeiten Sie Eingangsrechnungen m\u00fchelos, ordnen Sie sie Budgetposten zu, synchronisieren Sie automatisch mit der Buchhaltung und verfolgen Sie Projektkosten in Echtzeit \u2013 alles ohne wiederholte Dateneingabe.<\/p>\n\n\n\n<figure class=\"wp-block-embed is-type-video is-provider-youtube wp-block-embed-youtube wp-embed-aspect-16-9 wp-has-aspect-ratio\"><div class=\"wp-block-embed__wrapper\">\n<iframe loading=\"lazy\" title=\"Invoices processing on Planyard\" width=\"500\" height=\"281\" src=\"https:\/\/www.youtube.com\/embed\/cgVamRjQk1I?feature=oembed\" frameborder=\"0\" allow=\"accelerometer; autoplay; clipboard-write; encrypted-media; gyroscope; picture-in-picture; web-share\" referrerpolicy=\"strict-origin-when-cross-origin\" allowfullscreen><\/iframe>\n<\/div><\/figure>\n\n\n\n<h2 class=\"wp-block-heading\">\u00c4nderungsauftr\u00e4ge (Variationen)<\/h2>\n\n\n\n<p>Registrieren Sie problemlos Kunden\u00e4nderungsauftr\u00e4ge sowie Subunternehmer- und Bestellvariationen. Verfolgen Sie die finanziellen Auswirkungen jeder \u00c4nderung, um die Rentabilit\u00e4t im Blick zu behalten.<\/p>\n\n\n\n<figure class=\"wp-block-embed is-type-video is-provider-youtube wp-block-embed-youtube wp-embed-aspect-16-9 wp-has-aspect-ratio\"><div class=\"wp-block-embed__wrapper\">\n<iframe loading=\"lazy\" title=\"Construction change-orders (variations) management on Planyard software\" width=\"500\" height=\"281\" src=\"https:\/\/www.youtube.com\/embed\/6tACV4YQtas?feature=oembed\" frameborder=\"0\" allow=\"accelerometer; autoplay; clipboard-write; encrypted-media; gyroscope; picture-in-picture; web-share\" referrerpolicy=\"strict-origin-when-cross-origin\" allowfullscreen><\/iframe>\n<\/div><\/figure>\n\n\n\n<h2 class=\"wp-block-heading\">Budgetkontrolle und Prognosen (CVRs)<\/h2>\n\n\n\n<p>Erstellen Sie genaue Prognosen und CVR-Berichte, passen Sie Budgets bei Bedarf an, genehmigen Sie Rechnungen und \u00fcberpr\u00fcfen Sie Budgetabweichungen, um die finanzielle Gesundheit Ihres Projekts im Griff zu behalten. Analysieren Sie Rentabilit\u00e4tsprognosen mit Leichtigkeit.<\/p>\n\n\n\n<figure class=\"wp-block-embed is-type-video is-provider-youtube wp-block-embed-youtube wp-embed-aspect-16-9 wp-has-aspect-ratio\"><div class=\"wp-block-embed__wrapper\">\n<iframe loading=\"lazy\" title=\"Project cost control meeting how to video\" width=\"500\" height=\"281\" src=\"https:\/\/www.youtube.com\/embed\/oGkHgWPfIEo?feature=oembed\" frameborder=\"0\" allow=\"accelerometer; autoplay; clipboard-write; encrypted-media; gyroscope; picture-in-picture; web-share\" referrerpolicy=\"strict-origin-when-cross-origin\" allowfullscreen><\/iframe>\n<\/div><\/figure>\n\n\n\n<p><\/p>\n","protected":false},"excerpt":{"rendered":"<p>Starten Sie, indem Sie kurze Videos von 3\u20134 Minuten ansehen, die f\u00fcr Bauleiter und Bauabrechner entwickelt wurden, um die wesentlichen Arbeitsabl\u00e4ufe selbst zu erlernen \u2013 keine Einrichtung oder Schulungssitzungen erforderlich. Einf\u00fchrung Bearbeitung von Eingangsrechnungen Bearbeiten Sie Eingangsrechnungen m\u00fchelos, ordnen Sie sie Budgetposten zu, synchronisieren Sie automatisch mit der Buchhaltung und verfolgen Sie Projektkosten in Echtzeit&#8230;  <a class=\"excerpt-read-more\" href=\"https:\/\/planyard.com\/de\/planyard-grundlegende-funktionalitat-schulungsvideos\" title=\"Lesen Sie  Planyard: Grundlegende Funktionalit\u00e4t \u2013 Schulungsvideos\">Mehr lesen &#8222;<\/a><\/p>\n","protected":false},"author":4,"featured_media":0,"parent":0,"menu_order":0,"comment_status":"closed","ping_status":"closed","template":"page-smallheader.php","meta":{"_acf_changed":false,"content-type":"","footnotes":""},"page_intent":[],"page_type":[],"class_list":["post-12520","page","type-page","status-publish","hentry"],"acf":[],"yoast_head":"<!-- This site is optimized with the Yoast SEO plugin v27.1.1 - https:\/\/yoast.com\/product\/yoast-seo-wordpress\/ -->\n<title>Planyard: Grundlegende Funktionalit\u00e4t \u2013 Schulungsvideos - Planyard in Deutsch<\/title>\n<meta name=\"description\" content=\"Erfahren Sie, wie Sie Bau-Budgets, \u00c4nderungsauftr\u00e4ge und Prognosen mit kurzen Videos von 3\u20134 Minuten f\u00fcr Bauleiter und Bauabrechner verwalten \u2013 keine Einrichtung oder Schulung erforderlich.\" \/>\n<meta name=\"robots\" content=\"index, follow, max-snippet:-1, max-image-preview:large, max-video-preview:-1\" \/>\n<link rel=\"canonical\" href=\"https:\/\/planyard.com\/de\/planyard-grundlegende-funktionalitat-schulungsvideos\" \/>\n<meta property=\"og:locale\" content=\"de_DE\" \/>\n<meta property=\"og:type\" content=\"article\" \/>\n<meta property=\"og:title\" content=\"Planyard: Grundlegende Funktionalit\u00e4t \u2013 Schulungsvideos - Planyard in Deutsch\" \/>\n<meta property=\"og:description\" content=\"Erfahren Sie, wie Sie Bau-Budgets, \u00c4nderungsauftr\u00e4ge und Prognosen mit kurzen Videos von 3\u20134 Minuten f\u00fcr Bauleiter und Bauabrechner verwalten \u2013 keine Einrichtung oder Schulung erforderlich.\" \/>\n<meta property=\"og:url\" content=\"https:\/\/planyard.com\/de\/planyard-grundlegende-funktionalitat-schulungsvideos\" \/>\n<meta property=\"og:site_name\" content=\"Planyard in Deutsch\" \/>\n<meta property=\"article:modified_time\" content=\"2025-05-19T18:22:00+00:00\" \/>\n<meta name=\"twitter:card\" content=\"summary_large_image\" \/>\n<meta name=\"twitter:label1\" content=\"Gesch\u00e4tzte Lesezeit\" \/>\n\t<meta name=\"twitter:data1\" content=\"1\u00a0Minute\" \/>\n<!-- \/ Yoast SEO plugin. -->","yoast_head_json":{"title":"Planyard: Grundlegende Funktionalit\u00e4t \u2013 Schulungsvideos - Planyard in Deutsch","description":"Erfahren Sie, wie Sie Bau-Budgets, \u00c4nderungsauftr\u00e4ge und Prognosen mit kurzen Videos von 3\u20134 Minuten f\u00fcr Bauleiter und Bauabrechner verwalten \u2013 keine Einrichtung oder Schulung erforderlich.","robots":{"index":"index","follow":"follow","max-snippet":"max-snippet:-1","max-image-preview":"max-image-preview:large","max-video-preview":"max-video-preview:-1"},"canonical":"https:\/\/planyard.com\/de\/planyard-grundlegende-funktionalitat-schulungsvideos","og_locale":"de_DE","og_type":"article","og_title":"Planyard: Grundlegende Funktionalit\u00e4t \u2013 Schulungsvideos - Planyard in Deutsch","og_description":"Erfahren Sie, wie Sie Bau-Budgets, \u00c4nderungsauftr\u00e4ge und Prognosen mit kurzen Videos von 3\u20134 Minuten f\u00fcr Bauleiter und Bauabrechner verwalten \u2013 keine Einrichtung oder Schulung erforderlich.","og_url":"https:\/\/planyard.com\/de\/planyard-grundlegende-funktionalitat-schulungsvideos","og_site_name":"Planyard in Deutsch","article_modified_time":"2025-05-19T18:22:00+00:00","twitter_card":"summary_large_image","twitter_misc":{"Gesch\u00e4tzte Lesezeit":"1\u00a0Minute"},"schema":{"@context":"https:\/\/schema.org","@graph":[{"@type":"WebPage","@id":"https:\/\/planyard.com\/de\/planyard-grundlegende-funktionalitat-schulungsvideos","url":"https:\/\/planyard.com\/de\/planyard-grundlegende-funktionalitat-schulungsvideos","name":"Planyard: Grundlegende Funktionalit\u00e4t \u2013 Schulungsvideos - Planyard in Deutsch","isPartOf":{"@id":"https:\/\/planyard.com\/de#website"},"datePublished":"2025-04-01T15:34:46+00:00","dateModified":"2025-05-19T18:22:00+00:00","description":"Erfahren Sie, wie Sie Bau-Budgets, \u00c4nderungsauftr\u00e4ge und Prognosen mit kurzen Videos von 3\u20134 Minuten f\u00fcr Bauleiter und Bauabrechner verwalten \u2013 keine Einrichtung oder Schulung erforderlich.","breadcrumb":{"@id":"https:\/\/planyard.com\/de\/planyard-grundlegende-funktionalitat-schulungsvideos#breadcrumb"},"inLanguage":"de","potentialAction":[{"@type":"ReadAction","target":["https:\/\/planyard.com\/de\/planyard-grundlegende-funktionalitat-schulungsvideos"]}]},{"@type":"BreadcrumbList","@id":"https:\/\/planyard.com\/de\/planyard-grundlegende-funktionalitat-schulungsvideos#breadcrumb","itemListElement":[{"@type":"ListItem","position":1,"name":"Home","item":"https:\/\/planyard.com\/de"},{"@type":"ListItem","position":2,"name":"Planyard: Schulungsvideos zur grundlegenden Funktionalit\u00e4t"}]},{"@type":"WebSite","@id":"https:\/\/planyard.com\/de#website","url":"https:\/\/planyard.com\/de","name":"Planyard in Deutsch","description":"","potentialAction":[{"@type":"SearchAction","target":{"@type":"EntryPoint","urlTemplate":"https:\/\/planyard.com\/de?s={search_term_string}"},"query-input":{"@type":"PropertyValueSpecification","valueRequired":true,"valueName":"search_term_string"}}],"inLanguage":"de"}]}},"_links":{"self":[{"href":"https:\/\/planyard.com\/de\/wp-json\/wp\/v2\/pages\/12520","targetHints":{"allow":["GET"]}}],"collection":[{"href":"https:\/\/planyard.com\/de\/wp-json\/wp\/v2\/pages"}],"about":[{"href":"https:\/\/planyard.com\/de\/wp-json\/wp\/v2\/types\/page"}],"author":[{"embeddable":true,"href":"https:\/\/planyard.com\/de\/wp-json\/wp\/v2\/users\/4"}],"replies":[{"embeddable":true,"href":"https:\/\/planyard.com\/de\/wp-json\/wp\/v2\/comments?post=12520"}],"version-history":[{"count":3,"href":"https:\/\/planyard.com\/de\/wp-json\/wp\/v2\/pages\/12520\/revisions"}],"predecessor-version":[{"id":16233,"href":"https:\/\/planyard.com\/de\/wp-json\/wp\/v2\/pages\/12520\/revisions\/16233"}],"wp:attachment":[{"href":"https:\/\/planyard.com\/de\/wp-json\/wp\/v2\/media?parent=12520"}],"wp:term":[{"taxonomy":"page_intent","embeddable":true,"href":"https:\/\/planyard.com\/de\/wp-json\/wp\/v2\/page_intent?post=12520"},{"taxonomy":"page_type","embeddable":true,"href":"https:\/\/planyard.com\/de\/wp-json\/wp\/v2\/page_type?post=12520"}],"curies":[{"name":"wp","href":"https:\/\/api.w.org\/{rel}","templated":true}]}}