{"id":12519,"date":"2025-04-03T08:56:22","date_gmt":"2025-04-03T08:56:22","guid":{"rendered":"https:\/\/planyard.com\/planyard-cost-estimating-and-quoting-functionality-training-videos"},"modified":"2025-05-19T18:21:49","modified_gmt":"2025-05-19T18:21:49","slug":"planyard-kostenschaetzung-und-angebotsfunktionalitaet-schulungsvideos","status":"publish","type":"page","link":"https:\/\/planyard.com\/de\/planyard-kostenschaetzung-und-angebotsfunktionalitaet-schulungsvideos","title":{"rendered":"Planyard-Kostensch\u00e4tzung und Angebotsfunktionalit\u00e4t \u2013 Schulungsvideos"},"content":{"rendered":"\n<p>Lernen Sie, wie Sie in Planyard pr\u00e4zise Kostensch\u00e4tzungen und professionelle Kundenangebote erstellen. Wandeln Sie gewonnene Angebote in aktive Projekte um, verfolgen Sie Sch\u00e4tzungen im Vergleich zu den tats\u00e4chlichen Kosten und stellen Sie von Anfang an die volle Kostenkontrolle sicher. Ideal f\u00fcr Kalkulatoren und Bauleiter, die von Tabellenkalkulationen weggehen.<\/p>\n\n\n\n<h2 class=\"wp-block-heading\">Einf\u00fchrung<\/h2>\n\n\n\n<figure class=\"wp-block-embed is-type-video is-provider-youtube wp-block-embed-youtube wp-embed-aspect-16-9 wp-has-aspect-ratio\"><div class=\"wp-block-embed__wrapper\">\n<iframe loading=\"lazy\" title=\"Construction Cost Estimating and Quoting on Planyard Software\" width=\"500\" height=\"281\" src=\"https:\/\/www.youtube.com\/embed\/wvN-Tk-5CZs?feature=oembed\" frameborder=\"0\" allow=\"accelerometer; autoplay; clipboard-write; encrypted-media; gyroscope; picture-in-picture; web-share\" referrerpolicy=\"strict-origin-when-cross-origin\" allowfullscreen><\/iframe>\n<\/div><\/figure>\n","protected":false},"excerpt":{"rendered":"<p>Lernen Sie, wie Sie in Planyard pr\u00e4zise Kostensch\u00e4tzungen und professionelle Kundenangebote erstellen. Wandeln Sie gewonnene Angebote in aktive Projekte um, verfolgen Sie Sch\u00e4tzungen im Vergleich zu den tats\u00e4chlichen Kosten und stellen Sie von Anfang an die volle Kostenkontrolle sicher. Ideal f\u00fcr Kalkulatoren und Bauleiter, die von Tabellenkalkulationen weggehen. Einf\u00fchrung<\/p>\n","protected":false},"author":4,"featured_media":0,"parent":0,"menu_order":0,"comment_status":"closed","ping_status":"closed","template":"page-smallheader.php","meta":{"_acf_changed":false,"content-type":"","footnotes":""},"page_intent":[],"page_type":[],"class_list":["post-12519","page","type-page","status-publish","hentry"],"acf":[],"yoast_head":"<!-- This site is optimized with the Yoast SEO plugin v26.9 - https:\/\/yoast.com\/product\/yoast-seo-wordpress\/ -->\n<title>Planyard Sch\u00e4tzung &amp; Angebot \u2013 Video-Schulung f\u00fcr Kalkulatoren<\/title>\n<meta name=\"description\" content=\"Kurze Schulungsvideos f\u00fcr Kalkulatoren zur Erstellung pr\u00e4ziser Kostensch\u00e4tzungen und Kundenangebote. Lernen Sie, Ausschreibungen zu optimieren und Angebote schnell in laufende Projekte umzuwandeln.\" \/>\n<meta name=\"robots\" content=\"index, follow, max-snippet:-1, max-image-preview:large, max-video-preview:-1\" \/>\n<link rel=\"canonical\" href=\"https:\/\/planyard.com\/de\/planyard-kostenschaetzung-und-angebotsfunktionalitaet-schulungsvideos\" \/>\n<meta property=\"og:locale\" content=\"de_DE\" \/>\n<meta property=\"og:type\" content=\"article\" \/>\n<meta property=\"og:title\" content=\"Planyard Sch\u00e4tzung &amp; Angebot \u2013 Video-Schulung f\u00fcr Kalkulatoren\" \/>\n<meta property=\"og:description\" content=\"Kurze Schulungsvideos f\u00fcr Kalkulatoren zur Erstellung pr\u00e4ziser Kostensch\u00e4tzungen und Kundenangebote. Lernen Sie, Ausschreibungen zu optimieren und Angebote schnell in laufende Projekte umzuwandeln.\" \/>\n<meta property=\"og:url\" content=\"https:\/\/planyard.com\/de\/planyard-kostenschaetzung-und-angebotsfunktionalitaet-schulungsvideos\" \/>\n<meta property=\"og:site_name\" content=\"Planyard in Deutsch\" \/>\n<meta property=\"article:modified_time\" content=\"2025-05-19T18:21:49+00:00\" \/>\n<meta name=\"twitter:card\" content=\"summary_large_image\" \/>\n<meta name=\"twitter:label1\" content=\"Gesch\u00e4tzte Lesezeit\" \/>\n\t<meta name=\"twitter:data1\" content=\"1\u00a0Minute\" \/>\n<!-- \/ Yoast SEO plugin. -->","yoast_head_json":{"title":"Planyard Sch\u00e4tzung & Angebot \u2013 Video-Schulung f\u00fcr Kalkulatoren","description":"Kurze Schulungsvideos f\u00fcr Kalkulatoren zur Erstellung pr\u00e4ziser Kostensch\u00e4tzungen und Kundenangebote. Lernen Sie, Ausschreibungen zu optimieren und Angebote schnell in laufende Projekte umzuwandeln.","robots":{"index":"index","follow":"follow","max-snippet":"max-snippet:-1","max-image-preview":"max-image-preview:large","max-video-preview":"max-video-preview:-1"},"canonical":"https:\/\/planyard.com\/de\/planyard-kostenschaetzung-und-angebotsfunktionalitaet-schulungsvideos","og_locale":"de_DE","og_type":"article","og_title":"Planyard Sch\u00e4tzung & Angebot \u2013 Video-Schulung f\u00fcr Kalkulatoren","og_description":"Kurze Schulungsvideos f\u00fcr Kalkulatoren zur Erstellung pr\u00e4ziser Kostensch\u00e4tzungen und Kundenangebote. Lernen Sie, Ausschreibungen zu optimieren und Angebote schnell in laufende Projekte umzuwandeln.","og_url":"https:\/\/planyard.com\/de\/planyard-kostenschaetzung-und-angebotsfunktionalitaet-schulungsvideos","og_site_name":"Planyard in Deutsch","article_modified_time":"2025-05-19T18:21:49+00:00","twitter_card":"summary_large_image","twitter_misc":{"Gesch\u00e4tzte Lesezeit":"1\u00a0Minute"},"schema":{"@context":"https:\/\/schema.org","@graph":[{"@type":"WebPage","@id":"https:\/\/planyard.com\/de\/planyard-kostenschaetzung-und-angebotsfunktionalitaet-schulungsvideos","url":"https:\/\/planyard.com\/de\/planyard-kostenschaetzung-und-angebotsfunktionalitaet-schulungsvideos","name":"Planyard Sch\u00e4tzung & Angebot \u2013 Video-Schulung f\u00fcr Kalkulatoren","isPartOf":{"@id":"https:\/\/planyard.com\/de#website"},"datePublished":"2025-04-03T08:56:22+00:00","dateModified":"2025-05-19T18:21:49+00:00","description":"Kurze Schulungsvideos f\u00fcr Kalkulatoren zur Erstellung pr\u00e4ziser Kostensch\u00e4tzungen und Kundenangebote. Lernen Sie, Ausschreibungen zu optimieren und Angebote schnell in laufende Projekte umzuwandeln.","breadcrumb":{"@id":"https:\/\/planyard.com\/de\/planyard-kostenschaetzung-und-angebotsfunktionalitaet-schulungsvideos#breadcrumb"},"inLanguage":"de","potentialAction":[{"@type":"ReadAction","target":["https:\/\/planyard.com\/de\/planyard-kostenschaetzung-und-angebotsfunktionalitaet-schulungsvideos"]}]},{"@type":"BreadcrumbList","@id":"https:\/\/planyard.com\/de\/planyard-kostenschaetzung-und-angebotsfunktionalitaet-schulungsvideos#breadcrumb","itemListElement":[{"@type":"ListItem","position":1,"name":"Home","item":"https:\/\/planyard.com\/de"},{"@type":"ListItem","position":2,"name":"Planyard-Kostensch\u00e4tzung und Angebotsfunktionalit\u00e4t \u2013 Schulungsvideos"}]},{"@type":"WebSite","@id":"https:\/\/planyard.com\/de#website","url":"https:\/\/planyard.com\/de","name":"Planyard in Deutsch","description":"","potentialAction":[{"@type":"SearchAction","target":{"@type":"EntryPoint","urlTemplate":"https:\/\/planyard.com\/de?s={search_term_string}"},"query-input":{"@type":"PropertyValueSpecification","valueRequired":true,"valueName":"search_term_string"}}],"inLanguage":"de"}]}},"_links":{"self":[{"href":"https:\/\/planyard.com\/de\/wp-json\/wp\/v2\/pages\/12519","targetHints":{"allow":["GET"]}}],"collection":[{"href":"https:\/\/planyard.com\/de\/wp-json\/wp\/v2\/pages"}],"about":[{"href":"https:\/\/planyard.com\/de\/wp-json\/wp\/v2\/types\/page"}],"author":[{"embeddable":true,"href":"https:\/\/planyard.com\/de\/wp-json\/wp\/v2\/users\/4"}],"replies":[{"embeddable":true,"href":"https:\/\/planyard.com\/de\/wp-json\/wp\/v2\/comments?post=12519"}],"version-history":[{"count":3,"href":"https:\/\/planyard.com\/de\/wp-json\/wp\/v2\/pages\/12519\/revisions"}],"predecessor-version":[{"id":16232,"href":"https:\/\/planyard.com\/de\/wp-json\/wp\/v2\/pages\/12519\/revisions\/16232"}],"wp:attachment":[{"href":"https:\/\/planyard.com\/de\/wp-json\/wp\/v2\/media?parent=12519"}],"wp:term":[{"taxonomy":"page_intent","embeddable":true,"href":"https:\/\/planyard.com\/de\/wp-json\/wp\/v2\/page_intent?post=12519"},{"taxonomy":"page_type","embeddable":true,"href":"https:\/\/planyard.com\/de\/wp-json\/wp\/v2\/page_type?post=12519"}],"curies":[{"name":"wp","href":"https:\/\/api.w.org\/{rel}","templated":true}]}}