{"id":12508,"date":"2024-08-26T07:20:15","date_gmt":"2024-08-26T07:20:15","guid":{"rendered":"https:\/\/planyard.com\/nahb-cost-codes"},"modified":"2025-06-03T17:55:08","modified_gmt":"2025-06-03T17:55:08","slug":"nahb-kostencodes","status":"publish","type":"page","link":"https:\/\/planyard.com\/de\/nahb-kostencodes","title":{"rendered":"NAHB-Kostencodes"},"content":{"rendered":"\n<div class=\"wp-block-media-text alignwide has-media-on-the-right is-stacked-on-mobile\" style=\"grid-template-columns:auto 49%\"><div class=\"wp-block-media-text__content\">\n<p><br>NAHB-Kostencodes sind ein standardisiertes Set von Codes, definiert von der <a href=\"https:\/\/www.nahb.org\">National Association of Home Builders<\/a>, um finanzielle und projektspezifische Daten zu verfolgen, zu verwalten und zu berichten. Diese Codes vereinfachen das Datenmanagement im gesamten Unternehmen und kommen allen Beteiligten zugute, einschlie\u00dflich Kalkulatoren, Projektleitern und Buchhaltung. Die standardisierte Struktur unterst\u00fctzt die Kostensch\u00e4tzung auf Basis fr\u00fcherer Projekte und vereinfacht das finanzielle Projektmanagement.<\/p>\n<\/div><figure class=\"wp-block-media-text__media\"><img loading=\"lazy\" decoding=\"async\" width=\"1010\" height=\"1006\" src=\"https:\/\/planyard.com\/wp-content\/uploads\/2024\/10\/NAHB_cost_codes.jpg\" alt=\"NAHB cost codes with sections and lower parts\" class=\"wp-image-2296 size-full\" srcset=\"https:\/\/planyard.com\/wp-content\/uploads\/2024\/10\/NAHB_cost_codes.jpg 1010w, https:\/\/planyard.com\/wp-content\/uploads\/2024\/10\/NAHB_cost_codes-150x150.jpg 150w\" sizes=\"auto, (max-width: 1010px) 100vw, 1010px\" \/><\/figure><\/div>\n\n\n\n<div class=\"wp-block-group\"><div class=\"wp-block-group__inner-container is-layout-constrained wp-block-group-is-layout-constrained\">\n<h2 class=\"wp-block-heading has-text-align-center paddedHeading\" id=\"benefits-of-using-construction-cost-codes\">Vorteile der Verwendung von Baukostencodes<\/h2>\n\n\n\n<div class=\"wp-block-columns is-layout-flex wp-container-core-columns-is-layout-9d6595d7 wp-block-columns-is-layout-flex\">\n<div class=\"wp-block-column is-layout-flow wp-block-column-is-layout-flow\">\n<h4 class=\"wp-block-heading\" id=\"cost-control\">Kostenkontrolle<\/h4>\n\n\n\n<p>Schnelle und einfache M\u00f6glichkeit, zu erkennen und zu analysieren, wie Geld im Projekt ausgegeben wird.<\/p>\n<\/div>\n\n\n\n<div class=\"wp-block-column is-layout-flow wp-block-column-is-layout-flow\">\n<h4 class=\"wp-block-heading\" id=\"kpis-tracking\">KPIs-Verfolgung<\/h4>\n\n\n\n<p>Verfolgen und verwalten Sie KPIs wie gesch\u00e4tzte Kosten, Kostensch\u00e4tzung, aktuelle Kosten und mehr.<\/p>\n<\/div>\n\n\n\n<div class=\"wp-block-column is-layout-flow wp-block-column-is-layout-flow\">\n<h4 class=\"wp-block-heading\" id=\"ideal-for-companywide-use\">Unternehmensweite Nutzung<\/h4>\n\n\n\n<p>Die unternehmensweite Verwendung derselben Codes erleichtert es, Kosten, Fehler und Prognosen f\u00fcr alle Beteiligten zu verfolgen und zu analysieren.<\/p>\n<\/div>\n<\/div>\n\n\n\n<div class=\"wp-block-columns is-layout-flex wp-container-core-columns-is-layout-9d6595d7 wp-block-columns-is-layout-flex\">\n<div class=\"wp-block-column is-layout-flow wp-block-column-is-layout-flow\">\n<h4 class=\"wp-block-heading\" id=\"visualize-profit-centers\">Profitcenter visualisieren<\/h4>\n\n\n\n<p>End-to-End-Analyse zur Visualisierung von Profitcentern und problematischen Bereichen.<\/p>\n<\/div>\n\n\n\n<div class=\"wp-block-column is-layout-flow wp-block-column-is-layout-flow\">\n<h4 class=\"wp-block-heading\" id=\"estimating\">Kalkulation<\/h4>\n\n\n\n<p>Bietet Struktur und Zugang, um die Kosten in Echtzeit zu verfolgen und genauere und realistischere Sch\u00e4tzungen zu erstellen.<\/p>\n<\/div>\n\n\n\n<div class=\"wp-block-column is-layout-flow wp-block-column-is-layout-flow\">\n<h4 class=\"wp-block-heading\" id=\"real-time-tracking\">Echtzeitverfolgung<\/h4>\n\n\n\n<p>Erm\u00f6glicht dem Management einen klaren \u00dcberblick \u00fcber das Projekt und h\u00e4lt alle Beteiligten engagiert.<\/p>\n<\/div>\n<\/div>\n<\/div><\/div>\n\n\n\n<h2 class=\"wp-block-heading has-text-align-center paddedHeading\" id=\"cost-codes-are-hierarchical-and-chronological\">Kostencodes sind hierarchisch und chronologisch<\/h2>\n\n\n\n<div class=\"wp-block-media-text alignwide has-media-on-the-right is-stacked-on-mobile\"><div class=\"wp-block-media-text__content\">\n<p>Sie k\u00f6nnen sehen, dass die Arbeiten strukturiert und in chronologischer Reihenfolge unterteilt sind. NAHB hat die Kostencodes so definiert, dass die gr\u00f6\u00dferen Arbeitsabschnitte kleinere Teile enthalten.<\/p>\n\n\n\n<p>Aufgrund dessen k\u00f6nnen Sie den Fortschritt und die Rentabilit\u00e4t des Projekts in Phasen leicht erkennen. Das bedeutet, dass Sie bereits sehen k\u00f6nnen, wie viel Gewinn einige der ersten Arbeiten bringen werden, bevor das Projekt abgeschlossen ist.<\/p>\n<\/div><figure class=\"wp-block-media-text__media\"><img loading=\"lazy\" decoding=\"async\" width=\"736\" height=\"890\" src=\"https:\/\/planyard.com\/wp-content\/uploads\/2024\/10\/NAHB_cost_code_job_sections.jpg\" alt=\"NAHB cost code job sections\" class=\"wp-image-2294 size-full\" \/><\/figure><\/div>\n\n\n\n<h2 class=\"wp-block-heading has-text-align-center paddedHeading\" id=\"where-can-you-get-a-list-of-nahb-cost-codes\">Wo k\u00f6nnen Sie eine Liste der NAHB-Kostencodes erhalten?<\/h2>\n\n\n\n<div class=\"wp-block-buttons is-content-justification-center is-layout-flex wp-container-core-buttons-is-layout-16018d1d wp-block-buttons-is-layout-flex\">\n<div class=\"wp-block-button\"><a class=\"wp-block-button__link wp-element-button\" href=\"https:\/\/planyard.com\/de\/holen-sie-sich-ihre-kostenlosen-nahb-kostencodes\">Holen Sie sich die NAHB-Baukostencodes kostenlos<\/a><\/div>\n<\/div>\n\n\n\n<h3 class=\"wp-block-heading has-text-align-center\">Die Planyard-Auftragssoftware hilft ehrgeizigen Teams, ihre Ziele zu erreichen und ihr Wachstum zu beschleunigen.<\/h3>\n\n\n\n<div class=\"wp-block-media-text alignwide has-media-on-the-right is-stacked-on-mobile is-vertically-aligned-center\"><div class=\"wp-block-media-text__content\">\n<ul class=\"wp-block-list\">\n<li>Keine Tabellenkalkulationen mehr<\/li>\n\n\n\n<li>Sparen Sie Zeit f\u00fcr Projektleiter und QSs<\/li>\n\n\n\n<li>Einfach zu implementieren und zu verwenden<\/li>\n\n\n\n<li>Echtzeit- und genaue Finanzprognosen<\/li>\n\n\n\n<li>Keine doppelte Dateneingabe mehr<\/li>\n<\/ul>\n<\/div><figure class=\"wp-block-media-text__media\"><img loading=\"lazy\" decoding=\"async\" width=\"1024\" height=\"598\" src=\"https:\/\/planyard.com\/wp-content\/uploads\/2024\/09\/construction-project-management-software-macbook-iphone-1_reduced-1024x598-1.webp\" alt=\"\" class=\"wp-image-1980 size-large\" \/><\/figure><\/div>\n","protected":false},"excerpt":{"rendered":"<p>NAHB-Kostencodes sind ein standardisiertes Set von Codes, definiert von der National Association of Home Builders, um finanzielle und projektspezifische Daten zu verfolgen, zu verwalten und zu berichten. Diese Codes vereinfachen das Datenmanagement im gesamten Unternehmen und kommen allen Beteiligten zugute, einschlie\u00dflich Kalkulatoren, Projektleitern und Buchhaltung. Die standardisierte Struktur unterst\u00fctzt die Kostensch\u00e4tzung auf Basis fr\u00fcherer Projekte&#8230;  <a class=\"excerpt-read-more\" href=\"https:\/\/planyard.com\/de\/nahb-kostencodes\" title=\"Lesen Sie  NAHB-Kostencodes\">Mehr lesen &#8222;<\/a><\/p>\n","protected":false},"author":2,"featured_media":0,"parent":0,"menu_order":0,"comment_status":"closed","ping_status":"closed","template":"","meta":{"_acf_changed":false,"content-type":"","footnotes":""},"page_intent":[165],"page_type":[],"class_list":["post-12508","page","type-page","status-publish","hentry"],"acf":[],"yoast_head":"<!-- This site is optimized with the Yoast SEO plugin v27.1.1 - https:\/\/yoast.com\/product\/yoast-seo-wordpress\/ -->\n<title>NAHB-Kostencodes - Leitfaden und kostenlose Vorlage<\/title>\n<meta name=\"description\" content=\"Laden Sie die NAHB-Baukostencodes kostenlos herunter und behalten Sie Ihre Projektkosten m\u00fchelos im Griff. Standardisieren Sie Ihre Prozesse f\u00fcr Transparenz.\" \/>\n<meta name=\"robots\" content=\"index, follow, max-snippet:-1, max-image-preview:large, max-video-preview:-1\" \/>\n<link rel=\"canonical\" href=\"https:\/\/planyard.com\/de\/nahb-kostencodes\" \/>\n<meta property=\"og:locale\" content=\"de_DE\" \/>\n<meta property=\"og:type\" content=\"article\" \/>\n<meta property=\"og:title\" content=\"NAHB-Kostencodes - Leitfaden und kostenlose Vorlage\" \/>\n<meta property=\"og:description\" content=\"Laden Sie die NAHB-Baukostencodes kostenlos herunter und behalten Sie Ihre Projektkosten m\u00fchelos im Griff. Standardisieren Sie Ihre Prozesse f\u00fcr Transparenz.\" \/>\n<meta property=\"og:url\" content=\"https:\/\/planyard.com\/de\/nahb-kostencodes\" \/>\n<meta property=\"og:site_name\" content=\"Planyard in Deutsch\" \/>\n<meta property=\"article:modified_time\" content=\"2025-06-03T17:55:08+00:00\" \/>\n<meta property=\"og:image\" content=\"https:\/\/planyard.com\/wp-content\/uploads\/2024\/10\/NAHB_cost_codes.jpg\" \/>\n\t<meta property=\"og:image:width\" content=\"1010\" \/>\n\t<meta property=\"og:image:height\" content=\"1006\" \/>\n\t<meta property=\"og:image:type\" content=\"image\/jpeg\" \/>\n<meta name=\"twitter:card\" content=\"summary_large_image\" \/>\n<meta name=\"twitter:label1\" content=\"Gesch\u00e4tzte Lesezeit\" \/>\n\t<meta name=\"twitter:data1\" content=\"2\u00a0Minuten\" \/>\n<!-- \/ Yoast SEO plugin. -->","yoast_head_json":{"title":"NAHB-Kostencodes - Leitfaden und kostenlose Vorlage","description":"Laden Sie die NAHB-Baukostencodes kostenlos herunter und behalten Sie Ihre Projektkosten m\u00fchelos im Griff. Standardisieren Sie Ihre Prozesse f\u00fcr Transparenz.","robots":{"index":"index","follow":"follow","max-snippet":"max-snippet:-1","max-image-preview":"max-image-preview:large","max-video-preview":"max-video-preview:-1"},"canonical":"https:\/\/planyard.com\/de\/nahb-kostencodes","og_locale":"de_DE","og_type":"article","og_title":"NAHB-Kostencodes - Leitfaden und kostenlose Vorlage","og_description":"Laden Sie die NAHB-Baukostencodes kostenlos herunter und behalten Sie Ihre Projektkosten m\u00fchelos im Griff. Standardisieren Sie Ihre Prozesse f\u00fcr Transparenz.","og_url":"https:\/\/planyard.com\/de\/nahb-kostencodes","og_site_name":"Planyard in Deutsch","article_modified_time":"2025-06-03T17:55:08+00:00","og_image":[{"width":1010,"height":1006,"url":"https:\/\/planyard.com\/wp-content\/uploads\/2024\/10\/NAHB_cost_codes.jpg","type":"image\/jpeg"}],"twitter_card":"summary_large_image","twitter_misc":{"Gesch\u00e4tzte Lesezeit":"2\u00a0Minuten"},"schema":{"@context":"https:\/\/schema.org","@graph":[{"@type":"WebPage","@id":"https:\/\/planyard.com\/de\/nahb-kostencodes","url":"https:\/\/planyard.com\/de\/nahb-kostencodes","name":"NAHB-Kostencodes - Leitfaden und kostenlose Vorlage","isPartOf":{"@id":"https:\/\/planyard.com\/de#website"},"primaryImageOfPage":{"@id":"https:\/\/planyard.com\/de\/nahb-kostencodes#primaryimage"},"image":{"@id":"https:\/\/planyard.com\/de\/nahb-kostencodes#primaryimage"},"thumbnailUrl":"https:\/\/planyard.com\/wp-content\/uploads\/2024\/10\/NAHB_cost_codes.jpg","datePublished":"2024-08-26T07:20:15+00:00","dateModified":"2025-06-03T17:55:08+00:00","description":"Laden Sie die NAHB-Baukostencodes kostenlos herunter und behalten Sie Ihre Projektkosten m\u00fchelos im Griff. Standardisieren Sie Ihre Prozesse f\u00fcr Transparenz.","breadcrumb":{"@id":"https:\/\/planyard.com\/de\/nahb-kostencodes#breadcrumb"},"inLanguage":"de","potentialAction":[{"@type":"ReadAction","target":["https:\/\/planyard.com\/de\/nahb-kostencodes"]}]},{"@type":"ImageObject","inLanguage":"de","@id":"https:\/\/planyard.com\/de\/nahb-kostencodes#primaryimage","url":"https:\/\/planyard.com\/wp-content\/uploads\/2024\/10\/NAHB_cost_codes.jpg","contentUrl":"https:\/\/planyard.com\/wp-content\/uploads\/2024\/10\/NAHB_cost_codes.jpg"},{"@type":"BreadcrumbList","@id":"https:\/\/planyard.com\/de\/nahb-kostencodes#breadcrumb","itemListElement":[{"@type":"ListItem","position":1,"name":"Home","item":"https:\/\/planyard.com\/de"},{"@type":"ListItem","position":2,"name":"NAHB-Kostencodes"}]},{"@type":"WebSite","@id":"https:\/\/planyard.com\/de#website","url":"https:\/\/planyard.com\/de","name":"Planyard in Deutsch","description":"","potentialAction":[{"@type":"SearchAction","target":{"@type":"EntryPoint","urlTemplate":"https:\/\/planyard.com\/de?s={search_term_string}"},"query-input":{"@type":"PropertyValueSpecification","valueRequired":true,"valueName":"search_term_string"}}],"inLanguage":"de"}]}},"_links":{"self":[{"href":"https:\/\/planyard.com\/de\/wp-json\/wp\/v2\/pages\/12508","targetHints":{"allow":["GET"]}}],"collection":[{"href":"https:\/\/planyard.com\/de\/wp-json\/wp\/v2\/pages"}],"about":[{"href":"https:\/\/planyard.com\/de\/wp-json\/wp\/v2\/types\/page"}],"author":[{"embeddable":true,"href":"https:\/\/planyard.com\/de\/wp-json\/wp\/v2\/users\/2"}],"replies":[{"embeddable":true,"href":"https:\/\/planyard.com\/de\/wp-json\/wp\/v2\/comments?post=12508"}],"version-history":[{"count":4,"href":"https:\/\/planyard.com\/de\/wp-json\/wp\/v2\/pages\/12508\/revisions"}],"predecessor-version":[{"id":16682,"href":"https:\/\/planyard.com\/de\/wp-json\/wp\/v2\/pages\/12508\/revisions\/16682"}],"wp:attachment":[{"href":"https:\/\/planyard.com\/de\/wp-json\/wp\/v2\/media?parent=12508"}],"wp:term":[{"taxonomy":"page_intent","embeddable":true,"href":"https:\/\/planyard.com\/de\/wp-json\/wp\/v2\/page_intent?post=12508"},{"taxonomy":"page_type","embeddable":true,"href":"https:\/\/planyard.com\/de\/wp-json\/wp\/v2\/page_type?post=12508"}],"curies":[{"name":"wp","href":"https:\/\/api.w.org\/{rel}","templated":true}]}}