{"id":12501,"date":"2024-08-26T10:49:36","date_gmt":"2024-08-26T10:49:36","guid":{"rendered":"https:\/\/planyard.com\/set-realistic-project-management-goals"},"modified":"2025-05-19T18:15:44","modified_gmt":"2025-05-19T18:15:44","slug":"realistische-ziele-projektmanagement-setzen","status":"publish","type":"page","link":"https:\/\/planyard.com\/de\/realistische-ziele-projektmanagement-setzen","title":{"rendered":"Wie man realistische Ziele im Projektmanagement setzt (Ver\u00f6ffentlichungsdatum 31. August 2023)"},"content":{"rendered":"\n<div class=\"wp-block-columns is-layout-flex wp-container-core-columns-is-layout-9d6595d7 wp-block-columns-is-layout-flex\">\n<div class=\"wp-block-column is-layout-flow wp-block-column-is-layout-flow\">\n<h2 class=\"wp-block-heading\">Abonnieren Sie jetzt, und wir senden Ihnen eine E-Mail, wenn es ver\u00f6ffentlicht wird<\/h2>\n\n\n\n<h5 class=\"wp-block-heading\">Wie wird Ihnen dieser Leitfaden n\u00fctzen?<\/h5>\n\n\n\n<ol class=\"wp-block-list\">\n<li>Sie erwerben das Wissen, das Sie ben\u00f6tigen, um realistische Ziele zu setzen<\/li>\n\n\n\n<li>Sie lernen, wie Sie Ihre F\u00e4higkeiten im Projektmanagement verbessern k\u00f6nnen<\/li>\n\n\n\n<li>Sie lernen, wie Sie Ihr Projekt p\u00fcnktlich und kostengerecht liefern k\u00f6nnen<\/li>\n<\/ol>\n\n\n\n<p>Erstellt von Projektmanagern f\u00fcr Projektmanager.<\/p>\n<\/div>\n\n\n\n<div class=\"wp-block-column is-layout-flow wp-block-column-is-layout-flow\">\n\n\n  hbspt.forms.create({\n\tportalId: &#8222;4963994&#8220;,\n\tformId: &#8222;6d637baa-1f66-4c3c-8cb5-c8ddd8057932&#8220;\n});\n\n<\/div>\n<\/div>\n","protected":false},"excerpt":{"rendered":"<p>Abonnieren Sie jetzt, und wir senden Ihnen eine E-Mail, wenn es ver\u00f6ffentlicht wird Wie wird Ihnen dieser Leitfaden n\u00fctzen? Erstellt von Projektmanagern f\u00fcr Projektmanager. hbspt.forms.create({ portalId: &#8222;4963994&#8220;, formId: &#8222;6d637baa-1f66-4c3c-8cb5-c8ddd8057932&#8220; });<\/p>\n","protected":false},"author":2,"featured_media":0,"parent":0,"menu_order":0,"comment_status":"closed","ping_status":"closed","template":"","meta":{"_acf_changed":false,"content-type":"","footnotes":""},"page_intent":[165],"page_type":[],"class_list":["post-12501","page","type-page","status-publish","hentry"],"acf":[],"yoast_head":"<!-- This site is optimized with the Yoast SEO plugin v27.1.1 - https:\/\/yoast.com\/product\/yoast-seo-wordpress\/ -->\n<title>Wie man realistische Ziele im Projektmanagement setzt (Ver\u00f6ffentlichungsdatum 31. August 2023) - Planyard in Deutsch<\/title>\n<meta name=\"description\" content=\"F\u00fcllen Sie das Formular aus und laden Sie den Leitfaden f\u00fcr Bauprojektmanagement herunter, um Ihre Projektmanagementf\u00e4higkeiten zu verbessern.\" \/>\n<meta name=\"robots\" content=\"index, follow, max-snippet:-1, max-image-preview:large, max-video-preview:-1\" \/>\n<link rel=\"canonical\" href=\"https:\/\/planyard.com\/de\/realistische-ziele-projektmanagement-setzen\" \/>\n<meta property=\"og:locale\" content=\"de_DE\" \/>\n<meta property=\"og:type\" content=\"article\" \/>\n<meta property=\"og:title\" content=\"Wie man realistische Ziele im Projektmanagement setzt (Ver\u00f6ffentlichungsdatum 31. August 2023) - Planyard in Deutsch\" \/>\n<meta property=\"og:description\" content=\"F\u00fcllen Sie das Formular aus und laden Sie den Leitfaden f\u00fcr Bauprojektmanagement herunter, um Ihre Projektmanagementf\u00e4higkeiten zu verbessern.\" \/>\n<meta property=\"og:url\" content=\"https:\/\/planyard.com\/de\/realistische-ziele-projektmanagement-setzen\" \/>\n<meta property=\"og:site_name\" content=\"Planyard in Deutsch\" \/>\n<meta property=\"article:modified_time\" content=\"2025-05-19T18:15:44+00:00\" \/>\n<meta name=\"twitter:card\" content=\"summary_large_image\" \/>\n<meta name=\"twitter:label1\" content=\"Gesch\u00e4tzte Lesezeit\" \/>\n\t<meta name=\"twitter:data1\" content=\"1\u00a0Minute\" \/>\n<!-- \/ Yoast SEO plugin. -->","yoast_head_json":{"title":"Wie man realistische Ziele im Projektmanagement setzt (Ver\u00f6ffentlichungsdatum 31. August 2023) - Planyard in Deutsch","description":"F\u00fcllen Sie das Formular aus und laden Sie den Leitfaden f\u00fcr Bauprojektmanagement herunter, um Ihre Projektmanagementf\u00e4higkeiten zu verbessern.","robots":{"index":"index","follow":"follow","max-snippet":"max-snippet:-1","max-image-preview":"max-image-preview:large","max-video-preview":"max-video-preview:-1"},"canonical":"https:\/\/planyard.com\/de\/realistische-ziele-projektmanagement-setzen","og_locale":"de_DE","og_type":"article","og_title":"Wie man realistische Ziele im Projektmanagement setzt (Ver\u00f6ffentlichungsdatum 31. August 2023) - Planyard in Deutsch","og_description":"F\u00fcllen Sie das Formular aus und laden Sie den Leitfaden f\u00fcr Bauprojektmanagement herunter, um Ihre Projektmanagementf\u00e4higkeiten zu verbessern.","og_url":"https:\/\/planyard.com\/de\/realistische-ziele-projektmanagement-setzen","og_site_name":"Planyard in Deutsch","article_modified_time":"2025-05-19T18:15:44+00:00","twitter_card":"summary_large_image","twitter_misc":{"Gesch\u00e4tzte Lesezeit":"1\u00a0Minute"},"schema":{"@context":"https:\/\/schema.org","@graph":[{"@type":"WebPage","@id":"https:\/\/planyard.com\/de\/realistische-ziele-projektmanagement-setzen","url":"https:\/\/planyard.com\/de\/realistische-ziele-projektmanagement-setzen","name":"Wie man realistische Ziele im Projektmanagement setzt (Ver\u00f6ffentlichungsdatum 31. August 2023) - Planyard in Deutsch","isPartOf":{"@id":"https:\/\/planyard.com\/de#website"},"datePublished":"2024-08-26T10:49:36+00:00","dateModified":"2025-05-19T18:15:44+00:00","description":"F\u00fcllen Sie das Formular aus und laden Sie den Leitfaden f\u00fcr Bauprojektmanagement herunter, um Ihre Projektmanagementf\u00e4higkeiten zu verbessern.","breadcrumb":{"@id":"https:\/\/planyard.com\/de\/realistische-ziele-projektmanagement-setzen#breadcrumb"},"inLanguage":"de","potentialAction":[{"@type":"ReadAction","target":["https:\/\/planyard.com\/de\/realistische-ziele-projektmanagement-setzen"]}]},{"@type":"BreadcrumbList","@id":"https:\/\/planyard.com\/de\/realistische-ziele-projektmanagement-setzen#breadcrumb","itemListElement":[{"@type":"ListItem","position":1,"name":"Home","item":"https:\/\/planyard.com\/de"},{"@type":"ListItem","position":2,"name":"Wie man realistische Projektmanagementziele setzt (Ver\u00f6ffentlichungsdatum 31. August 2023)"}]},{"@type":"WebSite","@id":"https:\/\/planyard.com\/de#website","url":"https:\/\/planyard.com\/de","name":"Planyard in Deutsch","description":"","potentialAction":[{"@type":"SearchAction","target":{"@type":"EntryPoint","urlTemplate":"https:\/\/planyard.com\/de?s={search_term_string}"},"query-input":{"@type":"PropertyValueSpecification","valueRequired":true,"valueName":"search_term_string"}}],"inLanguage":"de"}]}},"_links":{"self":[{"href":"https:\/\/planyard.com\/de\/wp-json\/wp\/v2\/pages\/12501","targetHints":{"allow":["GET"]}}],"collection":[{"href":"https:\/\/planyard.com\/de\/wp-json\/wp\/v2\/pages"}],"about":[{"href":"https:\/\/planyard.com\/de\/wp-json\/wp\/v2\/types\/page"}],"author":[{"embeddable":true,"href":"https:\/\/planyard.com\/de\/wp-json\/wp\/v2\/users\/2"}],"replies":[{"embeddable":true,"href":"https:\/\/planyard.com\/de\/wp-json\/wp\/v2\/comments?post=12501"}],"version-history":[{"count":3,"href":"https:\/\/planyard.com\/de\/wp-json\/wp\/v2\/pages\/12501\/revisions"}],"predecessor-version":[{"id":16213,"href":"https:\/\/planyard.com\/de\/wp-json\/wp\/v2\/pages\/12501\/revisions\/16213"}],"wp:attachment":[{"href":"https:\/\/planyard.com\/de\/wp-json\/wp\/v2\/media?parent=12501"}],"wp:term":[{"taxonomy":"page_intent","embeddable":true,"href":"https:\/\/planyard.com\/de\/wp-json\/wp\/v2\/page_intent?post=12501"},{"taxonomy":"page_type","embeddable":true,"href":"https:\/\/planyard.com\/de\/wp-json\/wp\/v2\/page_type?post=12501"}],"curies":[{"name":"wp","href":"https:\/\/api.w.org\/{rel}","templated":true}]}}