{"id":12482,"date":"2025-01-30T10:30:14","date_gmt":"2025-01-30T10:30:14","guid":{"rendered":"https:\/\/planyard.com\/get-the-next-chapter-of-the-master-construction-project-management-guide"},"modified":"2025-05-19T18:12:39","modified_gmt":"2025-05-19T18:12:39","slug":"holen-sie-sich-das-nachste-kapitel-des-master-leitfadens-fur-bauprojektmanagement","status":"publish","type":"page","link":"https:\/\/planyard.com\/de\/holen-sie-sich-das-nachste-kapitel-des-master-leitfadens-fur-bauprojektmanagement","title":{"rendered":"Holen Sie sich das n\u00e4chste Kapitel des Master-Leitfadens f\u00fcr Bauprojektmanagement"},"content":{"rendered":"\n<div class=\"wp-block-columns is-layout-flex wp-container-core-columns-is-layout-9d6595d7 wp-block-columns-is-layout-flex\">\n<div class=\"wp-block-column is-layout-flow wp-block-column-is-layout-flow\">\n<p>M\u00f6chten Sie im Bauprojektmanagement immer einen Schritt voraus sein? Abonnieren Sie, um benachrichtigt zu werden, wenn das n\u00e4chste Kapitel unseres kostenlosen Leitfadens ver\u00f6ffentlicht wird \u2013 vollgepackt mit Experteneinblicken, die Ihnen helfen, Projekte zu optimieren, die Kostenkontrolle zu verbessern und die Effizienz zu steigern.<\/p>\n\n\n\n<h5 class=\"wp-block-heading\">Sehen Sie sich den vollst\u00e4ndigen Ver\u00f6ffentlichungsplan <a href=\"https:\/\/planyard.com\/de\/kostenloser-leitfaden-bauprojektmanagement-meistern\">hier<\/a> an<\/h5>\n<\/div>\n\n\n\n<div class=\"wp-block-column is-layout-flow wp-block-column-is-layout-flow\">\n<div id=\"mc_embed_shell\">\n      \n  \n        #mc_embed_signup{background:#fff; false;clear:left; font:14px Helvetica,Arial,sans-serif; width: 600px;}\n        \/* Add your own Mailchimp form style overrides in your site stylesheet or in this style block.\n           We recommend moving this block and the preceding CSS link to the HEAD of your HTML file. *\/\n\n<div id=\"mc_embed_signup\">\n    \n        <div id=\"mc_embed_signup_scroll\"><h2>Abonnieren<\/h2>\n            <div class=\"indicates-required\"><span class=\"asterisk\">*<\/span> erforderlich<\/div>\n            <div class=\"mc-field-group\"><label for=\"mce-EMAIL\">E-Mail-Adresse <span class=\"asterisk\">*<\/span><\/label><\/div><div class=\"mc-field-group\"><label for=\"mce-FNAME\">Vorname <\/label><\/div><div class=\"mc-field-group\"><label for=\"mce-LNAME\">Nachname <\/label><\/div><div class=\"mc-field-group\"><label for=\"mce-COMPANY\">Unternehmen <span class=\"asterisk\">*<\/span><\/label><\/div><div class=\"mc-field-group\"><label for=\"mce-PHONE\">Telefonnummer <\/label><\/div><div class=\"mc-field-group\"><label for=\"mce-MMERGE8\">Rolle <span class=\"asterisk\">*<\/span><\/label><\/div>\n<div hidden=\"\"><\/div>\n        <div id=\"mce-responses\" class=\"clear\">\n            <div class=\"response\" id=\"mce-error-response\"><\/div>\n            <div class=\"response\" id=\"mce-success-response\"><\/div>\n        <\/div><div aria-hidden=\"true\" style=\"position: absolute;left: -5000px\"><\/div><div class=\"clear\"><\/div>\n    <\/div>\n\n<\/div>\n(function($) {window.fnames = new Array(); window.ftypes = new Array();fnames[0]=&#8217;EMAIL&#8216;;ftypes[0]=&#8217;email&#8216;;fnames[1]=&#8217;FNAME&#8216;;ftypes[1]=&#8217;text&#8216;;fnames[2]=&#8217;LNAME&#8216;;ftypes[2]=&#8217;text&#8216;;fnames[7]=&#8217;COMPANY&#8216;;ftypes[7]=&#8217;text&#8216;;fnames[4]=&#8217;PHONE&#8216;;ftypes[4]=&#8217;phone&#8216;;fnames[8]=&#8217;MMERGE8&#8242;;ftypes[8]=&#8217;text&#8216;;fnames[3]=&#8217;ADDRESS&#8216;;ftypes[3]=&#8217;address&#8216;;fnames[5]=&#8217;BIRTHDAY&#8216;;ftypes[5]=&#8217;birthday&#8216;;fnames[6]=&#8217;ORIGIN&#8216;;ftypes[6]=&#8217;text&#8216;;}(jQuery));var $mcj = jQuery.noConflict(true);<\/div>\n\n<\/div>\n<\/div>\n\n\n\n<p><\/p>\n","protected":false},"excerpt":{"rendered":"<p>M\u00f6chten Sie im Bauprojektmanagement immer einen Schritt voraus sein? Abonnieren Sie, um benachrichtigt zu werden, wenn das n\u00e4chste Kapitel unseres kostenlosen Leitfadens ver\u00f6ffentlicht wird \u2013 vollgepackt mit Experteneinblicken, die Ihnen helfen, Projekte zu optimieren, die Kostenkontrolle zu verbessern und die Effizienz zu steigern. Sehen Sie sich den vollst\u00e4ndigen Ver\u00f6ffentlichungsplan hier an #mc_embed_signup{background:#fff; false;clear:left; font:14px Helvetica,Arial,sans-serif;&#8230;  <a class=\"excerpt-read-more\" href=\"https:\/\/planyard.com\/de\/holen-sie-sich-das-nachste-kapitel-des-master-leitfadens-fur-bauprojektmanagement\" title=\"Lesen Sie  Holen Sie sich das n\u00e4chste Kapitel des Master-Leitfadens f\u00fcr Bauprojektmanagement\">Mehr lesen &#8222;<\/a><\/p>\n","protected":false},"author":4,"featured_media":0,"parent":0,"menu_order":0,"comment_status":"closed","ping_status":"closed","template":"","meta":{"_acf_changed":false,"content-type":"","footnotes":""},"page_intent":[165],"page_type":[],"class_list":["post-12482","page","type-page","status-publish","hentry"],"acf":[],"yoast_head":"<!-- This site is optimized with the Yoast SEO plugin v27.1.1 - https:\/\/yoast.com\/product\/yoast-seo-wordpress\/ -->\n<title>Holen Sie sich das n\u00e4chste Kapitel des Master-Leitfadens f\u00fcr Bauprojektmanagement<\/title>\n<meta name=\"description\" content=\"M\u00f6chten Sie im Bauprojektmanagement vorne bleiben? Abonnieren Sie, um benachrichtigt zu werden, wenn das n\u00e4chste Kapitel unseres kostenlosen Leitfadens ver\u00f6ffentlicht wird.\" \/>\n<meta name=\"robots\" content=\"index, follow, max-snippet:-1, max-image-preview:large, max-video-preview:-1\" \/>\n<link rel=\"canonical\" href=\"https:\/\/planyard.com\/de\/holen-sie-sich-das-nachste-kapitel-des-master-leitfadens-fur-bauprojektmanagement\" \/>\n<meta property=\"og:locale\" content=\"de_DE\" \/>\n<meta property=\"og:type\" content=\"article\" \/>\n<meta property=\"og:title\" content=\"Holen Sie sich das n\u00e4chste Kapitel des Master-Leitfadens f\u00fcr Bauprojektmanagement\" \/>\n<meta property=\"og:description\" content=\"M\u00f6chten Sie im Bauprojektmanagement vorne bleiben? Abonnieren Sie, um benachrichtigt zu werden, wenn das n\u00e4chste Kapitel unseres kostenlosen Leitfadens ver\u00f6ffentlicht wird.\" \/>\n<meta property=\"og:url\" content=\"https:\/\/planyard.com\/de\/holen-sie-sich-das-nachste-kapitel-des-master-leitfadens-fur-bauprojektmanagement\" \/>\n<meta property=\"og:site_name\" content=\"Planyard in Deutsch\" \/>\n<meta property=\"article:modified_time\" content=\"2025-05-19T18:12:39+00:00\" \/>\n<meta name=\"twitter:card\" content=\"summary_large_image\" \/>\n<meta name=\"twitter:label1\" content=\"Gesch\u00e4tzte Lesezeit\" \/>\n\t<meta name=\"twitter:data1\" content=\"1\u00a0Minute\" \/>\n<!-- \/ Yoast SEO plugin. -->","yoast_head_json":{"title":"Holen Sie sich das n\u00e4chste Kapitel des Master-Leitfadens f\u00fcr Bauprojektmanagement","description":"M\u00f6chten Sie im Bauprojektmanagement vorne bleiben? Abonnieren Sie, um benachrichtigt zu werden, wenn das n\u00e4chste Kapitel unseres kostenlosen Leitfadens ver\u00f6ffentlicht wird.","robots":{"index":"index","follow":"follow","max-snippet":"max-snippet:-1","max-image-preview":"max-image-preview:large","max-video-preview":"max-video-preview:-1"},"canonical":"https:\/\/planyard.com\/de\/holen-sie-sich-das-nachste-kapitel-des-master-leitfadens-fur-bauprojektmanagement","og_locale":"de_DE","og_type":"article","og_title":"Holen Sie sich das n\u00e4chste Kapitel des Master-Leitfadens f\u00fcr Bauprojektmanagement","og_description":"M\u00f6chten Sie im Bauprojektmanagement vorne bleiben? Abonnieren Sie, um benachrichtigt zu werden, wenn das n\u00e4chste Kapitel unseres kostenlosen Leitfadens ver\u00f6ffentlicht wird.","og_url":"https:\/\/planyard.com\/de\/holen-sie-sich-das-nachste-kapitel-des-master-leitfadens-fur-bauprojektmanagement","og_site_name":"Planyard in Deutsch","article_modified_time":"2025-05-19T18:12:39+00:00","twitter_card":"summary_large_image","twitter_misc":{"Gesch\u00e4tzte Lesezeit":"1\u00a0Minute"},"schema":{"@context":"https:\/\/schema.org","@graph":[{"@type":"WebPage","@id":"https:\/\/planyard.com\/de\/holen-sie-sich-das-nachste-kapitel-des-master-leitfadens-fur-bauprojektmanagement","url":"https:\/\/planyard.com\/de\/holen-sie-sich-das-nachste-kapitel-des-master-leitfadens-fur-bauprojektmanagement","name":"Holen Sie sich das n\u00e4chste Kapitel des Master-Leitfadens f\u00fcr Bauprojektmanagement","isPartOf":{"@id":"https:\/\/planyard.com\/de#website"},"datePublished":"2025-01-30T10:30:14+00:00","dateModified":"2025-05-19T18:12:39+00:00","description":"M\u00f6chten Sie im Bauprojektmanagement vorne bleiben? Abonnieren Sie, um benachrichtigt zu werden, wenn das n\u00e4chste Kapitel unseres kostenlosen Leitfadens ver\u00f6ffentlicht wird.","breadcrumb":{"@id":"https:\/\/planyard.com\/de\/holen-sie-sich-das-nachste-kapitel-des-master-leitfadens-fur-bauprojektmanagement#breadcrumb"},"inLanguage":"de","potentialAction":[{"@type":"ReadAction","target":["https:\/\/planyard.com\/de\/holen-sie-sich-das-nachste-kapitel-des-master-leitfadens-fur-bauprojektmanagement"]}]},{"@type":"BreadcrumbList","@id":"https:\/\/planyard.com\/de\/holen-sie-sich-das-nachste-kapitel-des-master-leitfadens-fur-bauprojektmanagement#breadcrumb","itemListElement":[{"@type":"ListItem","position":1,"name":"Home","item":"https:\/\/planyard.com\/de"},{"@type":"ListItem","position":2,"name":"Holen Sie sich das n\u00e4chste Kapitel des Master-Leitfadens f\u00fcr Bauprojektmanagement"}]},{"@type":"WebSite","@id":"https:\/\/planyard.com\/de#website","url":"https:\/\/planyard.com\/de","name":"Planyard in Deutsch","description":"","potentialAction":[{"@type":"SearchAction","target":{"@type":"EntryPoint","urlTemplate":"https:\/\/planyard.com\/de?s={search_term_string}"},"query-input":{"@type":"PropertyValueSpecification","valueRequired":true,"valueName":"search_term_string"}}],"inLanguage":"de"}]}},"_links":{"self":[{"href":"https:\/\/planyard.com\/de\/wp-json\/wp\/v2\/pages\/12482","targetHints":{"allow":["GET"]}}],"collection":[{"href":"https:\/\/planyard.com\/de\/wp-json\/wp\/v2\/pages"}],"about":[{"href":"https:\/\/planyard.com\/de\/wp-json\/wp\/v2\/types\/page"}],"author":[{"embeddable":true,"href":"https:\/\/planyard.com\/de\/wp-json\/wp\/v2\/users\/4"}],"replies":[{"embeddable":true,"href":"https:\/\/planyard.com\/de\/wp-json\/wp\/v2\/comments?post=12482"}],"version-history":[{"count":3,"href":"https:\/\/planyard.com\/de\/wp-json\/wp\/v2\/pages\/12482\/revisions"}],"predecessor-version":[{"id":16190,"href":"https:\/\/planyard.com\/de\/wp-json\/wp\/v2\/pages\/12482\/revisions\/16190"}],"wp:attachment":[{"href":"https:\/\/planyard.com\/de\/wp-json\/wp\/v2\/media?parent=12482"}],"wp:term":[{"taxonomy":"page_intent","embeddable":true,"href":"https:\/\/planyard.com\/de\/wp-json\/wp\/v2\/page_intent?post=12482"},{"taxonomy":"page_type","embeddable":true,"href":"https:\/\/planyard.com\/de\/wp-json\/wp\/v2\/page_type?post=12482"}],"curies":[{"name":"wp","href":"https:\/\/api.w.org\/{rel}","templated":true}]}}