{"id":12480,"date":"2025-02-12T12:12:00","date_gmt":"2025-02-12T12:12:00","guid":{"rendered":"https:\/\/planyard.com\/free-construction-schedule-template-for-excel-download-now"},"modified":"2025-06-04T06:36:38","modified_gmt":"2025-06-04T06:36:38","slug":"kostenlose-bauzeitplan-vorlage-fuer-excel-jetzt-herunterladen","status":"publish","type":"page","link":"https:\/\/planyard.com\/de\/kostenlose-bauzeitplan-vorlage-fuer-excel-jetzt-herunterladen","title":{"rendered":"Kostenlose Bauzeitplan-Vorlage f\u00fcr Excel \u2013 Jetzt herunterladen"},"content":{"rendered":"\n<div class=\"wp-block-media-text is-stacked-on-mobile\" style=\"grid-template-columns:55% auto\"><figure class=\"wp-block-media-text__media\"><img loading=\"lazy\" decoding=\"async\" width=\"1318\" height=\"661\" src=\"https:\/\/planyard.com\/wp-content\/uploads\/2025\/01\/image-11.png\" alt=\"\" class=\"wp-image-8740 size-full\"\/><\/figure><div class=\"wp-block-media-text__content\">\n<p>Ohne einen klaren Zeitplan ein Bauprojekt zu managen, kann zu <strong>Verz\u00f6gerungen, Kosten\u00fcberschreitungen und Missverst\u00e4ndnissen<\/strong> f\u00fchren. Egal, ob Sie ein <strong>Auftragnehmer, Bauleiter oder Finanzleiter im Bauwesen<\/strong> sind, ein strukturierter Zeitplan ist entscheidend, um <strong>Ihr Projekt auf Kurs zu halten<\/strong>.<\/p>\n\n\n\n<p>Diese <strong>kostenlose Bauzeitplan-Vorlage f\u00fcr Excel<\/strong> bietet eine <strong>einfache, anpassbare L\u00f6sung<\/strong>, um jede Phase Ihres Projekts zu planen und zu \u00fcberwachen.<\/p>\n<\/div><\/div>\n\n\n\n<p>Erfahren Sie mehr dar\u00fcber, warum Zeitpl\u00e4ne scheitern und wie Sie solche erstellen, die funktionieren.&nbsp;<a href=\"https:\/\/planyard.com\/de\/bauzeitplanung\">Mehr erfahren<\/a><\/p>\n\n\n\n<h2 class=\"wp-block-heading\"><strong>Laden Sie Ihre kostenlose Bauzeitplan-Vorlage herunter<\/strong><\/h2>\n\n\n\n<p>Erhalten Sie <strong>sofortigen Zugriff<\/strong> auf eine professionelle Bauzeitplan-Vorlage, die f\u00fcr <strong>Auftragnehmer, Bauleiter und Bauunternehmer<\/strong> entwickelt wurde.<\/p>\n\n\n\n<div class=\"wp-block-buttons is-layout-flex wp-block-buttons-is-layout-flex\">\n<div class=\"wp-block-button\"><a class=\"wp-block-button__link has-white-color has-text-color has-background has-link-color wp-element-button\" href=\"https:\/\/planyard.com\/de\/holen-sie-sich-ihre-kostenlose-bauzeitplanvorlage-fuer-excel\" style=\"background-color:#2756ff\">Kostenlose Vorlage herunterladen<\/a><\/div>\n<\/div>\n\n\n\n<h2 class=\"wp-block-heading\">Warum eine Bauzeitplan-Vorlage verwenden?<\/h2>\n\n\n\n<p>Ein <strong>Bauzeitplan<\/strong> ist eine visuelle Zeitleiste, die <strong>Aufgaben, Dauer, Abh\u00e4ngigkeiten und Fristen<\/strong> f\u00fcr ein Projekt umrei\u00dft. Er hilft Bauteams:<\/p>\n\n\n\n<ul class=\"wp-block-list\">\n<li><strong>Verz\u00f6gerungen vermeiden<\/strong> \u2013 Potenzielle Engp\u00e4sse fr\u00fchzeitig erkennen.<\/li>\n\n\n\n<li><strong>Kommunikation verbessern<\/strong> \u2013 Stakeholder \u00fcber den Fortschritt informieren.<\/li>\n\n\n\n<li><strong>Im Budget bleiben<\/strong> \u2013 Zeitpl\u00e4ne mit Kostenmanagement-Tools wie <strong>Planyard<\/strong> abstimmen.<\/li>\n\n\n\n<li><strong>Effizienz steigern<\/strong> \u2013 Verantwortlichkeiten zuweisen und Arbeitsabl\u00e4ufe optimieren.<\/li>\n<\/ul>\n\n\n\n<p>Die Verwendung einer <strong>vorgefertigten Excel-Vorlage<\/strong> spart Zeit und gew\u00e4hrleistet Genauigkeit im Vergleich zur manuellen Planung.<\/p>\n\n\n\n<h3 class=\"wp-block-heading\">Wie man diese Bauzeitplan-Vorlage verwendet<\/h3>\n\n\n\n<h3 class=\"wp-block-heading\">1. Definieren Sie den Projektumfang<\/h3>\n\n\n\n<p>Listen Sie die <strong>Hauptphasen<\/strong> Ihres Projekts auf, wie zum Beispiel:<\/p>\n\n\n\n<ul class=\"wp-block-list\">\n<li><strong>Gel\u00e4ndevorbereitung<\/strong><\/li>\n\n\n\n<li><strong>Fundamentarbeiten<\/strong><\/li>\n\n\n\n<li><strong>Rahmen- und Strukturarbeiten<\/strong><\/li>\n\n\n\n<li><strong>MEP (Mechanik, Elektrik, Sanit\u00e4r) Installationen<\/strong><\/li>\n\n\n\n<li><strong>Innen- und Au\u00dfenverkleidung<\/strong><\/li>\n\n\n\n<li><strong>Endabnahme &#038; \u00dcbergabe<\/strong><\/li>\n<\/ul>\n\n\n\n<h3 class=\"wp-block-heading\">2. Aufgaben-Dauer &#038; Abh\u00e4ngigkeiten festlegen<\/h3>\n\n\n\n<p>Weisen Sie jeder Aufgabe ein <strong>Start- und Enddatum<\/strong> zu. Wenn eine Aufgabe von einer anderen abh\u00e4ngt, verkn\u00fcpfen Sie sie mit den <strong>Gantt-Diagramm-Funktionen<\/strong> von Excel.<\/p>\n\n\n\n<h3 class=\"wp-block-heading\">3. Verantwortlichkeiten zuweisen<\/h3>\n\n\n\n<p>Geben Sie an, wer f\u00fcr jede Phase <strong>verantwortlich<\/strong> ist. Dies hilft <strong>Subunternehmern, Bauleitern und Projektmanagern<\/strong>, abgestimmt zu bleiben.<\/p>\n\n\n\n<h3 class=\"wp-block-heading\">4. Fortschritt verfolgen &#038; Anpassungen vornehmen<\/h3>\n\n\n\n<p>Aktualisieren Sie den Zeitplan, sobald Aufgaben abgeschlossen sind. Passen Sie Fristen an, wenn Verz\u00f6gerungen auftreten, um <strong>das Projekt im Zeitplan zu halten<\/strong>.<\/p>\n\n\n\n<h3 class=\"wp-block-heading\">5. Integration mit Kostenmanagement-Software<\/h3>\n\n\n\n<p>Ein Zeitplan allein verhindert keine Budget\u00fcberschreitungen. Verwenden Sie <strong>Planyard<\/strong>, um <strong>Kosten zu verfolgen, die finanzielle Leistung zu \u00fcberwachen und Rechnungen zu verwalten<\/strong>, parallel zu Ihrem Projektzeitplan.<\/p>\n\n\n\n<h2 class=\"wp-block-heading\">Merkmale der kostenlosen Bauzeitplan-Vorlage<\/h2>\n\n\n\n<ul class=\"wp-block-list\">\n<li><strong>Vorformatiert in Excel<\/strong> \u2013 Keine komplexe Software erforderlich.<\/li>\n\n\n\n<li><strong>Aufgaben- &#038; Meilensteinverfolgung<\/strong> \u2013 Wichtige Ergebnisse visualisieren.<\/li>\n\n\n\n<li><strong>Gantt-Diagramm-Ansicht<\/strong> \u2013 Projektzeitpl\u00e4ne einfach anpassen.<\/li>\n\n\n\n<li><strong>Anpassbare Felder<\/strong> \u2013 An Ihre spezifischen Projektanforderungen anpassen.<\/li>\n\n\n\n<li><strong>Einfache Export- &#038; Freigabem\u00f6glichkeiten<\/strong> \u2013 Updates an Stakeholder senden.<\/li>\n<\/ul>\n\n\n\n<h2 class=\"wp-block-heading\">Optimieren Sie Ihr Projekt mit intelligenten Budgetierungstools<\/h2>\n\n\n\n<p>Ein <strong>gut strukturierter Zeitplan<\/strong> ist nur dann effektiv, wenn er mit <strong>Ihrem Projektbudget<\/strong> \u00fcbereinstimmt. Die <strong><a href=\"https:\/\/planyard.com\/de\/software-fuer-baukostenplanung\">Bau-Budgetierungssoftware<\/a><\/strong> von Planyard integriert sich in Ihren Zeitplan und stellt sicher, dass Sie <strong>im Budget bleiben<\/strong>, w\u00e4hrend Sie jede Kosten in Echtzeit verfolgen.<\/p>\n\n\n\n<ul class=\"wp-block-list\">\n<li><strong>Automatisierte Kostenverfolgung<\/strong> verkn\u00fcpft mit Projektphasen<\/li>\n\n\n\n<li><strong>Keine Tabellenkalkulationsfehler mehr<\/strong> dank zentralisierter Daten<\/li>\n\n\n\n<li><strong>Echtzeit-Finanzinformationen<\/strong> f\u00fcr bessere Entscheidungen<\/li>\n<\/ul>\n\n\n\n<h2 class=\"wp-block-heading\">Wer kann von dieser Vorlage profitieren?<\/h2>\n\n\n\n<ul class=\"wp-block-list\">\n<li><strong>Hauptauftragnehmer<\/strong> \u2013 Projektzeitpl\u00e4ne effizient verwalten.<\/li>\n\n\n\n<li><strong>Projektmanager<\/strong> \u2013 Meilensteine einfach planen und verfolgen.<\/li>\n\n\n\n<li><strong>Finanzleiter &#038; Finanzmanager im Bauwesen<\/strong> \u2013 Zeitplanung mit Finanzplanung abstimmen.<\/li>\n\n\n\n<li><strong>Subunternehmer &#038; Bauleiter<\/strong> \u2013 Fristen und Aufgaben im Blick behalten.<\/li>\n<\/ul>\n\n\n\n<h2 class=\"wp-block-heading\">Laden Sie Ihre kostenlose Bauzeitplan-Vorlage herunter<\/h2>\n\n\n\n<p>Lassen Sie nicht zu, dass schlechte Planung Ihr Projekt verz\u00f6gert. Laden Sie diese <strong><a href=\"https:\/\/planyard.com\/de\/holen-sie-sich-ihre-kostenlose-bauzeitplanvorlage-fuer-excel\">kostenlose Bauzeitplan-Vorlage f\u00fcr Excel<\/a><\/strong> noch heute herunter und beginnen Sie, Ihre Projekte <strong>effizienter zu verwalten<\/strong>.<\/p>\n\n\n\n<p>Mit Planyard wird sichergestellt, dass jeder Euro erfasst wird, Kosten in Echtzeit verfolgt werden und die Rentabilit\u00e4t maximiert wird.<\/p>\n","protected":false},"excerpt":{"rendered":"<p>Ohne einen klaren Zeitplan ein Bauprojekt zu managen, kann zu Verz\u00f6gerungen, Kosten\u00fcberschreitungen und Missverst\u00e4ndnissen f\u00fchren. Egal, ob Sie ein Auftragnehmer, Bauleiter oder Finanzleiter im Bauwesen sind, ein strukturierter Zeitplan ist entscheidend, um Ihr Projekt auf Kurs zu halten. Diese kostenlose Bauzeitplan-Vorlage f\u00fcr Excel bietet eine einfache, anpassbare L\u00f6sung, um jede Phase Ihres Projekts zu planen&#8230;  <a class=\"excerpt-read-more\" href=\"https:\/\/planyard.com\/de\/kostenlose-bauzeitplan-vorlage-fuer-excel-jetzt-herunterladen\" title=\"Lesen Sie  Kostenlose Bauzeitplan-Vorlage f\u00fcr Excel \u2013 Jetzt herunterladen\">Mehr lesen &#8222;<\/a><\/p>\n","protected":false},"author":4,"featured_media":0,"parent":0,"menu_order":0,"comment_status":"closed","ping_status":"closed","template":"","meta":{"_acf_changed":false,"content-type":"","footnotes":""},"page_intent":[165],"page_type":[],"class_list":["post-12480","page","type-page","status-publish","hentry"],"acf":[],"yoast_head":"<!-- This site is optimized with the Yoast SEO plugin v26.9 - https:\/\/yoast.com\/product\/yoast-seo-wordpress\/ -->\n<title>Kostenlose Bau-Budgetvorlage - Planyard in Deutsch<\/title>\n<meta name=\"description\" content=\"Diese Bau-Budgetvorlage hilft Ihnen, Ihre Projektkosten m\u00fchelos im Griff zu behalten. Sie wurde von Projektmanagern f\u00fcr Projektmanager erstellt.\" \/>\n<meta name=\"robots\" content=\"index, follow, max-snippet:-1, max-image-preview:large, max-video-preview:-1\" \/>\n<link rel=\"canonical\" href=\"https:\/\/planyard.com\/de\/kostenlose-bauzeitplan-vorlage-fuer-excel-jetzt-herunterladen\" \/>\n<meta property=\"og:locale\" content=\"de_DE\" \/>\n<meta property=\"og:type\" content=\"article\" \/>\n<meta property=\"og:title\" content=\"Kostenlose Bau-Budgetvorlage - Planyard in Deutsch\" \/>\n<meta property=\"og:description\" content=\"Diese Bau-Budgetvorlage hilft Ihnen, Ihre Projektkosten m\u00fchelos im Griff zu behalten. Sie wurde von Projektmanagern f\u00fcr Projektmanager erstellt.\" \/>\n<meta property=\"og:url\" content=\"https:\/\/planyard.com\/de\/kostenlose-bauzeitplan-vorlage-fuer-excel-jetzt-herunterladen\" \/>\n<meta property=\"og:site_name\" content=\"Planyard in Deutsch\" \/>\n<meta property=\"article:modified_time\" content=\"2025-06-04T06:36:38+00:00\" \/>\n<meta property=\"og:image\" content=\"https:\/\/planyard.com\/wp-content\/uploads\/2025\/01\/image-11.png\" \/>\n\t<meta property=\"og:image:width\" content=\"1318\" \/>\n\t<meta property=\"og:image:height\" content=\"661\" \/>\n\t<meta property=\"og:image:type\" content=\"image\/png\" \/>\n<meta name=\"twitter:card\" content=\"summary_large_image\" \/>\n<meta name=\"twitter:label1\" content=\"Gesch\u00e4tzte Lesezeit\" \/>\n\t<meta name=\"twitter:data1\" content=\"3\u00a0Minuten\" \/>\n<!-- \/ Yoast SEO plugin. -->","yoast_head_json":{"title":"Kostenlose Bau-Budgetvorlage - Planyard in Deutsch","description":"Diese Bau-Budgetvorlage hilft Ihnen, Ihre Projektkosten m\u00fchelos im Griff zu behalten. Sie wurde von Projektmanagern f\u00fcr Projektmanager erstellt.","robots":{"index":"index","follow":"follow","max-snippet":"max-snippet:-1","max-image-preview":"max-image-preview:large","max-video-preview":"max-video-preview:-1"},"canonical":"https:\/\/planyard.com\/de\/kostenlose-bauzeitplan-vorlage-fuer-excel-jetzt-herunterladen","og_locale":"de_DE","og_type":"article","og_title":"Kostenlose Bau-Budgetvorlage - Planyard in Deutsch","og_description":"Diese Bau-Budgetvorlage hilft Ihnen, Ihre Projektkosten m\u00fchelos im Griff zu behalten. Sie wurde von Projektmanagern f\u00fcr Projektmanager erstellt.","og_url":"https:\/\/planyard.com\/de\/kostenlose-bauzeitplan-vorlage-fuer-excel-jetzt-herunterladen","og_site_name":"Planyard in Deutsch","article_modified_time":"2025-06-04T06:36:38+00:00","og_image":[{"width":1318,"height":661,"url":"https:\/\/planyard.com\/wp-content\/uploads\/2025\/01\/image-11.png","type":"image\/png"}],"twitter_card":"summary_large_image","twitter_misc":{"Gesch\u00e4tzte Lesezeit":"3\u00a0Minuten"},"schema":{"@context":"https:\/\/schema.org","@graph":[{"@type":"WebPage","@id":"https:\/\/planyard.com\/de\/kostenlose-bauzeitplan-vorlage-fuer-excel-jetzt-herunterladen","url":"https:\/\/planyard.com\/de\/kostenlose-bauzeitplan-vorlage-fuer-excel-jetzt-herunterladen","name":"Kostenlose Bau-Budgetvorlage - Planyard in Deutsch","isPartOf":{"@id":"https:\/\/planyard.com\/de#website"},"primaryImageOfPage":{"@id":"https:\/\/planyard.com\/de\/kostenlose-bauzeitplan-vorlage-fuer-excel-jetzt-herunterladen#primaryimage"},"image":{"@id":"https:\/\/planyard.com\/de\/kostenlose-bauzeitplan-vorlage-fuer-excel-jetzt-herunterladen#primaryimage"},"thumbnailUrl":"https:\/\/planyard.com\/wp-content\/uploads\/2025\/01\/image-11.png","datePublished":"2025-02-12T12:12:00+00:00","dateModified":"2025-06-04T06:36:38+00:00","description":"Diese Bau-Budgetvorlage hilft Ihnen, Ihre Projektkosten m\u00fchelos im Griff zu behalten. Sie wurde von Projektmanagern f\u00fcr Projektmanager erstellt.","breadcrumb":{"@id":"https:\/\/planyard.com\/de\/kostenlose-bauzeitplan-vorlage-fuer-excel-jetzt-herunterladen#breadcrumb"},"inLanguage":"de","potentialAction":[{"@type":"ReadAction","target":["https:\/\/planyard.com\/de\/kostenlose-bauzeitplan-vorlage-fuer-excel-jetzt-herunterladen"]}]},{"@type":"ImageObject","inLanguage":"de","@id":"https:\/\/planyard.com\/de\/kostenlose-bauzeitplan-vorlage-fuer-excel-jetzt-herunterladen#primaryimage","url":"https:\/\/planyard.com\/wp-content\/uploads\/2025\/01\/image-11.png","contentUrl":"https:\/\/planyard.com\/wp-content\/uploads\/2025\/01\/image-11.png"},{"@type":"BreadcrumbList","@id":"https:\/\/planyard.com\/de\/kostenlose-bauzeitplan-vorlage-fuer-excel-jetzt-herunterladen#breadcrumb","itemListElement":[{"@type":"ListItem","position":1,"name":"Home","item":"https:\/\/planyard.com\/de"},{"@type":"ListItem","position":2,"name":"Kostenlose Bauzeitplan-Vorlage f\u00fcr Excel \u2013 Jetzt herunterladen"}]},{"@type":"WebSite","@id":"https:\/\/planyard.com\/de#website","url":"https:\/\/planyard.com\/de","name":"Planyard in Deutsch","description":"","potentialAction":[{"@type":"SearchAction","target":{"@type":"EntryPoint","urlTemplate":"https:\/\/planyard.com\/de?s={search_term_string}"},"query-input":{"@type":"PropertyValueSpecification","valueRequired":true,"valueName":"search_term_string"}}],"inLanguage":"de"}]}},"_links":{"self":[{"href":"https:\/\/planyard.com\/de\/wp-json\/wp\/v2\/pages\/12480","targetHints":{"allow":["GET"]}}],"collection":[{"href":"https:\/\/planyard.com\/de\/wp-json\/wp\/v2\/pages"}],"about":[{"href":"https:\/\/planyard.com\/de\/wp-json\/wp\/v2\/types\/page"}],"author":[{"embeddable":true,"href":"https:\/\/planyard.com\/de\/wp-json\/wp\/v2\/users\/4"}],"replies":[{"embeddable":true,"href":"https:\/\/planyard.com\/de\/wp-json\/wp\/v2\/comments?post=12480"}],"version-history":[{"count":7,"href":"https:\/\/planyard.com\/de\/wp-json\/wp\/v2\/pages\/12480\/revisions"}],"predecessor-version":[{"id":17040,"href":"https:\/\/planyard.com\/de\/wp-json\/wp\/v2\/pages\/12480\/revisions\/17040"}],"wp:attachment":[{"href":"https:\/\/planyard.com\/de\/wp-json\/wp\/v2\/media?parent=12480"}],"wp:term":[{"taxonomy":"page_intent","embeddable":true,"href":"https:\/\/planyard.com\/de\/wp-json\/wp\/v2\/page_intent?post=12480"},{"taxonomy":"page_type","embeddable":true,"href":"https:\/\/planyard.com\/de\/wp-json\/wp\/v2\/page_type?post=12480"}],"curies":[{"name":"wp","href":"https:\/\/api.w.org\/{rel}","templated":true}]}}