{"id":12473,"date":"2024-08-23T13:33:52","date_gmt":"2024-08-23T13:33:52","guid":{"rendered":"https:\/\/planyard.com\/practical-construction-project-management-guide-for-beginners"},"modified":"2025-06-12T09:15:08","modified_gmt":"2025-06-12T09:15:08","slug":"praktischer-leitfaden-bauprojektmanagement-fuer-anfaenger","status":"publish","type":"page","link":"https:\/\/planyard.com\/de\/praktischer-leitfaden-bauprojektmanagement-fuer-anfaenger","title":{"rendered":"Laden Sie den praktischen Leitfaden f\u00fcr Bauprojektmanagement f\u00fcr Anf\u00e4nger herunter"},"content":{"rendered":"\n<div class=\"wp-block-columns is-layout-flex wp-container-core-columns-is-layout-9d6595d7 wp-block-columns-is-layout-flex\">\n<div class=\"wp-block-column is-layout-flow wp-block-column-is-layout-flow\">\n<h2 class=\"wp-block-heading\">Jetzt abonnieren und den kostenlosen Leitfaden f\u00fcr Bauprojektmanagement herunterladen<\/h2>\n\n\n\n<h5 class=\"wp-block-heading\">Wie wird Ihnen das Lesen dieses Leitfadens n\u00fctzen?<\/h5>\n\n\n\n<ol class=\"wp-block-list\">\n<li>Sie erwerben das Wissen, das zur Erstellung von Zeitpl\u00e4nen erforderlich ist<\/li>\n\n\n\n<li>Sie lernen, wie man einen guten Beschaffungsprozess strukturiert<\/li>\n\n\n\n<li>Sie erfahren, worauf bei der Bearbeitung von Projekten zu achten ist<\/li>\n\n\n\n<li>Sie lernen verschiedene Vertragsarten kennen<\/li>\n\n\n\n<li>Sie lernen, wie man Aufgaben delegiert und Ihr Team motiviert<\/li>\n<\/ol>\n\n\n\n<p>Erstellt von Projektleitern f\u00fcr Projektleiter<\/p>\n<\/div>\n\n\n\n<div class=\"wp-block-column is-layout-flow wp-block-column-is-layout-flow\">\n<div id=\"mc_embed_shell\">\n      <link href=\"\/\/cdn-images.mailchimp.com\/embedcode\/classic-061523.css\" rel=\"stylesheet\" type=\"text\/css\">\n  <style type=\"text\/css\">\n        #mc_embed_signup{background:#fff; false;clear:left; font:14px Helvetica,Arial,sans-serif; width: 600px;}\n        \/* Add your own Mailchimp form style overrides in your site stylesheet or in this style block.\n           We recommend moving this block and the preceding CSS link to the HEAD of your HTML file. *\/\n<\/style>\n<div id=\"mc_embed_signup\">\n    <form action=\"https:\/\/fizure.us20.list-manage.com\/subscribe\/post?u=f9f67b9f9dc3438656ad73fc8&amp;id=f8c5dc20cf&amp;f_id=008b20eef0\" method=\"post\" id=\"mc-embedded-subscribe-form\" name=\"mc-embedded-subscribe-form\" class=\"validate\" target=\"_blank\">\n        <div id=\"mc_embed_signup_scroll\"><h2>Subscribe<\/h2>\n            <div class=\"indicates-required\"><span class=\"asterisk\">*<\/span> indicates required<\/div>\n            <div class=\"mc-field-group\"><label for=\"mce-EMAIL\">Email Address <span class=\"asterisk\">*<\/span><\/label><input type=\"email\" name=\"EMAIL\" class=\"required email\" id=\"mce-EMAIL\" required=\"\" value=\"\"><\/div><div class=\"mc-field-group\"><label for=\"mce-FNAME\">First Name <\/label><input type=\"text\" name=\"FNAME\" class=\" text\" id=\"mce-FNAME\" value=\"\"><\/div><div class=\"mc-field-group\"><label for=\"mce-LNAME\">Last Name <\/label><input type=\"text\" name=\"LNAME\" class=\" text\" id=\"mce-LNAME\" value=\"\"><\/div><div class=\"mc-field-group\"><label for=\"mce-COMPANY\">Company <span class=\"asterisk\">*<\/span><\/label><input type=\"text\" name=\"COMPANY\" class=\"required text\" id=\"mce-COMPANY\" required=\"\" value=\"\"><\/div><div class=\"mc-field-group\"><label for=\"mce-PHONE\">Phone Number <\/label><input type=\"text\" name=\"PHONE\" class=\"REQ_CSS\" id=\"mce-PHONE\" value=\"\"><\/div><div class=\"mc-field-group\"><label for=\"mce-MMERGE8\">Role <span class=\"asterisk\">*<\/span><\/label><input type=\"text\" name=\"MMERGE8\" class=\"required text\" id=\"mce-MMERGE8\" required=\"\" value=\"\"><\/div>\n<div hidden=\"\"><input type=\"hidden\" name=\"tags\" value=\"4263455\"><\/div>\n        <div id=\"mce-responses\" class=\"clear\">\n            <div class=\"response\" id=\"mce-error-response\" style=\"display: none;\"><\/div>\n            <div class=\"response\" id=\"mce-success-response\" style=\"display: none;\"><\/div>\n        <\/div><div aria-hidden=\"true\" style=\"position: absolute; left: -5000px;\"><input type=\"text\" name=\"b_f9f67b9f9dc3438656ad73fc8_f8c5dc20cf\" tabindex=\"-1\" value=\"\"><\/div><div class=\"clear\"><input type=\"submit\" name=\"subscribe\" id=\"mc-embedded-subscribe\" class=\"button\" value=\"Subscribe\"><\/div>\n    <\/div>\n<\/form>\n<\/div>\n<script type=\"text\/javascript\" src=\"\/\/s3.amazonaws.com\/downloads.mailchimp.com\/js\/mc-validate.js\"><\/script><script type=\"text\/javascript\">(function($) {window.fnames = new Array(); window.ftypes = new Array();fnames[0]='EMAIL';ftypes[0]='email';fnames[1]='FNAME';ftypes[1]='text';fnames[2]='LNAME';ftypes[2]='text';fnames[7]='COMPANY';ftypes[7]='text';fnames[4]='PHONE';ftypes[4]='phone';fnames[8]='MMERGE8';ftypes[8]='text';fnames[3]='ADDRESS';ftypes[3]='address';fnames[5]='BIRTHDAY';ftypes[5]='birthday';fnames[6]='ORIGIN';ftypes[6]='text';}(jQuery));var $mcj = jQuery.noConflict(true);<\/script><\/div>\n<\/div>\n<\/div>\n\n\n\n<p class=\"has-text-align-center\"><\/p>\n\n\n\n<p><\/p>\n","protected":false},"excerpt":{"rendered":"<p>Jetzt abonnieren und den kostenlosen Leitfaden f\u00fcr Bauprojektmanagement herunterladen Wie wird Ihnen das Lesen dieses Leitfadens n\u00fctzen? Erstellt von Projektleitern f\u00fcr Projektleiter Subscribe * indicates required Email Address * First Name Last Name Company * Phone Number Role *<\/p>\n","protected":false},"author":2,"featured_media":0,"parent":0,"menu_order":0,"comment_status":"closed","ping_status":"closed","template":"","meta":{"_acf_changed":false,"content-type":"","footnotes":""},"page_intent":[165],"page_type":[],"class_list":["post-12473","page","type-page","status-publish","hentry"],"acf":[],"yoast_head":"<!-- This site is optimized with the Yoast SEO plugin v27.1.1 - https:\/\/yoast.com\/product\/yoast-seo-wordpress\/ -->\n<title>Laden Sie den praktischen Leitfaden f\u00fcr Bauprojektmanagement f\u00fcr Anf\u00e4nger herunter - Planyard in Deutsch<\/title>\n<meta name=\"description\" content=\"F\u00fcllen Sie das Formular aus und laden Sie den Leitfaden f\u00fcr Bauprojektmanagement herunter, um Ihre Projektmanagementf\u00e4higkeiten zu verbessern.\" \/>\n<meta name=\"robots\" content=\"index, follow, max-snippet:-1, max-image-preview:large, max-video-preview:-1\" \/>\n<link rel=\"canonical\" href=\"https:\/\/planyard.com\/de\/praktischer-leitfaden-bauprojektmanagement-fuer-anfaenger\" \/>\n<meta property=\"og:locale\" content=\"de_DE\" \/>\n<meta property=\"og:type\" content=\"article\" \/>\n<meta property=\"og:title\" content=\"Laden Sie den praktischen Leitfaden f\u00fcr Bauprojektmanagement f\u00fcr Anf\u00e4nger herunter - Planyard in Deutsch\" \/>\n<meta property=\"og:description\" content=\"F\u00fcllen Sie das Formular aus und laden Sie den Leitfaden f\u00fcr Bauprojektmanagement herunter, um Ihre Projektmanagementf\u00e4higkeiten zu verbessern.\" \/>\n<meta property=\"og:url\" content=\"https:\/\/planyard.com\/de\/praktischer-leitfaden-bauprojektmanagement-fuer-anfaenger\" \/>\n<meta property=\"og:site_name\" content=\"Planyard in Deutsch\" \/>\n<meta property=\"article:modified_time\" content=\"2025-06-12T09:15:08+00:00\" \/>\n<meta name=\"twitter:card\" content=\"summary_large_image\" \/>\n<meta name=\"twitter:label1\" content=\"Gesch\u00e4tzte Lesezeit\" \/>\n\t<meta name=\"twitter:data1\" content=\"1\u00a0Minute\" \/>\n<!-- \/ Yoast SEO plugin. -->","yoast_head_json":{"title":"Laden Sie den praktischen Leitfaden f\u00fcr Bauprojektmanagement f\u00fcr Anf\u00e4nger herunter - Planyard in Deutsch","description":"F\u00fcllen Sie das Formular aus und laden Sie den Leitfaden f\u00fcr Bauprojektmanagement herunter, um Ihre Projektmanagementf\u00e4higkeiten zu verbessern.","robots":{"index":"index","follow":"follow","max-snippet":"max-snippet:-1","max-image-preview":"max-image-preview:large","max-video-preview":"max-video-preview:-1"},"canonical":"https:\/\/planyard.com\/de\/praktischer-leitfaden-bauprojektmanagement-fuer-anfaenger","og_locale":"de_DE","og_type":"article","og_title":"Laden Sie den praktischen Leitfaden f\u00fcr Bauprojektmanagement f\u00fcr Anf\u00e4nger herunter - Planyard in Deutsch","og_description":"F\u00fcllen Sie das Formular aus und laden Sie den Leitfaden f\u00fcr Bauprojektmanagement herunter, um Ihre Projektmanagementf\u00e4higkeiten zu verbessern.","og_url":"https:\/\/planyard.com\/de\/praktischer-leitfaden-bauprojektmanagement-fuer-anfaenger","og_site_name":"Planyard in Deutsch","article_modified_time":"2025-06-12T09:15:08+00:00","twitter_card":"summary_large_image","twitter_misc":{"Gesch\u00e4tzte Lesezeit":"1\u00a0Minute"},"schema":{"@context":"https:\/\/schema.org","@graph":[{"@type":"WebPage","@id":"https:\/\/planyard.com\/de\/praktischer-leitfaden-bauprojektmanagement-fuer-anfaenger","url":"https:\/\/planyard.com\/de\/praktischer-leitfaden-bauprojektmanagement-fuer-anfaenger","name":"Laden Sie den praktischen Leitfaden f\u00fcr Bauprojektmanagement f\u00fcr Anf\u00e4nger herunter - Planyard in Deutsch","isPartOf":{"@id":"https:\/\/planyard.com\/de#website"},"datePublished":"2024-08-23T13:33:52+00:00","dateModified":"2025-06-12T09:15:08+00:00","description":"F\u00fcllen Sie das Formular aus und laden Sie den Leitfaden f\u00fcr Bauprojektmanagement herunter, um Ihre Projektmanagementf\u00e4higkeiten zu verbessern.","breadcrumb":{"@id":"https:\/\/planyard.com\/de\/praktischer-leitfaden-bauprojektmanagement-fuer-anfaenger#breadcrumb"},"inLanguage":"de","potentialAction":[{"@type":"ReadAction","target":["https:\/\/planyard.com\/de\/praktischer-leitfaden-bauprojektmanagement-fuer-anfaenger"]}]},{"@type":"BreadcrumbList","@id":"https:\/\/planyard.com\/de\/praktischer-leitfaden-bauprojektmanagement-fuer-anfaenger#breadcrumb","itemListElement":[{"@type":"ListItem","position":1,"name":"Home","item":"https:\/\/planyard.com\/de"},{"@type":"ListItem","position":2,"name":"Laden Sie den praktischen Leitfaden f\u00fcr Bauprojektmanagement f\u00fcr Anf\u00e4nger herunter"}]},{"@type":"WebSite","@id":"https:\/\/planyard.com\/de#website","url":"https:\/\/planyard.com\/de","name":"Planyard in Deutsch","description":"","potentialAction":[{"@type":"SearchAction","target":{"@type":"EntryPoint","urlTemplate":"https:\/\/planyard.com\/de?s={search_term_string}"},"query-input":{"@type":"PropertyValueSpecification","valueRequired":true,"valueName":"search_term_string"}}],"inLanguage":"de"}]}},"_links":{"self":[{"href":"https:\/\/planyard.com\/de\/wp-json\/wp\/v2\/pages\/12473","targetHints":{"allow":["GET"]}}],"collection":[{"href":"https:\/\/planyard.com\/de\/wp-json\/wp\/v2\/pages"}],"about":[{"href":"https:\/\/planyard.com\/de\/wp-json\/wp\/v2\/types\/page"}],"author":[{"embeddable":true,"href":"https:\/\/planyard.com\/de\/wp-json\/wp\/v2\/users\/2"}],"replies":[{"embeddable":true,"href":"https:\/\/planyard.com\/de\/wp-json\/wp\/v2\/comments?post=12473"}],"version-history":[{"count":4,"href":"https:\/\/planyard.com\/de\/wp-json\/wp\/v2\/pages\/12473\/revisions"}],"predecessor-version":[{"id":17216,"href":"https:\/\/planyard.com\/de\/wp-json\/wp\/v2\/pages\/12473\/revisions\/17216"}],"wp:attachment":[{"href":"https:\/\/planyard.com\/de\/wp-json\/wp\/v2\/media?parent=12473"}],"wp:term":[{"taxonomy":"page_intent","embeddable":true,"href":"https:\/\/planyard.com\/de\/wp-json\/wp\/v2\/page_intent?post=12473"},{"taxonomy":"page_type","embeddable":true,"href":"https:\/\/planyard.com\/de\/wp-json\/wp\/v2\/page_type?post=12473"}],"curies":[{"name":"wp","href":"https:\/\/api.w.org\/{rel}","templated":true}]}}