{"id":12470,"date":"2024-08-22T06:54:21","date_gmt":"2024-08-22T06:54:21","guid":{"rendered":"https:\/\/planyard.com\/demo-meeting-confirmation"},"modified":"2025-05-19T18:10:51","modified_gmt":"2025-05-19T18:10:51","slug":"bestatigung-des-demo-meetings","status":"publish","type":"page","link":"https:\/\/planyard.com\/de\/bestatigung-des-demo-meetings","title":{"rendered":"Best\u00e4tigung des Demo-Meetings"},"content":{"rendered":"<div class=\"wp-block-image\">\n<figure class=\"aligncenter size-full\"><img loading=\"lazy\" decoding=\"async\" width=\"600\" height=\"466\" src=\"https:\/\/planyard.com\/wp-content\/uploads\/2024\/08\/Booking-confirmed.png\" alt=\"\" class=\"wp-image-1247\" \/><\/figure>\n<\/div>\n\n\n<h2 class=\"wp-block-heading has-text-align-center\">Buchung best\u00e4tigt! <\/h2>\n\n\n\n<p class=\"has-text-align-center\">Ihr Meeting wurde gebucht. Eine Nachricht mit der Kalendereinladung wurde an Ihre E-Mail-Adresse gesendet.<br><\/p>\n","protected":false},"excerpt":{"rendered":"<p>Buchung best\u00e4tigt! Ihr Meeting wurde gebucht. Eine Nachricht mit der Kalendereinladung wurde an Ihre E-Mail-Adresse gesendet.<\/p>\n","protected":false},"author":2,"featured_media":0,"parent":0,"menu_order":0,"comment_status":"closed","ping_status":"closed","template":"","meta":{"_acf_changed":false,"content-type":"","footnotes":""},"page_intent":[180],"page_type":[],"class_list":["post-12470","page","type-page","status-publish","hentry"],"acf":[],"yoast_head":"<!-- This site is optimized with the Yoast SEO plugin v27.1.1 - https:\/\/yoast.com\/product\/yoast-seo-wordpress\/ -->\n<title>Best\u00e4tigung des Demo-Meetings - Planyard in Deutsch<\/title>\n<meta name=\"description\" content=\"So k\u00f6nnen Sie uns kontaktieren und unsere Gr\u00fcnder kennenlernen. Wenn Sie Fragen haben, kontaktieren Sie uns einfach \u00fcber das Formular oder den Chat.\" \/>\n<meta name=\"robots\" content=\"index, follow, max-snippet:-1, max-image-preview:large, max-video-preview:-1\" \/>\n<link rel=\"canonical\" href=\"https:\/\/planyard.com\/de\/bestatigung-des-demo-meetings\" \/>\n<meta property=\"og:locale\" content=\"de_DE\" \/>\n<meta property=\"og:type\" content=\"article\" \/>\n<meta property=\"og:title\" content=\"Best\u00e4tigung des Demo-Meetings - Planyard in Deutsch\" \/>\n<meta property=\"og:description\" content=\"So k\u00f6nnen Sie uns kontaktieren und unsere Gr\u00fcnder kennenlernen. Wenn Sie Fragen haben, kontaktieren Sie uns einfach \u00fcber das Formular oder den Chat.\" \/>\n<meta property=\"og:url\" content=\"https:\/\/planyard.com\/de\/bestatigung-des-demo-meetings\" \/>\n<meta property=\"og:site_name\" content=\"Planyard in Deutsch\" \/>\n<meta property=\"article:modified_time\" content=\"2025-05-19T18:10:51+00:00\" \/>\n<meta property=\"og:image\" content=\"https:\/\/planyard.com\/wp-content\/uploads\/2024\/08\/Booking-confirmed.png\" \/>\n\t<meta property=\"og:image:width\" content=\"600\" \/>\n\t<meta property=\"og:image:height\" content=\"466\" \/>\n\t<meta property=\"og:image:type\" content=\"image\/png\" \/>\n<meta name=\"twitter:card\" content=\"summary_large_image\" \/>\n<meta name=\"twitter:label1\" content=\"Gesch\u00e4tzte Lesezeit\" \/>\n\t<meta name=\"twitter:data1\" content=\"1\u00a0Minute\" \/>\n<!-- \/ Yoast SEO plugin. -->","yoast_head_json":{"title":"Best\u00e4tigung des Demo-Meetings - Planyard in Deutsch","description":"So k\u00f6nnen Sie uns kontaktieren und unsere Gr\u00fcnder kennenlernen. Wenn Sie Fragen haben, kontaktieren Sie uns einfach \u00fcber das Formular oder den Chat.","robots":{"index":"index","follow":"follow","max-snippet":"max-snippet:-1","max-image-preview":"max-image-preview:large","max-video-preview":"max-video-preview:-1"},"canonical":"https:\/\/planyard.com\/de\/bestatigung-des-demo-meetings","og_locale":"de_DE","og_type":"article","og_title":"Best\u00e4tigung des Demo-Meetings - Planyard in Deutsch","og_description":"So k\u00f6nnen Sie uns kontaktieren und unsere Gr\u00fcnder kennenlernen. Wenn Sie Fragen haben, kontaktieren Sie uns einfach \u00fcber das Formular oder den Chat.","og_url":"https:\/\/planyard.com\/de\/bestatigung-des-demo-meetings","og_site_name":"Planyard in Deutsch","article_modified_time":"2025-05-19T18:10:51+00:00","og_image":[{"width":600,"height":466,"url":"https:\/\/planyard.com\/wp-content\/uploads\/2024\/08\/Booking-confirmed.png","type":"image\/png"}],"twitter_card":"summary_large_image","twitter_misc":{"Gesch\u00e4tzte Lesezeit":"1\u00a0Minute"},"schema":{"@context":"https:\/\/schema.org","@graph":[{"@type":"WebPage","@id":"https:\/\/planyard.com\/de\/bestatigung-des-demo-meetings","url":"https:\/\/planyard.com\/de\/bestatigung-des-demo-meetings","name":"Best\u00e4tigung des Demo-Meetings - Planyard in Deutsch","isPartOf":{"@id":"https:\/\/planyard.com\/de#website"},"primaryImageOfPage":{"@id":"https:\/\/planyard.com\/de\/bestatigung-des-demo-meetings#primaryimage"},"image":{"@id":"https:\/\/planyard.com\/de\/bestatigung-des-demo-meetings#primaryimage"},"thumbnailUrl":"https:\/\/planyard.com\/wp-content\/uploads\/2024\/08\/Booking-confirmed.png","datePublished":"2024-08-22T06:54:21+00:00","dateModified":"2025-05-19T18:10:51+00:00","description":"So k\u00f6nnen Sie uns kontaktieren und unsere Gr\u00fcnder kennenlernen. Wenn Sie Fragen haben, kontaktieren Sie uns einfach \u00fcber das Formular oder den Chat.","breadcrumb":{"@id":"https:\/\/planyard.com\/de\/bestatigung-des-demo-meetings#breadcrumb"},"inLanguage":"de","potentialAction":[{"@type":"ReadAction","target":["https:\/\/planyard.com\/de\/bestatigung-des-demo-meetings"]}]},{"@type":"ImageObject","inLanguage":"de","@id":"https:\/\/planyard.com\/de\/bestatigung-des-demo-meetings#primaryimage","url":"https:\/\/planyard.com\/wp-content\/uploads\/2024\/08\/Booking-confirmed.png","contentUrl":"https:\/\/planyard.com\/wp-content\/uploads\/2024\/08\/Booking-confirmed.png"},{"@type":"BreadcrumbList","@id":"https:\/\/planyard.com\/de\/bestatigung-des-demo-meetings#breadcrumb","itemListElement":[{"@type":"ListItem","position":1,"name":"Home","item":"https:\/\/planyard.com\/de"},{"@type":"ListItem","position":2,"name":"Best\u00e4tigung des Demo-Meetings"}]},{"@type":"WebSite","@id":"https:\/\/planyard.com\/de#website","url":"https:\/\/planyard.com\/de","name":"Planyard in Deutsch","description":"","potentialAction":[{"@type":"SearchAction","target":{"@type":"EntryPoint","urlTemplate":"https:\/\/planyard.com\/de?s={search_term_string}"},"query-input":{"@type":"PropertyValueSpecification","valueRequired":true,"valueName":"search_term_string"}}],"inLanguage":"de"}]}},"_links":{"self":[{"href":"https:\/\/planyard.com\/de\/wp-json\/wp\/v2\/pages\/12470","targetHints":{"allow":["GET"]}}],"collection":[{"href":"https:\/\/planyard.com\/de\/wp-json\/wp\/v2\/pages"}],"about":[{"href":"https:\/\/planyard.com\/de\/wp-json\/wp\/v2\/types\/page"}],"author":[{"embeddable":true,"href":"https:\/\/planyard.com\/de\/wp-json\/wp\/v2\/users\/2"}],"replies":[{"embeddable":true,"href":"https:\/\/planyard.com\/de\/wp-json\/wp\/v2\/comments?post=12470"}],"version-history":[{"count":3,"href":"https:\/\/planyard.com\/de\/wp-json\/wp\/v2\/pages\/12470\/revisions"}],"predecessor-version":[{"id":16183,"href":"https:\/\/planyard.com\/de\/wp-json\/wp\/v2\/pages\/12470\/revisions\/16183"}],"wp:attachment":[{"href":"https:\/\/planyard.com\/de\/wp-json\/wp\/v2\/media?parent=12470"}],"wp:term":[{"taxonomy":"page_intent","embeddable":true,"href":"https:\/\/planyard.com\/de\/wp-json\/wp\/v2\/page_intent?post=12470"},{"taxonomy":"page_type","embeddable":true,"href":"https:\/\/planyard.com\/de\/wp-json\/wp\/v2\/page_type?post=12470"}],"curies":[{"name":"wp","href":"https:\/\/api.w.org\/{rel}","templated":true}]}}