{"id":12465,"date":"2024-12-05T13:29:27","date_gmt":"2024-12-05T13:29:27","guid":{"rendered":"https:\/\/planyard.com\/construction-templates"},"modified":"2025-06-06T12:22:47","modified_gmt":"2025-06-06T12:22:47","slug":"bibliothek-fuer-bauvorlagen","status":"publish","type":"page","link":"https:\/\/planyard.com\/de\/bibliothek-fuer-bauvorlagen","title":{"rendered":"Bibliothek f\u00fcr Bauvorlagen"},"content":{"rendered":"\n<div class=\"wp-block-media-text is-stacked-on-mobile\"><figure class=\"wp-block-media-text__media\"><img loading=\"lazy\" decoding=\"async\" width=\"1080\" height=\"1080\" src=\"https:\/\/planyard.com\/wp-content\/uploads\/2024\/12\/construction_contract_template.png\" alt=\"Construction contract template\" class=\"wp-image-7944 size-full\" srcset=\"https:\/\/planyard.com\/wp-content\/uploads\/2024\/12\/construction_contract_template.png 1080w, https:\/\/planyard.com\/wp-content\/uploads\/2024\/12\/construction_contract_template-150x150.png 150w\" sizes=\"auto, (max-width: 1080px) 100vw, 1080px\" \/><\/figure><div class=\"wp-block-media-text__content\">\n<p>Willkommen in unserer umfassenden Bibliothek f\u00fcr Bauvorlagen, die darauf ausgelegt ist, Ihr Projekt von der Planung bis zur Fertigstellung zu optimieren.<\/p>\n\n\n\n<p>Ob erfahrener Bauunternehmer oder neuer Projektleiter, unsere Vorlagen bieten Ihnen die Werkzeuge, die Sie f\u00fcr eine effiziente Planung, Ausf\u00fchrung und Verwaltung ben\u00f6tigen.<\/p>\n\n\n\n<p><\/p>\n<\/div><\/div>\n\n\n\n<p><\/p>\n\n\n\n<p>Entdecken Sie unsere kategorisierten Vorlagen unten, um genau das zu finden, was Sie ben\u00f6tigen, um Ihr Bauprojekt zum Leben zu erwecken. Die Liste der Vorlagen wird im Laufe der Zeit erweitert und verbessert. Wenn Sie das Gef\u00fchl haben, dass eine ben\u00f6tigte Vorlage fehlt, lassen Sie es uns bitte wissen.<\/p>\n\n\n\n<h2 class=\"wp-block-heading\">Kostenstellen-Vorlagen<\/h2>\n\n\n\n<p><em>Verschiedene Optionen <\/em>f\u00fcr Kostenstellen je nach Projekt und Region.<\/p>\n\n\n\n<ul class=\"wp-block-list\">\n<li><strong><a href=\"https:\/\/planyard.com\/blog\/aia-construction-codes-for-construction-billing\">AIA-Kostenstellen-Vorlage<\/a><\/strong><\/li>\n\n\n\n<li><strong><a href=\"https:\/\/planyard.com\/de\/nahb-kostencodes\">NAHB-Kostenstellen-Vorlage<\/a><\/strong><\/li>\n\n\n\n<li><strong><a href=\"https:\/\/planyard.com\/de\/baukosten-codes-fuer-bauleiter\">Detaillierte Kostenstellen-Vorlage<\/a><\/strong><\/li>\n\n\n\n<li><strong>Kostenstellen-zu-Hauptbuch-Zuordnungsvorlage (bald verf\u00fcgbar)<\/strong><\/li>\n<\/ul>\n\n\n\n<h2 class=\"wp-block-heading\">Projektplanungs-Vorlagen<\/h2>\n\n\n\n<p><em>Legen Sie mit diesen essenziellen Planungstools ein solides Fundament f\u00fcr Ihr Projekt.<\/em><\/p>\n\n\n\n<ul class=\"wp-block-list\">\n<li><strong><a href=\"https:\/\/planyard.com\/de\/vorlage-fur-ein-bau-budget\">Bau-Budget-Vorlage<\/a><\/strong><\/li>\n\n\n\n<li><a href=\"https:\/\/planyard.com\/de\/kostenlose-vorlage-baukostenschaetzung\"><strong>Baukostensch\u00e4tzungs-Vorlage<\/strong><\/a><\/li>\n\n\n\n<li><strong><a href=\"https:\/\/planyard.com\/de\/vorlage-fuer-bauausschreibungen\">Projektangebot-Vorlage<\/a><\/strong><\/li>\n\n\n\n<li><a href=\"https:\/\/planyard.com\/de\/kostenlose-bauzeitplan-vorlage-fuer-excel-jetzt-herunterladen\"><strong>Bauzeitplan-Vorlage<\/strong><\/a><\/li>\n\n\n\n<li><strong>Ressourcenzuweisungs-Vorlage<strong> (bald verf\u00fcgbar)<\/strong><\/strong><\/li>\n<\/ul>\n\n\n\n<h2 class=\"wp-block-heading\">Projektmanagement-Vorlagen<\/h2>\n\n\n\n<p><em>Halten Sie Ihr Projekt auf Kurs und informieren Sie die Beteiligten mit diesen Management-Tools.<\/em><\/p>\n\n\n\n<ul class=\"wp-block-list\">\n<li><strong><a href=\"https:\/\/planyard.com\/de\/vorlage-kosten-wert-abgleich\">Bau-CVR-Vorlage<\/a><\/strong><\/li>\n\n\n\n<li><strong>Gantt-Diagramm-Vorlage<strong><strong> (bald verf\u00fcgbar)<\/strong><\/strong><\/strong><\/li>\n\n\n\n<li><strong>Fortschrittsbericht-Vorlage<strong><strong> (bald verf\u00fcgbar)<\/strong><\/strong><\/strong><\/li>\n\n\n\n<li><strong>\u00c4nderungsauftrag-Vorlage<strong><strong> (bald verf\u00fcgbar)<\/strong><\/strong><\/strong><\/li>\n\n\n\n<li><strong>Stakeholder-Kommunikationsplan<strong><strong> (bald verf\u00fcgbar)<\/strong><\/strong><\/strong><\/li>\n<\/ul>\n\n\n\n<h2 class=\"wp-block-heading\">Dokumentations- und Vertragsvorlagen<\/h2>\n\n\n\n<p><em>Verwalten Sie rechtliche Angelegenheiten und Dokumentationen m\u00fchelos mit diesen umfassenden Vorlagen.<\/em><\/p>\n\n\n\n<ul class=\"wp-block-list\">\n<li><strong><a href=\"https:\/\/planyard.com\/de\/vorlage-fuer-bauvertraege\">Bauvertrags-Vorlage<\/a><\/strong><\/li>\n\n\n\n<li><strong><a href=\"https:\/\/planyard.com\/de\/vorlage-fuer-bauabrechnungen\">Bau-Rechnungs-Vorlage<\/a><\/strong><\/li>\n\n\n\n<li><strong>Arbeitsauftrag-Vorlage (bald verf\u00fcgbar)<\/strong><\/li>\n\n\n\n<li><strong>M\u00e4ngelliste-Vorlage<strong> (bald verf\u00fcgbar)<\/strong><\/strong><\/li>\n<\/ul>\n\n\n\n<h2 class=\"wp-block-heading\">Sicherheits- und Compliance-Vorlagen<\/h2>\n\n\n\n<p><em>Stellen Sie sicher, dass Ihr Projekt alle Sicherheitsstandards und gesetzlichen Anforderungen erf\u00fcllt.<\/em><\/p>\n\n\n\n<ul class=\"wp-block-list\">\n<li><strong>Sicherheitsplan-Vorlage<strong> (bald verf\u00fcgbar)<\/strong><\/strong><\/li>\n\n\n\n<li><strong>Risikoanalyse-Vorlage<strong> (bald verf\u00fcgbar)<\/strong><\/strong><\/li>\n\n\n\n<li><strong>Regulatorische Compliance-Checkliste<strong> (bald verf\u00fcgbar)<\/strong><\/strong><\/li>\n\n\n\n<li><strong>Vorfallbericht-Vorlage<strong> (bald verf\u00fcgbar)<\/strong><\/strong><\/li>\n<\/ul>\n\n\n\n<p>F\u00fchlen Sie sich frei, diese Vorlagen herunterzuladen und anzupassen, um den spezifischen Anforderungen Ihres Projekts gerecht zu werden. Jede Vorlage ist darauf ausgelegt, Ihnen Zeit zu sparen, Fehler zu reduzieren und sicherzustellen, dass alle Aspekte Ihres Bauprozesses gut dokumentiert und professionell verwaltet werden.<\/p>\n\n\n\n<p>Wir bem\u00fchen uns, unsere Dokumente so bereitzustellen, dass sie den <a href=\"https:\/\/www.hse.gov.uk\/construction\/index.htm\">HSE-Vorschriften<\/a>, <a href=\"https:\/\/www.osha.gov\/construction\">OSHA-Vorschriften<\/a> und anderen entsprechen &#8211; es kann jedoch einige Dokumente geben, die noch nicht aktualisiert wurden. Sollte dies der Fall sein, lassen Sie es uns bitte wissen.<\/p>\n","protected":false},"excerpt":{"rendered":"<p>Willkommen in unserer umfassenden Bibliothek f\u00fcr Bauvorlagen, die darauf ausgelegt ist, Ihr Projekt von der Planung bis zur Fertigstellung zu optimieren. Ob erfahrener Bauunternehmer oder neuer Projektleiter, unsere Vorlagen bieten Ihnen die Werkzeuge, die Sie f\u00fcr eine effiziente Planung, Ausf\u00fchrung und Verwaltung ben\u00f6tigen. Entdecken Sie unsere kategorisierten Vorlagen unten, um genau das zu finden, was&#8230;  <a class=\"excerpt-read-more\" href=\"https:\/\/planyard.com\/de\/bibliothek-fuer-bauvorlagen\" title=\"Lesen Sie  Bibliothek f\u00fcr Bauvorlagen\">Mehr lesen &#8222;<\/a><\/p>\n","protected":false},"author":3,"featured_media":0,"parent":0,"menu_order":0,"comment_status":"closed","ping_status":"closed","template":"","meta":{"_acf_changed":false,"content-type":"","footnotes":""},"page_intent":[165],"page_type":[],"class_list":["post-12465","page","type-page","status-publish","hentry"],"acf":[],"yoast_head":"<!-- This site is optimized with the Yoast SEO plugin v26.9 - https:\/\/yoast.com\/product\/yoast-seo-wordpress\/ -->\n<title>Bibliothek f\u00fcr Bauvorlagen - Kostenlose Downloads - Planyard in Deutsch<\/title>\n<meta name=\"description\" content=\"Kostenlose Bauvorlagen f\u00fcr Planung, Design, Sicherheit oder Dokumentation. Verbessern Sie Ihr Projektmanagement mit anpassbaren Vorlagen.\" \/>\n<meta name=\"robots\" content=\"index, follow, max-snippet:-1, max-image-preview:large, max-video-preview:-1\" \/>\n<link rel=\"canonical\" href=\"https:\/\/planyard.com\/de\/bibliothek-fuer-bauvorlagen\" \/>\n<meta property=\"og:locale\" content=\"de_DE\" \/>\n<meta property=\"og:type\" content=\"article\" \/>\n<meta property=\"og:title\" content=\"Bibliothek f\u00fcr Bauvorlagen - Kostenlose Downloads - Planyard in Deutsch\" \/>\n<meta property=\"og:description\" content=\"Kostenlose Bauvorlagen f\u00fcr Planung, Design, Sicherheit oder Dokumentation. Verbessern Sie Ihr Projektmanagement mit anpassbaren Vorlagen.\" \/>\n<meta property=\"og:url\" content=\"https:\/\/planyard.com\/de\/bibliothek-fuer-bauvorlagen\" \/>\n<meta property=\"og:site_name\" content=\"Planyard in Deutsch\" \/>\n<meta property=\"article:modified_time\" content=\"2025-06-06T12:22:47+00:00\" \/>\n<meta property=\"og:image\" content=\"https:\/\/planyard.com\/wp-content\/uploads\/2024\/12\/construction_contract_template.png\" \/>\n\t<meta property=\"og:image:width\" content=\"1080\" \/>\n\t<meta property=\"og:image:height\" content=\"1080\" \/>\n\t<meta property=\"og:image:type\" content=\"image\/png\" \/>\n<meta name=\"twitter:card\" content=\"summary_large_image\" \/>\n<meta name=\"twitter:label1\" content=\"Gesch\u00e4tzte Lesezeit\" \/>\n\t<meta name=\"twitter:data1\" content=\"2\u00a0Minuten\" \/>\n<!-- \/ Yoast SEO plugin. -->","yoast_head_json":{"title":"Bibliothek f\u00fcr Bauvorlagen - Kostenlose Downloads - Planyard in Deutsch","description":"Kostenlose Bauvorlagen f\u00fcr Planung, Design, Sicherheit oder Dokumentation. Verbessern Sie Ihr Projektmanagement mit anpassbaren Vorlagen.","robots":{"index":"index","follow":"follow","max-snippet":"max-snippet:-1","max-image-preview":"max-image-preview:large","max-video-preview":"max-video-preview:-1"},"canonical":"https:\/\/planyard.com\/de\/bibliothek-fuer-bauvorlagen","og_locale":"de_DE","og_type":"article","og_title":"Bibliothek f\u00fcr Bauvorlagen - Kostenlose Downloads - Planyard in Deutsch","og_description":"Kostenlose Bauvorlagen f\u00fcr Planung, Design, Sicherheit oder Dokumentation. Verbessern Sie Ihr Projektmanagement mit anpassbaren Vorlagen.","og_url":"https:\/\/planyard.com\/de\/bibliothek-fuer-bauvorlagen","og_site_name":"Planyard in Deutsch","article_modified_time":"2025-06-06T12:22:47+00:00","og_image":[{"width":1080,"height":1080,"url":"https:\/\/planyard.com\/wp-content\/uploads\/2024\/12\/construction_contract_template.png","type":"image\/png"}],"twitter_card":"summary_large_image","twitter_misc":{"Gesch\u00e4tzte Lesezeit":"2\u00a0Minuten"},"schema":{"@context":"https:\/\/schema.org","@graph":[{"@type":"WebPage","@id":"https:\/\/planyard.com\/de\/bibliothek-fuer-bauvorlagen","url":"https:\/\/planyard.com\/de\/bibliothek-fuer-bauvorlagen","name":"Bibliothek f\u00fcr Bauvorlagen - Kostenlose Downloads - Planyard in Deutsch","isPartOf":{"@id":"https:\/\/planyard.com\/de#website"},"primaryImageOfPage":{"@id":"https:\/\/planyard.com\/de\/bibliothek-fuer-bauvorlagen#primaryimage"},"image":{"@id":"https:\/\/planyard.com\/de\/bibliothek-fuer-bauvorlagen#primaryimage"},"thumbnailUrl":"https:\/\/planyard.com\/wp-content\/uploads\/2024\/12\/construction_contract_template.png","datePublished":"2024-12-05T13:29:27+00:00","dateModified":"2025-06-06T12:22:47+00:00","description":"Kostenlose Bauvorlagen f\u00fcr Planung, Design, Sicherheit oder Dokumentation. Verbessern Sie Ihr Projektmanagement mit anpassbaren Vorlagen.","breadcrumb":{"@id":"https:\/\/planyard.com\/de\/bibliothek-fuer-bauvorlagen#breadcrumb"},"inLanguage":"de","potentialAction":[{"@type":"ReadAction","target":["https:\/\/planyard.com\/de\/bibliothek-fuer-bauvorlagen"]}]},{"@type":"ImageObject","inLanguage":"de","@id":"https:\/\/planyard.com\/de\/bibliothek-fuer-bauvorlagen#primaryimage","url":"https:\/\/planyard.com\/wp-content\/uploads\/2024\/12\/construction_contract_template.png","contentUrl":"https:\/\/planyard.com\/wp-content\/uploads\/2024\/12\/construction_contract_template.png"},{"@type":"BreadcrumbList","@id":"https:\/\/planyard.com\/de\/bibliothek-fuer-bauvorlagen#breadcrumb","itemListElement":[{"@type":"ListItem","position":1,"name":"Home","item":"https:\/\/planyard.com\/de"},{"@type":"ListItem","position":2,"name":"Bibliothek f\u00fcr Bauvorlagen"}]},{"@type":"WebSite","@id":"https:\/\/planyard.com\/de#website","url":"https:\/\/planyard.com\/de","name":"Planyard in Deutsch","description":"","potentialAction":[{"@type":"SearchAction","target":{"@type":"EntryPoint","urlTemplate":"https:\/\/planyard.com\/de?s={search_term_string}"},"query-input":{"@type":"PropertyValueSpecification","valueRequired":true,"valueName":"search_term_string"}}],"inLanguage":"de"}]}},"_links":{"self":[{"href":"https:\/\/planyard.com\/de\/wp-json\/wp\/v2\/pages\/12465","targetHints":{"allow":["GET"]}}],"collection":[{"href":"https:\/\/planyard.com\/de\/wp-json\/wp\/v2\/pages"}],"about":[{"href":"https:\/\/planyard.com\/de\/wp-json\/wp\/v2\/types\/page"}],"author":[{"embeddable":true,"href":"https:\/\/planyard.com\/de\/wp-json\/wp\/v2\/users\/3"}],"replies":[{"embeddable":true,"href":"https:\/\/planyard.com\/de\/wp-json\/wp\/v2\/comments?post=12465"}],"version-history":[{"count":7,"href":"https:\/\/planyard.com\/de\/wp-json\/wp\/v2\/pages\/12465\/revisions"}],"predecessor-version":[{"id":17184,"href":"https:\/\/planyard.com\/de\/wp-json\/wp\/v2\/pages\/12465\/revisions\/17184"}],"wp:attachment":[{"href":"https:\/\/planyard.com\/de\/wp-json\/wp\/v2\/media?parent=12465"}],"wp:term":[{"taxonomy":"page_intent","embeddable":true,"href":"https:\/\/planyard.com\/de\/wp-json\/wp\/v2\/page_intent?post=12465"},{"taxonomy":"page_type","embeddable":true,"href":"https:\/\/planyard.com\/de\/wp-json\/wp\/v2\/page_type?post=12465"}],"curies":[{"name":"wp","href":"https:\/\/api.w.org\/{rel}","templated":true}]}}