{"id":12460,"date":"2025-01-29T11:49:32","date_gmt":"2025-01-29T11:49:32","guid":{"rendered":"https:\/\/planyard.com\/free-guide-master-construction-project-management"},"modified":"2025-05-19T18:10:11","modified_gmt":"2025-05-19T18:10:11","slug":"kostenloser-leitfaden-bauprojektmanagement-meistern","status":"publish","type":"page","link":"https:\/\/planyard.com\/de\/kostenloser-leitfaden-bauprojektmanagement-meistern","title":{"rendered":"Bauprojektmanagement: Ein praktischer 10-Schritte-Leitfaden"},"content":{"rendered":"\n<h2 class=\"wp-block-heading\">Die Denkweise eines Bauprojektmanagers<\/h2>\n\n\n\n<p>Beim Bauprojektmanagement kann man sich leicht in der Komplexit\u00e4t verlieren. Es gibt Zeitpl\u00e4ne zu erstellen, Vertr\u00e4ge zu pr\u00fcfen, Budgets zu \u00fcberwachen und Dutzende von Menschen, die auf Ihre Entscheidungen warten. Es ist Chaos\u2014kontrolliertes Chaos, wenn Sie es richtig machen.<\/p>\n\n\n\n<p>In den letzten 20 Jahren habe ich an Projekten gearbeitet, die von Renovierungen im Wert von 104.023,00 $ (\u20ac100.000) bis hin zu milliardenschweren Infrastrukturprojekten reichen. Kernkraftwerke, fortschrittliche HLK-Systeme und Teilchenbeschleuniger sind nur einige Beispiele. Die Eins\u00e4tze waren hoch, die Zeitpl\u00e4ne eng und die Teams so vielf\u00e4ltig wie die Herausforderungen, denen wir gegen\u00fcberstanden.<\/p>\n\n\n\n<p>In all dieser Zeit habe ich etwas Grundlegendes erkannt: Die Werkzeuge und Software machen das Projekt nicht erfolgreich. <em>Ihre Denkweise tut es.<\/em> Sie k\u00f6nnen die besten Ressourcen zur Verf\u00fcgung haben, aber wenn Sie das Projekt nicht mit den richtigen Gewohnheiten, Prinzipien und Systemen angehen, wird es scheitern.<\/p>\n\n\n\n<p>Dieser Leitfaden handelt nicht von hochtrabenden Theorien oder dem, was Sie in einem Projektmanagement-Zertifizierungshandbuch lesen w\u00fcrden. Es ist eine destillierte Version von Lektionen, die auf die harte Tour gelernt wurden\u2014vor Ort, in Besprechungen und in Momenten, in denen es schien, als w\u00fcrde alles auseinanderfallen.<\/p>\n\n\n\n<h2 class=\"wp-block-heading\">Warum ich diesen Leitfaden geschrieben habe<\/h2>\n\n\n\n<p>In meinen fr\u00fchen Tagen als Projektmanager w\u00fcnschte ich mir oft etwas, das ich jetzt ein &#8222;Feldhandbuch&#8220; nenne. Eine Ressource, die nicht belehrt, sondern umsetzbare Ratschl\u00e4ge f\u00fcr die Momente bietet, in denen der Druck hoch ist. Was sollten Sie tun, wenn die Beschaffung in letzter Minute scheitert? Oder wenn die Verz\u00f6gerungen eines Subunternehmers den Zeitplan gef\u00e4hrden?<\/p>\n\n\n\n<p>Ich hatte kein solches Handbuch. Stattdessen hatte ich Versuch und Irrtum. Ich machte Fehler, korrigierte sie und lernte daraus.<\/p>\n\n\n\n<p>Heute, nach der Leitung unz\u00e4hliger Projekte, habe ich Muster bemerkt. Probleme m\u00f6gen an der Oberfl\u00e4che unterschiedlich aussehen, aber darunter teilen sie Gemeinsamkeiten. Die Strategien, die f\u00fcr ein Milliardenprojekt funktionierten, funktionieren oft genauso gut f\u00fcr ein Projekt im Wert von 520.115,00 $ (\u20ac500.000). Dieser Leitfaden ist mein Versuch, diese Strategien zu dokumentieren\u2014um Ihnen etwas zu geben, das ich mir am Anfang gew\u00fcnscht h\u00e4tte.<\/p>\n\n\n\n<h2 class=\"wp-block-heading\"><strong>Was dieser Leitfaden abdeckt<\/strong><\/h2>\n\n\n\n<p>Dies ist ein Leitfaden mit 10 Kapiteln. Jedes Kapitel konzentriert sich auf einen einzelnen Aspekt des Projektmanagements. Betrachten Sie es als eine Checkliste oder eine Reihe von \u201eFaustregeln\u201c, die Sie vor Beginn eines neuen Projekts erneut durchgehen k\u00f6nnen.<\/p>\n\n\n\n<p>Sehen Sie die Kapitel:<\/p>\n\n\n\n<ol class=\"wp-block-list\">\n<li><strong>Erstellen und Verfolgen von Projektpl\u00e4nen<\/strong> <br>Warum Pl\u00e4ne scheitern und wie man solche erstellt, die es nicht tun. <a href=\"https:\/\/planyard.com\/de\/bauzeitplanung\">Lesen Sie hier mehr<\/a><\/li>\n\n\n\n<li><strong>Bau-Ausschreibungen<\/strong> <br>Wie man reibungslose Ausschreibungsprozesse durchf\u00fchrt, die das Risiko minimieren. <a href=\"https:\/\/planyard.com\/de\/ausschreibungen-im-bauwesen-leitfaden\">Lesen Sie hier mehr<\/a><\/li>\n\n\n\n<li><strong>Vorpr\u00fcfung des Projekts<\/strong> <br>Die Kunst, Pl\u00e4ne zu analysieren, um Risiken zu erkennen, bevor sie zu Problemen werden. <a href=\"https:\/\/planyard.com\/de\/leitfaden-fuer-bauleiter-vorbereitung-checkliste\">Lesen Sie hier mehr<\/a><\/li>\n\n\n\n<li><strong>Vertragsmanagement<\/strong> <br>Die richtigen Vertr\u00e4ge ausw\u00e4hlen und Bedingungen aushandeln, die Ihr Projekt sch\u00fctzen. <a href=\"https:\/\/planyard.com\/de\/bauvertragsmanagement-leitfaden\">Lesen Sie hier mehr<\/a><\/li>\n\n\n\n<li><strong>Delegation und Motivation<\/strong> <br>Ihr Team effektiv f\u00fchren\u2014selbst wenn die Ressourcen knapp sind. (Wird am 26. M\u00e4rz 2025 ver\u00f6ffentlicht; abonnieren Sie <a href=\"https:\/\/planyard.com\/de\/holen-sie-sich-das-nachste-kapitel-des-master-leitfadens-fur-bauprojektmanagement\">hier<\/a>, um benachrichtigt zu werden) <\/li>\n\n\n\n<li><strong>Sinnvolle Meetings<\/strong> <br>Die Zeitfallen von Meetings vermeiden und dennoch Fortschritte erzielen. (Wird am 9. April 2025 ver\u00f6ffentlicht; abonnieren Sie <a href=\"https:\/\/planyard.com\/de\/holen-sie-sich-das-nachste-kapitel-des-master-leitfadens-fur-bauprojektmanagement\">hier<\/a>, um benachrichtigt zu werden)<\/li>\n\n\n\n<li><strong>Kosten\u00fcberwachung<\/strong>  <br>Praktische Strategien, um im Budget zu bleiben und unangenehme \u00dcberraschungen zu vermeiden. (Wird am 23. April 2025 ver\u00f6ffentlicht; abonnieren Sie <a href=\"https:\/\/planyard.com\/de\/holen-sie-sich-das-nachste-kapitel-des-master-leitfadens-fur-bauprojektmanagement\">hier<\/a>, um benachrichtigt zu werden)<\/li>\n\n\n\n<li><strong>Kommunikation<\/strong><br>Der unsichtbare Faden, der Projekte reibungslos laufen l\u00e4sst\u2014oder sie auseinanderrei\u00dft. (Wird am 7. Mai ver\u00f6ffentlicht; abonnieren Sie <a href=\"https:\/\/planyard.com\/de\/holen-sie-sich-das-nachste-kapitel-des-master-leitfadens-fur-bauprojektmanagement\">hier<\/a>, um benachrichtigt zu werden)<\/li>\n\n\n\n<li><strong>Budgetierung und Prognosen<\/strong> <br>Budgets einrichten, die mit dem Unerwarteten umgehen k\u00f6nnen. (Wird am 21. Mai 2025 ver\u00f6ffentlicht; abonnieren Sie <a href=\"https:\/\/planyard.com\/de\/holen-sie-sich-das-nachste-kapitel-des-master-leitfadens-fur-bauprojektmanagement\">hier<\/a>, um benachrichtigt zu werden)<\/li>\n\n\n\n<li><strong>Ziele setzen und erreichen<\/strong> <br>Ihr Team und die Stakeholder f\u00fcr gemeinsamen Erfolg ausrichten. (Wird am 4. Juni 2025 ver\u00f6ffentlicht; abonnieren Sie <a href=\"https:\/\/planyard.com\/de\/holen-sie-sich-das-nachste-kapitel-des-master-leitfadens-fur-bauprojektmanagement\">hier<\/a>, um benachrichtigt zu werden)<\/li>\n<\/ol>\n\n\n\n<p>Dies ist kein theoretisches Rahmenwerk\u2014es ist ein Werkzeugkasten\u2014die Art von Ratschl\u00e4gen, die Sie in Ihr n\u00e4chstes Projekt-Kickoff-Meeting mitnehmen und sofort anwenden k\u00f6nnen.<\/p>\n\n\n\n<h2 class=\"wp-block-heading\"><strong>Wer von diesem Leitfaden profitieren wird<\/strong><\/h2>\n\n\n\n<p>Er richtet sich an alle, die in das Management von Bauprojekten involviert sind, insbesondere:<\/p>\n\n\n\n<ul class=\"wp-block-list\">\n<li><strong>Junior-Projektmanager:<\/strong> Wenn Sie gerade erst anfangen, wird Ihnen dies die Grundlage geben, die Sie ben\u00f6tigen, um sofort loszulegen.<\/li>\n\n\n\n<li><strong>Kleine Gesch\u00e4ftsinhaber:<\/strong> M\u00f6chten Sie Ihre internen Prozesse verbessern und die Denkweise der Auftragnehmer, mit denen Sie arbeiten, verstehen? Dann ist dies f\u00fcr Sie.<\/li>\n\n\n\n<li><strong>Bauleiter:<\/strong> Verwenden Sie diesen Leitfaden, um sicherzustellen, dass Ihre Teams bew\u00e4hrte Verfahren befolgen und konsistente Ergebnisse liefern.<\/li>\n<\/ul>\n\n\n\n<p>Ob Sie ein kleines Renovierungsprojekt oder ein gro\u00dfangelegtes Infrastrukturprojekt leiten, die Prinzipien bleiben dieselben.<\/p>\n\n\n\n<h2 class=\"wp-block-heading\"><strong>Warum dieser Leitfaden funktioniert<\/strong><\/h2>\n\n\n\n<p>Wenn ich mich hinsetze, um ein neues Projekt zu starten, gehe ich diese Prinzipien immer wieder durch. Jedes einzelne Mal. Nicht, weil ich sie nicht kenne\u2014sondern weil Wiederholung den Fokus sch\u00e4rft. Das \u00dcberpr\u00fcfen der Grundlagen stellt sicher, dass kein Detail, so klein es auch sein mag, \u00fcbersehen wird.<\/p>\n\n\n\n<p>Bauprojekte sind unerbittlich. Vergessen Sie, eine Vertragsklausel zu \u00fcberpr\u00fcfen, und Sie k\u00f6nnten in einem kostspieligen Rechtsstreit enden. Verpassen Sie eine Frist, und Ihr Kunde k\u00f6nnte das Vertrauen verlieren. Diese Fehler passieren nicht einfach so\u2014sie sind Symptome mangelnder Vorbereitung.<\/p>\n\n\n\n<p>Dieser Leitfaden ist meine Vorbereitung. Und jetzt ist er Ihrer, um ihn zu nutzen.<\/p>\n\n\n\n<h3 class=\"wp-block-heading\"><strong>\u00dcber den Autor<\/strong><\/h3>\n\n\n\n<p>Margus Rahuoja (<a href=\"https:\/\/www.linkedin.com\/in\/margus-rahuoja-96b27184\/\">LinkedIn<\/a>) hat \u00fcber 20 Jahre Erfahrung im Bauprojektmanagement und hat Projekte in Estland, Finnland und Schweden geleitet, von millionenschweren HLK-Systemen bis hin zu milliardenschweren Kernkraftwerken. Meine Philosophie ist einfach: Managen Sie Ihr Projekt, als ob Ihr Ruf davon abh\u00e4ngt\u2014denn das tut er.<\/p>\n\n\n\n<p><strong><a href=\"https:\/\/planyard.com\/de\/bauzeitplanung\">Lesen Sie das n\u00e4chste Kapitel<\/a><\/strong><\/p>\n\n\n\n<p><\/p>\n","protected":false},"excerpt":{"rendered":"<p>Die Denkweise eines Bauprojektmanagers Beim Bauprojektmanagement kann man sich leicht in der Komplexit\u00e4t verlieren. Es gibt Zeitpl\u00e4ne zu erstellen, Vertr\u00e4ge zu pr\u00fcfen, Budgets zu \u00fcberwachen und Dutzende von Menschen, die auf Ihre Entscheidungen warten. Es ist Chaos\u2014kontrolliertes Chaos, wenn Sie es richtig machen. In den letzten 20 Jahren habe ich an Projekten gearbeitet, die von&#8230;  <a class=\"excerpt-read-more\" href=\"https:\/\/planyard.com\/de\/kostenloser-leitfaden-bauprojektmanagement-meistern\" title=\"Lesen Sie  Bauprojektmanagement: Ein praktischer 10-Schritte-Leitfaden\">Mehr lesen &#8222;<\/a><\/p>\n","protected":false},"author":4,"featured_media":0,"parent":0,"menu_order":0,"comment_status":"closed","ping_status":"closed","template":"","meta":{"_acf_changed":false,"content-type":"","footnotes":""},"page_intent":[285],"page_type":[],"class_list":["post-12460","page","type-page","status-publish","hentry"],"acf":[],"yoast_head":"<!-- This site is optimized with the Yoast SEO plugin v27.1.1 - https:\/\/yoast.com\/product\/yoast-seo-wordpress\/ -->\n<title>Bauprojektmanagement: Ein praktischer 10-Schritte-Leitfaden - Planyard in Deutsch<\/title>\n<meta name=\"description\" content=\"Beim Bauprojektmanagement kann man sich leicht in der Komplexit\u00e4t verlieren.\" \/>\n<meta name=\"robots\" content=\"index, follow, max-snippet:-1, max-image-preview:large, max-video-preview:-1\" \/>\n<link rel=\"canonical\" href=\"https:\/\/planyard.com\/de\/kostenloser-leitfaden-bauprojektmanagement-meistern\" \/>\n<meta property=\"og:locale\" content=\"de_DE\" \/>\n<meta property=\"og:type\" content=\"article\" \/>\n<meta property=\"og:title\" content=\"Bauprojektmanagement: Ein praktischer 10-Schritte-Leitfaden - Planyard in Deutsch\" \/>\n<meta property=\"og:description\" content=\"Beim Bauprojektmanagement kann man sich leicht in der Komplexit\u00e4t verlieren.\" \/>\n<meta property=\"og:url\" content=\"https:\/\/planyard.com\/de\/kostenloser-leitfaden-bauprojektmanagement-meistern\" \/>\n<meta property=\"og:site_name\" content=\"Planyard in Deutsch\" \/>\n<meta property=\"article:modified_time\" content=\"2025-05-19T18:10:11+00:00\" \/>\n<meta name=\"twitter:card\" content=\"summary_large_image\" \/>\n<meta name=\"twitter:label1\" content=\"Gesch\u00e4tzte Lesezeit\" \/>\n\t<meta name=\"twitter:data1\" content=\"4\u00a0Minuten\" \/>\n<!-- \/ Yoast SEO plugin. -->","yoast_head_json":{"title":"Bauprojektmanagement: Ein praktischer 10-Schritte-Leitfaden - Planyard in Deutsch","description":"Beim Bauprojektmanagement kann man sich leicht in der Komplexit\u00e4t verlieren.","robots":{"index":"index","follow":"follow","max-snippet":"max-snippet:-1","max-image-preview":"max-image-preview:large","max-video-preview":"max-video-preview:-1"},"canonical":"https:\/\/planyard.com\/de\/kostenloser-leitfaden-bauprojektmanagement-meistern","og_locale":"de_DE","og_type":"article","og_title":"Bauprojektmanagement: Ein praktischer 10-Schritte-Leitfaden - Planyard in Deutsch","og_description":"Beim Bauprojektmanagement kann man sich leicht in der Komplexit\u00e4t verlieren.","og_url":"https:\/\/planyard.com\/de\/kostenloser-leitfaden-bauprojektmanagement-meistern","og_site_name":"Planyard in Deutsch","article_modified_time":"2025-05-19T18:10:11+00:00","twitter_card":"summary_large_image","twitter_misc":{"Gesch\u00e4tzte Lesezeit":"4\u00a0Minuten"},"schema":{"@context":"https:\/\/schema.org","@graph":[{"@type":"WebPage","@id":"https:\/\/planyard.com\/de\/kostenloser-leitfaden-bauprojektmanagement-meistern","url":"https:\/\/planyard.com\/de\/kostenloser-leitfaden-bauprojektmanagement-meistern","name":"Bauprojektmanagement: Ein praktischer 10-Schritte-Leitfaden - Planyard in Deutsch","isPartOf":{"@id":"https:\/\/planyard.com\/de#website"},"datePublished":"2025-01-29T11:49:32+00:00","dateModified":"2025-05-19T18:10:11+00:00","description":"Beim Bauprojektmanagement kann man sich leicht in der Komplexit\u00e4t verlieren.","breadcrumb":{"@id":"https:\/\/planyard.com\/de\/kostenloser-leitfaden-bauprojektmanagement-meistern#breadcrumb"},"inLanguage":"de","potentialAction":[{"@type":"ReadAction","target":["https:\/\/planyard.com\/de\/kostenloser-leitfaden-bauprojektmanagement-meistern"]}]},{"@type":"BreadcrumbList","@id":"https:\/\/planyard.com\/de\/kostenloser-leitfaden-bauprojektmanagement-meistern#breadcrumb","itemListElement":[{"@type":"ListItem","position":1,"name":"Home","item":"https:\/\/planyard.com\/de"},{"@type":"ListItem","position":2,"name":"Praktische Anleitung f\u00fcr das Bauprojektmanagement in 10 Schritten"}]},{"@type":"WebSite","@id":"https:\/\/planyard.com\/de#website","url":"https:\/\/planyard.com\/de","name":"Planyard in Deutsch","description":"","potentialAction":[{"@type":"SearchAction","target":{"@type":"EntryPoint","urlTemplate":"https:\/\/planyard.com\/de?s={search_term_string}"},"query-input":{"@type":"PropertyValueSpecification","valueRequired":true,"valueName":"search_term_string"}}],"inLanguage":"de"}]}},"_links":{"self":[{"href":"https:\/\/planyard.com\/de\/wp-json\/wp\/v2\/pages\/12460","targetHints":{"allow":["GET"]}}],"collection":[{"href":"https:\/\/planyard.com\/de\/wp-json\/wp\/v2\/pages"}],"about":[{"href":"https:\/\/planyard.com\/de\/wp-json\/wp\/v2\/types\/page"}],"author":[{"embeddable":true,"href":"https:\/\/planyard.com\/de\/wp-json\/wp\/v2\/users\/4"}],"replies":[{"embeddable":true,"href":"https:\/\/planyard.com\/de\/wp-json\/wp\/v2\/comments?post=12460"}],"version-history":[{"count":3,"href":"https:\/\/planyard.com\/de\/wp-json\/wp\/v2\/pages\/12460\/revisions"}],"predecessor-version":[{"id":16177,"href":"https:\/\/planyard.com\/de\/wp-json\/wp\/v2\/pages\/12460\/revisions\/16177"}],"wp:attachment":[{"href":"https:\/\/planyard.com\/de\/wp-json\/wp\/v2\/media?parent=12460"}],"wp:term":[{"taxonomy":"page_intent","embeddable":true,"href":"https:\/\/planyard.com\/de\/wp-json\/wp\/v2\/page_intent?post=12460"},{"taxonomy":"page_type","embeddable":true,"href":"https:\/\/planyard.com\/de\/wp-json\/wp\/v2\/page_type?post=12460"}],"curies":[{"name":"wp","href":"https:\/\/api.w.org\/{rel}","templated":true}]}}