{"id":12450,"date":"2024-12-12T15:08:49","date_gmt":"2024-12-12T15:08:49","guid":{"rendered":"https:\/\/planyard.com\/construction-invoice-template"},"modified":"2025-05-19T18:09:38","modified_gmt":"2025-05-19T18:09:38","slug":"vorlage-fuer-bauabrechnungen","status":"publish","type":"page","link":"https:\/\/planyard.com\/de\/vorlage-fuer-bauabrechnungen","title":{"rendered":"Vorlage f\u00fcr Bauabrechnungen"},"content":{"rendered":"\n<div class=\"wp-block-media-text is-stacked-on-mobile\" style=\"grid-template-columns:40% auto\"><figure class=\"wp-block-media-text__media\"><img loading=\"lazy\" decoding=\"async\" width=\"1570\" height=\"2036\" src=\"https:\/\/planyard.com\/wp-content\/uploads\/2024\/12\/construction_invoice_template_preview.png\" alt=\"Construction invoice preview with automatic calculations\" class=\"wp-image-8069 size-full\" srcset=\"https:\/\/planyard.com\/wp-content\/uploads\/2024\/12\/construction_invoice_template_preview.png 1570w, https:\/\/planyard.com\/wp-content\/uploads\/2024\/12\/construction_invoice_template_preview-1184x1536.png 1184w\" sizes=\"auto, (max-width: 1570px) 100vw, 1570px\" \/><\/figure><div class=\"wp-block-media-text__content\">\n<p>Diese Seite bietet herunterladbare Vorlagen (Google Docs, Excel und PDF) sowie einen umfassenden Leitfaden, um Ihnen bei der Erstellung professioneller Bauabrechnungen zu helfen, die auf Ihre Bed\u00fcrfnisse zugeschnitten sind.<\/p>\n\n\n\n<p>Effizientes Rechnungsmanagement ist entscheidend f\u00fcr die Aufrechterhaltung der finanziellen Kontrolle bei Bauprojekten.<\/p>\n<\/div><\/div>\n\n\n\n<p><\/p>\n\n\n\n<p>Nachfolgend finden Sie verschiedene Formate von Bauabrechnungsvorlagen, darunter Google Docs, Excel und PDF. W\u00e4hrend alle Formate n\u00fctzlich sind, empfehlen wir dringend die Verwendung von Google Sheets oder Excel f\u00fcr automatische Berechnungsfunktionen.<\/p>\n\n\n\n<h2 class=\"wp-block-heading\">Vorlage f\u00fcr Bauabrechnungen<\/h2>\n\n\n\n<div class=\"wp-block-buttons is-layout-flex wp-block-buttons-is-layout-flex\">\n<div class=\"wp-block-button\"><a class=\"wp-block-button__link has-white-color has-text-color has-background has-link-color wp-element-button\" href=\"https:\/\/docs.google.com\/spreadsheets\/d\/1rqCyjQwpTwhrKaIA4ac0D6-qKKWO5tzM\/edit?gid=1137767001#gid=1137767001\" style=\"background-color:#2756ff\">Kostenlose Vorlage herunterladen &#8211; Google Drive<\/a><\/div>\n\n\n\n<div class=\"wp-block-button\"><a class=\"wp-block-button__link has-white-color has-cyan-bluish-gray-background-color has-text-color has-background has-link-color wp-element-button\" href=\"https:\/\/docs.google.com\/spreadsheets\/d\/1rqCyjQwpTwhrKaIA4ac0D6-qKKWO5tzM\/export?format=xlsx\">Kostenlose Vorlage herunterladen &#8211; Excel<\/a><\/div>\n\n\n\n<div class=\"wp-block-button\"><a class=\"wp-block-button__link has-white-color has-cyan-bluish-gray-background-color has-text-color has-background has-link-color wp-element-button\" href=\"https:\/\/docs.google.com\/spreadsheets\/d\/1rqCyjQwpTwhrKaIA4ac0D6-qKKWO5tzM\/export?format=pdf\">Kostenlose Vorlage herunterladen &#8211; PDF<\/a><\/div>\n<\/div>\n\n\n\n<h2 class=\"wp-block-heading\">Merkmale unserer Bauabrechnungsvorlage<\/h2>\n\n\n\n<p>Unsere Bauabrechnungsvorlage ist durchdacht gestaltet, um den Abrechnungsprozess zu vereinfachen und gleichzeitig ein professionelles und gepflegtes Erscheinungsbild zu bewahren. Egal, ob Sie f\u00fcr ein einzelnes Projekt abrechnen oder mehrere Auftr\u00e4ge verwalten, die Vorlage enth\u00e4lt Funktionen, die auf die besonderen Bed\u00fcrfnisse von Auftragnehmern, Bauherren und Subunternehmern zugeschnitten sind.<\/p>\n\n\n\n<p>Diese Funktionen helfen, Ihren Abrechnungsprozess zu optimieren, indem sie genaue Echtzeitberechnungen f\u00fcr Gesamtsummen, Steuern und andere Geb\u00fchren durchf\u00fchren und das Risiko manueller Fehler reduzieren. Sie erm\u00f6glichen auch eine einfache Anpassung und Aktualisierung, was sie ideal f\u00fcr die effiziente Verwaltung dynamischer und komplexer Bauprojektkosten macht.<\/p>\n\n\n\n<h3 class=\"wp-block-heading\">Anpassbare Felder<\/h3>\n\n\n\n<p>Die Vorlage bietet vollst\u00e4ndig anpassbare Felder, die es Ihnen erm\u00f6glichen, sie an Ihre spezifischen Projektanforderungen anzupassen. \u00c4ndern Sie Ihre Kontaktdaten, Kundendaten, Artikelbeschreibungen, Rabatte, Steuern und zus\u00e4tzliche Geb\u00fchren, um eine genaue und transparente Abrechnung sicherzustellen.<\/p>\n\n\n\n<h3 class=\"wp-block-heading\">Automatische Berechnungen (Excel und Google Sheets)<\/h3>\n\n\n\n<p>F\u00fcr Benutzer, die sich f\u00fcr Excel oder Google Sheets entscheiden, bietet die Vorlage integrierte Formeln f\u00fcr automatische Berechnungen. Gesamtsummen, Rabatte, Steuern und Zwischensummen werden in Echtzeit berechnet, was Fehler reduziert und wertvolle Zeit spart.<\/p>\n\n\n\n<figure class=\"wp-block-image size-full\"><img loading=\"lazy\" decoding=\"async\" width=\"2270\" height=\"316\" src=\"https:\/\/planyard.com\/wp-content\/uploads\/2024\/12\/construction_invoice_automatic_calculations.png\" alt=\"Construction invoice automatic calculations\" class=\"wp-image-8071\" srcset=\"https:\/\/planyard.com\/wp-content\/uploads\/2024\/12\/construction_invoice_automatic_calculations.png 2270w, https:\/\/planyard.com\/wp-content\/uploads\/2024\/12\/construction_invoice_automatic_calculations-1536x214.png 1536w, https:\/\/planyard.com\/wp-content\/uploads\/2024\/12\/construction_invoice_automatic_calculations-2048x285.png 2048w\" sizes=\"auto, (max-width: 2270px) 100vw, 2270px\" \/><\/figure>\n\n\n\n<h3 class=\"wp-block-heading\">Unterschiedliche Mehrwertsteuer f\u00fcr jeden Artikel<\/h3>\n\n\n\n<p>Unsere Bauabrechnungsvorlage bietet die Flexibilit\u00e4t, unterschiedliche Mehrwertsteuers\u00e4tze auf einzelne Artikel anzuwenden, um den unterschiedlichen Steueranforderungen gerecht zu werden, die h\u00e4ufig bei Bauprojekten auftreten. Egal, ob Sie f\u00fcr Arbeit, Materialien oder spezielles Equipment abrechnen, Sie k\u00f6nnen jedem Posten problemlos spezifische Mehrwertsteuerprozents\u00e4tze zuweisen.<\/p>\n\n\n\n<p>Diese Funktion gew\u00e4hrleistet pr\u00e4zise Steuerberechnungen, die Einhaltung lokaler Steuervorschriften und Transparenz f\u00fcr Ihre Kunden. Durch die Ber\u00fccksichtigung unterschiedlicher Steuerstrukturen hilft die Vorlage, die Abrechnung f\u00fcr komplexe Projekte zu optimieren, das Risiko von Fehlern zu reduzieren und eine genaue Finanzberichterstattung sicherzustellen.<\/p>\n\n\n\n<figure class=\"wp-block-image size-full\"><img loading=\"lazy\" decoding=\"async\" width=\"2270\" height=\"316\" src=\"https:\/\/planyard.com\/wp-content\/uploads\/2024\/12\/construction_invoice_varying_vat.png\" alt=\"Construction invoice with varying VAT rates highlighted\" class=\"wp-image-8072\" srcset=\"https:\/\/planyard.com\/wp-content\/uploads\/2024\/12\/construction_invoice_varying_vat.png 2270w, https:\/\/planyard.com\/wp-content\/uploads\/2024\/12\/construction_invoice_varying_vat-1536x214.png 1536w, https:\/\/planyard.com\/wp-content\/uploads\/2024\/12\/construction_invoice_varying_vat-2048x285.png 2048w\" sizes=\"auto, (max-width: 2270px) 100vw, 2270px\" \/><\/figure>\n\n\n\n<h3 class=\"wp-block-heading\">Professionelles Layout<\/h3>\n\n\n\n<p>Ein klares und organisiertes Design stellt sicher, dass Ihre Rechnungen professionell aussehen. Das Layout enth\u00e4lt klar definierte Abschnitte f\u00fcr Projektdetails, aufgeschl\u00fcsselte Kosten und Zahlungsbedingungen, was es den Kunden erleichtert, die Rechnung zu verstehen und zu bearbeiten. Oben in der Vorlage k\u00f6nnen Sie das Platzhalter-Logo austauschen und durch Ihr eigenes ersetzen.<\/p>\n\n\n\n<h3 class=\"wp-block-heading\">Mehrere Formatoptionen<\/h3>\n\n\n\n<p>W\u00e4hlen Sie zwischen Google Sheets, Excel und PDF-Formaten basierend auf Ihren Workflow-Pr\u00e4ferenzen. Egal, ob Sie eine Vorlage f\u00fcr manuelle Eingaben oder eine f\u00fcr die Automatisierung optimierte ben\u00f6tigen, wir haben das Passende f\u00fcr Sie.<\/p>\n\n\n\n<h3 class=\"wp-block-heading\">Vorformatiert f\u00fcr Steuerkonformit\u00e4t<\/h3>\n\n\n\n<p>Die Vorlage enth\u00e4lt Felder f\u00fcr Steuers\u00e4tze und Berechnungen, um die Einhaltung lokaler Steuervorschriften sicherzustellen. Sie k\u00f6nnen diese Felder problemlos an Ihren Standort und Ihre Projektanforderungen anpassen.<\/p>\n\n\n\n<p>Sie k\u00f6nnen sogar unterschiedliche Steuers\u00e4tze f\u00fcr jeden Artikel auf der Rechnung angeben. Der gesamte Steuerbetrag f\u00fcr die Rechnung wird dann am Ende der Rechnung angegeben.<\/p>\n\n\n<div class=\"wp-block-image\">\n<figure class=\"aligncenter size-full\"><img loading=\"lazy\" decoding=\"async\" width=\"1122\" height=\"344\" src=\"https:\/\/planyard.com\/wp-content\/uploads\/2024\/12\/construction_invoice_taxes.png\" alt=\"Construction invoice template automatic tax calculation\" class=\"wp-image-8074\" \/><\/figure>\n<\/div>\n\n\n<h3 class=\"wp-block-heading\">Arbeitsbeginn- und Enddaten<\/h3>\n\n\n\n<p>Unsere Bauabrechnungsvorlage enth\u00e4lt Felder zur Angabe der Start- und Enddaten des Projekts oder der abgerechneten Arbeiten. Diese Daten bieten den Kunden wichtigen Kontext und stellen sicher, dass sie den mit den Geb\u00fchren verbundenen Zeitrahmen verstehen. Durch die klare Definition, wann die Arbeit begonnen und beendet wurde, k\u00f6nnen Missverst\u00e4ndnisse vermieden und ein transparenter Nachweis f\u00fcr beide Parteien erstellt werden.<\/p>\n\n\n\n<p>Diese Funktion ist besonders n\u00fctzlich f\u00fcr Abschlagsrechnungen, wiederkehrende Wartungsdienste oder Projekte mit \u00fcberlappenden Phasen, da sie sicherstellt, dass jede Rechnung einem bestimmten Arbeitszeitraum zugeordnet ist, was Klarheit und Professionalit\u00e4t f\u00f6rdert.<\/p>\n\n\n\n<figure class=\"wp-block-image size-full\"><img loading=\"lazy\" decoding=\"async\" width=\"1086\" height=\"196\" src=\"https:\/\/planyard.com\/wp-content\/uploads\/2024\/12\/construction_invoice_start_end_dates.png\" alt=\"Construction invoice date of work\" class=\"wp-image-8076\" \/><\/figure>\n\n\n\n<h3 class=\"wp-block-heading\">Platz f\u00fcr Arbeitsbeschreibung<\/h3>\n\n\n\n<p>Unsere Bauabrechnungsvorlage enth\u00e4lt einen speziellen Abschnitt zur detaillierten Beschreibung der geleisteten Arbeiten. Diese Funktion erm\u00f6glicht es Ihnen, den Kunden eine klare Erkl\u00e4rung der Dienstleistungen zu geben, einschlie\u00dflich spezifischer Aufgaben, verwendeter Materialien und erreichter Projektmeilensteine.<\/p>\n\n\n\n<p>Durch dieses Ma\u00df an Transparenz k\u00f6nnen Sie Kundenfragen minimieren, Streitigkeiten vermeiden und Vertrauen aufbauen. Der Platz ist flexibel, sodass Sie die Beschreibungen an den Umfang und die Komplexit\u00e4t jedes Projekts anpassen k\u00f6nnen, um sicherzustellen, dass jede Rechnung den Wert Ihrer Arbeit effektiv und professionell kommuniziert.<\/p>\n\n\n\n<figure class=\"wp-block-image size-full\"><img loading=\"lazy\" decoding=\"async\" width=\"2156\" height=\"394\" src=\"https:\/\/planyard.com\/wp-content\/uploads\/2024\/12\/construction_invoice_description_of_work.png\" alt=\"Construction invoice description of work section\" class=\"wp-image-8078\" srcset=\"https:\/\/planyard.com\/wp-content\/uploads\/2024\/12\/construction_invoice_description_of_work.png 2156w, https:\/\/planyard.com\/wp-content\/uploads\/2024\/12\/construction_invoice_description_of_work-1536x281.png 1536w, https:\/\/planyard.com\/wp-content\/uploads\/2024\/12\/construction_invoice_description_of_work-2048x374.png 2048w\" sizes=\"auto, (max-width: 2156px) 100vw, 2156px\" \/><\/figure>\n\n\n\n<h3 class=\"wp-block-heading\">Druck- und teilbar<\/h3>\n\n\n\n<p>Die Vorlage ist druckerfreundlich gestaltet und stellt sicher, dass sie auf Papier professionell aussieht. Sie l\u00e4sst sich auch einfach elektronisch teilen, was sie f\u00fcr die digitale Rechnungsstellung praktisch macht.<\/p>\n\n\n\n<p>Mit unserer Bauabrechnungsvorlage k\u00f6nnen Sie Ihren Abrechnungsprozess optimieren, manuelle Fehler reduzieren und Ihr professionelles Image verbessern, w\u00e4hrend Sie Zeit und M\u00fche sparen.<\/p>\n\n\n\n<h2 class=\"wp-block-heading\">Wann sollte ich eine Bauabrechnung verwenden?<\/h2>\n\n\n\n<p>Eine Bauabrechnung ist ein wichtiges Dokument, das verwendet wird, um Kunden f\u00fcr die auf einem Bauprojekt geleistete Arbeit abzurechnen. Egal, ob Sie Auftragnehmer, Bauherr oder Subunternehmer sind, zu wissen, wann eine Rechnung ausgestellt werden muss, ist entscheidend f\u00fcr die Aufrechterhaltung des Cashflows und die Sicherstellung finanzieller Transparenz.<\/p>\n\n\n\n<h3 class=\"wp-block-heading\">H\u00e4ufige Szenarien f\u00fcr die Verwendung einer Bauabrechnung<\/h3>\n\n\n\n<ol class=\"wp-block-list\">\n<li><strong>Bei abgeschlossenen Meilensteinen:<\/strong> Bei gro\u00dfen Projekten ist es \u00fcblich, Kunden nach Erreichen bestimmter Meilensteine abzurechnen, wie z.B. nach Abschluss des Fundaments oder der Rahmenkonstruktion.<\/li>\n\n\n\n<li><strong>Abschlagsrechnungen:<\/strong> Bei laufenden Projekten sorgt die Ausstellung von Rechnungen in regelm\u00e4\u00dfigen Abst\u00e4nden (w\u00f6chentlich oder monatlich) basierend auf dem Prozentsatz der geleisteten Arbeit f\u00fcr einen stetigen Zahlungsfluss.<\/li>\n\n\n\n<li><strong>Bei Projektabschluss:<\/strong> Kleinere Projekte oder Einzelaufgaben k\u00f6nnen eine Abrechnung erst nach vollst\u00e4ndiger Fertigstellung und Inspektion rechtfertigen.<\/li>\n\n\n\n<li><strong>F\u00fcr spezifische Kosten:<\/strong> Verwenden Sie Rechnungen, um die Erstattung zus\u00e4tzlicher Ausgaben wie \u00c4nderungsauftr\u00e4ge oder Materialien zu beantragen, die nicht im urspr\u00fcnglichen Vertrag enthalten sind.<\/li>\n<\/ol>\n\n\n\n<p>Die angemessene Verwendung von Bauabrechnungen gew\u00e4hrleistet Professionalit\u00e4t und hilft, Vertrauen bei den Kunden aufzubauen, w\u00e4hrend sie einen klaren Nachweis der erbrachten Dienstleistungen bietet.<\/p>\n\n\n\n<h2 class=\"wp-block-heading\">Wie erstelle ich eine Bauabrechnung?<\/h2>\n\n\n\n<p>Die Erstellung einer Bauabrechnung mag entmutigend erscheinen, aber die Aufteilung in einfache Schritte kann den Prozess nahtlos und effizient gestalten. Nachfolgend sind die wesentlichen Elemente aufgef\u00fchrt, die jede professionelle Bauabrechnung enthalten sollte.<\/p>\n\n\n\n<h3 class=\"wp-block-heading\">Rechnungskopf<\/h3>\n\n\n\n<p>Beginnen Sie mit einem Kopf, der Ihr Unternehmen klar identifiziert. F\u00fcgen Sie Ihren Firmennamen, Ihre Adresse, Telefonnummer, E-Mail und Ihr Logo hinzu. Dies verleiht nicht nur Professionalit\u00e4t, sondern stellt auch sicher, dass Kunden Sie bei Bedarf leicht kontaktieren k\u00f6nnen.<\/p>\n\n\n\n<h3 class=\"wp-block-heading\">Rechnungsnummer<\/h3>\n\n\n\n<p>Weisen Sie eine eindeutige Rechnungsnummer f\u00fcr Verfolgungs- und Aufzeichnungszwecke zu. Ein Nummerierungssystem hilft sowohl Ihnen als auch Ihrem Kunden, spezifische Rechnungen schnell zu referenzieren, insbesondere bei der Verwaltung mehrerer Projekte.<\/p>\n\n\n\n<h3 class=\"wp-block-heading\">Kundeninformationen<\/h3>\n\n\n\n<p>F\u00fcgen Sie die Details Ihres Kunden hinzu, wie z.B. deren Namen, Adresse und Kontaktdaten. Dies stellt sicher, dass die Rechnung an die richtige Person oder Abteilung gerichtet ist.<\/p>\n\n\n\n<h3 class=\"wp-block-heading\">Aufgeschl\u00fcsselte Kosten<\/h3>\n\n\n\n<p>F\u00fchren Sie alle Kosten im Detail auf. Dazu geh\u00f6ren:<\/p>\n\n\n\n<ul class=\"wp-block-list\">\n<li><strong>Arbeitskosten:<\/strong> Anzahl der geleisteten Stunden und Stundens\u00e4tze.<\/li>\n\n\n\n<li><strong>Materialien:<\/strong> Arten, Mengen und Kosten der verwendeten Materialien.<\/li>\n\n\n\n<li><strong>Ausr\u00fcstung:<\/strong> Alle Maschinenmieten oder Nutzungsgeb\u00fchren.<\/li>\n\n\n\n<li><strong>Sonstige Kosten:<\/strong> Genehmigungen, Reisekosten oder zus\u00e4tzliche Geb\u00fchren. Diese Detailgenauigkeit sorgt f\u00fcr Transparenz und verhindert Streitigkeiten.<\/li>\n<\/ul>\n\n\n\n<h3 class=\"wp-block-heading\">Gesamtbetrag<\/h3>\n\n\n\n<p>Sie k\u00f6nnen die Kosten in Zwischensummen, Steuern und den endg\u00fcltigen zu zahlenden Betrag zusammenfassen. Dieser Abschnitt sollte deutlich hervorgehoben werden, um Klarheit zu gew\u00e4hrleisten.<\/p>\n\n\n\n<h3 class=\"wp-block-heading\">Zahlungsbedingungen<\/h3>\n\n\n\n<p>Geben Sie Ihre Zahlungsbedingungen an, wie z.B. das F\u00e4lligkeitsdatum und akzeptierte Zahlungsmethoden (z.B. \u00dcberweisung, Kreditkarte, Scheck). Erw\u00e4hnen Sie etwaige Strafen f\u00fcr versp\u00e4tete Zahlungen, um eine rechtzeitige Begleichung zu f\u00f6rdern.<\/p>\n\n\n\n<h3 class=\"wp-block-heading\">Zus\u00e4tzliche Hinweise<\/h3>\n\n\n\n<p>Verwenden Sie diesen Abschnitt f\u00fcr zus\u00e4tzliche Informationen, wie Garantien f\u00fcr die geleistete Arbeit, R\u00fcckgaberichtlinien oder eine Dankesnachricht, um die Beziehung zu Ihren Kunden zu st\u00e4rken.<\/p>\n\n\n\n<p>Eine gut strukturierte Rechnung stellt nicht nur sicher, dass Sie p\u00fcnktlich bezahlt werden, sondern st\u00e4rkt auch Ihr professionelles Image.<\/p>\n\n\n\n<h2 class=\"wp-block-heading\">Was sollte in einer Bauabrechnung enthalten sein?<\/h2>\n\n\n\n<p>Jede Bauabrechnung sollte wichtige Details enthalten, um sicherzustellen, dass sie ihren Zweck effektiv erf\u00fcllt. Nachfolgend sind die wesentlichen Elemente aufgef\u00fchrt, die Sie abdecken m\u00fcssen:<\/p>\n\n\n\n<h3 class=\"wp-block-heading\">Projektdetails<\/h3>\n\n\n\n<p>Beginnen Sie mit dem Namen des Projekts, der Adresse und einer kurzen Beschreibung der Arbeiten. Dieser Kontext hilft den Kunden, die Rechnung dem spezifischen Auftrag zuzuordnen.<\/p>\n\n\n\n<h3 class=\"wp-block-heading\">Kostenaufstellung<\/h3>\n\n\n\n<p>Bieten Sie eine klare und detaillierte Aufstellung der Kosten. Dazu geh\u00f6ren:<\/p>\n\n\n\n<ul class=\"wp-block-list\">\n<li>Arbeitskosten<\/li>\n\n\n\n<li>Verwendete Materialien<\/li>\n\n\n\n<li>Ausr\u00fcstungsmieten<\/li>\n\n\n\n<li>Steuern und andere Geb\u00fchren. Transparenz bei den Kosten minimiert Kundenanfragen und Streitigkeiten.<\/li>\n<\/ul>\n\n\n\n<h3 class=\"wp-block-heading\">Zahlungsbedingungen und -methoden<\/h3>\n\n\n\n<p>Umrei\u00dfen Sie klar die Zahlungsbedingungen:<\/p>\n\n\n\n<ul class=\"wp-block-list\">\n<li>F\u00e4lligkeitsdatum der Rechnung<\/li>\n\n\n\n<li>Akzeptierte Zahlungsmethoden (z.B. \u00dcberweisung, Scheck)<\/li>\n\n\n\n<li>Etwaige Skonti f\u00fcr fr\u00fchzeitige Zahlung oder Strafen f\u00fcr versp\u00e4tete Zahlung<\/li>\n<\/ul>\n\n\n\n<h3 class=\"wp-block-heading\">Kontaktinformationen<\/h3>\n\n\n\n<p>Stellen Sie sicher, dass Ihre Kontaktdaten leicht zug\u00e4nglich sind. Kunden sollten wissen, wie sie Sie erreichen k\u00f6nnen, wenn sie Fragen haben oder weitere Klarstellungen ben\u00f6tigen.<\/p>\n\n\n\n<p>Das Einbeziehen dieser Komponenten stellt sicher, dass Ihre Rechnungen professionell, klar und effektiv sind, um p\u00fcnktliche Zahlungen zu sichern und die Kommunikation mit den Kunden zu minimieren.<\/p>\n\n\n\n<h2 class=\"wp-block-heading\">Fazit<\/h2>\n\n\n\n<p>Optimieren Sie Ihre Bauprojekte mit unserer kostenlosen Bauabrechnungsvorlage. Sie ist auf Bauherren, Generalunternehmer und Bauleiter zugeschnitten und stellt sicher, dass Sie p\u00fcnktlich bezahlt werden.<\/p>\n\n\n\n<p>Sobald Sie an komplexeren Projekten mit mehrstufigen Zahlungen mit den Kunden arbeiten, schauen Sie sich die <a href=\"https:\/\/planyard.com\/de\/software-zur-verwaltung-von-bauabrechnungen\">Rechnungsmanagement-Software<\/a> von Planyard an, um Ihr Leben zu erleichtern.<\/p>\n","protected":false},"excerpt":{"rendered":"<p>Diese Seite bietet herunterladbare Vorlagen (Google Docs, Excel und PDF) sowie einen umfassenden Leitfaden, um Ihnen bei der Erstellung professioneller Bauabrechnungen zu helfen, die auf Ihre Bed\u00fcrfnisse zugeschnitten sind. Effizientes Rechnungsmanagement ist entscheidend f\u00fcr die Aufrechterhaltung der finanziellen Kontrolle bei Bauprojekten. Nachfolgend finden Sie verschiedene Formate von Bauabrechnungsvorlagen, darunter Google Docs, Excel und PDF. W\u00e4hrend&#8230;  <a class=\"excerpt-read-more\" href=\"https:\/\/planyard.com\/de\/vorlage-fuer-bauabrechnungen\" title=\"Lesen Sie  Vorlage f\u00fcr Bauabrechnungen\">Mehr lesen &#8222;<\/a><\/p>\n","protected":false},"author":3,"featured_media":0,"parent":0,"menu_order":0,"comment_status":"closed","ping_status":"closed","template":"","meta":{"_acf_changed":false,"content-type":"","footnotes":""},"page_intent":[165],"page_type":[],"class_list":["post-12450","page","type-page","status-publish","hentry"],"acf":[],"yoast_head":"<!-- This site is optimized with the Yoast SEO plugin v27.1.1 - https:\/\/yoast.com\/product\/yoast-seo-wordpress\/ -->\n<title>Kostenlose Vorlage f\u00fcr Bauabrechnungen - Planyard in Deutsch<\/title>\n<meta name=\"description\" content=\"Laden Sie die kostenlose Bauabrechnungsvorlage f\u00fcr Excel, PDF oder Google Sheets herunter. Ideal f\u00fcr Auftragnehmer, Bauherren oder Bauunternehmen.\" \/>\n<meta name=\"robots\" content=\"index, follow, max-snippet:-1, max-image-preview:large, max-video-preview:-1\" \/>\n<link rel=\"canonical\" href=\"https:\/\/planyard.com\/de\/vorlage-fuer-bauabrechnungen\" \/>\n<meta property=\"og:locale\" content=\"de_DE\" \/>\n<meta property=\"og:type\" content=\"article\" \/>\n<meta property=\"og:title\" content=\"Kostenlose Vorlage f\u00fcr Bauabrechnungen - Planyard in Deutsch\" \/>\n<meta property=\"og:description\" content=\"Laden Sie die kostenlose Bauabrechnungsvorlage f\u00fcr Excel, PDF oder Google Sheets herunter. Ideal f\u00fcr Auftragnehmer, Bauherren oder Bauunternehmen.\" \/>\n<meta property=\"og:url\" content=\"https:\/\/planyard.com\/de\/vorlage-fuer-bauabrechnungen\" \/>\n<meta property=\"og:site_name\" content=\"Planyard in Deutsch\" \/>\n<meta property=\"article:modified_time\" content=\"2025-05-19T18:09:38+00:00\" \/>\n<meta property=\"og:image\" content=\"https:\/\/planyard.com\/wp-content\/uploads\/2024\/12\/construction_invoice_template_preview.png\" \/>\n\t<meta property=\"og:image:width\" content=\"1570\" \/>\n\t<meta property=\"og:image:height\" content=\"2036\" \/>\n\t<meta property=\"og:image:type\" content=\"image\/png\" \/>\n<meta name=\"twitter:card\" content=\"summary_large_image\" \/>\n<meta name=\"twitter:label1\" content=\"Gesch\u00e4tzte Lesezeit\" \/>\n\t<meta name=\"twitter:data1\" content=\"8\u00a0Minuten\" \/>\n<!-- \/ Yoast SEO plugin. -->","yoast_head_json":{"title":"Kostenlose Vorlage f\u00fcr Bauabrechnungen - Planyard in Deutsch","description":"Laden Sie die kostenlose Bauabrechnungsvorlage f\u00fcr Excel, PDF oder Google Sheets herunter. Ideal f\u00fcr Auftragnehmer, Bauherren oder Bauunternehmen.","robots":{"index":"index","follow":"follow","max-snippet":"max-snippet:-1","max-image-preview":"max-image-preview:large","max-video-preview":"max-video-preview:-1"},"canonical":"https:\/\/planyard.com\/de\/vorlage-fuer-bauabrechnungen","og_locale":"de_DE","og_type":"article","og_title":"Kostenlose Vorlage f\u00fcr Bauabrechnungen - Planyard in Deutsch","og_description":"Laden Sie die kostenlose Bauabrechnungsvorlage f\u00fcr Excel, PDF oder Google Sheets herunter. Ideal f\u00fcr Auftragnehmer, Bauherren oder Bauunternehmen.","og_url":"https:\/\/planyard.com\/de\/vorlage-fuer-bauabrechnungen","og_site_name":"Planyard in Deutsch","article_modified_time":"2025-05-19T18:09:38+00:00","og_image":[{"width":1570,"height":2036,"url":"https:\/\/planyard.com\/wp-content\/uploads\/2024\/12\/construction_invoice_template_preview.png","type":"image\/png"}],"twitter_card":"summary_large_image","twitter_misc":{"Gesch\u00e4tzte Lesezeit":"8\u00a0Minuten"},"schema":{"@context":"https:\/\/schema.org","@graph":[{"@type":"WebPage","@id":"https:\/\/planyard.com\/de\/vorlage-fuer-bauabrechnungen","url":"https:\/\/planyard.com\/de\/vorlage-fuer-bauabrechnungen","name":"Kostenlose Vorlage f\u00fcr Bauabrechnungen - Planyard in Deutsch","isPartOf":{"@id":"https:\/\/planyard.com\/de#website"},"primaryImageOfPage":{"@id":"https:\/\/planyard.com\/de\/vorlage-fuer-bauabrechnungen#primaryimage"},"image":{"@id":"https:\/\/planyard.com\/de\/vorlage-fuer-bauabrechnungen#primaryimage"},"thumbnailUrl":"https:\/\/planyard.com\/wp-content\/uploads\/2024\/12\/construction_invoice_template_preview.png","datePublished":"2024-12-12T15:08:49+00:00","dateModified":"2025-05-19T18:09:38+00:00","description":"Laden Sie die kostenlose Bauabrechnungsvorlage f\u00fcr Excel, PDF oder Google Sheets herunter. Ideal f\u00fcr Auftragnehmer, Bauherren oder Bauunternehmen.","breadcrumb":{"@id":"https:\/\/planyard.com\/de\/vorlage-fuer-bauabrechnungen#breadcrumb"},"inLanguage":"de","potentialAction":[{"@type":"ReadAction","target":["https:\/\/planyard.com\/de\/vorlage-fuer-bauabrechnungen"]}]},{"@type":"ImageObject","inLanguage":"de","@id":"https:\/\/planyard.com\/de\/vorlage-fuer-bauabrechnungen#primaryimage","url":"https:\/\/planyard.com\/wp-content\/uploads\/2024\/12\/construction_invoice_template_preview.png","contentUrl":"https:\/\/planyard.com\/wp-content\/uploads\/2024\/12\/construction_invoice_template_preview.png"},{"@type":"BreadcrumbList","@id":"https:\/\/planyard.com\/de\/vorlage-fuer-bauabrechnungen#breadcrumb","itemListElement":[{"@type":"ListItem","position":1,"name":"Home","item":"https:\/\/planyard.com\/de"},{"@type":"ListItem","position":2,"name":"Vorlage f\u00fcr Bauabrechnungen"}]},{"@type":"WebSite","@id":"https:\/\/planyard.com\/de#website","url":"https:\/\/planyard.com\/de","name":"Planyard in Deutsch","description":"","potentialAction":[{"@type":"SearchAction","target":{"@type":"EntryPoint","urlTemplate":"https:\/\/planyard.com\/de?s={search_term_string}"},"query-input":{"@type":"PropertyValueSpecification","valueRequired":true,"valueName":"search_term_string"}}],"inLanguage":"de"}]}},"_links":{"self":[{"href":"https:\/\/planyard.com\/de\/wp-json\/wp\/v2\/pages\/12450","targetHints":{"allow":["GET"]}}],"collection":[{"href":"https:\/\/planyard.com\/de\/wp-json\/wp\/v2\/pages"}],"about":[{"href":"https:\/\/planyard.com\/de\/wp-json\/wp\/v2\/types\/page"}],"author":[{"embeddable":true,"href":"https:\/\/planyard.com\/de\/wp-json\/wp\/v2\/users\/3"}],"replies":[{"embeddable":true,"href":"https:\/\/planyard.com\/de\/wp-json\/wp\/v2\/comments?post=12450"}],"version-history":[{"count":3,"href":"https:\/\/planyard.com\/de\/wp-json\/wp\/v2\/pages\/12450\/revisions"}],"predecessor-version":[{"id":16174,"href":"https:\/\/planyard.com\/de\/wp-json\/wp\/v2\/pages\/12450\/revisions\/16174"}],"wp:attachment":[{"href":"https:\/\/planyard.com\/de\/wp-json\/wp\/v2\/media?parent=12450"}],"wp:term":[{"taxonomy":"page_intent","embeddable":true,"href":"https:\/\/planyard.com\/de\/wp-json\/wp\/v2\/page_intent?post=12450"},{"taxonomy":"page_type","embeddable":true,"href":"https:\/\/planyard.com\/de\/wp-json\/wp\/v2\/page_type?post=12450"}],"curies":[{"name":"wp","href":"https:\/\/api.w.org\/{rel}","templated":true}]}}