{"id":12444,"date":"2024-11-06T09:38:07","date_gmt":"2024-11-06T09:38:07","guid":{"rendered":"https:\/\/planyard.com\/construction-glossary-collection"},"modified":"2025-05-19T18:21:06","modified_gmt":"2025-05-19T18:21:06","slug":"glossar-baufinanzierung","status":"publish","type":"page","link":"https:\/\/planyard.com\/de\/glossar-baufinanzierung","title":{"rendered":"Glossar der Baufinanzierung"},"content":{"rendered":"\n<p>Willkommen beim Glossar der Baufinanzierung, Ihrer unverzichtbaren Ressource zum Verst\u00e4ndnis der finanziellen Begriffe und Konzepte, die im Bauwesen einzigartig sind. Dieses Glossar wurde sowohl f\u00fcr Branchenprofis als auch f\u00fcr Neueinsteiger erstellt und deckt alles ab, von der grundlegenden Budgetierung bis hin zum fortgeschrittenen Kostenmanagement.<\/p>\n\n\n\n<p>Ob Sie Projektfinanzen \u00fcberwachen, den Cashflow verwalten oder Kostenprognosen erstellen, hier finden Sie die Definitionen, die Sie ben\u00f6tigen. Bleiben Sie informiert und treffen Sie fundierte Entscheidungen bei jedem Projekt.<\/p>\n","protected":false},"excerpt":{"rendered":"<p>Willkommen beim Glossar der Baufinanzierung, Ihrer unverzichtbaren Ressource zum Verst\u00e4ndnis der finanziellen Begriffe und Konzepte, die im Bauwesen einzigartig sind. Dieses Glossar wurde sowohl f\u00fcr Branchenprofis als auch f\u00fcr Neueinsteiger erstellt und deckt alles ab, von der grundlegenden Budgetierung bis hin zum fortgeschrittenen Kostenmanagement. Ob Sie Projektfinanzen \u00fcberwachen, den Cashflow verwalten oder Kostenprognosen erstellen, hier&#8230;  <a class=\"excerpt-read-more\" href=\"https:\/\/planyard.com\/de\/glossar-baufinanzierung\" title=\"Lesen Sie  Glossar der Baufinanzierung\">Mehr lesen &#8222;<\/a><\/p>\n","protected":false},"author":3,"featured_media":0,"parent":0,"menu_order":0,"comment_status":"closed","ping_status":"closed","template":"","meta":{"_acf_changed":false,"content-type":"","footnotes":""},"page_intent":[240],"page_type":[],"class_list":["post-12444","page","type-page","status-publish","hentry"],"acf":[],"yoast_head":"<!-- This site is optimized with the Yoast SEO plugin v26.9 - https:\/\/yoast.com\/product\/yoast-seo-wordpress\/ -->\n<title>Glossar der Baufinanzierung - Planyard in Deutsch<\/title>\n<meta name=\"description\" content=\"Ihre Anlaufstelle f\u00fcr klare Definitionen im Glossar der Baufinanzen. Es umfasst Budgetierung, Cashflow und mehr.\" \/>\n<meta name=\"robots\" content=\"index, follow, max-snippet:-1, max-image-preview:large, max-video-preview:-1\" \/>\n<link rel=\"canonical\" href=\"https:\/\/planyard.com\/de\/glossar-baufinanzierung\" \/>\n<meta property=\"og:locale\" content=\"de_DE\" \/>\n<meta property=\"og:type\" content=\"article\" \/>\n<meta property=\"og:title\" content=\"Glossar der Baufinanzierung - Planyard in Deutsch\" \/>\n<meta property=\"og:description\" content=\"Ihre Anlaufstelle f\u00fcr klare Definitionen im Glossar der Baufinanzen. Es umfasst Budgetierung, Cashflow und mehr.\" \/>\n<meta property=\"og:url\" content=\"https:\/\/planyard.com\/de\/glossar-baufinanzierung\" \/>\n<meta property=\"og:site_name\" content=\"Planyard in Deutsch\" \/>\n<meta property=\"article:modified_time\" content=\"2025-05-19T18:21:06+00:00\" \/>\n<meta name=\"twitter:card\" content=\"summary_large_image\" \/>\n<meta name=\"twitter:label1\" content=\"Gesch\u00e4tzte Lesezeit\" \/>\n\t<meta name=\"twitter:data1\" content=\"1\u00a0Minute\" \/>\n<!-- \/ Yoast SEO plugin. -->","yoast_head_json":{"title":"Glossar der Baufinanzierung - Planyard in Deutsch","description":"Ihre Anlaufstelle f\u00fcr klare Definitionen im Glossar der Baufinanzen. Es umfasst Budgetierung, Cashflow und mehr.","robots":{"index":"index","follow":"follow","max-snippet":"max-snippet:-1","max-image-preview":"max-image-preview:large","max-video-preview":"max-video-preview:-1"},"canonical":"https:\/\/planyard.com\/de\/glossar-baufinanzierung","og_locale":"de_DE","og_type":"article","og_title":"Glossar der Baufinanzierung - Planyard in Deutsch","og_description":"Ihre Anlaufstelle f\u00fcr klare Definitionen im Glossar der Baufinanzen. Es umfasst Budgetierung, Cashflow und mehr.","og_url":"https:\/\/planyard.com\/de\/glossar-baufinanzierung","og_site_name":"Planyard in Deutsch","article_modified_time":"2025-05-19T18:21:06+00:00","twitter_card":"summary_large_image","twitter_misc":{"Gesch\u00e4tzte Lesezeit":"1\u00a0Minute"},"schema":{"@context":"https:\/\/schema.org","@graph":[{"@type":"WebPage","@id":"https:\/\/planyard.com\/de\/glossar-baufinanzierung","url":"https:\/\/planyard.com\/de\/glossar-baufinanzierung","name":"Glossar der Baufinanzierung - Planyard in Deutsch","isPartOf":{"@id":"https:\/\/planyard.com\/de#website"},"datePublished":"2024-11-06T09:38:07+00:00","dateModified":"2025-05-19T18:21:06+00:00","description":"Ihre Anlaufstelle f\u00fcr klare Definitionen im Glossar der Baufinanzen. Es umfasst Budgetierung, Cashflow und mehr.","breadcrumb":{"@id":"https:\/\/planyard.com\/de\/glossar-baufinanzierung#breadcrumb"},"inLanguage":"de","potentialAction":[{"@type":"ReadAction","target":["https:\/\/planyard.com\/de\/glossar-baufinanzierung"]}]},{"@type":"BreadcrumbList","@id":"https:\/\/planyard.com\/de\/glossar-baufinanzierung#breadcrumb","itemListElement":[{"@type":"ListItem","position":1,"name":"Home","item":"https:\/\/planyard.com\/de"},{"@type":"ListItem","position":2,"name":"Glossar der Baufinanzen"}]},{"@type":"WebSite","@id":"https:\/\/planyard.com\/de#website","url":"https:\/\/planyard.com\/de","name":"Planyard in Deutsch","description":"","potentialAction":[{"@type":"SearchAction","target":{"@type":"EntryPoint","urlTemplate":"https:\/\/planyard.com\/de?s={search_term_string}"},"query-input":{"@type":"PropertyValueSpecification","valueRequired":true,"valueName":"search_term_string"}}],"inLanguage":"de"}]}},"_links":{"self":[{"href":"https:\/\/planyard.com\/de\/wp-json\/wp\/v2\/pages\/12444","targetHints":{"allow":["GET"]}}],"collection":[{"href":"https:\/\/planyard.com\/de\/wp-json\/wp\/v2\/pages"}],"about":[{"href":"https:\/\/planyard.com\/de\/wp-json\/wp\/v2\/types\/page"}],"author":[{"embeddable":true,"href":"https:\/\/planyard.com\/de\/wp-json\/wp\/v2\/users\/3"}],"replies":[{"embeddable":true,"href":"https:\/\/planyard.com\/de\/wp-json\/wp\/v2\/comments?post=12444"}],"version-history":[{"count":3,"href":"https:\/\/planyard.com\/de\/wp-json\/wp\/v2\/pages\/12444\/revisions"}],"predecessor-version":[{"id":16226,"href":"https:\/\/planyard.com\/de\/wp-json\/wp\/v2\/pages\/12444\/revisions\/16226"}],"wp:attachment":[{"href":"https:\/\/planyard.com\/de\/wp-json\/wp\/v2\/media?parent=12444"}],"wp:term":[{"taxonomy":"page_intent","embeddable":true,"href":"https:\/\/planyard.com\/de\/wp-json\/wp\/v2\/page_intent?post=12444"},{"taxonomy":"page_type","embeddable":true,"href":"https:\/\/planyard.com\/de\/wp-json\/wp\/v2\/page_type?post=12444"}],"curies":[{"name":"wp","href":"https:\/\/api.w.org\/{rel}","templated":true}]}}