{"id":12434,"date":"2024-09-12T06:06:03","date_gmt":"2024-09-12T06:06:03","guid":{"rendered":"https:\/\/planyard.com\/construction-cost-codes-for-project-managers"},"modified":"2025-05-19T18:21:02","modified_gmt":"2025-05-19T18:21:02","slug":"baukosten-codes-fuer-bauleiter","status":"publish","type":"page","link":"https:\/\/planyard.com\/de\/baukosten-codes-fuer-bauleiter","title":{"rendered":"Baukosten-Codes"},"content":{"rendered":"\n<h2 class=\"wp-block-heading has-text-align-center paddedHeading\" id=\"what-are-construction-cost-codes\">Was sind Baukosten-Codes?<\/h2>\n\n\n\n<div class=\"wp-block-media-text alignwide has-media-on-the-right is-stacked-on-mobile\"><div class=\"wp-block-media-text__content\">\n<p><br>Baukosten-Codes sind eine definierte Liste von Codes, die verwendet werden, um Betr\u00e4ge, Mengen, Budgets, Gewinne und andere projektbezogene Daten zu verfolgen, zu verwalten und zu berichten. <\/p>\n\n\n\n<p>Diese Codes vereinfachen das unternehmensweite Datenmanagement f\u00fcr alle Beteiligten, einschlie\u00dflich Kalkulatoren, Bauleiter und Buchhaltung.<\/p>\n\n\n\n<p>Sie sollten f\u00fcr Prognosen und Vertragsabschl\u00fcsse bis hin zum Kostenmanagement und zur Buchhaltung verwendet werden, um vollst\u00e4ndige Projekttransparenz zu gew\u00e4hrleisten und Fehlererkennung sowie Datenwiederverwendung zu erm\u00f6glichen.<\/p>\n<\/div><figure class=\"wp-block-media-text__media\"><img loading=\"lazy\" decoding=\"async\" width=\"386\" height=\"365\" src=\"https:\/\/planyard.com\/wp-content\/uploads\/2024\/09\/Example-construction-cost-codes.png\" alt=\"\" class=\"wp-image-1976 size-full\"\/><\/figure><\/div>\n\n\n\n<h2 class=\"wp-block-heading has-text-align-center\">Vorteile der Verwendung von Baukosten-Codes<\/h2>\n\n\n\n<div class=\"wp-block-columns is-layout-flex wp-container-core-columns-is-layout-9d6595d7 wp-block-columns-is-layout-flex\">\n<div class=\"wp-block-column is-layout-flow wp-block-column-is-layout-flow\">\n<h4 class=\"wp-block-heading\" id=\"cost-control\">Kostenkontrolle<\/h4>\n\n\n\n<p>Schnelle und einfache M\u00f6glichkeit, zu identifizieren und zu analysieren, wie Geld im Projekt ausgegeben wird.<\/p>\n<\/div>\n\n\n\n<div class=\"wp-block-column is-layout-flow wp-block-column-is-layout-flow\">\n<h4 class=\"wp-block-heading\" id=\"kpis-tracking\">KPIs-Verfolgung<\/h4>\n\n\n\n<p>Verfolgen und verwalten Sie KPIs wie gesch\u00e4tzte Kosten, Kostensch\u00e4tzung, aktuelle Kosten und mehr.<\/p>\n<\/div>\n\n\n\n<div class=\"wp-block-column is-layout-flow wp-block-column-is-layout-flow\">\n<h4 class=\"wp-block-heading\" id=\"ideal-for-companywide-use\">Ideal f\u00fcr den unternehmensweiten Einsatz<\/h4>\n\n\n\n<p>Die Verwendung derselben Codes im gesamten Unternehmen erleichtert es, Kosten, Fehler und Prognosen f\u00fcr alle Beteiligten zu verfolgen und zu analysieren.<\/p>\n<\/div>\n<\/div>\n\n\n\n<div class=\"wp-block-columns is-layout-flex wp-container-core-columns-is-layout-9d6595d7 wp-block-columns-is-layout-flex\">\n<div class=\"wp-block-column is-layout-flow wp-block-column-is-layout-flow\">\n<h4 class=\"wp-block-heading\" id=\"visualize-profit-centers\">Gewinnzentren visualisieren<\/h4>\n\n\n\n<p>End-to-End-Analyse zur Visualisierung von Gewinnzentren und problematischen Bereichen.<\/p>\n<\/div>\n\n\n\n<div class=\"wp-block-column is-layout-flow wp-block-column-is-layout-flow\">\n<h4 class=\"wp-block-heading\" id=\"estimating\">Kalkulation<\/h4>\n\n\n\n<p>Bietet Struktur und Zugang, um die Kosten in Echtzeit zu verfolgen und genauere und realistischere Sch\u00e4tzungen zu erstellen.<\/p>\n<\/div>\n\n\n\n<div class=\"wp-block-column is-layout-flow wp-block-column-is-layout-flow\">\n<h4 class=\"wp-block-heading\" id=\"real-time-tracking\">Echtzeitverfolgung<\/h4>\n\n\n\n<p>Erm\u00f6glicht dem Management einen klaren \u00dcberblick \u00fcber das Projekt und h\u00e4lt alle Beteiligten engagiert.<\/p>\n<\/div>\n<\/div>\n\n\n\n<h2 class=\"wp-block-heading has-text-align-center\">Projekt in kleinere Lieferungen unterteilt<\/h2>\n\n\n\n<div class=\"wp-block-media-text alignwide has-media-on-the-right is-stacked-on-mobile\"><div class=\"wp-block-media-text__content\">\n<p><br>Arbeiten k\u00f6nnen mit den Baukosten-Codes eines Projekts unterteilt werden, um Aufgaben in kleinere Lieferungen zu gliedern (z. B. Fundamente, Installationen, Fassaden).<\/p>\n\n\n\n<p>Planyard empfiehlt, der chronologischen Reihenfolge der Arbeiten zu folgen. Die Strukturierung der Kosten nach Aktivit\u00e4ten vor Ort hilft dem Management, die Rentabilit\u00e4t in Phasen zu verfolgen. Bis zur Mitte des Projekts k\u00f6nnen Sie sehen, ob die Anfangsphasen, wie die Fundamentarbeiten, rentabel waren.<\/p>\n<\/div><figure class=\"wp-block-media-text__media\"><img loading=\"lazy\" decoding=\"async\" width=\"586\" height=\"367\" src=\"https:\/\/planyard.com\/wp-content\/uploads\/2024\/09\/Categoreis.png\" alt=\"\" class=\"wp-image-1977 size-full\"\/><\/figure><\/div>\n\n\n\n<h2 class=\"wp-block-heading has-text-align-center\">Struktur des Baukostenbudgets<\/h2>\n\n\n\n<div class=\"wp-block-media-text alignwide has-media-on-the-right is-stacked-on-mobile\"><div class=\"wp-block-media-text__content\">\n<p>Baukosten-Codes sollten die Projektprognose und das Kostenmanagement mit den Aufgaben und der Struktur des Projekts verkn\u00fcpfen. Die Kosten-Codes sollten eine erkennbare Struktur haben, vom Gesamtprojektebene bis hin zu einzelnen Aufgaben und Konten.<\/p>\n\n\n\n<p>Rechts sehen Sie die Kategorie Externe Installationen bis auf Kontoebene heruntergebrochen.<\/p>\n<\/div><figure class=\"wp-block-media-text__media\"><img loading=\"lazy\" decoding=\"async\" width=\"809\" height=\"198\" src=\"https:\/\/planyard.com\/wp-content\/uploads\/2024\/09\/Category-breakdown.png\" alt=\"\" class=\"wp-image-1978 size-full\"\/><\/figure><\/div>\n\n\n\n<h2 class=\"wp-block-heading has-text-align-center paddedHeading\" id=\"budget-managed-from-an-estimate-from-job-costing-to-project-income\">Budgetverwaltung von der Sch\u00e4tzung \u00fcber die Projektkosten bis zum Projekteinkommen<\/h2>\n\n\n\n<p>Zus\u00e4tzlich ist es klug, das Budget mit den vom Kunden gezahlten Kosten aufzulisten, um die Rentabilit\u00e4t der Arbeit auf Artikelebene zu verfolgen.<\/p>\n\n\n\n<figure class=\"wp-block-image size-full\"><img loading=\"lazy\" decoding=\"async\" width=\"1024\" height=\"165\" src=\"https:\/\/planyard.com\/wp-content\/uploads\/2024\/09\/Category-breakdown-goal-and-free-1024x165-1.png\" alt=\"\" class=\"wp-image-1979\"\/><\/figure>\n\n\n\n<div class=\"wp-block-group\"><div class=\"wp-block-group__inner-container is-layout-constrained wp-block-group-is-layout-constrained\">\n<h2 class=\"wp-block-heading has-text-align-center paddedHeading\" id=\"to-what-level-should-you-break-down-construction-cost-codes\">Bis zu welchem Grad sollten Sie Baukosten-Codes aufschl\u00fcsseln?<\/h2>\n\n\n\n<p>Es gibt keine allgemeing\u00fcltige Antwort auf diese Frage. Sie sollten damit beginnen, das Detailniveau zu verfolgen, das von verschiedenen Beteiligten ben\u00f6tigt wird. Die Verfolgung der Kosten in zu gro\u00dfem Detail macht die Berichterstattung f\u00fcr die Bauleiter zeitaufw\u00e4ndig und f\u00fcgt dem Kostenanalyseprozess Komplexit\u00e4t hinzu.<\/p>\n\n\n\n<p><strong>NB! Es ist wichtig zu beachten, dass eine Reihe von Beteiligten in das Management der Kosten-Codes involviert ist. Alle Beteiligten sollten in die Auswahl der geeigneten Kosten-Codes-Struktur einbezogen werden.<\/strong><\/p>\n\n\n\n<ol class=\"wp-block-list\">\n<li>Wichtig ist, dar\u00fcber nachzudenken, wer die Informationen zu den Kosten-Codes nutzen wird<\/li>\n\n\n\n<li>Bauleiter sind daran interessiert, die Arbeit zu erledigen und sollten die Kontrolle \u00fcber das Budget haben, mit m\u00f6glichst wenig Zeitaufwand f\u00fcr die Berichterstattung<\/li>\n\n\n\n<li>Die Buchhaltung ist daran interessiert, die Kosten nach jedem Konto zu verfolgen<br>Manager sollten in der Lage sein, Fehlerverfolgung, Verantwortlichkeit und Rentabilit\u00e4t zu best\u00e4tigen<\/li>\n\n\n\n<li>Kalkulatoren f\u00fcr zuk\u00fcnftige Sch\u00e4tzungen m\u00fcssen in der Lage sein, die tats\u00e4chlichen Kosten aktueller Projekte zu verfolgen<\/li>\n<\/ol>\n<\/div><\/div>\n\n\n\n<h2 class=\"wp-block-heading has-text-align-center paddedHeading\" id=\"where-to-get-a-list-of-construction-cost-codes\">Wo erh\u00e4lt man eine Liste von Baukosten-Codes?<\/h2>\n\n\n\n<div class=\"wp-block-buttons is-horizontal is-content-justification-center is-layout-flex wp-container-core-buttons-is-layout-499968f5 wp-block-buttons-is-layout-flex\">\n<div class=\"wp-block-button\"><a class=\"wp-block-button__link has-background wp-element-button\" href=\"https:\/\/planyard.com\/de\/holen-sie-sich-ihre-kostenlose-kostenstellen-tabelle\" style=\"background-color:#2756ff\" target=\"_blank\" rel=\"noreferrer noopener\">Kostenlose Baukosten-Codes erhalten<\/a><\/div>\n<\/div>\n\n\n\n<h2 class=\"wp-block-heading has-text-align-center\">Planyard-Software f\u00fcr Auftragnehmer hilft ambitionierten Teams, ihre Ziele zu erreichen und ihr Wachstum zu beschleunigen.<\/h2>\n\n\n\n<div class=\"wp-block-media-text alignwide has-media-on-the-right is-stacked-on-mobile is-vertically-aligned-center\" style=\"grid-template-columns:auto 41%\"><div class=\"wp-block-media-text__content\">\n<ul class=\"wp-block-list\">\n<li>Keine Tabellenkalkulationen mehr<\/li>\n\n\n\n<li>Sparen Sie Zeit f\u00fcr Bauleiter und QSs<\/li>\n\n\n\n<li>Einfach zu implementieren und zu verwenden<\/li>\n\n\n\n<li>Echtzeit- und genaue Finanzprognosen<\/li>\n\n\n\n<li>Keine doppelte Dateneingabe mehr<\/li>\n<\/ul>\n\n\n\n<div class=\"wp-block-buttons is-layout-flex wp-block-buttons-is-layout-flex\">\n<div class=\"wp-block-button\"><a class=\"wp-block-button__link has-background wp-element-button\" href=\"https:\/\/planyard.com\/sign-up\" style=\"background-color:#2756ff\">Starten Sie Ihre kostenlose Testversion<\/a><\/div>\n\n\n\n<div class=\"wp-block-button\"><a class=\"wp-block-button__link has-background wp-element-button\" href=\"https:\/\/meetings.hubspot.com\/cedlund\" style=\"background-color:#2756ff\" target=\"_blank\" rel=\"noreferrer noopener\">Demo anfordern<\/a><\/div>\n<\/div>\n<\/div><figure class=\"wp-block-media-text__media\"><img loading=\"lazy\" decoding=\"async\" width=\"1024\" height=\"598\" src=\"https:\/\/planyard.com\/wp-content\/uploads\/2024\/09\/construction-project-management-software-macbook-iphone-1_reduced-1024x598-1.webp\" alt=\"\" class=\"wp-image-1980 size-large\"\/><\/figure><\/div>\n","protected":false},"excerpt":{"rendered":"<p>Was sind Baukosten-Codes? Baukosten-Codes sind eine definierte Liste von Codes, die verwendet werden, um Betr\u00e4ge, Mengen, Budgets, Gewinne und andere projektbezogene Daten zu verfolgen, zu verwalten und zu berichten. Diese Codes vereinfachen das unternehmensweite Datenmanagement f\u00fcr alle Beteiligten, einschlie\u00dflich Kalkulatoren, Bauleiter und Buchhaltung. Sie sollten f\u00fcr Prognosen und Vertragsabschl\u00fcsse bis hin zum Kostenmanagement und zur&#8230;  <a class=\"excerpt-read-more\" href=\"https:\/\/planyard.com\/de\/baukosten-codes-fuer-bauleiter\" title=\"Lesen Sie  Baukosten-Codes\">Mehr lesen &#8222;<\/a><\/p>\n","protected":false},"author":5,"featured_media":0,"parent":0,"menu_order":0,"comment_status":"closed","ping_status":"closed","template":"","meta":{"_acf_changed":false,"content-type":"","footnotes":""},"page_intent":[165],"page_type":[],"class_list":["post-12434","page","type-page","status-publish","hentry"],"acf":[],"yoast_head":"<!-- This site is optimized with the Yoast SEO plugin v27.1.1 - https:\/\/yoast.com\/product\/yoast-seo-wordpress\/ -->\n<title>Baukosten-Codes f\u00fcr Bauleiter - Leitfaden und kostenlose Vorlage<\/title>\n<meta name=\"description\" content=\"Laden Sie die Baukosten-Codes von Planyard kostenlos herunter und behalten Sie Ihre Auftragskosten m\u00fchelos im Griff. Kostenloses Tabellenblatt f\u00fcr Bauleiter.\" \/>\n<meta name=\"robots\" content=\"index, follow, max-snippet:-1, max-image-preview:large, max-video-preview:-1\" \/>\n<link rel=\"canonical\" href=\"https:\/\/planyard.com\/de\/baukosten-codes-fuer-bauleiter\" \/>\n<meta property=\"og:locale\" content=\"de_DE\" \/>\n<meta property=\"og:type\" content=\"article\" \/>\n<meta property=\"og:title\" content=\"Baukosten-Codes f\u00fcr Bauleiter - Leitfaden und kostenlose Vorlage\" \/>\n<meta property=\"og:description\" content=\"Laden Sie die Baukosten-Codes von Planyard kostenlos herunter und behalten Sie Ihre Auftragskosten m\u00fchelos im Griff. Kostenloses Tabellenblatt f\u00fcr Bauleiter.\" \/>\n<meta property=\"og:url\" content=\"https:\/\/planyard.com\/de\/baukosten-codes-fuer-bauleiter\" \/>\n<meta property=\"og:site_name\" content=\"Planyard in Deutsch\" \/>\n<meta property=\"article:modified_time\" content=\"2025-05-19T18:21:02+00:00\" \/>\n<meta property=\"og:image\" content=\"https:\/\/planyard.com\/wp-content\/uploads\/2024\/09\/Example-construction-cost-codes.png\" \/>\n\t<meta property=\"og:image:width\" content=\"386\" \/>\n\t<meta property=\"og:image:height\" content=\"365\" \/>\n\t<meta property=\"og:image:type\" content=\"image\/png\" \/>\n<meta name=\"twitter:card\" content=\"summary_large_image\" \/>\n<meta name=\"twitter:label1\" content=\"Gesch\u00e4tzte Lesezeit\" \/>\n\t<meta name=\"twitter:data1\" content=\"4\u00a0Minuten\" \/>\n<!-- \/ Yoast SEO plugin. -->","yoast_head_json":{"title":"Baukosten-Codes f\u00fcr Bauleiter - Leitfaden und kostenlose Vorlage","description":"Laden Sie die Baukosten-Codes von Planyard kostenlos herunter und behalten Sie Ihre Auftragskosten m\u00fchelos im Griff. Kostenloses Tabellenblatt f\u00fcr Bauleiter.","robots":{"index":"index","follow":"follow","max-snippet":"max-snippet:-1","max-image-preview":"max-image-preview:large","max-video-preview":"max-video-preview:-1"},"canonical":"https:\/\/planyard.com\/de\/baukosten-codes-fuer-bauleiter","og_locale":"de_DE","og_type":"article","og_title":"Baukosten-Codes f\u00fcr Bauleiter - Leitfaden und kostenlose Vorlage","og_description":"Laden Sie die Baukosten-Codes von Planyard kostenlos herunter und behalten Sie Ihre Auftragskosten m\u00fchelos im Griff. Kostenloses Tabellenblatt f\u00fcr Bauleiter.","og_url":"https:\/\/planyard.com\/de\/baukosten-codes-fuer-bauleiter","og_site_name":"Planyard in Deutsch","article_modified_time":"2025-05-19T18:21:02+00:00","og_image":[{"width":386,"height":365,"url":"https:\/\/planyard.com\/wp-content\/uploads\/2024\/09\/Example-construction-cost-codes.png","type":"image\/png"}],"twitter_card":"summary_large_image","twitter_misc":{"Gesch\u00e4tzte Lesezeit":"4\u00a0Minuten"},"schema":{"@context":"https:\/\/schema.org","@graph":[{"@type":"WebPage","@id":"https:\/\/planyard.com\/de\/baukosten-codes-fuer-bauleiter","url":"https:\/\/planyard.com\/de\/baukosten-codes-fuer-bauleiter","name":"Baukosten-Codes f\u00fcr Bauleiter - Leitfaden und kostenlose Vorlage","isPartOf":{"@id":"https:\/\/planyard.com\/de#website"},"primaryImageOfPage":{"@id":"https:\/\/planyard.com\/de\/baukosten-codes-fuer-bauleiter#primaryimage"},"image":{"@id":"https:\/\/planyard.com\/de\/baukosten-codes-fuer-bauleiter#primaryimage"},"thumbnailUrl":"https:\/\/planyard.com\/wp-content\/uploads\/2024\/09\/Example-construction-cost-codes.png","datePublished":"2024-09-12T06:06:03+00:00","dateModified":"2025-05-19T18:21:02+00:00","description":"Laden Sie die Baukosten-Codes von Planyard kostenlos herunter und behalten Sie Ihre Auftragskosten m\u00fchelos im Griff. Kostenloses Tabellenblatt f\u00fcr Bauleiter.","breadcrumb":{"@id":"https:\/\/planyard.com\/de\/baukosten-codes-fuer-bauleiter#breadcrumb"},"inLanguage":"de","potentialAction":[{"@type":"ReadAction","target":["https:\/\/planyard.com\/de\/baukosten-codes-fuer-bauleiter"]}]},{"@type":"ImageObject","inLanguage":"de","@id":"https:\/\/planyard.com\/de\/baukosten-codes-fuer-bauleiter#primaryimage","url":"https:\/\/planyard.com\/wp-content\/uploads\/2024\/09\/Example-construction-cost-codes.png","contentUrl":"https:\/\/planyard.com\/wp-content\/uploads\/2024\/09\/Example-construction-cost-codes.png"},{"@type":"BreadcrumbList","@id":"https:\/\/planyard.com\/de\/baukosten-codes-fuer-bauleiter#breadcrumb","itemListElement":[{"@type":"ListItem","position":1,"name":"Home","item":"https:\/\/planyard.com\/de"},{"@type":"ListItem","position":2,"name":"Baukosten-Codes"}]},{"@type":"WebSite","@id":"https:\/\/planyard.com\/de#website","url":"https:\/\/planyard.com\/de","name":"Planyard in Deutsch","description":"","potentialAction":[{"@type":"SearchAction","target":{"@type":"EntryPoint","urlTemplate":"https:\/\/planyard.com\/de?s={search_term_string}"},"query-input":{"@type":"PropertyValueSpecification","valueRequired":true,"valueName":"search_term_string"}}],"inLanguage":"de"}]}},"_links":{"self":[{"href":"https:\/\/planyard.com\/de\/wp-json\/wp\/v2\/pages\/12434","targetHints":{"allow":["GET"]}}],"collection":[{"href":"https:\/\/planyard.com\/de\/wp-json\/wp\/v2\/pages"}],"about":[{"href":"https:\/\/planyard.com\/de\/wp-json\/wp\/v2\/types\/page"}],"author":[{"embeddable":true,"href":"https:\/\/planyard.com\/de\/wp-json\/wp\/v2\/users\/5"}],"replies":[{"embeddable":true,"href":"https:\/\/planyard.com\/de\/wp-json\/wp\/v2\/comments?post=12434"}],"version-history":[{"count":3,"href":"https:\/\/planyard.com\/de\/wp-json\/wp\/v2\/pages\/12434\/revisions"}],"predecessor-version":[{"id":16225,"href":"https:\/\/planyard.com\/de\/wp-json\/wp\/v2\/pages\/12434\/revisions\/16225"}],"wp:attachment":[{"href":"https:\/\/planyard.com\/de\/wp-json\/wp\/v2\/media?parent=12434"}],"wp:term":[{"taxonomy":"page_intent","embeddable":true,"href":"https:\/\/planyard.com\/de\/wp-json\/wp\/v2\/page_intent?post=12434"},{"taxonomy":"page_type","embeddable":true,"href":"https:\/\/planyard.com\/de\/wp-json\/wp\/v2\/page_type?post=12434"}],"curies":[{"name":"wp","href":"https:\/\/api.w.org\/{rel}","templated":true}]}}