{"id":12431,"date":"2024-08-19T10:51:55","date_gmt":"2024-08-19T10:51:55","guid":{"rendered":"https:\/\/planyard.com\/construction-contract-management-software"},"modified":"2025-05-17T18:09:07","modified_gmt":"2025-05-17T18:09:07","slug":"software-fur-das-management-von-bauvertragen","status":"publish","type":"page","link":"https:\/\/planyard.com\/de\/software-fur-das-management-von-bauvertragen","title":{"rendered":"Software f\u00fcr das Management von Bauvertr\u00e4gen"},"content":{"rendered":"","protected":false},"excerpt":{"rendered":"","protected":false},"author":2,"featured_media":0,"parent":0,"menu_order":0,"comment_status":"closed","ping_status":"closed","template":"","meta":{"_acf_changed":false,"content-type":"","footnotes":""},"page_intent":[150],"page_type":[],"class_list":["post-12431","page","type-page","status-publish","hentry"],"acf":[],"yoast_head":"<!-- This site is optimized with the Yoast SEO plugin v26.9 - https:\/\/yoast.com\/product\/yoast-seo-wordpress\/ -->\n<title>Software f\u00fcr das Management von Bauvertr\u00e4gen - Planyard in Deutsch<\/title>\n<meta name=\"description\" content=\"Verwalten Sie \u00c4nderungsauftr\u00e4ge im Rahmen von Vertr\u00e4gen mit dieser Software f\u00fcr das Management von Bau\u00e4nderungen. Starten Sie eine kostenlose Testversion, keine Kreditkarte erforderlich.\" \/>\n<meta name=\"robots\" content=\"index, follow, max-snippet:-1, max-image-preview:large, max-video-preview:-1\" \/>\n<link rel=\"canonical\" href=\"https:\/\/planyard.com\/de\/software-fur-das-management-von-bauvertragen\" \/>\n<meta property=\"og:locale\" content=\"de_DE\" \/>\n<meta property=\"og:type\" content=\"article\" \/>\n<meta property=\"og:title\" content=\"Software f\u00fcr das Management von Bauvertr\u00e4gen - Planyard in Deutsch\" \/>\n<meta property=\"og:description\" content=\"Verwalten Sie \u00c4nderungsauftr\u00e4ge im Rahmen von Vertr\u00e4gen mit dieser Software f\u00fcr das Management von Bau\u00e4nderungen. Starten Sie eine kostenlose Testversion, keine Kreditkarte erforderlich.\" \/>\n<meta property=\"og:url\" content=\"https:\/\/planyard.com\/de\/software-fur-das-management-von-bauvertragen\" \/>\n<meta property=\"og:site_name\" content=\"Planyard in Deutsch\" \/>\n<meta property=\"article:modified_time\" content=\"2025-05-17T18:09:07+00:00\" \/>\n<meta name=\"twitter:card\" content=\"summary_large_image\" \/>\n<!-- \/ Yoast SEO plugin. -->","yoast_head_json":{"title":"Software f\u00fcr das Management von Bauvertr\u00e4gen - Planyard in Deutsch","description":"Verwalten Sie \u00c4nderungsauftr\u00e4ge im Rahmen von Vertr\u00e4gen mit dieser Software f\u00fcr das Management von Bau\u00e4nderungen. Starten Sie eine kostenlose Testversion, keine Kreditkarte erforderlich.","robots":{"index":"index","follow":"follow","max-snippet":"max-snippet:-1","max-image-preview":"max-image-preview:large","max-video-preview":"max-video-preview:-1"},"canonical":"https:\/\/planyard.com\/de\/software-fur-das-management-von-bauvertragen","og_locale":"de_DE","og_type":"article","og_title":"Software f\u00fcr das Management von Bauvertr\u00e4gen - Planyard in Deutsch","og_description":"Verwalten Sie \u00c4nderungsauftr\u00e4ge im Rahmen von Vertr\u00e4gen mit dieser Software f\u00fcr das Management von Bau\u00e4nderungen. Starten Sie eine kostenlose Testversion, keine Kreditkarte erforderlich.","og_url":"https:\/\/planyard.com\/de\/software-fur-das-management-von-bauvertragen","og_site_name":"Planyard in Deutsch","article_modified_time":"2025-05-17T18:09:07+00:00","twitter_card":"summary_large_image","schema":{"@context":"https:\/\/schema.org","@graph":[{"@type":"WebPage","@id":"https:\/\/planyard.com\/de\/software-fur-das-management-von-bauvertragen","url":"https:\/\/planyard.com\/de\/software-fur-das-management-von-bauvertragen","name":"Software f\u00fcr das Management von Bauvertr\u00e4gen - Planyard in Deutsch","isPartOf":{"@id":"https:\/\/planyard.com\/de#website"},"datePublished":"2024-08-19T10:51:55+00:00","dateModified":"2025-05-17T18:09:07+00:00","description":"Verwalten Sie \u00c4nderungsauftr\u00e4ge im Rahmen von Vertr\u00e4gen mit dieser Software f\u00fcr das Management von Bau\u00e4nderungen. Starten Sie eine kostenlose Testversion, keine Kreditkarte erforderlich.","breadcrumb":{"@id":"https:\/\/planyard.com\/de\/software-fur-das-management-von-bauvertragen#breadcrumb"},"inLanguage":"de","potentialAction":[{"@type":"ReadAction","target":["https:\/\/planyard.com\/de\/software-fur-das-management-von-bauvertragen"]}]},{"@type":"BreadcrumbList","@id":"https:\/\/planyard.com\/de\/software-fur-das-management-von-bauvertragen#breadcrumb","itemListElement":[{"@type":"ListItem","position":1,"name":"Home","item":"https:\/\/planyard.com\/de"},{"@type":"ListItem","position":2,"name":"Software f\u00fcr das Management von Bauvertr\u00e4gen"}]},{"@type":"WebSite","@id":"https:\/\/planyard.com\/de#website","url":"https:\/\/planyard.com\/de","name":"Planyard in Deutsch","description":"","potentialAction":[{"@type":"SearchAction","target":{"@type":"EntryPoint","urlTemplate":"https:\/\/planyard.com\/de?s={search_term_string}"},"query-input":{"@type":"PropertyValueSpecification","valueRequired":true,"valueName":"search_term_string"}}],"inLanguage":"de"}]}},"_links":{"self":[{"href":"https:\/\/planyard.com\/de\/wp-json\/wp\/v2\/pages\/12431","targetHints":{"allow":["GET"]}}],"collection":[{"href":"https:\/\/planyard.com\/de\/wp-json\/wp\/v2\/pages"}],"about":[{"href":"https:\/\/planyard.com\/de\/wp-json\/wp\/v2\/types\/page"}],"author":[{"embeddable":true,"href":"https:\/\/planyard.com\/de\/wp-json\/wp\/v2\/users\/2"}],"replies":[{"embeddable":true,"href":"https:\/\/planyard.com\/de\/wp-json\/wp\/v2\/comments?post=12431"}],"version-history":[{"count":1,"href":"https:\/\/planyard.com\/de\/wp-json\/wp\/v2\/pages\/12431\/revisions"}],"predecessor-version":[{"id":12673,"href":"https:\/\/planyard.com\/de\/wp-json\/wp\/v2\/pages\/12431\/revisions\/12673"}],"wp:attachment":[{"href":"https:\/\/planyard.com\/de\/wp-json\/wp\/v2\/media?parent=12431"}],"wp:term":[{"taxonomy":"page_intent","embeddable":true,"href":"https:\/\/planyard.com\/de\/wp-json\/wp\/v2\/page_intent?post=12431"},{"taxonomy":"page_type","embeddable":true,"href":"https:\/\/planyard.com\/de\/wp-json\/wp\/v2\/page_type?post=12431"}],"curies":[{"name":"wp","href":"https:\/\/api.w.org\/{rel}","templated":true}]}}