{"id":12423,"date":"2025-02-12T11:05:38","date_gmt":"2025-02-12T11:05:38","guid":{"rendered":"https:\/\/planyard.com\/construction-bidding-guide"},"modified":"2025-05-19T18:16:09","modified_gmt":"2025-05-19T18:16:09","slug":"ausschreibung-bauwesen-leitfaden","status":"publish","type":"page","link":"https:\/\/planyard.com\/de\/ausschreibung-bauwesen-leitfaden","title":{"rendered":"Ausschreibung im Bauwesen: Ein praktischer Leitfaden f\u00fcr Bauleiter"},"content":{"rendered":"\n<p><em>Kapitel 2 von <a href=\"https:\/\/planyard.com\/de\/kostenloser-leitfaden-bauprojektmanagement-meistern\">Bauprojektmanagement: Ein praktischer 10-Schritte-Leitfaden<\/a>.<\/em><\/p>\n\n\n\n<h2 class=\"wp-block-heading\">Ausschreibung im Bauwesen: Der Beginn jedes erfolgreichen Projekts<\/h2>\n\n\n\n<p>Jedes Bauprojekt beginnt mit einer grundlegenden Frage: <em><strong>Was wird das kosten?<\/strong><\/em> Ob Sie ein Angebot f\u00fcr einen Kunden vorbereiten oder Subunternehmer ausw\u00e4hlen, die Beschaffung ist der erste und wohl wichtigste Schritt, um finanzielle Genauigkeit und Projekterfolg zu gew\u00e4hrleisten.<\/p>\n\n\n\n<p>Doch genau hier scheitern die meisten Projekte. Sch\u00e4tzungen werden \u00fcberst\u00fcrzt erstellt, die Auswahl der Anbieter basiert auf unvollst\u00e4ndigen Informationen, und die Beschaffung wird zu einem reaktiven Durcheinander statt zu einem strukturierten Prozess.<\/p>\n\n\n\n<p>Die meisten Bauteams betrachten Ausschreibungen als ein <strong>notwendiges \u00dcbel<\/strong>\u2014nur ein Punkt, den es abzuhaken gilt, bevor es weitergeht. Aber genau diese Denkweise f\u00fchrt dazu, dass Projekte das Budget \u00fcberschreiten, Zeitpl\u00e4ne scheitern und Gewinnmargen schrumpfen.<\/p>\n\n\n\n<p>Ausschreibungen sind keine Formalit\u00e4t. <strong>Sie sind Risikomanagement.<\/strong><\/p>\n\n\n\n<p>Und wenn Sie Ihren Prozess nicht <strong>optimieren<\/strong>, schaffen Sie Probleme, bevor das Projekt \u00fcberhaupt beginnt.<\/p>\n\n\n\n<p>Dieser Leitfaden ist als <strong>wiederholbares Handbuch<\/strong> konzipiert\u2014etwas, das Sie vor jedem Projekt \u00fcberpr\u00fcfen sollten, um sicherzustellen, dass Sie nicht dieselben vermeidbaren Fehler machen.<\/p>\n\n\n\n<h2 class=\"wp-block-heading\">Warum richtiges Ausschreiben wichtiger ist, als Sie denken<\/h2>\n\n\n\n<p>Im Kern hat die Ausschreibung im Bauwesen <strong>zwei Ziele<\/strong>:<\/p>\n\n\n\n<ol class=\"wp-block-list\">\n<li><strong>Kostensch\u00e4tzung f\u00fcr das Kundenangebot<\/strong><\/li>\n\n<ul class=\"wp-block-list\">\n<li>Wenn Sie keine genaue Kostenaufstellung haben, raten Sie nur. Und Raten f\u00fchrt zu <strong>Unterbietung und Verlust von Gewinn<\/strong> oder <strong>\u00dcberbietung und Verlust von Auftr\u00e4gen<\/strong>.<\/li>\n<\/ul>\n<\/li>\n\n\n\n<li><strong>Die besten Subunternehmer und Lieferanten finden<\/strong><\/li>\n\n<ul class=\"wp-block-list\">\n<li>Das g\u00fcnstigste Angebot ist nicht immer das beste. Sie brauchen <strong>Subunternehmer, die qualitativ hochwertige Arbeit p\u00fcnktlich und zu einem fairen Preis liefern.<\/strong> Nicht nur jemanden, der auf dem Papier gut aussieht.<\/li>\n<\/ul>\n<\/li>\n<\/ol>\n\n\n\n<p>Die meisten Teams konzentrieren sich darauf, <strong>ein Angebot so schnell wie m\u00f6glich abzugeben.<\/strong><br>Stattdessen sollten Sie <strong>einen Wettbewerbsvorteil aufbauen.<\/strong><\/p>\n\n\n\n<p>Die besten Bauunternehmen geben nicht nur Angebote ab. <strong>Sie bieten clever an.<\/strong><\/p>\n\n\n\n<h2 class=\"wp-block-heading\">Schritt 1: Definieren Sie den Umfang, bevor Sie Angebote anfordern<\/h2>\n\n\n\n<p>Die meisten Angebotsanfragen scheitern <strong>bevor sie \u00fcberhaupt versendet werden.<\/strong><\/p>\n\n\n\n<p>Warum? Weil sie auf <strong>unklaren, unvollst\u00e4ndigen oder veralteten Informationen<\/strong> basieren.<\/p>\n\n\n\n<p>Denken Sie dar\u00fcber nach:<\/p>\n\n\n\n<ul class=\"wp-block-list\">\n<li>Sie senden eine vage Anfrage zur Angebotsabgabe (RFQ).<\/li>\n\n\n\n<li>Jeder Subunternehmer interpretiert sie anders.<\/li>\n\n\n\n<li>Sie erhalten <strong>v\u00f6llig inkonsistente Angebote<\/strong>, die nicht vergleichbar sind.<\/li>\n<\/ul>\n\n\n\n<p>Das Ergebnis? Sie <strong>raten<\/strong> entweder, welches Angebot am genauesten ist, oder verbringen <strong>Wochen damit, Details zu kl\u00e4ren<\/strong>, die von Anfang an in der RFQ h\u00e4tten stehen sollen.<\/p>\n\n\n\n<h3 class=\"wp-block-heading\"><strong>Bevor Sie Angebote anfordern, fragen Sie sich:<\/strong><\/h3>\n\n\n\n<p>Habe ich <strong>Materialien, Arbeitskr\u00e4fte und Subunternehmerverantwortlichkeiten<\/strong> klar definiert?<br>Habe ich <strong>Marktrisiken<\/strong> (Preisschwankungen, Materialverz\u00f6gerungen) ber\u00fccksichtigt?<br>Gebe ich <strong>gen\u00fcgend Details<\/strong> an, damit jeder Bieter den exakt gleichen Umfang kalkuliert?<\/p>\n\n\n\n<p>Wenn Sie keine klaren Antworten haben, <strong>sind Sie nicht bereit, RFQs zu versenden.<\/strong><\/p>\n\n\n\n<h2 class=\"wp-block-heading\">Schritt 2: Die richtigen Subunternehmer und Lieferanten identifizieren<\/h2>\n\n\n\n<p>Nicht alle Bieter sind gleich. Der <strong>gr\u00f6\u00dfte Fehler<\/strong>, den Bauleiter machen?<\/p>\n\n\n\n<p><strong>Zu denken, dass mehr Angebote = bessere Auswahlm\u00f6glichkeiten.<\/strong><\/p>\n\n\n\n<p>Realit\u00e4tscheck:<\/p>\n\n\n\n<ul class=\"wp-block-list\">\n<li><strong>Mehr Angebote = mehr Zeitverschwendung beim Durchsuchen von Schrott.<\/strong><\/li>\n\n\n\n<li><strong>Mehr Angebote = mehr Lockangebote, die gut aussehen, aber sp\u00e4ter teuer werden.<\/strong><\/li>\n<\/ul>\n\n\n\n<p>Das Ziel ist nicht, <em>die meisten<\/em> Angebote zu erhalten. <strong>Es geht darum, die richtigen Angebote zu bekommen.<\/strong><\/p>\n\n\n\n<h3 class=\"wp-block-heading\">Wie man die richtigen Lieferanten &#038; Subunternehmer findet<\/h3>\n\n\n\n<p>\u2714 <strong>Vergangene Daten nutzen<\/strong> \u2013 Wer hat zuvor gute Arbeit geleistet? Wer hat Probleme verursacht?<br>\u2714 <strong>Netzwerk erweitern<\/strong> \u2013 Lassen Sie sich nicht auf die gleichen drei Anbieter festlegen.<br>\u2714 <strong>Bieter vorqualifizieren<\/strong> \u2013 Wenn sie nicht die Kapazit\u00e4t oder Erfahrung haben, verschwenden Sie keine Zeit.<\/p>\n\n\n\n<p>Profi-Tipp: Wenn Sie Angebotsanfragen an <strong>alle<\/strong> senden, machen Sie es falsch.<\/p>\n\n\n\n<h2 class=\"wp-block-heading\">Schritt 3: Strukturieren Sie Ihre RFQs f\u00fcr schnellere, genauere Angebote<\/h2>\n\n\n\n<p><span style=\"box-sizing: border-box; margin: 0px; padding: 0px;\">Eine gute RFQ fragt nicht nur nach einem Preis\u2014sie&nbsp;<strong>leitet<\/strong>&nbsp;Bieter dazu an, die richtigen Details im richtigen Format bereitzustellen, damit Sie sie schnell vergleichen k\u00f6nnen.<\/span><\/p>\n\n\n\n<h3 class=\"wp-block-heading\"><strong>Was jede RFQ enthalten sollte:<\/strong><\/h3>\n\n\n\n<ul class=\"wp-block-list\">\n<li><strong>Leistungsumfang<\/strong> \u2013 Was genau wird angeboten?<\/li>\n\n\n\n<li><strong>Zeitplan<\/strong> \u2013 Start- und Fertigstellungstermine.<\/li>\n\n\n\n<li><strong>Zahlungsbedingungen<\/strong> \u2013 Meilensteinbasiert? Monatlich? Vorauszahlungen?<\/li>\n\n\n\n<li><strong>Angebotsaufgliederungsformat<\/strong> \u2013 M\u00f6chten Sie Pauschalpreise oder Einzelkosten?<\/li>\n<\/ul>\n\n\n\n<p><strong>Je strukturierter Ihre Angebotsanfrage, desto einfacher wird Ihre Arbeit.<\/strong><\/p>\n\n\n\n<h2 class=\"wp-block-heading\">Schritt 4: Nachfassen\u2014weil die meisten Anbieter vergessen werden, einzureichen<\/h2>\n\n\n\n<p>Hier ist die Realit\u00e4t: <strong>Die meisten Anbieter werden ihre Angebote nicht rechtzeitig einreichen.<\/strong><\/p>\n\n\n\n<p>Subunternehmer sind besch\u00e4ftigt. Ihre RFQ ist nur eine weitere E-Mail in ihrem Posteingang.<\/p>\n\n\n\n<p>Sie verlieren gute Angebote, wenn Sie nicht nachfassen.<\/p>\n\n\n\n<p><strong>Versenden Sie nicht nur Erinnerungsemails. Greifen Sie zum Telefon.<\/strong><\/p>\n\n\n\n<ul class=\"wp-block-list\">\n<li>Best\u00e4tigen Sie, dass sie die RFQ erhalten haben.<\/li>\n\n\n\n<li>Fragen Sie, ob sie Fragen haben.<\/li>\n\n\n\n<li>Holen Sie sich eine m\u00fcndliche Zusage, dass sie ein Angebot einreichen werden.<\/li>\n<\/ul>\n\n\n\n<p>Dieser <strong>eine kleine Schritt<\/strong> erh\u00f6ht Ihre R\u00fccklaufquote erheblich.<\/p>\n\n\n\n<h2 class=\"wp-block-heading\">Schritt 5: Angebote richtig vergleichen (und die \u201eBilligste gewinnt\u201c-Falle vermeiden)<\/h2>\n\n\n\n<p>Sobald die Angebote eingegangen sind, beginnt die eigentliche Arbeit.<\/p>\n\n\n\n<p>Die meisten Teams <strong>greifen standardm\u00e4\u00dfig zum niedrigsten Angebot.<\/strong><br>Schlechte Idee.<\/p>\n\n\n\n<p>Ein <strong>gutes Angebotsvergleichsblatt<\/strong> hilft Ihnen:<\/p>\n\n\n\n<ul class=\"wp-block-list\">\n<li><strong>Angebotsformate normalisieren<\/strong> \u2013 Jeder Subunternehmer strukturiert die Preise anders. Zerlegen Sie es, damit Sie \u00c4pfel mit \u00c4pfeln vergleichen.<\/li>\n\n\n\n<li><strong>Fehlende Kosten erkennen<\/strong> \u2013 Einige Anbieter lassen absichtlich Kosten weg, um g\u00fcnstiger zu wirken.<\/li>\n\n\n\n<li><strong>Risiken bewerten<\/strong> \u2013 Wie ist die Erfolgsbilanz des Subunternehmers? G\u00fcnstig bedeutet nicht zuverl\u00e4ssig.<\/li>\n<\/ul>\n\n\n\n<p><strong>Profi-Tipp:<\/strong> Das niedrigste Angebot f\u00fchrt oft zu den h\u00f6chsten Kosten sp\u00e4ter. Wenn eine Zahl zu gut aussieht, um wahr zu sein, ist sie es wahrscheinlich auch.<\/p>\n\n\n\n<h2 class=\"wp-block-heading\">Schritt 6: Verhandeln &#038; die besten Partner sichern<\/h2>\n\n\n\n<p>Jetzt, da Sie <strong>Ihre Liste starker Kandidaten<\/strong> haben, ist es Zeit zu <strong>verhandeln<\/strong>.<\/p>\n\n\n\n<ul class=\"wp-block-list\">\n<li><strong>Materialpreise sichern<\/strong> \u2013 Wenn der Markt volatil ist, garantierte Preise erhalten.<\/li>\n\n\n\n<li><strong>Strafen kl\u00e4ren<\/strong> \u2013 Was passiert, wenn ein Subunternehmer den Job verz\u00f6gert?<\/li>\n\n\n\n<li><strong>\u00c4nderungsauftr\u00e4ge besprechen<\/strong> \u2013 Wie werden Umfangs\u00e4nderungen gehandhabt?<\/li>\n<\/ul>\n\n\n\n<p>Sobald Ihre Vertr\u00e4ge unterzeichnet sind, <strong>vergessen Sie nicht die anderen Bieter.<\/strong><\/p>\n\n\n\n<h3 class=\"wp-block-heading\"><strong>Absageschreiben an erfolglose Bieter senden<\/strong><\/h3>\n\n\n\n<p>Die meisten Bauleiter ignorieren diesen Schritt\u2014aber das sollten sie nicht.<\/p>\n\n\n\n<p>Warum?<\/p>\n\n\n\n<ul class=\"wp-block-list\">\n<li>Es <strong>pflegt gute Beziehungen<\/strong> zu Subunternehmern f\u00fcr zuk\u00fcnftige Projekte.<\/li>\n\n\n\n<li>Es <strong>zeigt Professionalit\u00e4t und Transparenz.<\/strong><\/li>\n\n\n\n<li>Es <strong>hilft Anbietern zu verstehen, warum sie nicht ausgew\u00e4hlt wurden<\/strong>\u2014was zu besseren Angeboten beim n\u00e4chsten Mal f\u00fchren kann.<\/li>\n<\/ul>\n\n\n\n<p><strong>Profi-Tipp:<\/strong> Halten Sie es kurz, h\u00f6flich und professionell. Sie m\u00fcssen Ihre Entscheidung nicht rechtfertigen, aber Sie k\u00f6nnen ein kurzes Feedback geben, wenn es hilfreich ist.<\/p>\n\n\n\n<p><strong>Beispiel:<\/strong><\/p>\n\n\n\n<p><em>&#8222;Vielen Dank f\u00fcr Ihre Teilnahme an unserem j\u00fcngsten Ausschreibungsverfahren. Obwohl wir einen anderen Auftragnehmer f\u00fcr dieses Projekt ausgew\u00e4hlt haben, sch\u00e4tzen wir Ihre Bem\u00fchungen und hoffen auf eine Zusammenarbeit bei zuk\u00fcnftigen Gelegenheiten.&#8220;<\/em><\/p>\n\n\n\n<p>Das Ignorieren von Bietern, nachdem sie Zeit und M\u00fche in die Einreichung eines Angebots investiert haben, <strong>schadet Ihrem Ruf.<\/strong> Eine einfache E-Mail h\u00e4lt die T\u00fcr f\u00fcr zuk\u00fcnftige Arbeiten offen.<\/p>\n\n\n\n<h2 class=\"wp-block-heading\">Wichtige Erkenntnisse: Was Sie vor jedem neuen Projekt \u00fcberpr\u00fcfen sollten<\/h2>\n\n\n\n<ol class=\"wp-block-list\">\n<li><strong>Ihre Angebote sind nur so genau wie die Informationen, die Sie bereitstellen.<\/strong><\/li>\n\n\n\n<li><strong>Ein starker Ausschreibungsprozess spart Geld und Kopfschmerzen auf lange Sicht.<\/strong><\/li>\n\n\n\n<li><strong>Das niedrigste Angebot ist selten das beste Angebot.<\/strong><\/li>\n\n\n\n<li><strong>Das Nachfassen bei Anbietern erh\u00f6ht die R\u00fccklaufquote.<\/strong><\/li>\n\n\n\n<li><strong>Das richtige Vergleichen von Angeboten ist der Unterschied zwischen Gewinn und Katastrophe.<\/strong><\/li>\n<\/ol>\n\n\n\n<p><strong>Dies ist ein wiederholbarer Prozess.<\/strong><br>Verfeinern Sie ihn, nutzen Sie ihn und vermeiden Sie kostspielige Fehler vor Ihrem n\u00e4chsten Projekt.<\/p>\n\n\n\n<h2 class=\"wp-block-heading\">\u00dcber den Autor<\/h2>\n\n\n\n<p>Mit \u00fcber 20 Jahren Erfahrung im Bauprojektmanagement hat der Autor Projekte im Wert von mehreren Millionen Euro in den Bereichen Wohnungsbau, Gewerbe und Infrastruktur geleitet. Seine Erfahrung in <strong>Angebotsabgabe, Beschaffung und Auswahl von Auftragnehmern<\/strong> sorgt f\u00fcr praktische, praxisnahe Ratschl\u00e4ge f\u00fcr Bauleiter, die Kosten und Ausf\u00fchrung optimieren m\u00f6chten.<\/p>\n\n\n\n<h3 class=\"wp-block-heading\">Entdecken Sie das n\u00e4chste Kapitel: Projekt\u00fcberpr\u00fcfung<\/h3>\n\n\n\n<p>Die Kunst, Pl\u00e4ne zu analysieren, um Risiken zu erkennen, bevor sie zu Problemen werden. <a href=\"https:\/\/planyard.com\/de\/leitfaden-fuer-bauleiter-vorbereitung-checkliste\">Mehr erfahren<\/a><\/p>\n\n\n\n<p><em>Gehen Sie zum <a href=\"https:\/\/planyard.com\/de\/kostenloser-leitfaden-bauprojektmanagement-meistern\">Bauprojektmanagement: Ein praktischer 10-Schritte-Leitfaden<\/a>.<\/em><\/p>\n","protected":false},"excerpt":{"rendered":"<p>Kapitel 2 von Bauprojektmanagement: Ein praktischer 10-Schritte-Leitfaden. Ausschreibung im Bauwesen: Der Beginn jedes erfolgreichen Projekts Jedes Bauprojekt beginnt mit einer grundlegenden Frage: Was wird das kosten? Ob Sie ein Angebot f\u00fcr einen Kunden vorbereiten oder Subunternehmer ausw\u00e4hlen, die Beschaffung ist der erste und wohl wichtigste Schritt, um finanzielle Genauigkeit und Projekterfolg zu gew\u00e4hrleisten. Doch genau&#8230;  <a class=\"excerpt-read-more\" href=\"https:\/\/planyard.com\/de\/ausschreibung-bauwesen-leitfaden\" title=\"Lesen Sie  Ausschreibung im Bauwesen: Ein praktischer Leitfaden f\u00fcr Bauleiter\">Mehr lesen &#8222;<\/a><\/p>\n","protected":false},"author":4,"featured_media":0,"parent":0,"menu_order":0,"comment_status":"closed","ping_status":"closed","template":"","meta":{"_acf_changed":false,"content-type":"","footnotes":""},"page_intent":[285],"page_type":[],"class_list":["post-12423","page","type-page","status-publish","hentry"],"acf":[],"yoast_head":"<!-- This site is optimized with the Yoast SEO plugin v27.1.1 - https:\/\/yoast.com\/product\/yoast-seo-wordpress\/ -->\n<title>Ausschreibungen im Bauwesen: Ein praktischer Leitfaden f\u00fcr genaue Angebote<\/title>\n<meta name=\"description\" content=\"Erfahren Sie, wie Sie Ausschreibungen im Bauwesen optimieren, genaue Projektkostensch\u00e4tzungen erhalten und die besten Subunternehmer ausw\u00e4hlen mit diesem Expertenleitfaden.\" \/>\n<meta name=\"robots\" content=\"index, follow, max-snippet:-1, max-image-preview:large, max-video-preview:-1\" \/>\n<link rel=\"canonical\" href=\"https:\/\/planyard.com\/de\/ausschreibung-bauwesen-leitfaden\" \/>\n<meta property=\"og:locale\" content=\"de_DE\" \/>\n<meta property=\"og:type\" content=\"article\" \/>\n<meta property=\"og:title\" content=\"Ausschreibungen im Bauwesen: Ein praktischer Leitfaden f\u00fcr genaue Angebote\" \/>\n<meta property=\"og:description\" content=\"Erfahren Sie, wie Sie Ausschreibungen im Bauwesen optimieren, genaue Projektkostensch\u00e4tzungen erhalten und die besten Subunternehmer ausw\u00e4hlen mit diesem Expertenleitfaden.\" \/>\n<meta property=\"og:url\" content=\"https:\/\/planyard.com\/de\/ausschreibung-bauwesen-leitfaden\" \/>\n<meta property=\"og:site_name\" content=\"Planyard in Deutsch\" \/>\n<meta property=\"article:modified_time\" content=\"2025-05-19T18:16:09+00:00\" \/>\n<meta name=\"twitter:card\" content=\"summary_large_image\" \/>\n<meta name=\"twitter:label1\" content=\"Gesch\u00e4tzte Lesezeit\" \/>\n\t<meta name=\"twitter:data1\" content=\"6\u00a0Minuten\" \/>\n<!-- \/ Yoast SEO plugin. -->","yoast_head_json":{"title":"Ausschreibungen im Bauwesen: Ein praktischer Leitfaden f\u00fcr genaue Angebote","description":"Erfahren Sie, wie Sie Ausschreibungen im Bauwesen optimieren, genaue Projektkostensch\u00e4tzungen erhalten und die besten Subunternehmer ausw\u00e4hlen mit diesem Expertenleitfaden.","robots":{"index":"index","follow":"follow","max-snippet":"max-snippet:-1","max-image-preview":"max-image-preview:large","max-video-preview":"max-video-preview:-1"},"canonical":"https:\/\/planyard.com\/de\/ausschreibung-bauwesen-leitfaden","og_locale":"de_DE","og_type":"article","og_title":"Ausschreibungen im Bauwesen: Ein praktischer Leitfaden f\u00fcr genaue Angebote","og_description":"Erfahren Sie, wie Sie Ausschreibungen im Bauwesen optimieren, genaue Projektkostensch\u00e4tzungen erhalten und die besten Subunternehmer ausw\u00e4hlen mit diesem Expertenleitfaden.","og_url":"https:\/\/planyard.com\/de\/ausschreibung-bauwesen-leitfaden","og_site_name":"Planyard in Deutsch","article_modified_time":"2025-05-19T18:16:09+00:00","twitter_card":"summary_large_image","twitter_misc":{"Gesch\u00e4tzte Lesezeit":"6\u00a0Minuten"},"schema":{"@context":"https:\/\/schema.org","@graph":[{"@type":"WebPage","@id":"https:\/\/planyard.com\/de\/ausschreibung-bauwesen-leitfaden","url":"https:\/\/planyard.com\/de\/ausschreibung-bauwesen-leitfaden","name":"Ausschreibungen im Bauwesen: Ein praktischer Leitfaden f\u00fcr genaue Angebote","isPartOf":{"@id":"https:\/\/planyard.com\/de#website"},"datePublished":"2025-02-12T11:05:38+00:00","dateModified":"2025-05-19T18:16:09+00:00","description":"Erfahren Sie, wie Sie Ausschreibungen im Bauwesen optimieren, genaue Projektkostensch\u00e4tzungen erhalten und die besten Subunternehmer ausw\u00e4hlen mit diesem Expertenleitfaden.","breadcrumb":{"@id":"https:\/\/planyard.com\/de\/ausschreibung-bauwesen-leitfaden#breadcrumb"},"inLanguage":"de","potentialAction":[{"@type":"ReadAction","target":["https:\/\/planyard.com\/de\/ausschreibung-bauwesen-leitfaden"]}]},{"@type":"BreadcrumbList","@id":"https:\/\/planyard.com\/de\/ausschreibung-bauwesen-leitfaden#breadcrumb","itemListElement":[{"@type":"ListItem","position":1,"name":"Home","item":"https:\/\/planyard.com\/de"},{"@type":"ListItem","position":2,"name":"Ausschreibungen im Bauwesen: Ein praktischer Leitfaden f\u00fcr Projektmanager"}]},{"@type":"WebSite","@id":"https:\/\/planyard.com\/de#website","url":"https:\/\/planyard.com\/de","name":"Planyard in Deutsch","description":"","potentialAction":[{"@type":"SearchAction","target":{"@type":"EntryPoint","urlTemplate":"https:\/\/planyard.com\/de?s={search_term_string}"},"query-input":{"@type":"PropertyValueSpecification","valueRequired":true,"valueName":"search_term_string"}}],"inLanguage":"de"}]}},"_links":{"self":[{"href":"https:\/\/planyard.com\/de\/wp-json\/wp\/v2\/pages\/12423","targetHints":{"allow":["GET"]}}],"collection":[{"href":"https:\/\/planyard.com\/de\/wp-json\/wp\/v2\/pages"}],"about":[{"href":"https:\/\/planyard.com\/de\/wp-json\/wp\/v2\/types\/page"}],"author":[{"embeddable":true,"href":"https:\/\/planyard.com\/de\/wp-json\/wp\/v2\/users\/4"}],"replies":[{"embeddable":true,"href":"https:\/\/planyard.com\/de\/wp-json\/wp\/v2\/comments?post=12423"}],"version-history":[{"count":3,"href":"https:\/\/planyard.com\/de\/wp-json\/wp\/v2\/pages\/12423\/revisions"}],"predecessor-version":[{"id":16214,"href":"https:\/\/planyard.com\/de\/wp-json\/wp\/v2\/pages\/12423\/revisions\/16214"}],"wp:attachment":[{"href":"https:\/\/planyard.com\/de\/wp-json\/wp\/v2\/media?parent=12423"}],"wp:term":[{"taxonomy":"page_intent","embeddable":true,"href":"https:\/\/planyard.com\/de\/wp-json\/wp\/v2\/page_intent?post=12423"},{"taxonomy":"page_type","embeddable":true,"href":"https:\/\/planyard.com\/de\/wp-json\/wp\/v2\/page_type?post=12423"}],"curies":[{"name":"wp","href":"https:\/\/api.w.org\/{rel}","templated":true}]}}