{"id":12420,"date":"2024-12-16T17:39:09","date_gmt":"2024-12-16T17:39:09","guid":{"rendered":"https:\/\/planyard.com\/construction-bid-template"},"modified":"2025-05-19T18:15:13","modified_gmt":"2025-05-19T18:15:13","slug":"vorlage-fuer-bauausschreibungen","status":"publish","type":"page","link":"https:\/\/planyard.com\/de\/vorlage-fuer-bauausschreibungen","title":{"rendered":"Vorlage f\u00fcr Bauausschreibungen"},"content":{"rendered":"\n<div class=\"wp-block-media-text is-stacked-on-mobile\"><figure class=\"wp-block-media-text__media\"><img loading=\"lazy\" decoding=\"async\" width=\"1080\" height=\"1080\" src=\"https:\/\/planyard.com\/wp-content\/uploads\/2024\/12\/constriction_bidding_templates.png\" alt=\"\" class=\"wp-image-8112 size-full\" srcset=\"https:\/\/planyard.com\/wp-content\/uploads\/2024\/12\/constriction_bidding_templates.png 1080w, https:\/\/planyard.com\/wp-content\/uploads\/2024\/12\/constriction_bidding_templates-150x150.png 150w\" sizes=\"auto, (max-width: 1080px) 100vw, 1080px\" \/><\/figure><div class=\"wp-block-media-text__content\">\n<p>Optimieren Sie jeden Schritt des Bauausschreibungsprozesses mit unserer Sammlung professioneller, anpassbarer Vorlagen. <\/p>\n\n\n\n<p>Ob Sie Angebote von Auftragnehmern vergleichen, Lieferanten zur Abgabe von Vorschl\u00e4gen einladen oder detaillierte Kostensch\u00e4tzungen f\u00fcr einen Kunden vorbereiten, diese Vorlagen sind darauf ausgelegt, Ihnen Zeit zu sparen, die Genauigkeit zu verbessern und die Professionalit\u00e4t Ihres Projekts zu steigern.<\/p>\n<\/div><\/div>\n\n\n\n<p>Unsere Vorlagen sind in Google Sheets, Excel und PDF-Formaten verf\u00fcgbar und stellen sicher, dass Sie alles haben, was Sie ben\u00f6tigen, um Ausschreibungen effektiv und mit Zuversicht zu verwalten.<\/p>\n\n\n\n<h2 class=\"wp-block-heading\">Unsere Bauausschreibungsvorlagen<\/h2>\n\n\n\n<p>Der Einsatz spezialisierter Vorlagen f\u00fcr verschiedene Aspekte des Bauausschreibungsprozesses sorgt f\u00fcr Klarheit, Organisation und Effizienz. Nachfolgend finden Sie drei wesentliche Kategorien von Bauausschreibungsvorlagen und deren spezifische Anwendungsf\u00e4lle.<\/p>\n\n\n\n<h3 class=\"wp-block-heading\">Vorlage f\u00fcr Bauausschreibungs\u00fcbersicht \/ Angebotsvergleichsvorlage<\/h3>\n\n\n\n<figure class=\"wp-block-image size-full\"><img loading=\"lazy\" decoding=\"async\" width=\"1280\" height=\"561\" src=\"https:\/\/planyard.com\/wp-content\/uploads\/2024\/12\/construction_bid_tabulation_template.png\" alt=\"Construction bid tabulation template\" class=\"wp-image-8107\"\/><\/figure>\n\n\n\n<p>Eine Vorlage f\u00fcr Bauausschreibungs\u00fcbersicht ist ein unverzichtbares Werkzeug, um die Kostensch\u00e4tzungen von Auftragnehmern und Ingenieuren mit dem Projektbudget zu vergleichen. Durch die Organisation der Angebote in einem nebeneinander liegenden Format hilft diese Vorlage Bauleitern und Beteiligten, wichtige Elemente wie Preise, Materialien, Zeitpl\u00e4ne und andere kritische Details einfach zu bewerten.<\/p>\n\n\n\n<div class=\"wp-block-buttons is-layout-flex wp-block-buttons-is-layout-flex\">\n<div class=\"wp-block-button\"><a class=\"wp-block-button__link has-background wp-element-button\" href=\"https:\/\/planyard.com\/de\/holen-sie-sich-ihre-kostenlose-vorlage-fuer-den-bauangebot-vergleich\" style=\"background-color:#2756ff\">Kostenlose Vorlage herunterladen<\/a><\/div>\n\n\n\n<div class=\"wp-block-button\"><a class=\"wp-block-button__link wp-element-button\" href=\"https:\/\/planyard.com\/de\/software-fur-bauausschreibungen\">Sehen Sie sich die Ausschreibungssoftware von Planyard an<\/a><\/div>\n<\/div>\n\n\n\n<p><\/p>\n\n\n\n<p><strong>Hauptmerkmale:<\/strong><\/p>\n\n\n\n<ul class=\"wp-block-list\">\n<li><strong>Angebotsvergleich:<\/strong> Zerlegen Sie mehrere Angebote in vergleichbare Kategorien wie Arbeits-, Material- und Ger\u00e4tekosten.<\/li>\n\n\n\n<li><strong>Budgetintegration:<\/strong> Beziehen Sie das gesch\u00e4tzte Budget als Referenzpunkt f\u00fcr eine schnelle Abweichungsanalyse ein.<\/li>\n\n\n\n<li><strong>Kontaktdaten:<\/strong> Kontaktdaten jedes Angebots, damit Sie bei Fragen einen Bieter leicht kontaktieren k\u00f6nnen.<\/li>\n<\/ul>\n\n\n\n<p>Diese Vorlage vereinfacht die Entscheidungsfindung, indem sie es einfach macht, das am besten geeignete Angebot basierend auf Kosten, Wert und \u00dcbereinstimmung mit den Projektzielen zu identifizieren. Sie minimiert Fehler und Subjektivit\u00e4t und stellt sicher, dass alle Angebote fair bewertet werden.<\/p>\n\n\n\n<h3 class=\"wp-block-heading\">Einladung zur Angebotsabgabe Vorlage<\/h3>\n\n\n\n<figure class=\"wp-block-image size-full\"><img loading=\"lazy\" decoding=\"async\" width=\"1341\" height=\"872\" src=\"https:\/\/planyard.com\/wp-content\/uploads\/2024\/12\/construction_bid_invitation_template.png\" alt=\"Construction Invitation to bid template\" class=\"wp-image-8110\"\/><\/figure>\n\n\n\n<p>Eine Einladung zur Angebotsabgabe Vorlage wird verwendet, um Auftragnehmer oder Unternehmen formell einzuladen, Angebote f\u00fcr ein Bauprojekt abzugeben. Sie bietet ein klares und professionelles Format, um Projektdetails, Abgabefristen und Anforderungen darzulegen und sicherzustellen, dass potenzielle Bieter alle ben\u00f6tigten Informationen haben.<\/p>\n\n\n\n<div class=\"wp-block-buttons is-layout-flex wp-block-buttons-is-layout-flex\">\n<div class=\"wp-block-button\"><a class=\"wp-block-button__link has-background wp-element-button\" href=\"https:\/\/planyard.com\/de\/holen-sie-sich-ihre-kostenlose-bauausschreibungsvorlage\" style=\"background-color:#2756ff\">Kostenlose Vorlage herunterladen<\/a><\/div>\n\n\n\n<div class=\"wp-block-button\"><a class=\"wp-block-button__link wp-element-button\" href=\"https:\/\/planyard.com\/de\/software-fur-bauausschreibungen\">Sehen Sie sich die Ausschreibungssoftware von Planyard an<\/a><\/div>\n<\/div>\n\n\n\n<p><\/p>\n\n\n\n<p><strong>Hauptmerkmale:<\/strong><\/p>\n\n\n\n<ul class=\"wp-block-list\">\n<li><strong>Projekt\u00fcbersicht:<\/strong> Enth\u00e4lt wesentliche Details wie Projektstandort, Umfang und erwartete Zeitpl\u00e4ne.<\/li>\n\n\n\n<li><strong>Einreichungsrichtlinien:<\/strong> Geben Sie das Format f\u00fcr die Einreichung von Angeboten an, zusammen mit Fristen und Kontaktinformationen f\u00fcr Klarstellungen.<\/li>\n\n\n\n<li><strong>Bewertungskriterien:<\/strong> Heben Sie die Kriterien hervor, die zur Bewertung der Angebote verwendet werden, wie Kosten, Materialqualit\u00e4t oder Erfahrung des Auftragnehmers.<\/li>\n<\/ul>\n\n\n\n<p>Diese Vorlage sorgt f\u00fcr Konsistenz im Ausschreibungsprozess und spart Zeit, indem sie ein standardisiertes Dokument f\u00fcr alle Einladungen bereitstellt. Sie hilft auch, klare Erwartungen zu schaffen und Missverst\u00e4ndnisse zwischen dem Projektinhaber und potenziellen Bietern zu reduzieren.<\/p>\n\n\n\n<h3 class=\"wp-block-heading\">Unterauftragnehmer- oder Lieferantenangebot Vorlage<\/h3>\n\n\n\n<figure class=\"wp-block-image size-full\"><img loading=\"lazy\" decoding=\"async\" width=\"1335\" height=\"866\" src=\"https:\/\/planyard.com\/wp-content\/uploads\/2024\/12\/construction_subcontractor_bid_template.png\" alt=\"Construction subcontractor bid template\" class=\"wp-image-8111\"\/><\/figure>\n\n\n\n<p>Eine Unterauftragnehmer- oder Lieferantenangebot Vorlage ist f\u00fcr Auftragnehmer konzipiert, um ihre Angebotsdetails klar und professionell dem Kunden oder Projektinhaber zu pr\u00e4sentieren. Diese Vorlage hilft Unterauftragnehmern und Lieferanten, ihre vorgeschlagenen Kosten, den Arbeitsumfang und die Bedingungen darzulegen und so Transparenz und Professionalit\u00e4t im Ausschreibungsprozess sicherzustellen.<\/p>\n\n\n\n<div class=\"wp-block-buttons is-layout-flex wp-block-buttons-is-layout-flex\">\n<div class=\"wp-block-button\"><a class=\"wp-block-button__link has-background wp-element-button\" href=\"https:\/\/planyard.com\/de\/holen-sie-sich-ihre-kostenlose-vorlage-fuer-bauangebote\" style=\"background-color:#2756ff\">Kostenlose Vorlage herunterladen<\/a><\/div>\n\n\n\n<div class=\"wp-block-button\"><a class=\"wp-block-button__link wp-element-button\" href=\"https:\/\/planyard.com\/de\/software-fur-baukalkulationen\">Sehen Sie sich die Angebotssoftware von Planyard an<\/a><\/div>\n<\/div>\n\n\n\n<p><\/p>\n\n\n\n<p><strong>Hauptmerkmale:<\/strong><\/p>\n\n\n\n<ul class=\"wp-block-list\">\n<li><strong>Unternehmens- und Kontaktdaten:<\/strong> Geben Sie Informationen zum Unterauftragnehmer oder Lieferanten an, wie Firmenname, Adresse und Kontaktdaten.<\/li>\n\n\n\n<li><strong>Arbeitsumfang:<\/strong> Definieren Sie klar die angebotenen Arbeiten oder Materialien, einschlie\u00dflich detaillierter Beschreibungen, um Unklarheiten zu vermeiden.<\/li>\n\n\n\n<li><strong>Aufgeschl\u00fcsselte Kosten:<\/strong> Bieten Sie eine Aufschl\u00fcsselung der Kosten f\u00fcr Arbeit, Materialien, Ausr\u00fcstung und andere relevante Ausgaben.<\/li>\n\n\n\n<li><strong>Lieferzeiten:<\/strong> Geben Sie den Zeitrahmen f\u00fcr die Fertigstellung der Arbeiten oder die Lieferung der Materialien an, um die Einhaltung der Projektfristen sicherzustellen.<\/li>\n\n\n\n<li><strong>Gesch\u00e4ftsbedingungen:<\/strong> F\u00fcgen Sie Zahlungsbedingungen, Garantien und andere vertragliche Bedingungen hinzu, um Erwartungen zu setzen und beide Parteien zu sch\u00fctzen.<\/li>\n<\/ul>\n\n\n\n<p>Diese Vorlage hilft Unterauftragnehmern und Lieferanten, sich abzuheben, indem sie gut organisierte, professionelle Angebote pr\u00e4sentieren, die Vertrauen beim Kunden schaffen. Sie ist ein unverzichtbares Werkzeug, um von Anfang an Vertrauen aufzubauen und starke Arbeitsbeziehungen zu f\u00f6rdern.<\/p>\n\n\n\n<h2 class=\"wp-block-heading\">Die Bedeutung organisierter und professioneller Bauausschreibungsvorlagen<\/h2>\n\n\n\n<p>In der wettbewerbsintensiven Bauindustrie kann ein gut vorbereitetes und professionelles Angebot den Unterschied zwischen dem Gewinn oder Verlust eines Projekts ausmachen. Bauausschreibungsvorlagen spielen eine entscheidende Rolle bei der Erreichung von Klarheit, Genauigkeit und Professionalit\u00e4t im gesamten Ausschreibungsprozess. Hier ist, warum organisierte und professionelle Vorlagen unerl\u00e4sslich sind:<\/p>\n\n\n\n<h3 class=\"wp-block-heading\">Klarheit verbessern und Fehler reduzieren<\/h3>\n\n\n\n<p>Wenn Angebote mit einer standardisierten Vorlage eingereicht werden, werden alle notwendigen Informationen in einem klaren und strukturierten Format erfasst. Dies stellt sicher, dass Projektdetails wie Arbeitsumfang, Materialien und Zeitpl\u00e4ne ohne Mehrdeutigkeiten pr\u00e4sentiert werden. Eine professionelle Vorlage hilft, Auslassungen oder Fehler zu vermeiden, die sp\u00e4ter im Projekt zu Missverst\u00e4ndnissen oder kostspieligen Fehlern f\u00fchren k\u00f6nnten.<\/p>\n\n\n\n<h3 class=\"wp-block-heading\">Den Ausschreibungsprozess optimieren<\/h3>\n\n\n\n<p>Zeit ist eine wertvolle Ressource bei Bauausschreibungen. Organisierte Vorlagen eliminieren die Notwendigkeit, Angebotsvorschl\u00e4ge von Grund auf neu zu erstellen, und sparen sowohl Auftragnehmern als auch Kunden Zeit. Mit einer vordefinierten Struktur k\u00f6nnen sich Teams darauf konzentrieren, genaue Projektdetails auszuf\u00fcllen, anstatt sich um das Formatieren oder das Fehlen wichtiger Abschnitte zu sorgen.<\/p>\n\n\n\n<h3 class=\"wp-block-heading\">Einfache Vergleiche erleichtern<\/h3>\n\n\n\n<p>F\u00fcr Projektinhaber oder Auftragnehmer, die mehrere Angebote pr\u00fcfen, macht ein konsistentes Format den Vergleich von Vorschl\u00e4gen nebeneinander einfacher. Diese Transparenz hilft den Beteiligten, schnell fundierte Entscheidungen zu treffen, indem sie Kosten, Zeitpl\u00e4ne und den vorgeschlagenen Arbeitsumfang effizient bewerten.<\/p>\n\n\n\n<h3 class=\"wp-block-heading\">Glaubw\u00fcrdigkeit und Professionalit\u00e4t aufbauen<\/h3>\n\n\n\n<p>Ein sauberes, gut strukturiertes Angebot spiegelt Professionalit\u00e4t und Liebe zum Detail wider. Es zeigt den Kunden, dass der Auftragnehmer organisiert, zuverl\u00e4ssig und in der Lage ist, das Projekt effektiv zu managen. Der erste Eindruck z\u00e4hlt, und ein poliertes Angebot kann den Ton f\u00fcr eine positive Gesch\u00e4ftsbeziehung setzen.<\/p>\n\n\n\n<h2 class=\"wp-block-heading\">Wie man ein erfolgreiches Bauangebot erstellt<\/h2>\n\n\n\n<p>Ein gut ausgearbeitetes Bauangebot kann Sie in einer wettbewerbsintensiven Branche hervorheben. Es geht nicht nur darum, Zahlen zu pr\u00e4sentieren \u2013 es geht darum, Professionalit\u00e4t zu vermitteln, die Bed\u00fcrfnisse des Projekts zu verstehen und Ihre F\u00e4higkeit zu demonstrieren, zu liefern. Befolgen Sie diese Schritt-f\u00fcr-Schritt-Anleitung, um ein \u00fcberzeugendes und effektives Angebot zu erstellen:<\/p>\n\n\n\n<h3 class=\"wp-block-heading\">Die Projektanforderungen verstehen<\/h3>\n\n\n\n<p>Beginnen Sie mit einer gr\u00fcndlichen \u00dcberpr\u00fcfung der Projektdokumentation, wie der Ausschreibung (RFP), Baupl\u00e4nen und Spezifikationen. Beachten Sie wichtige Details wie:<\/p>\n\n\n\n<ul class=\"wp-block-list\">\n<li>Arbeitsumfang<\/li>\n\n\n\n<li>Ben\u00f6tigte Materialien und Ausr\u00fcstung<\/li>\n\n\n\n<li>Fristen und Meilensteine<\/li>\n\n\n\n<li>Einreichungsanforderungen<\/li>\n<\/ul>\n\n\n\n<p>Dies stellt sicher, dass Ihr Angebot den Erwartungen des Kunden entspricht und alle Anforderungen erf\u00fcllt.<\/p>\n\n\n\n<h3 class=\"wp-block-heading\">Wichtige Informationen sammeln<\/h3>\n\n\n\n<p>Stellen Sie die notwendigen Details zusammen, um ein vollst\u00e4ndiges Angebot zu erstellen, einschlie\u00dflich:<\/p>\n\n\n\n<ul class=\"wp-block-list\">\n<li>Ihr Unternehmensprofil, das relevante Erfahrungen hervorhebt<\/li>\n\n\n\n<li>Lizenzen, Zertifikate und Referenzen<\/li>\n\n\n\n<li>Versicherungs- und B\u00fcrgschaftsinformationen<\/li>\n\n\n\n<li>Eine klare Kostenaufschl\u00fcsselung<\/li>\n<\/ul>\n\n\n\n<p>Die Organisation dieser Informationen im Voraus erleichtert den Angebotsprozess und stellt sicher, dass nichts \u00fcbersehen wird.<\/p>\n\n\n\n<h3 class=\"wp-block-heading\">Kosten genau aufschl\u00fcsseln<\/h3>\n\n\n\n<p>Unterteilen Sie Ihre Kosten in klare Kategorien, wie:<\/p>\n\n\n\n<ul class=\"wp-block-list\">\n<li>Arbeit<\/li>\n\n\n\n<li>Materialien<\/li>\n\n\n\n<li>Ger\u00e4temiete<\/li>\n\n\n\n<li>Gemeinkosten und Verwaltungsausgaben<\/li>\n\n\n\n<li>Unvorhergesehene Kosten<\/li>\n<\/ul>\n\n\n\n<p>Verwenden Sie eine Bauausschreibungsvorlage, um Ihre Kostenaufschl\u00fcsselung zu strukturieren. Dies verbessert nicht nur die Klarheit, sondern erm\u00f6glicht es dem Kunden auch, Ihr Angebot leicht mit anderen zu vergleichen. Wenn der Kunde ein Angebot in einem bestimmten Format anfordert, f\u00fcllen Sie dieses f\u00fcr einen einfacheren Vergleich aus.<\/p>\n\n\n\n<h3 class=\"wp-block-heading\">Einen detaillierten Arbeitsumfang einf\u00fcgen<\/h3>\n\n\n\n<p>Definieren Sie klar, was in Ihrem Angebot enthalten ist \u2013 und was nicht. Geben Sie die zu liefernden Leistungen, die zu verwendenden Materialien und die Zeitpl\u00e4ne f\u00fcr jede Phase des Projekts an. Dies hilft, Erwartungen zu managen und das Risiko von Streitigkeiten sp\u00e4ter zu reduzieren.<\/p>\n\n\n\n<h3 class=\"wp-block-heading\">An das Projekt anpassen<\/h3>\n\n\n\n<p>Vermeiden Sie die Verwendung generischer Angebote. Passen Sie Ihr Angebot an das spezifische Projekt an, indem Sie auf einzigartige Herausforderungen oder Kundenpr\u00e4ferenzen eingehen. Das Verst\u00e4ndnis der Bed\u00fcrfnisse des Kunden zu demonstrieren, erh\u00f6ht Ihre Chancen, ausgew\u00e4hlt zu werden.<\/p>\n\n\n\n<p>Wenn Sie relevante Punkte f\u00fcr den Kunden \u00fcbersehen oder irrelevante hinzuf\u00fcgen, werden Sie entweder den Kunden entt\u00e4uschen oder au\u00dferhalb des gew\u00fcnschten Preisrahmens liegen.<\/p>\n\n\n\n<h3 class=\"wp-block-heading\">Korrekturlesen und \u00dcberpr\u00fcfen<\/h3>\n\n\n\n<p>\u00dcberpr\u00fcfen Sie Ihr Angebot vor der Einreichung auf Folgendes:<\/p>\n\n\n\n<ul class=\"wp-block-list\">\n<li>Rechtschreib- und Grammatikfehler<\/li>\n\n\n\n<li>Fehlende oder unvollst\u00e4ndige Informationen<\/li>\n\n\n\n<li>Konsistenz in Formatierung und Zahlen<\/li>\n<\/ul>\n\n\n\n<p>Ein Kollege oder Manager kann das Angebot \u00fcberpr\u00fcfen und Fehler entdecken, die Sie m\u00f6glicherweise \u00fcbersehen haben.<\/p>\n\n\n\n<h3 class=\"wp-block-heading\">Gesch\u00e4ftsbedingungen einf\u00fcgen<\/h3>\n\n\n\n<p>Umrei\u00dfen Sie klar Ihre Bedingungen, einschlie\u00dflich Zahlungspl\u00e4nen, Garantiebedingungen und wie \u00c4nderungen am Umfang gehandhabt werden. Diese Details sch\u00fctzen sowohl Sie als auch den Kunden, indem sie klare Erwartungen setzen.<\/p>\n\n\n\n<h3 class=\"wp-block-heading\">P\u00fcnktlich einreichen und nachfassen<\/h3>\n\n\n\n<p>Reichen Sie Ihr Angebot innerhalb der Frist ein und halten Sie sich an alle spezifischen Einreichungsanweisungen. Nach der Einreichung folgen Sie dem Kunden, um den Erhalt zu best\u00e4tigen und Ihr Interesse am Projekt auszudr\u00fccken.<\/p>\n\n\n\n<h2 class=\"wp-block-heading\">Fazit<\/h2>\n\n\n\n<p>Professionelle Bauausschreibungsvorlagen machen den Ausschreibungsprozess nicht nur effizienter, sondern verbessern auch die Zusammenarbeit und Transparenz. Durch die Verwendung von Vorlagen, die auf Ihre Projektanforderungen zugeschnitten sind, k\u00f6nnen Sie Ausschreibungen sicher verwalten und sich auf das konzentrieren, was am wichtigsten ist \u2013 qualitativ hochwertige Bauprojekte p\u00fcnktlich und im Budgetrahmen zu liefern.<\/p>\n\n\n\n<p>Erfahren Sie, wie die Baukostenmanagement-Software von Planyard Ihren Ausschreibungsprozess mit Funktionen wie Angebotsverfolgung, Echtzeit-Kostenaktualisierungen und automatisierten Workflows erg\u00e4nzt.<\/p>\n\n\n\n<p><\/p>\n","protected":false},"excerpt":{"rendered":"<p>Optimieren Sie jeden Schritt des Bauausschreibungsprozesses mit unserer Sammlung professioneller, anpassbarer Vorlagen. Ob Sie Angebote von Auftragnehmern vergleichen, Lieferanten zur Abgabe von Vorschl\u00e4gen einladen oder detaillierte Kostensch\u00e4tzungen f\u00fcr einen Kunden vorbereiten, diese Vorlagen sind darauf ausgelegt, Ihnen Zeit zu sparen, die Genauigkeit zu verbessern und die Professionalit\u00e4t Ihres Projekts zu steigern. Unsere Vorlagen sind in&#8230;  <a class=\"excerpt-read-more\" href=\"https:\/\/planyard.com\/de\/vorlage-fuer-bauausschreibungen\" title=\"Lesen Sie  Vorlage f\u00fcr Bauausschreibungen\">Mehr lesen &#8222;<\/a><\/p>\n","protected":false},"author":3,"featured_media":0,"parent":0,"menu_order":0,"comment_status":"closed","ping_status":"closed","template":"","meta":{"_acf_changed":false,"content-type":"","footnotes":""},"page_intent":[165],"page_type":[],"class_list":["post-12420","page","type-page","status-publish","hentry"],"acf":[],"yoast_head":"<!-- This site is optimized with the Yoast SEO plugin v26.9 - https:\/\/yoast.com\/product\/yoast-seo-wordpress\/ -->\n<title>Kostenlose Bauangebot-Vorlage - Planyard in Deutsch<\/title>\n<meta name=\"description\" content=\"Diese Bauangebot-Vorlage hilft Ihnen, professionelle Angebote an Ihre Kunden zu senden und die Angebote Ihrer Lieferanten klar zu vergleichen.\" \/>\n<meta name=\"robots\" content=\"index, follow, max-snippet:-1, max-image-preview:large, max-video-preview:-1\" \/>\n<link rel=\"canonical\" href=\"https:\/\/planyard.com\/de\/vorlage-fuer-bauausschreibungen\" \/>\n<meta property=\"og:locale\" content=\"de_DE\" \/>\n<meta property=\"og:type\" content=\"article\" \/>\n<meta property=\"og:title\" content=\"Kostenlose Bauangebot-Vorlage - Planyard in Deutsch\" \/>\n<meta property=\"og:description\" content=\"Diese Bauangebot-Vorlage hilft Ihnen, professionelle Angebote an Ihre Kunden zu senden und die Angebote Ihrer Lieferanten klar zu vergleichen.\" \/>\n<meta property=\"og:url\" content=\"https:\/\/planyard.com\/de\/vorlage-fuer-bauausschreibungen\" \/>\n<meta property=\"og:site_name\" content=\"Planyard in Deutsch\" \/>\n<meta property=\"article:modified_time\" content=\"2025-05-19T18:15:13+00:00\" \/>\n<meta property=\"og:image\" content=\"https:\/\/planyard.com\/wp-content\/uploads\/2024\/12\/constriction_bidding_templates.png\" \/>\n\t<meta property=\"og:image:width\" content=\"1080\" \/>\n\t<meta property=\"og:image:height\" content=\"1080\" \/>\n\t<meta property=\"og:image:type\" content=\"image\/png\" \/>\n<meta name=\"twitter:card\" content=\"summary_large_image\" \/>\n<meta name=\"twitter:label1\" content=\"Gesch\u00e4tzte Lesezeit\" \/>\n\t<meta name=\"twitter:data1\" content=\"7\u00a0Minuten\" \/>\n<!-- \/ Yoast SEO plugin. -->","yoast_head_json":{"title":"Kostenlose Bauangebot-Vorlage - Planyard in Deutsch","description":"Diese Bauangebot-Vorlage hilft Ihnen, professionelle Angebote an Ihre Kunden zu senden und die Angebote Ihrer Lieferanten klar zu vergleichen.","robots":{"index":"index","follow":"follow","max-snippet":"max-snippet:-1","max-image-preview":"max-image-preview:large","max-video-preview":"max-video-preview:-1"},"canonical":"https:\/\/planyard.com\/de\/vorlage-fuer-bauausschreibungen","og_locale":"de_DE","og_type":"article","og_title":"Kostenlose Bauangebot-Vorlage - Planyard in Deutsch","og_description":"Diese Bauangebot-Vorlage hilft Ihnen, professionelle Angebote an Ihre Kunden zu senden und die Angebote Ihrer Lieferanten klar zu vergleichen.","og_url":"https:\/\/planyard.com\/de\/vorlage-fuer-bauausschreibungen","og_site_name":"Planyard in Deutsch","article_modified_time":"2025-05-19T18:15:13+00:00","og_image":[{"width":1080,"height":1080,"url":"https:\/\/planyard.com\/wp-content\/uploads\/2024\/12\/constriction_bidding_templates.png","type":"image\/png"}],"twitter_card":"summary_large_image","twitter_misc":{"Gesch\u00e4tzte Lesezeit":"7\u00a0Minuten"},"schema":{"@context":"https:\/\/schema.org","@graph":[{"@type":"WebPage","@id":"https:\/\/planyard.com\/de\/vorlage-fuer-bauausschreibungen","url":"https:\/\/planyard.com\/de\/vorlage-fuer-bauausschreibungen","name":"Kostenlose Bauangebot-Vorlage - Planyard in Deutsch","isPartOf":{"@id":"https:\/\/planyard.com\/de#website"},"primaryImageOfPage":{"@id":"https:\/\/planyard.com\/de\/vorlage-fuer-bauausschreibungen#primaryimage"},"image":{"@id":"https:\/\/planyard.com\/de\/vorlage-fuer-bauausschreibungen#primaryimage"},"thumbnailUrl":"https:\/\/planyard.com\/wp-content\/uploads\/2024\/12\/constriction_bidding_templates.png","datePublished":"2024-12-16T17:39:09+00:00","dateModified":"2025-05-19T18:15:13+00:00","description":"Diese Bauangebot-Vorlage hilft Ihnen, professionelle Angebote an Ihre Kunden zu senden und die Angebote Ihrer Lieferanten klar zu vergleichen.","breadcrumb":{"@id":"https:\/\/planyard.com\/de\/vorlage-fuer-bauausschreibungen#breadcrumb"},"inLanguage":"de","potentialAction":[{"@type":"ReadAction","target":["https:\/\/planyard.com\/de\/vorlage-fuer-bauausschreibungen"]}]},{"@type":"ImageObject","inLanguage":"de","@id":"https:\/\/planyard.com\/de\/vorlage-fuer-bauausschreibungen#primaryimage","url":"https:\/\/planyard.com\/wp-content\/uploads\/2024\/12\/constriction_bidding_templates.png","contentUrl":"https:\/\/planyard.com\/wp-content\/uploads\/2024\/12\/constriction_bidding_templates.png"},{"@type":"BreadcrumbList","@id":"https:\/\/planyard.com\/de\/vorlage-fuer-bauausschreibungen#breadcrumb","itemListElement":[{"@type":"ListItem","position":1,"name":"Home","item":"https:\/\/planyard.com\/de"},{"@type":"ListItem","position":2,"name":"Vorlage f\u00fcr Bauangebote"}]},{"@type":"WebSite","@id":"https:\/\/planyard.com\/de#website","url":"https:\/\/planyard.com\/de","name":"Planyard in Deutsch","description":"","potentialAction":[{"@type":"SearchAction","target":{"@type":"EntryPoint","urlTemplate":"https:\/\/planyard.com\/de?s={search_term_string}"},"query-input":{"@type":"PropertyValueSpecification","valueRequired":true,"valueName":"search_term_string"}}],"inLanguage":"de"}]}},"_links":{"self":[{"href":"https:\/\/planyard.com\/de\/wp-json\/wp\/v2\/pages\/12420","targetHints":{"allow":["GET"]}}],"collection":[{"href":"https:\/\/planyard.com\/de\/wp-json\/wp\/v2\/pages"}],"about":[{"href":"https:\/\/planyard.com\/de\/wp-json\/wp\/v2\/types\/page"}],"author":[{"embeddable":true,"href":"https:\/\/planyard.com\/de\/wp-json\/wp\/v2\/users\/3"}],"replies":[{"embeddable":true,"href":"https:\/\/planyard.com\/de\/wp-json\/wp\/v2\/comments?post=12420"}],"version-history":[{"count":3,"href":"https:\/\/planyard.com\/de\/wp-json\/wp\/v2\/pages\/12420\/revisions"}],"predecessor-version":[{"id":16208,"href":"https:\/\/planyard.com\/de\/wp-json\/wp\/v2\/pages\/12420\/revisions\/16208"}],"wp:attachment":[{"href":"https:\/\/planyard.com\/de\/wp-json\/wp\/v2\/media?parent=12420"}],"wp:term":[{"taxonomy":"page_intent","embeddable":true,"href":"https:\/\/planyard.com\/de\/wp-json\/wp\/v2\/page_intent?post=12420"},{"taxonomy":"page_type","embeddable":true,"href":"https:\/\/planyard.com\/de\/wp-json\/wp\/v2\/page_type?post=12420"}],"curies":[{"name":"wp","href":"https:\/\/api.w.org\/{rel}","templated":true}]}}